{"id":4,"date":"2024-04-04T03:23:15","date_gmt":"2024-04-04T00:23:15","guid":{"rendered":"https:\/\/sisu.ut.ee\/turunduskommunikatsioon2\/1-turunduskommunikatsioon-veebipohistes-online-kanalites\/"},"modified":"2024-04-04T03:23:20","modified_gmt":"2024-04-04T00:23:20","slug":"1-turunduskommunikatsioon-veebipohistes-online-kanalites","status":"publish","type":"page","link":"https:\/\/sisu.ut.ee\/turunduskommunikatsioon2\/1-turunduskommunikatsioon-veebipohistes-online-kanalites\/","title":{"rendered":"1. Turunduskommunikatsioon veebip\u00f5histes (online-) kanalites"},"content":{"rendered":"<p>Igap\u00e4evase infovoo \u00fcha suureneva digitaliseerumisega on ka turunduskommunikatsioon veebip\u00f5histes kanalites v\u00f5i ka nn e-turundus t\u00f5usnud \u00fcheks t\u00e4htsaimaks osaks kogu organisatsiooni turunduskommunikatsiooniprotsessist ning oluline on olla kursis e-turunduse baasteadmiste ja arengutega.<\/p>\n<p>Kuna 2010. aastal on Tartu \u00dclikooli ajakirjanduse ja kommunikatsiooni instituudis (AKI) koostatud magistrit\u00f6\u00f6na e-turunduse \u00f5ppevahend (Tammert 2010), mis annab p\u00f5hjaliku \u00fclevaate\u00a0<em>online<\/em>-meedia kanalitest, on k\u00e4esoleva \u00f5piobjekti \u00fcheks aluseks v\u00f5etud samuti nimetatud magistrit\u00f6\u00f6. Tammerti t\u00f6\u00f6st on antud juhul v\u00f5etud peamiste veebip\u00f5histe kanalite \u00fcldiseloomustused, mida k\u00e4esolevas materjalis on t\u00e4iendatud, silmas pidades arenguid turunduskommunikatsioonis.<\/p>\n<p>Soovitusliku kirjandusena ning detailsema huvi korral m\u00f5ne kanali spetsiifika vastu on soovitatav lugeda nimetatud Tammerti t\u00f6\u00f6d (<a href=\"http:\/\/hdl.handle.net\/10062\/15366\" target=\"_blank\" rel=\"noopener\">http:\/\/hdl.handle.net\/10062\/15366<\/a>, lk 22-73).<\/p>\n<p>Peamiste\u00a0<em>online<\/em>-turunduskommunikatsioonikanalite ja tegevustena v\u00f5ib Tammerti (2010) p\u00f5hjal loetleda allj\u00e4rgnevaid: kodu- ja kampaanialeht, uudiskiri ja meiliturundus, Wikipedia, blogi, foorum, mikroblogi e Twitter, sotsiaalvorgustikud, fotode jagamise keskkonnad, videoklippide jagamise keskkonnad, ribareklaamid ja vidinad (<em>widget<\/em>) ning otsimootorite optimeerimine.<\/p>\n<p>Allpool on nimetatud vormid ja kanalid avatud p\u00f5hjalikumalt peat\u00fckkide kaupa.<\/p>\n","protected":false},"excerpt":{"rendered":"<p>Igap\u00e4evase infovoo \u00fcha suureneva digitaliseerumisega on ka turunduskommunikatsioon veebip\u00f5histes kanalites v\u00f5i ka nn e-turundus t\u00f5usnud \u00fcheks t\u00e4htsaimaks osaks kogu organisatsiooni turunduskommunikatsiooniprotsessist ning oluline on olla kursis e-turunduse baasteadmiste ja arengutega. Kuna 2010. aastal on Tartu \u00dclikooli ajakirjanduse ja kommunikatsiooni instituudis &#8230;<\/p>\n","protected":false},"author":13,"featured_media":0,"parent":0,"menu_order":0,"comment_status":"closed","ping_status":"closed","template":"","meta":{"_acf_changed":false,"inline_featured_image":false,"footnotes":""},"class_list":["post-4","page","type-page","status-publish","hentry"],"acf":[],"_links":{"self":[{"href":"https:\/\/sisu.ut.ee\/turunduskommunikatsioon2\/wp-json\/wp\/v2\/pages\/4","targetHints":{"allow":["GET"]}}],"collection":[{"href":"https:\/\/sisu.ut.ee\/turunduskommunikatsioon2\/wp-json\/wp\/v2\/pages"}],"about":[{"href":"https:\/\/sisu.ut.ee\/turunduskommunikatsioon2\/wp-json\/wp\/v2\/types\/page"}],"author":[{"embeddable":true,"href":"https:\/\/sisu.ut.ee\/turunduskommunikatsioon2\/wp-json\/wp\/v2\/users\/13"}],"replies":[{"embeddable":true,"href":"https:\/\/sisu.ut.ee\/turunduskommunikatsioon2\/wp-json\/wp\/v2\/comments?post=4"}],"version-history":[{"count":1,"href":"https:\/\/sisu.ut.ee\/turunduskommunikatsioon2\/wp-json\/wp\/v2\/pages\/4\/revisions"}],"predecessor-version":[{"id":33,"href":"https:\/\/sisu.ut.ee\/turunduskommunikatsioon2\/wp-json\/wp\/v2\/pages\/4\/revisions\/33"}],"wp:attachment":[{"href":"https:\/\/sisu.ut.ee\/turunduskommunikatsioon2\/wp-json\/wp\/v2\/media?parent=4"}],"curies":[{"name":"wp","href":"https:\/\/api.w.org\/{rel}","templated":true}]}}