{"id":13,"date":"2024-04-04T03:23:15","date_gmt":"2024-04-04T00:23:15","guid":{"rendered":"https:\/\/sisu.ut.ee\/turunduskommunikatsioon2\/4-kasutatud-allikad\/"},"modified":"2024-04-04T03:23:20","modified_gmt":"2024-04-04T00:23:20","slug":"4-kasutatud-allikad","status":"publish","type":"page","link":"https:\/\/sisu.ut.ee\/turunduskommunikatsioon2\/4-kasutatud-allikad\/","title":{"rendered":"4. Kasutatud allikad"},"content":{"rendered":"<ol>\n<li>Boyd, D. M., Ellison, N. B. (2007). Social Network Sites: Definition, History, and Scholarship.<\/li>\n<li>Facebook Statistics \u2013 Countries on Facebook. (2012). URL (kasutatud aprill 2012)\u00a0<a href=\"http:\/\/www.facebakers.com\/countries-with-facebook\/\" target=\"_blank\" rel=\"noopener\">http:\/\/www.facebakers.com\/countries-with-facebook\/<\/a>.<\/li>\n<li>Humphries, M. (2012). Social media explained with donuts. URL (kasutatud aprill 2012)<a href=\"http:\/\/www.geek.com\/articles\/geek-cetera\/social-media-explained-with-donuts-20120210\/\" target=\"_blank\" rel=\"noopener\">http:\/\/www.geek.com\/articles\/geek-cetera\/social-media-explained-with-donuts-20120210\/<\/a>.<\/li>\n<li>Hunter, A. (2012). Ettekanne. Password 2012. Tallinn, 15. m\u00e4rts.<\/li>\n<li>Info\u00fchiskonna teenuse seadus (14.04.2004). RT I 2004, 29, 191; viimati muudetud 22.11.2007. URL (kasutatud aprill 2012)\u00a0<a href=\"https:\/\/www.riigiteataja.ee\/ert\/act.jsp?id=12894694\" target=\"_blank\" rel=\"noopener\">https:\/\/www.riigiteataja.ee\/ert\/act.jsp?id=12894694<\/a>.<\/li>\n<li>Internet World Stats. URL (kasutatud aprill 2012)\u00a0<a href=\"http:\/\/www.internetworldstats.com\/stats.htm\" target=\"_blank\" rel=\"noopener\">http:\/\/www.internetworldstats.com\/stats.htm<\/a>.<\/li>\n<li>Kas Instagrami kasutamine turunduses on \u00f5ige valik? URL (kasutatud m\u00e4rtsis 2017) <a href=\"https:\/\/socialstudio.ee\/kas-instagrami-kasutamine-turunduses-on-oige-valik\/\" target=\"_blank\" rel=\"noopener\">https:\/\/socialstudio.ee\/kas-instagrami-kasutamine-turunduses-on-oige-valik\/ <\/a><\/li>\n<li>Kirst, K. (2007). Ettev\u00f5tteblogid Eestis. Bakalaureuset\u00f6\u00f6. Tartu \u00dclikool, ajakirjanduse ja kommunikatsiooni osakond.<\/li>\n<li>Kraavi, H. (2012). Ettekanne. Password 2012. Tallinn, 16. m\u00e4rts.<\/li>\n<li>Matvere, R. (2011). Kuidas loetakse turundusliku sisuga e-kirju? Magistrit\u00f6\u00f6. Tartu \u00dclikool, ajakirjanduse ja kommunikatsiooni instituut.<\/li>\n<li>Metrix.Stationi kodulehek\u00fclg. URL (kasutatud mai 2012)\u00a0<a href=\"http:\/\/metrix.station.ee\/\" target=\"_blank\" rel=\"noopener\">http:\/\/metrix.station.ee<\/a>.<\/li>\n<li>Socialbakersi kodulehek\u00fclg. URL (kasutatud mai 2012)\u00a0<a href=\"http:\/\/www.socialbakers.com\/facebook-statistics\/\" target=\"_blank\" rel=\"noopener\">http:\/\/www.socialbakers.com\/facebook-statistics\/<\/a>.<\/li>\n<li>Tammert, T. (2010). E-turunduse kursuse \u00f5ppematerjal magistrantidele. Magistrit\u00f6\u00f6. Tartu \u00dclikool, ajakirjanduse ja kommunikatsiooni instituut.<\/li>\n<\/ol>\n","protected":false},"excerpt":{"rendered":"<p>Boyd, D. M., Ellison, N. B. (2007). Social Network Sites: Definition, History, and Scholarship. Facebook Statistics \u2013 Countries on Facebook. (2012). URL (kasutatud aprill 2012)\u00a0http:\/\/www.facebakers.com\/countries-with-facebook\/. Humphries, M. (2012). Social media explained with donuts. URL (kasutatud aprill 2012)http:\/\/www.geek.com\/articles\/geek-cetera\/social-media-explained-with-donuts-20120210\/. Hunter, A. (2012). &#8230;<\/p>\n","protected":false},"author":13,"featured_media":0,"parent":0,"menu_order":0,"comment_status":"closed","ping_status":"closed","template":"","meta":{"_acf_changed":false,"inline_featured_image":false,"footnotes":""},"class_list":["post-13","page","type-page","status-publish","hentry"],"acf":[],"_links":{"self":[{"href":"https:\/\/sisu.ut.ee\/turunduskommunikatsioon2\/wp-json\/wp\/v2\/pages\/13","targetHints":{"allow":["GET"]}}],"collection":[{"href":"https:\/\/sisu.ut.ee\/turunduskommunikatsioon2\/wp-json\/wp\/v2\/pages"}],"about":[{"href":"https:\/\/sisu.ut.ee\/turunduskommunikatsioon2\/wp-json\/wp\/v2\/types\/page"}],"author":[{"embeddable":true,"href":"https:\/\/sisu.ut.ee\/turunduskommunikatsioon2\/wp-json\/wp\/v2\/users\/13"}],"replies":[{"embeddable":true,"href":"https:\/\/sisu.ut.ee\/turunduskommunikatsioon2\/wp-json\/wp\/v2\/comments?post=13"}],"version-history":[{"count":1,"href":"https:\/\/sisu.ut.ee\/turunduskommunikatsioon2\/wp-json\/wp\/v2\/pages\/13\/revisions"}],"predecessor-version":[{"id":42,"href":"https:\/\/sisu.ut.ee\/turunduskommunikatsioon2\/wp-json\/wp\/v2\/pages\/13\/revisions\/42"}],"wp:attachment":[{"href":"https:\/\/sisu.ut.ee\/turunduskommunikatsioon2\/wp-json\/wp\/v2\/media?parent=13"}],"curies":[{"name":"wp","href":"https:\/\/api.w.org\/{rel}","templated":true}]}}