{"id":11,"date":"2024-04-04T03:23:15","date_gmt":"2024-04-04T00:23:15","guid":{"rendered":"https:\/\/sisu.ut.ee\/turunduskommunikatsioon2\/otsimootorite-optimeerimine-ja-otsimootoriturundus\/"},"modified":"2024-04-27T16:06:30","modified_gmt":"2024-04-27T13:06:30","slug":"otsimootorite-optimeerimine-ja-otsimootoriturundus","status":"publish","type":"page","link":"https:\/\/sisu.ut.ee\/turunduskommunikatsioon2\/otsimootorite-optimeerimine-ja-otsimootoriturundus\/","title":{"rendered":"Otsimootorite optimeerimine ja otsimootoriturundus"},"content":{"rendered":"<div id=\"id28\" class=\"FreeTextIdevice\">\n<div class=\"iDevice emphasis0\">\n<div id=\"ta28_1\" class=\"block\">\n<p><strong>\u00dclevaade<\/strong><\/p>\n<p>Otsimootorite optimeerimine e SEO (<em>search engine optimization<\/em>) on sihip\u00e4rane tegevus selle nimel, et organisatsiooni koduleht oleks kindlaks m\u00e4\u00e4ratud otsis\u00f5nade sisestamisel otsitulemustes v\u00f5imalikult eespool. Kuna enamik otsimootorite kasutajaid teeb oma valiku otsitulemuste esimesel lehek\u00fcljel (esimese k\u00fcmne v\u00e4ljatulnud tulemuse seast), siis on \u00e4\u00e4retult oluline, et koduleht oleks otsimootorite robotitele atraktiivne. Otsimootoritest tuntuim on Google, Eestis sooritatakse aga veel hulgaliselt p\u00e4ringuid ka Neti.ee otsimootoris.<\/p>\n<p>Erinevates k\u00e4sitlustes kasutatakse termineid erinevalt, ent pidades silmas k\u00f5iki otsimootoritega seotud turunduskommunikatsioonitegevusi, on t\u00e4psem kasutada v\u00e4ljendit\u00a0<strong>otsimootoriturundus e SEM<\/strong>\u00a0(<em>search engine marketing<\/em>).<\/p>\n<p>Otsimootoriturundus h\u00f5lmab laiemat tegevuste ringi, sisaldades nii makstud reklaame otsimootorites (nt Google Adwords) kui ka eespool kirjeldatud otsimootorite optimeerimist ehk orgaanilises otsingus (<em>organic search<\/em>) esinemise anal\u00fc\u00fcsi ja t\u00f5hustamist.<\/p>\n<p><strong>Rakendusv\u00f5imalused<\/strong><\/p>\n<p>Peamised rakendusv\u00f5imalused on otsimootorite tasulised reklaamlahendused (nt Google Adwords) ning erinevad sisemised (veebilehe kvaliteet, kasutusmugavus jm) ja v\u00e4lised (nt veebilehele suunavad lingid teistelt veebilehtedelt, blogipostitustest jm) optimeerimisv\u00f5tted.<\/p>\n<p><em>\u201eHead abivahendid optimeerimiseks on blogid ja mikroblogid ning seal soovitud v\u00f5tmes\u00f5nade seostamine organisatsiooni veebilehe aadressiga. Optimeerimine toob inimesed organisatsiooni kodulehele, aga see, kui paljud neist saavad klientideks, s\u00f5ltub juba kodulehe kvaliteedist, nii et oluline on p\u00f6\u00f6rata t\u00e4helepanu selle kasutusmugavusele.\u201d<\/em>\u00a0(Tammert 2010: 67)<\/p>\n<p>Peamine tendents otsimootoriturunduses ongi kvaliteetse sisu osat\u00e4htsuse kasv tehniliste n\u00fcansside ees:<\/p>\n<ul>\n<li>n\u00f5udlikum tarbija, kasutusmugavus, veebilehtede omavaheline konkurents;<\/li>\n<li>Google\u2019i algoritmide arendamine suurendab pidevalt veebilehe sisu kvaliteedi osat\u00e4htsust otsitulemuse positsiooni m\u00e4\u00e4ramisel.<\/li>\n<\/ul>\n<p>Samuti on olulised makstud reklaami (Adwords) ja orgaanilise otsingu optimeerimise integreeritud kampaaniad, kus \u00fchega v\u00f5imendatakse v\u00f5i t\u00e4iendatakse teist.<\/p>\n<\/div>\n<\/div>\n<\/div>\n<div id=\"id29\" class=\"valem-q\">\n<div class=\"iDevice emphasis1\"><img decoding=\"async\" class=\"iDevice_icon\" src=\"https:\/\/sisu.ut.ee\/wp-content\/uploads\/sites\/215\/icon_preknowledge.gif\" alt=\"iDevice ikoon\">\u00a0<span class=\"valem-t\">N\u00c4IDE<\/span>\n<div class=\"iDevice_inner\">\n<div id=\"ta29_50_2\" class=\"block\">Sisestades Google\u2019isse m\u00f5ne m\u00e4rks\u00f5na, ilmuvad otsitulemuste p\u00e4ises k\u00f5igepealt neli vastet, mis on \u00fclej\u00e4\u00e4nud tulemustest eristatavad v\u00e4ikese m\u00e4rkega \u201c- reklaam\u201d. Need on tasulised reklaamid (Google Adwords). Seej\u00e4rel kuvatakse \u00fclej\u00e4\u00e4nud vasted Google\u2019i robotite hinnatud paremusj\u00e4rjestuses. Et p\u00fc\u00fcda aimata Google\u2019i robotite toimimismustrit, tasuks n\u00e4iteks anal\u00fc\u00fcsida tulemuste esilehel olevate lehek\u00fclgede sisu.<\/div>\n<\/div>\n<\/div>\n<\/div>\n<div id=\"id30\" class=\"valem-q\">\n<div class=\"iDevice emphasis1\"><img decoding=\"async\" class=\"iDevice_icon\" src=\"https:\/\/sisu.ut.ee\/wp-content\/uploads\/sites\/215\/icon_objectives.gif\" alt=\"iDevice ikoon\">\u00a0<span class=\"valem-t\">VASTA K\u00dcSIMUSTELE!<\/span>\n<div class=\"iDevice_inner\">\n<div id=\"ta30_51_2\" class=\"block\">\n<ul>\n<li>Mis on SEO ning mida peaks ettev\u00f5te tegema, et koduleht oleks otsimootorites leitav?<\/li>\n<li>Millist kasu annab organisatsioonile SEO tegevuste teostamine?<\/li>\n<\/ul>\n<\/div>\n<\/div>\n<\/div>\n<\/div>\n","protected":false},"excerpt":{"rendered":"<p>\u00dclevaade Otsimootorite optimeerimine e SEO (search engine optimization) on sihip\u00e4rane tegevus selle nimel, et organisatsiooni koduleht oleks kindlaks m\u00e4\u00e4ratud otsis\u00f5nade sisestamisel otsitulemustes v\u00f5imalikult eespool. Kuna enamik otsimootorite kasutajaid teeb oma valiku otsitulemuste esimesel lehek\u00fcljel (esimese k\u00fcmne v\u00e4ljatulnud tulemuse seast), siis &#8230;<\/p>\n","protected":false},"author":13,"featured_media":0,"parent":0,"menu_order":0,"comment_status":"closed","ping_status":"closed","template":"","meta":{"_acf_changed":false,"inline_featured_image":false,"footnotes":""},"class_list":["post-11","page","type-page","status-publish","hentry"],"acf":[],"_links":{"self":[{"href":"https:\/\/sisu.ut.ee\/turunduskommunikatsioon2\/wp-json\/wp\/v2\/pages\/11","targetHints":{"allow":["GET"]}}],"collection":[{"href":"https:\/\/sisu.ut.ee\/turunduskommunikatsioon2\/wp-json\/wp\/v2\/pages"}],"about":[{"href":"https:\/\/sisu.ut.ee\/turunduskommunikatsioon2\/wp-json\/wp\/v2\/types\/page"}],"author":[{"embeddable":true,"href":"https:\/\/sisu.ut.ee\/turunduskommunikatsioon2\/wp-json\/wp\/v2\/users\/13"}],"replies":[{"embeddable":true,"href":"https:\/\/sisu.ut.ee\/turunduskommunikatsioon2\/wp-json\/wp\/v2\/comments?post=11"}],"version-history":[{"count":3,"href":"https:\/\/sisu.ut.ee\/turunduskommunikatsioon2\/wp-json\/wp\/v2\/pages\/11\/revisions"}],"predecessor-version":[{"id":67,"href":"https:\/\/sisu.ut.ee\/turunduskommunikatsioon2\/wp-json\/wp\/v2\/pages\/11\/revisions\/67"}],"wp:attachment":[{"href":"https:\/\/sisu.ut.ee\/turunduskommunikatsioon2\/wp-json\/wp\/v2\/media?parent=11"}],"curies":[{"name":"wp","href":"https:\/\/api.w.org\/{rel}","templated":true}]}}