{"id":10,"date":"2024-04-04T03:23:15","date_gmt":"2024-04-04T00:23:15","guid":{"rendered":"https:\/\/sisu.ut.ee\/turunduskommunikatsioon2\/ribareklaamid-ja-vidinad\/"},"modified":"2024-04-27T16:06:15","modified_gmt":"2024-04-27T13:06:15","slug":"ribareklaamid-ja-vidinad","status":"publish","type":"page","link":"https:\/\/sisu.ut.ee\/turunduskommunikatsioon2\/ribareklaamid-ja-vidinad\/","title":{"rendered":"Ribareklaamid ja vidinad"},"content":{"rendered":"<div id=\"id24\" class=\"FreeTextIdevice\">\n<div class=\"iDevice emphasis0\">\n<div id=\"ta24_1\" class=\"block\">\n<p><strong>\u00dclevaade<\/strong><\/p>\n<p>\u00dcks traditsioonilisi\u00a0<em>online<\/em>-meediapindu on ribareklaam (b\u00e4nner) m\u00f5nes veebikeskkonnas (veebileht, internetiportaal vm). Ribareklaamid kannavad erinevaid eesm\u00e4rke alates informatiivsest kuni kohe tegutsema (kl\u00f5psama) kutsuvate ribareklaamideni.<br><em><\/em><\/p>\n<p><em>\u201eWidgetid ehk vidinad on b\u00e4nnerite sarnased ilusasti kujundatud kodulehe disainielemendid, mis levivad viirusturunduse p\u00f5him\u00f5ttel \u2013 iga\u00fcks v\u00f5ib neid v\u00f5tta ja oma kodulehele lisada.\u201d<\/em>\u00a0(Tammert 2010: 66)<\/p>\n<p>Ribareklaamiks sobivaima kanali v\u00f5ib leida nt Eesti internetistatistikat kajastavalt lehek\u00fcljelt\u00a0<a href=\"http:\/\/metrix.station.ee\/\" target=\"_blank\" rel=\"noopener\">http:\/\/metrix.station.ee<\/a>, kus on toodud mh suurima k\u00fclastajate arvuga kodulehed, populaarseimad Facebooki lehed jm statistikat:<\/p>\n<p><img loading=\"lazy\" decoding=\"async\" width=\"2030\" height=\"1142\" class=\"alignnone wp-image-14\" src=\"https:\/\/sisu.ut.ee\/wp-content\/uploads\/sites\/215\/tabel.png\" title=\"tabel.png\" alt=\"tabel.png\" srcset=\"https:\/\/sisu.ut.ee\/wp-content\/uploads\/sites\/215\/tabel.png 2030w, https:\/\/sisu.ut.ee\/wp-content\/uploads\/sites\/215\/tabel-300x169.png 300w, https:\/\/sisu.ut.ee\/wp-content\/uploads\/sites\/215\/tabel-1024x576.png 1024w, https:\/\/sisu.ut.ee\/wp-content\/uploads\/sites\/215\/tabel-768x432.png 768w, https:\/\/sisu.ut.ee\/wp-content\/uploads\/sites\/215\/tabel-1536x864.png 1536w, https:\/\/sisu.ut.ee\/wp-content\/uploads\/sites\/215\/tabel-1920x1080.png 1920w\" sizes=\"auto, (max-width: 2030px) 100vw, 2030px\"><\/p>\n<p><em>Allikas: Metrix.Station \u20262017.\u00a0<\/em>(URLi kasutatud m\u00e4rtsis 2017.)<\/p>\n<p><strong>Rakendusv\u00f5imalused<\/strong><\/p>\n<p>Peamiselt eristatakse kahte t\u00fc\u00fcpi ribareklaame: vaatamiseks m\u00f5eldud ribareklaamid ja\u00a0<em>call-to-action<\/em>\u2013 ehk tegutsema (kl\u00f5psama) kutsuvad ribareklaamid. Kl\u00f5psitavate ribareklaamide efektiivsust m\u00f5\u00f5detakse kl\u00f5psude arvuga e CTRi (<em>click through rate<\/em>) n\u00e4itajaga. See n\u00e4itab, mitu korda on ribareklaamile kl\u00f5psitud. Vaatamiseks m\u00f5eldud ribareklaamide efektiivsust on raskem m\u00f5\u00f5ta ning enamasti makstakse veebikeskkonnale tasu ribareklaami n\u00e4itamise arvu j\u00e4rgi. K\u00f5ige efektiivsem viis on ribareklaami v\u00f5i ribareklaamikampaania tulemuslikkust m\u00f5\u00f5ta reaalse tarbijak\u00e4itumise muutusega (nt poe k\u00fclastatavuse kasv p\u00e4rast kampaania algust). Siin v\u00f5ib aga probleemkohaks osutuda\u00a0<em>media mix<\/em>\u00a0e erinevate kanalite kasutamine kampaanias, sellisel juhul ei saa kindlalt v\u00e4ita, et just nimetatud ribareklaam soovitud k\u00e4itumise aktiveeris. Keerukam ja kulukam viis on korraldada\u00a0<em>eye-tracking<\/em>-uuringuid, mis j\u00e4lgivad ribareklaami vaataja silma liikumist valitud veebikeskkonnas ning annavad seel\u00e4bi infot nii ribareklaami \u00fclesehituse muutmiseks kui ka paigutuse efektiivsemaks muutmiseks keskkonnas.<\/p>\n<p>Vidinate (widgets) rakendamine:<br><em>\u201eKui tegemist on ilusate ja inimestele meeldivate asjakestega, siis pannakse neid oma kodulehele v\u00f5i blogisse hoolimata sellest, et need tegelikult reklaamivad m\u00f5nda organisatsiooni v\u00f5i selle toodet\/teenust\/s\u00fcndmust ja viivad k\u00fclastaja, kes selle peal klikib, organisatsiooni kodulehele. Lisaks ilule v\u00f5ivad widgetid olla ka praktilised \u2013 n\u00e4iteks ilm24.ee tasuta widget, mille saab oma kodulehele lisada, n\u00e4itab j\u00e4rgmise p\u00e4eva ilmaprognoosi.\u201d<\/em>\u00a0(Tammert 2010: 66)<\/p>\n<\/div>\n<\/div>\n<\/div>\n<div id=\"id25\" class=\"valem-q\">\n<div class=\"iDevice emphasis1\"><img decoding=\"async\" class=\"iDevice_icon\" src=\"https:\/\/sisu.ut.ee\/wp-content\/uploads\/sites\/215\/icon_preknowledge.gif\" alt=\"iDevice ikoon\">\u00a0<span class=\"valem-t\">N\u00c4IDE<\/span>\n<div class=\"iDevice_inner\">\n<div id=\"ta25_46_2\" class=\"block\">\n<p>Informatiivne ribareklaam ja tegutsema (kl\u00f5psama) kutsuv ribareklaam.<\/p>\n<p><img loading=\"lazy\" decoding=\"async\" src=\"https:\/\/sisu.ut.ee\/wp-content\/uploads\/sites\/215\/ribareklaam.png\" height=\"150\" width=\"400\"><\/p>\n<p><em>Allikas: Tammert 2010.<\/em><\/p>\n<\/div>\n<\/div>\n<\/div>\n<\/div>\n<div id=\"id27\" class=\"valem-q\">\n<div class=\"iDevice emphasis1\"><img decoding=\"async\" class=\"iDevice_icon\" src=\"https:\/\/sisu.ut.ee\/wp-content\/uploads\/sites\/215\/icon_objectives.gif\" alt=\"iDevice ikoon\">\u00a0<span class=\"valem-t\">VASTA K\u00dcSIMUSTELE!<\/span>\n<div class=\"iDevice_inner\">\n<div id=\"ta27_48_2\" class=\"block\">\n<ul>\n<li>Mida t\u00e4hendab kutse tegevusele (<em>call-to-action<\/em>) internetiturunduses?<\/li>\n<li>Kuidas on v\u00f5imalik m\u00f5\u00f5ta ribareklaami tulemuslikkust?<\/li>\n<\/ul>\n<\/div>\n<\/div>\n<\/div>\n<\/div>\n","protected":false},"excerpt":{"rendered":"<p>\u00dclevaade \u00dcks traditsioonilisi\u00a0online-meediapindu on ribareklaam (b\u00e4nner) m\u00f5nes veebikeskkonnas (veebileht, internetiportaal vm). Ribareklaamid kannavad erinevaid eesm\u00e4rke alates informatiivsest kuni kohe tegutsema (kl\u00f5psama) kutsuvate ribareklaamideni. \u201eWidgetid ehk vidinad on b\u00e4nnerite sarnased ilusasti kujundatud kodulehe disainielemendid, mis levivad viirusturunduse p\u00f5him\u00f5ttel \u2013 iga\u00fcks v\u00f5ib &#8230;<\/p>\n","protected":false},"author":13,"featured_media":0,"parent":0,"menu_order":0,"comment_status":"closed","ping_status":"closed","template":"","meta":{"_acf_changed":false,"inline_featured_image":false,"footnotes":""},"class_list":["post-10","page","type-page","status-publish","hentry"],"acf":[],"_links":{"self":[{"href":"https:\/\/sisu.ut.ee\/turunduskommunikatsioon2\/wp-json\/wp\/v2\/pages\/10","targetHints":{"allow":["GET"]}}],"collection":[{"href":"https:\/\/sisu.ut.ee\/turunduskommunikatsioon2\/wp-json\/wp\/v2\/pages"}],"about":[{"href":"https:\/\/sisu.ut.ee\/turunduskommunikatsioon2\/wp-json\/wp\/v2\/types\/page"}],"author":[{"embeddable":true,"href":"https:\/\/sisu.ut.ee\/turunduskommunikatsioon2\/wp-json\/wp\/v2\/users\/13"}],"replies":[{"embeddable":true,"href":"https:\/\/sisu.ut.ee\/turunduskommunikatsioon2\/wp-json\/wp\/v2\/comments?post=10"}],"version-history":[{"count":3,"href":"https:\/\/sisu.ut.ee\/turunduskommunikatsioon2\/wp-json\/wp\/v2\/pages\/10\/revisions"}],"predecessor-version":[{"id":66,"href":"https:\/\/sisu.ut.ee\/turunduskommunikatsioon2\/wp-json\/wp\/v2\/pages\/10\/revisions\/66"}],"wp:attachment":[{"href":"https:\/\/sisu.ut.ee\/turunduskommunikatsioon2\/wp-json\/wp\/v2\/media?parent=10"}],"curies":[{"name":"wp","href":"https:\/\/api.w.org\/{rel}","templated":true}]}}