{"id":9,"date":"2024-04-04T03:22:58","date_gmt":"2024-04-04T00:22:58","guid":{"rendered":"https:\/\/sisu.ut.ee\/turunduskommunikatsioon1\/2-turunduskommunikatsioon-offline-kanalites\/"},"modified":"2024-04-04T03:23:04","modified_gmt":"2024-04-04T00:23:04","slug":"2-turunduskommunikatsioon-offline-kanalites","status":"publish","type":"page","link":"https:\/\/sisu.ut.ee\/turunduskommunikatsioon1\/2-turunduskommunikatsioon-offline-kanalites\/","title":{"rendered":"2. Turunduskommunikatsioon offline-kanalites"},"content":{"rendered":"<p><span>Peamised\u00a0<\/span><em>offline<\/em><span>-turunduskommunikatsioonikanalid on televisioon, raadio, trukimeedia, valimeedia, otsepost, teleturundus ning ka toote pakend kui kommunikatsioonikanal. Loetelust neli esimest moodustavad traditsioonilised meediakanalid ehk nn peavoolumeedia. Peale selle on\u00a0<\/span><em>offline<\/em><span>-turunduskommunikatsioonis v\u00f5imalik kasutada veel eri kanalitega seotud v\u00f5tteid ja v\u00f5tete kogumeid (nt s\u00fcndmusturundus, sponsorlus jm), millest on pikemalt juttu III \u00f5piobjektis \u201eKanali\u00fclesed turunduskommunikatsioonikanalid\u201d,\u00a0<\/span><a href=\"http:\/\/dspace.utlib.ee\/dspace\/bitstream\/handle\/10062\/29805\/index.html\" target=\"_blank\" rel=\"noopener\">http:\/\/dspace.utlib.ee\/dspace\/bitstream\/handle\/10062\/29805\/index.html<\/a><span>.<\/span><\/p>\n","protected":false},"excerpt":{"rendered":"<p>Peamised\u00a0offline-turunduskommunikatsioonikanalid on televisioon, raadio, trukimeedia, valimeedia, otsepost, teleturundus ning ka toote pakend kui kommunikatsioonikanal. Loetelust neli esimest moodustavad traditsioonilised meediakanalid ehk nn peavoolumeedia. Peale selle on\u00a0offline-turunduskommunikatsioonis v\u00f5imalik kasutada veel eri kanalitega seotud v\u00f5tteid ja v\u00f5tete kogumeid (nt s\u00fcndmusturundus, sponsorlus jm), &#8230;<\/p>\n","protected":false},"author":13,"featured_media":0,"parent":0,"menu_order":0,"comment_status":"closed","ping_status":"closed","template":"","meta":{"_acf_changed":false,"inline_featured_image":false,"footnotes":""},"class_list":["post-9","page","type-page","status-publish","hentry"],"acf":[],"_links":{"self":[{"href":"https:\/\/sisu.ut.ee\/turunduskommunikatsioon1\/wp-json\/wp\/v2\/pages\/9","targetHints":{"allow":["GET"]}}],"collection":[{"href":"https:\/\/sisu.ut.ee\/turunduskommunikatsioon1\/wp-json\/wp\/v2\/pages"}],"about":[{"href":"https:\/\/sisu.ut.ee\/turunduskommunikatsioon1\/wp-json\/wp\/v2\/types\/page"}],"author":[{"embeddable":true,"href":"https:\/\/sisu.ut.ee\/turunduskommunikatsioon1\/wp-json\/wp\/v2\/users\/13"}],"replies":[{"embeddable":true,"href":"https:\/\/sisu.ut.ee\/turunduskommunikatsioon1\/wp-json\/wp\/v2\/comments?post=9"}],"version-history":[{"count":1,"href":"https:\/\/sisu.ut.ee\/turunduskommunikatsioon1\/wp-json\/wp\/v2\/pages\/9\/revisions"}],"predecessor-version":[{"id":69,"href":"https:\/\/sisu.ut.ee\/turunduskommunikatsioon1\/wp-json\/wp\/v2\/pages\/9\/revisions\/69"}],"wp:attachment":[{"href":"https:\/\/sisu.ut.ee\/turunduskommunikatsioon1\/wp-json\/wp\/v2\/media?parent=9"}],"curies":[{"name":"wp","href":"https:\/\/api.w.org\/{rel}","templated":true}]}}