{"id":8,"date":"2024-04-04T03:22:58","date_gmt":"2024-04-04T00:22:58","guid":{"rendered":"https:\/\/sisu.ut.ee\/turunduskommunikatsioon1\/kordamiskusimused\/"},"modified":"2024-04-04T03:23:04","modified_gmt":"2024-04-04T00:23:04","slug":"kordamiskusimused","status":"publish","type":"page","link":"https:\/\/sisu.ut.ee\/turunduskommunikatsioon1\/kordamiskusimused\/","title":{"rendered":"Kordamisk\u00fcsimused"},"content":{"rendered":"<div class=\"valem-q\"><span class=\"valem-t\"><img loading=\"lazy\" decoding=\"async\" width=\"48\" height=\"48\" class=\"alignnone wp-image-22\" src=\"https:\/\/sisu.ut.ee\/wp-content\/uploads\/sites\/212\/icon_objectives.gif\" title=\"icon_objectives.gif\" alt=\"icon_objectives.gif\">\u00a0VASTA K\u00dcSIMUSTELE!<\/span>\n<div class=\"iDevice_inner\">\n<div id=\"ta46_21_2\" class=\"block\">\n<ul>\n<li style=\"text-align: left\">Selgitage oma s\u00f5nadega, millised tunnusjooned iseloomustavad integreeritud turunduskommunikatsiooni. Tooge m\u00f5ni n\u00e4ide integreeritud turunduskommunikatsiooni teostamisest organisatsioonis.<\/li>\n<li>Millised osalised v\u00f5ivad olla kaasatud organisatsiooni turunduskommunikatsioonikampaania planeerimise protsessi? Kes seda protsessi juhib?<\/li>\n<li>Mis on ROI ja miks on seda oluline m\u00f5\u00f5ta?<\/li>\n<\/ul>\n<\/div>\n<\/div>\n<\/div>\n","protected":false},"excerpt":{"rendered":"<p>\u00a0VASTA K\u00dcSIMUSTELE! Selgitage oma s\u00f5nadega, millised tunnusjooned iseloomustavad integreeritud turunduskommunikatsiooni. Tooge m\u00f5ni n\u00e4ide integreeritud turunduskommunikatsiooni teostamisest organisatsioonis. Millised osalised v\u00f5ivad olla kaasatud organisatsiooni turunduskommunikatsioonikampaania planeerimise protsessi? Kes seda protsessi juhib? Mis on ROI ja miks on seda oluline m\u00f5\u00f5ta?<\/p>\n","protected":false},"author":13,"featured_media":0,"parent":0,"menu_order":0,"comment_status":"closed","ping_status":"closed","template":"","meta":{"_acf_changed":false,"inline_featured_image":false,"footnotes":""},"class_list":["post-8","page","type-page","status-publish","hentry"],"acf":[],"_links":{"self":[{"href":"https:\/\/sisu.ut.ee\/turunduskommunikatsioon1\/wp-json\/wp\/v2\/pages\/8","targetHints":{"allow":["GET"]}}],"collection":[{"href":"https:\/\/sisu.ut.ee\/turunduskommunikatsioon1\/wp-json\/wp\/v2\/pages"}],"about":[{"href":"https:\/\/sisu.ut.ee\/turunduskommunikatsioon1\/wp-json\/wp\/v2\/types\/page"}],"author":[{"embeddable":true,"href":"https:\/\/sisu.ut.ee\/turunduskommunikatsioon1\/wp-json\/wp\/v2\/users\/13"}],"replies":[{"embeddable":true,"href":"https:\/\/sisu.ut.ee\/turunduskommunikatsioon1\/wp-json\/wp\/v2\/comments?post=8"}],"version-history":[{"count":1,"href":"https:\/\/sisu.ut.ee\/turunduskommunikatsioon1\/wp-json\/wp\/v2\/pages\/8\/revisions"}],"predecessor-version":[{"id":68,"href":"https:\/\/sisu.ut.ee\/turunduskommunikatsioon1\/wp-json\/wp\/v2\/pages\/8\/revisions\/68"}],"wp:attachment":[{"href":"https:\/\/sisu.ut.ee\/turunduskommunikatsioon1\/wp-json\/wp\/v2\/media?parent=8"}],"curies":[{"name":"wp","href":"https:\/\/api.w.org\/{rel}","templated":true}]}}