{"id":3,"date":"2024-04-04T03:22:58","date_gmt":"2024-04-04T00:22:58","guid":{"rendered":"https:\/\/sisu.ut.ee\/turunduskommunikatsioon1\/avaleht\/"},"modified":"2024-04-04T03:23:04","modified_gmt":"2024-04-04T00:23:04","slug":"avaleht","status":"publish","type":"page","link":"https:\/\/sisu.ut.ee\/turunduskommunikatsioon1\/","title":{"rendered":"Avaleht"},"content":{"rendered":"<p align=\"center\"><span style=\"color: #0d6992;font-size: x-large\">Integreeritud turunduskommunikatsioon<br>Traditsioonilised turunduskommunikatsioonikanalid<\/span><\/p>\n<p align=\"center\"><strong>Autor: Peeter Kruusvall, MA (kommunikatsioonijuhtimine)<br>Juhendaja: professor Triin Vihalemm (kommunikatsiooniuuringud)<\/strong><\/p>\n<p>K\u00e4esolev iseseisva lugemise materjal kuulub aine \u201eTurunduskommunikatsioon ja tarbijak\u00e4itumine\u201d programmi. Selle l\u00e4bit\u00f6\u00f6tanud \u00fcli\u00f5pilane:<\/p>\n<ul>\n<li>omandab p\u00f5hiteadmised integreeritud turunduskommunikatsiooni kohta;<\/li>\n<li>oskab eristada traditsioonilisi turunduskommunikatsioonikanaleid;<\/li>\n<li>tunneb traditsiooniliste turunduskommunikatsioonikanalite kasutusv\u00f5imalusi ning<\/li>\n<li>oskab neid loovalt rakendada.<\/li>\n<\/ul>\n<p>Iseseisva lugemise materjal koosneb kahest suuremast peat\u00fckist. Esimeses peat\u00fckis antakse \u00fclevaade turunduskommunikatsioonikanalite liigitamise ja integreerimise v\u00f5imalustest. Teises peat\u00fckis keskendutakse traditsioonilistele ehk internetti mittekasutavatele kanalitele ja nende rakendusv\u00f5imalustele n\u00fc\u00fcdisaegse turunduskommunikatsiooni kontekstis.<\/p>\n<p>Iga alateema juurde on lisatud ka materjali omandamist h\u00f5lbustavad ja selgitavad n\u00e4ited ning kordamiskusimused.<\/p>\n<p>Materjali l\u00f5ppu on lisatud valikvastustega kordamiskusimused omandatud teadmiste kontrolliks.<\/p>\n<p>Saamaks tervikpilti integreeritud turunduskommunikatsioonist erinevate turunduskommunikatsioonikanalite ja v\u00f5tete ristkasutuse kaudu, on soovituslik lisaks tutvuda ka j\u00e4rgmiste \u00f5piobjektidega:<\/p>\n<ul>\n<li>veebip\u00f5hised turunduskommunikatsioonikanalid<br><a href=\"https:\/\/sisu.ut.ee\/turunduskommunikatsioon2\" target=\"_blank\" rel=\"noopener\">https:\/\/sisu.ut.ee\/turunduskommunikatsioon2<\/a>;<\/li>\n<li>kanali\u00fclesed turunduskommunikatsiooniv\u00f5tted<br><a href=\"https:\/\/sisu.ut.ee\/turunduskommunikatsioon3\" target=\"_blank\" rel=\"noopener\">https:\/\/sisu.ut.ee\/turunduskommunikatsioon3<\/a>;<\/li>\n<li>turunduskommunikatsioonikanalite ja v\u00f5tete omavaheline integreerimine; m-turundus; regulatsioon ja eetika turunduskommunikatsioonis<br><a href=\"https:\/\/sisu.ut.ee\/turunduskommunikatsioon4\" target=\"_blank\" rel=\"noopener\">https:\/\/sisu.ut.ee\/turunduskommunikatsioon4<\/a><\/li>\n<\/ul>\n<p><strong>Sihtr\u00fchm:<\/strong>\u00a0ajakirjanduse ja kommunikatsiooni bakalaureusekava ning kommunikatsioonijuhtimise magistrikava \u00fcli\u00f5pilased.<\/p>\n<p><strong>M\u00e4rks\u00f5nad:<\/strong>\u00a0integreeritud turunduskommunikatsioon, turunduskommunikatsioon nn\u00a0<em>offline<\/em>-kanalites, televisioon, raadio, trukimeedia, valimeedia, otsepost, teleturundus, pakendamine.<\/p>\n","protected":false},"excerpt":{"rendered":"<p>Integreeritud turunduskommunikatsioonTraditsioonilised turunduskommunikatsioonikanalid Autor: Peeter Kruusvall, MA (kommunikatsioonijuhtimine)Juhendaja: professor Triin Vihalemm (kommunikatsiooniuuringud) K\u00e4esolev iseseisva lugemise materjal kuulub aine \u201eTurunduskommunikatsioon ja tarbijak\u00e4itumine\u201d programmi. Selle l\u00e4bit\u00f6\u00f6tanud \u00fcli\u00f5pilane: omandab p\u00f5hiteadmised integreeritud turunduskommunikatsiooni kohta; oskab eristada traditsioonilisi turunduskommunikatsioonikanaleid; tunneb traditsiooniliste turunduskommunikatsioonikanalite kasutusv\u00f5imalusi ning oskab &#8230;<\/p>\n","protected":false},"author":13,"featured_media":0,"parent":0,"menu_order":0,"comment_status":"closed","ping_status":"closed","template":"","meta":{"_acf_changed":false,"inline_featured_image":false,"footnotes":""},"class_list":["post-3","page","type-page","status-publish","hentry"],"acf":[],"_links":{"self":[{"href":"https:\/\/sisu.ut.ee\/turunduskommunikatsioon1\/wp-json\/wp\/v2\/pages\/3","targetHints":{"allow":["GET"]}}],"collection":[{"href":"https:\/\/sisu.ut.ee\/turunduskommunikatsioon1\/wp-json\/wp\/v2\/pages"}],"about":[{"href":"https:\/\/sisu.ut.ee\/turunduskommunikatsioon1\/wp-json\/wp\/v2\/types\/page"}],"author":[{"embeddable":true,"href":"https:\/\/sisu.ut.ee\/turunduskommunikatsioon1\/wp-json\/wp\/v2\/users\/13"}],"replies":[{"embeddable":true,"href":"https:\/\/sisu.ut.ee\/turunduskommunikatsioon1\/wp-json\/wp\/v2\/comments?post=3"}],"version-history":[{"count":1,"href":"https:\/\/sisu.ut.ee\/turunduskommunikatsioon1\/wp-json\/wp\/v2\/pages\/3\/revisions"}],"predecessor-version":[{"id":63,"href":"https:\/\/sisu.ut.ee\/turunduskommunikatsioon1\/wp-json\/wp\/v2\/pages\/3\/revisions\/63"}],"wp:attachment":[{"href":"https:\/\/sisu.ut.ee\/turunduskommunikatsioon1\/wp-json\/wp\/v2\/media?parent=3"}],"curies":[{"name":"wp","href":"https:\/\/api.w.org\/{rel}","templated":true}]}}