{"id":14,"date":"2024-04-04T03:22:59","date_gmt":"2024-04-04T00:22:59","guid":{"rendered":"https:\/\/sisu.ut.ee\/turunduskommunikatsioon1\/reklaampost-otsepost\/"},"modified":"2024-04-04T03:23:04","modified_gmt":"2024-04-04T00:23:04","slug":"reklaampost-otsepost","status":"publish","type":"page","link":"https:\/\/sisu.ut.ee\/turunduskommunikatsioon1\/reklaampost-otsepost\/","title":{"rendered":"Reklaampost (otsepost)"},"content":{"rendered":"<div id=\"id35\" class=\"FreeTextIdevice\">\n<div class=\"iDevice emphasis0\">\n<div id=\"ta35_1\" class=\"block\">\n<p><strong>\u00dclevaade<\/strong><\/p>\n<p>Reklaampost on hea v\u00f5imalus edastada reklaams\u00f5num otse sihtr\u00fchmani peamiselt geograafilise tunnuse (postkasti asukoht) j\u00e4rgi.<\/p>\n<p>Erinevad postituste liigid v\u00f5imaldavad tellijal valida nii saadetise personaalsuse astet kui ka geograafilise piirkonna ulatust. Nii on v\u00f5imalik saata nimelisi ja personaalseid pakkumisi, aga ka teatud piirkonda katvaid mittepersonaalseid teateid.<\/p>\n<p>Turunduskommunikatsioonikanalina loob reklaampost \u00fchelt poolt hea v\u00f5imaluse tarbijaga personaalse kontakti saavutamiseks ja\/v\u00f5i tarbimisk\u00e4itumise aktiveerimiseks, teisalt k\u00e4tkeb posti teel edastatav reklaamikampaania endas ka ohte, kuna inimeste suhtumine n-\u00f6 r\u00e4mpsposti on analoogsete saadetiste kohatise \u00fclek\u00fclluse t\u00f5ttu negatiivne ning br\u00e4ndi v\u00f5i pakkumist v\u00f5idakse seet\u00f5ttu tajuda pealet\u00fckkiva ja\/v\u00f5i ebameeldivana.<\/p>\n<p><strong>Rakendusv\u00f5imalused<\/strong><\/p>\n<p>Reklaamposti kasutatakse:<\/p>\n<ul>\n<li>personaalseks (aadressiga) postituseks, n\u00e4iteks ettev\u00f5tete kliendiajakirjad, tootekataloogid ja personaalsed pakkumised;<\/li>\n<li>mittepersonaalseks (aadressita) ehk pimepostituseks, n\u00e4iteks reklaambro\u0161\u00fc\u00fcr k\u00f5igisse P\u00f5hja-Tallinna postkastidesse.<\/li>\n<\/ul>\n<p>Kuna posti teel saadetavate tr\u00fckiste maht v\u00f5ib s\u00f5ltuvalt piirkonnast olla \u00fcpris suur, on eristumine reklaam- ja infotr\u00fckiste puhul \u00e4\u00e4retult oluline. Seet\u00f5ttu m\u00e4\u00e4ravad reklaamposti edukuse j\u00e4rgmised kriteeriumid:<\/p>\n<ul>\n<li>pakkumise sisu, atraktiivsus, informatiivsus (ka info olulisus sihtr\u00fchma jaoks);<\/li>\n<li>tr\u00fckise vormistus, kujundus, meelelahutuslikkus (nt rists\u00f5na lisamine).<\/li>\n<\/ul>\n<p>H\u00e4sti koostatud ja kujundatud kliendi- v\u00f5i kampaanialeht v\u00f5ib seostuda n\u00e4iteks ajakirjaga ning tekitada positiivse ootuse ning hoiaku sisu ja br\u00e4ndi suhtes.<\/p>\n<\/div>\n<\/div>\n<\/div>\n<div id=\"id36\" class=\"preknowledgeIdevice\">\n<div class=\"valem-q\"><img loading=\"lazy\" decoding=\"async\" width=\"48\" height=\"48\" class=\"alignnone wp-image-21\" src=\"https:\/\/sisu.ut.ee\/wp-content\/uploads\/sites\/212\/icon_preknowledge.gif\" title=\"icon_preknowledge.gif\" alt=\"icon_preknowledge.gif\">\u00a0<span class=\"valem-t\">N\u00c4IDE<\/span>\n<div class=\"iDevice_inner\">\n<div id=\"ta36_57_2\" class=\"block\">\n<p>Reklaamposti v\u00f5imalused erinevad s\u00f5ltuvalt teenuse pakkujast ning v\u00f5imaldavad kampaaniat t\u00e4psemalt sihtida. N\u00e4iteks postiettev\u00f5te Omniva v\u00f5imalustest saab t\u00e4psema \u00fclevaate siit:<\/p>\n<p><a href=\"https:\/\/www.omniva.ee\/ari\/reklaam\/reklaam_postiga%20\" target=\"_blank\" rel=\"noopener\">https:\/\/www.omniva.ee\/ari\/reklaam\/reklaam_postiga<em><em><strong> <\/strong><\/em><\/em><\/a><\/p>\n<\/div>\n<\/div>\n<\/div>\n<\/div>\n<div id=\"id37\" class=\"objectivesIdevice\">\n<div class=\"valem-q\"><img loading=\"lazy\" decoding=\"async\" width=\"48\" height=\"48\" class=\"alignnone wp-image-22\" src=\"https:\/\/sisu.ut.ee\/wp-content\/uploads\/sites\/212\/icon_objectives.gif\" title=\"icon_objectives.gif\" alt=\"icon_objectives.gif\">\u00a0<span class=\"valem-t\">VASTA K\u00dcSIMUSTELE!<\/span>\n<div class=\"iDevice_inner\">\n<div id=\"ta37_58_2\" class=\"block\">\n<ul>\n<li>Millise eesm\u00e4rgi saavutamiseks v\u00f5iks ettev\u00f5te kasutada personaalset reklaampostikampaaniat?<\/li>\n<li>Millised on reklaampostikampaania peamised riskid? Nimetada v\u00e4hemalt kaks.<\/li>\n<\/ul>\n<\/div>\n<\/div>\n<\/div>\n<\/div>\n","protected":false},"excerpt":{"rendered":"<p>\u00dclevaade Reklaampost on hea v\u00f5imalus edastada reklaams\u00f5num otse sihtr\u00fchmani peamiselt geograafilise tunnuse (postkasti asukoht) j\u00e4rgi. Erinevad postituste liigid v\u00f5imaldavad tellijal valida nii saadetise personaalsuse astet kui ka geograafilise piirkonna ulatust. Nii on v\u00f5imalik saata nimelisi ja personaalseid pakkumisi, aga ka &#8230;<\/p>\n","protected":false},"author":13,"featured_media":0,"parent":0,"menu_order":0,"comment_status":"closed","ping_status":"closed","template":"","meta":{"_acf_changed":false,"inline_featured_image":false,"footnotes":""},"class_list":["post-14","page","type-page","status-publish","hentry"],"acf":[],"_links":{"self":[{"href":"https:\/\/sisu.ut.ee\/turunduskommunikatsioon1\/wp-json\/wp\/v2\/pages\/14","targetHints":{"allow":["GET"]}}],"collection":[{"href":"https:\/\/sisu.ut.ee\/turunduskommunikatsioon1\/wp-json\/wp\/v2\/pages"}],"about":[{"href":"https:\/\/sisu.ut.ee\/turunduskommunikatsioon1\/wp-json\/wp\/v2\/types\/page"}],"author":[{"embeddable":true,"href":"https:\/\/sisu.ut.ee\/turunduskommunikatsioon1\/wp-json\/wp\/v2\/users\/13"}],"replies":[{"embeddable":true,"href":"https:\/\/sisu.ut.ee\/turunduskommunikatsioon1\/wp-json\/wp\/v2\/comments?post=14"}],"version-history":[{"count":1,"href":"https:\/\/sisu.ut.ee\/turunduskommunikatsioon1\/wp-json\/wp\/v2\/pages\/14\/revisions"}],"predecessor-version":[{"id":57,"href":"https:\/\/sisu.ut.ee\/turunduskommunikatsioon1\/wp-json\/wp\/v2\/pages\/14\/revisions\/57"}],"wp:attachment":[{"href":"https:\/\/sisu.ut.ee\/turunduskommunikatsioon1\/wp-json\/wp\/v2\/media?parent=14"}],"curies":[{"name":"wp","href":"https:\/\/api.w.org\/{rel}","templated":true}]}}