{"id":9,"date":"2024-06-11T18:20:46","date_gmt":"2024-06-11T15:20:46","guid":{"rendered":"https:\/\/sisu.ut.ee\/turundusklubi\/?page_id=9"},"modified":"2024-09-03T11:10:13","modified_gmt":"2024-09-03T08:10:13","slug":"klubist","status":"publish","type":"page","link":"https:\/\/sisu.ut.ee\/turundusklubi\/klubist\/","title":{"rendered":"Klubist"},"content":{"rendered":"<h2 class=\"wp-block-heading has-text-align-center\">Mis on T\u00dc Turundusklubi?<\/h2>\n\n\n\n<p class=\"has-text-align-center\"><strong>Turundusklubi<\/strong> on 2009. aastal asutatud \u00fcli\u00f5pilasorganisatsioon, mis pakub tudengitele v\u00f5imalust tegutseda turundusmaailmas ning laiendada enda suhtlusv\u00f5rgustikku. Rikastame \u00fclikoolielu, korraldades koolitusi ning klubi\u00f5htuid, ja anname v\u00f5imaluse rakendada teadmisi l\u00e4bi projektipraktika ettev\u00f5tetes. Klubi on avatud k\u00f5ikidele \u00fcli\u00f5pilastele, olenemata varasemast turundusalasest teadmistest. Liitu meiega ja paista v\u00e4lja!<\/p>\n\n\n\n<div style=\"height:38px\" aria-hidden=\"true\" class=\"wp-block-spacer\"><\/div>\n\n\n\n<h2 class=\"wp-block-heading has-text-align-center\">Millega me tegeleme?<\/h2>\n\n\n\n<p class=\"has-text-align-left\"><strong>S\u00fcgissemestril <\/strong>keskendume peamiselt koolitustele ja seminaridele, kus liikmed saavad s\u00fcvitsi minna turunduse teooriaga ja praktikas rakendatavate teadmistega. Lisaks koolitustele korraldame mitmeid klubi\u00f5htuid, kus klubiliikmed saavad m\u00f5nusalt aega veeta ning v\u00f5rgustikku luua. S\u00fcgissemestri l\u00f5petab j\u00f5ulupidu, et pakkuda klubiliikmetele meeleolukat ajaviidet ning tugevdada seltskonnatunnet.<\/p>\n\n\n\n<p class=\"has-text-align-left\"><strong>Kevadsemestril <\/strong>on Turundusklubi fookuses projektipraktika, kus klubilised jagatakse meeskondadesse ja saavad reaalse kogemuse ettev\u00f5tetes turundust teha. Lisaks praktilisele t\u00f6\u00f6kogemusele toimuvad vaheseminarid, et jagada edusamme ja \u00f5ppimiskogemusi. Samuti j\u00e4tkuvad koolitused ja klubi\u00f5htud, et toetada pidevat arengut ja suhtlemist.<\/p>\n\n\n\n<div style=\"height:38px\" aria-hidden=\"true\" class=\"wp-block-spacer\"><\/div>\n\n\n\n<h2 class=\"wp-block-heading has-text-align-center\">Tule ja paista v\u00e4lja Turundusklubis!<\/h2>\n\n\n\n<div class=\"wp-block-buttons is-content-justification-center is-layout-flex wp-container-core-buttons-is-layout-16018d1d wp-block-buttons-is-layout-flex\">\n<div class=\"wp-block-button\"><a class=\"wp-block-button__link wp-element-button\" href=\"https:\/\/docs.google.com\/forms\/d\/e\/1FAIpQLSeYnK8QWDtsX53aW0913bRzMBBLywrBtYY3LyhwNeHqxQeooA\/viewform?usp=sf_link\">LIITU KLUBIGA<\/a><\/div>\n<\/div>\n\n\n\n<div style=\"height:38px\" aria-hidden=\"true\" class=\"wp-block-spacer\"><\/div>\n\n\n\n<figure class=\"wp-block-image aligncenter size-full\"><img loading=\"lazy\" decoding=\"async\" width=\"907\" height=\"272\" src=\"https:\/\/sisu.ut.ee\/wp-content\/uploads\/sites\/721\/tk_uhispilt-e1723048291176.png\" alt=\"\" class=\"wp-image-109\" srcset=\"https:\/\/sisu.ut.ee\/wp-content\/uploads\/sites\/721\/tk_uhispilt-e1723048291176.png 907w, https:\/\/sisu.ut.ee\/wp-content\/uploads\/sites\/721\/tk_uhispilt-e1723048291176-300x90.png 300w, https:\/\/sisu.ut.ee\/wp-content\/uploads\/sites\/721\/tk_uhispilt-e1723048291176-768x230.png 768w\" sizes=\"auto, (max-width: 907px) 100vw, 907px\"><\/figure>\n","protected":false},"excerpt":{"rendered":"<p>Mis on T\u00dc Turundusklubi? Turundusklubi on 2009. aastal asutatud \u00fcli\u00f5pilasorganisatsioon, mis pakub tudengitele v\u00f5imalust tegutseda turundusmaailmas ning laiendada enda suhtlusv\u00f5rgustikku. Rikastame \u00fclikoolielu, korraldades koolitusi ning klubi\u00f5htuid, ja anname v\u00f5imaluse rakendada teadmisi l\u00e4bi projektipraktika ettev\u00f5tetes. Klubi on avatud k\u00f5ikidele \u00fcli\u00f5pilastele, olenemata &#8230;<\/p>\n","protected":false},"author":538,"featured_media":0,"parent":0,"menu_order":0,"comment_status":"closed","ping_status":"closed","template":"","meta":{"_acf_changed":false,"inline_featured_image":false,"footnotes":""},"class_list":["post-9","page","type-page","status-publish","hentry"],"acf":[],"_links":{"self":[{"href":"https:\/\/sisu.ut.ee\/turundusklubi\/wp-json\/wp\/v2\/pages\/9","targetHints":{"allow":["GET"]}}],"collection":[{"href":"https:\/\/sisu.ut.ee\/turundusklubi\/wp-json\/wp\/v2\/pages"}],"about":[{"href":"https:\/\/sisu.ut.ee\/turundusklubi\/wp-json\/wp\/v2\/types\/page"}],"author":[{"embeddable":true,"href":"https:\/\/sisu.ut.ee\/turundusklubi\/wp-json\/wp\/v2\/users\/538"}],"replies":[{"embeddable":true,"href":"https:\/\/sisu.ut.ee\/turundusklubi\/wp-json\/wp\/v2\/comments?post=9"}],"version-history":[{"count":20,"href":"https:\/\/sisu.ut.ee\/turundusklubi\/wp-json\/wp\/v2\/pages\/9\/revisions"}],"predecessor-version":[{"id":309,"href":"https:\/\/sisu.ut.ee\/turundusklubi\/wp-json\/wp\/v2\/pages\/9\/revisions\/309"}],"wp:attachment":[{"href":"https:\/\/sisu.ut.ee\/turundusklubi\/wp-json\/wp\/v2\/media?parent=9"}],"curies":[{"name":"wp","href":"https:\/\/api.w.org\/{rel}","templated":true}]}}