{"id":326,"date":"2024-09-07T19:17:37","date_gmt":"2024-09-07T16:17:37","guid":{"rendered":"https:\/\/sisu.ut.ee\/turundusklubi\/?page_id=326"},"modified":"2025-09-01T08:20:49","modified_gmt":"2025-09-01T05:20:49","slug":"ajalugu","status":"publish","type":"page","link":"https:\/\/sisu.ut.ee\/turundusklubi\/ajalugu\/","title":{"rendered":"Ajalugu"},"content":{"rendered":"<h2 class=\"wp-block-heading\">Turundusklubi asutamine<\/h2>\n\n\n\n<p>Tartu \u00dclikooli Turundusklubi asutas 2009. aastal <a href=\"https:\/\/ut.ee\/et\/tootaja\/andres-kuusik\">Andres Kuusik<\/a>. Ta on Tartu \u00dclikooli turunduse \u00f5ppetooli juhataja ja T\u00dc Neoroturunduse labori asutaja. Kuusik on ellu kutsunud ka \u00e4rifestivali <a href=\"https:\/\/www.startupday.ee\/\">sTARTUp Day<\/a>\u00a0ning Delta Majanduskonverentsi. <\/p>\n\n\n\n<h2 class=\"wp-block-heading\">Turundusklubi juhtkonna liikmed l\u00e4bi aastate<\/h2>\n\n\n\n<figure class=\"wp-block-table\"><table class=\"table table-hover\"><tbody><tr><td><strong>Aasta<\/strong><\/td><td><strong>Klubi juhtkond<\/strong><\/td><\/tr><tr><td>2025\/26<\/td><td>Piret Herja \u2013 tegevjuht<br>Lauri Eamets \u2013 korraldusjuht<br>Mattias Erik Liba \u2013 finantsjuht<br>Elina Tall \u2013 personalijuht<br>Stella Saks \u2013 partnerlussuhete juht <br>Saskia Soomets \u2013 strateegilise turunduse ja kommunikatsiooni juht<br>Laura-Lotta Kartsep \u2013 Praktilise sisuloome ja br\u00e4ndijuht<\/td><\/tr><tr><td>2024\/25<\/td><td>Lauri Eamets \u2013 tegevjuht<br>Mihkel Kruusmann \u2013 juhiabi<br>Joonas V\u00e4li \u2013 finantsjuht<br>Elise-Maria Kiik \u2013 turundusjuht<br>Mia Hiiem\u00e4e \u2013 turundusassistent<br>Mihkel Mart Liim \u2013 partnerlussuhete juht<br>Helena Kivistik \u2013 personalijuht<\/td><\/tr><tr><td>2023\/24<\/td><td>Rasmus Koppel \u2013 tegevjuht<br>Adele Adamson \u2013 turundusjuht<br>Vesse P\u00f5llu \u2013 personalijuht<br>K\u00e4di Koppel \u2013 partnerlussuhete juht<\/td><\/tr><tr><td>2022\/23<\/td><td>Liisbeth J\u00f5esaar \u2013 tegevjuht<br>Kaisa-Maris Hagel \u2013 kommunikatsioonijuht<br>Getrin Laanesoo \u2013 partnerlussuhete juht<br>Mariann Saabas \u2013 personalijuht<br>Helen Eriksoo \u2013 sisetiimijuht<\/td><\/tr><tr><td>2021\/22<\/td><td>Siim Aksel Amer \u2013 tegevjuht<br>Liisbeth J\u00f5esaar \u2013 kommunikatsioonijuht<br>Maru Arukask \u2013 partnerlussuhete juht<br>Elina Klesman \u2013 personalijuht<\/td><\/tr><tr><td>2020<\/td><td>Rasmus Aukust \u2013 tegevjuht<br>Christina V\u00e4rno \u2013 kommunikatsioonijuht<br>Siim Aksel Amer \u2013 partnerlussuhete juht<br>Elina Klesman \u2013 personalijuht<\/td><\/tr><tr><td>2019<\/td><td>Ingrid Tivas \u2013 tegevjuht\u2063<br>Laura P\u00f5ldma \u2013 kommunikatsioonijuht\u2063<br>Kristin Reino \u2013 partnerlussuhete juht\u2063<br>Laura Karilaid \u2013 personalijuht\u2063<\/td><\/tr><tr><td>2018<\/td><td>Asso Kasuk \u2013 tegevjuht<br>Gerda Triin H\u00e4\u00e4l \u2013 kommunikatsioonijuht<br>Kristi Traagel \u2013 disainijuht<br>Annika Maksimov \u2013 personalijuht<\/td><\/tr><tr><td>2017<\/td><td>Elizabeth Truve \u2013 tegevjuht<br>Tiina N\u00f5mm \u2013 kommunikatsioonijuht<br>Asso Kasuk \u2013 partnerlussuhete juht<br>Kristi Traagel \u2013 disainjuht<\/td><\/tr><tr><td>2016<\/td><td>Kristina Kutsar \u2013 tegevjuht<br>K\u00e4rt Kaasik-Kepler \u2013 kommunikatsioonijuht<br>Marili Vihmann \u2013 Partnerlussuhete juht<\/td><\/tr><tr><td>2015<\/td><td>Kristina Kutsar \u2013 tegevjuht<br>Marleen Heleen Puhke \u2013 kommunikatsioonijuht<br>Kristi Reinfeldt \u2013 partnerlussuhete juht<\/td><\/tr><tr><td>2014<\/td><td>Kristella Pender \u2013 tegevjuht<br>Heleri Tamme \u2013 kommunikatsioonijuht<br>Kristi Reinfeldt \u2013 partnerlussuhete juht<\/td><\/tr><tr><td>2013<\/td><td>Kristella Pender \u2013 tegevjuht<br>Mirell Prosa \u2013 kommunikatsioonijuht<\/td><\/tr><tr><td>2012<\/td><td>Kristin Krinal \u2013 tegevjuht<br>Kristella Pender -kommunikatsioonijuht<\/td><\/tr><tr><td>2011<\/td><td>Kristo Kraft \u2013 tegevjuht<br>Jana T\u00f5kman \u2013 kommunikatsioonijuht<br>Kristin Krinal \u2013 motivatsioonijuht<\/td><\/tr><tr><td>2010<\/td><td>Andres Kuusik<\/td><\/tr><tr><td>2009<\/td><td>Andres Kuusik<\/td><\/tr><\/tbody><\/table><\/figure>\n","protected":false},"excerpt":{"rendered":"<p>Turundusklubi asutamine Tartu \u00dclikooli Turundusklubi asutas 2009. aastal Andres Kuusik. Ta on Tartu \u00dclikooli turunduse \u00f5ppetooli juhataja ja T\u00dc Neoroturunduse labori asutaja. Kuusik on ellu kutsunud ka \u00e4rifestivali sTARTUp Day\u00a0ning Delta Majanduskonverentsi. Turundusklubi juhtkonna liikmed l\u00e4bi aastate Aasta Klubi juhtkond &#8230;<\/p>\n","protected":false},"author":538,"featured_media":0,"parent":0,"menu_order":0,"comment_status":"closed","ping_status":"closed","template":"","meta":{"_acf_changed":false,"inline_featured_image":false,"footnotes":""},"class_list":["post-326","page","type-page","status-publish","hentry"],"acf":[],"_links":{"self":[{"href":"https:\/\/sisu.ut.ee\/turundusklubi\/wp-json\/wp\/v2\/pages\/326","targetHints":{"allow":["GET"]}}],"collection":[{"href":"https:\/\/sisu.ut.ee\/turundusklubi\/wp-json\/wp\/v2\/pages"}],"about":[{"href":"https:\/\/sisu.ut.ee\/turundusklubi\/wp-json\/wp\/v2\/types\/page"}],"author":[{"embeddable":true,"href":"https:\/\/sisu.ut.ee\/turundusklubi\/wp-json\/wp\/v2\/users\/538"}],"replies":[{"embeddable":true,"href":"https:\/\/sisu.ut.ee\/turundusklubi\/wp-json\/wp\/v2\/comments?post=326"}],"version-history":[{"count":8,"href":"https:\/\/sisu.ut.ee\/turundusklubi\/wp-json\/wp\/v2\/pages\/326\/revisions"}],"predecessor-version":[{"id":633,"href":"https:\/\/sisu.ut.ee\/turundusklubi\/wp-json\/wp\/v2\/pages\/326\/revisions\/633"}],"wp:attachment":[{"href":"https:\/\/sisu.ut.ee\/turundusklubi\/wp-json\/wp\/v2\/media?parent=326"}],"curies":[{"name":"wp","href":"https:\/\/api.w.org\/{rel}","templated":true}]}}