{"id":2,"date":"2024-06-11T14:25:16","date_gmt":"2024-06-11T14:25:16","guid":{"rendered":"https:\/\/sisu.ut.ee\/turundusklubi\/?page_id=2"},"modified":"2026-02-11T12:22:17","modified_gmt":"2026-02-11T10:22:17","slug":"sample-page","status":"publish","type":"page","link":"https:\/\/sisu.ut.ee\/turundusklubi\/","title":{"rendered":"Turunduskoolitus | Praktika"},"content":{"rendered":"<figure class=\"wp-block-image aligncenter size-large is-resized\"><img loading=\"lazy\" decoding=\"async\" width=\"1024\" height=\"234\" src=\"https:\/\/sisu.ut.ee\/wp-content\/uploads\/sites\/721\/full-logo_must-1-1024x234.png\" alt=\"\" class=\"wp-image-433\" style=\"width:488px;height:auto\" srcset=\"https:\/\/sisu.ut.ee\/wp-content\/uploads\/sites\/721\/full-logo_must-1-1024x234.png 1024w, https:\/\/sisu.ut.ee\/wp-content\/uploads\/sites\/721\/full-logo_must-1-300x69.png 300w, https:\/\/sisu.ut.ee\/wp-content\/uploads\/sites\/721\/full-logo_must-1-768x175.png 768w, https:\/\/sisu.ut.ee\/wp-content\/uploads\/sites\/721\/full-logo_must-1.png 1436w\" sizes=\"auto, (max-width: 1024px) 100vw, 1024px\"><\/figure>\n\n\n\n<div class=\"wp-block-group is-layout-constrained wp-block-group-is-layout-constrained\">\n<div class=\"wp-block-columns is-layout-flex wp-container-core-columns-is-layout-9d6595d7 wp-block-columns-is-layout-flex\">\n<div class=\"wp-block-column is-layout-flow wp-block-column-is-layout-flow\"><\/div>\n\n\n\n<div class=\"wp-block-column is-layout-flow wp-block-column-is-layout-flow\">\n<p class=\"has-text-align-center\"><strong>T\u00dc Turundusklubi on 2009. aastal asutatud \u00fcli\u00f5pilasorganisatsioon, mis pakub harivaid koolitusi, meeleolukaid klubi\u00f5htuid ja v\u00f5imalust praktiliseks kogemuseks. <\/strong><br><br><strong>Liitu meiega, et arendada oma turundusoskusi ja rikastada enda \u00fclikoolielu!<\/strong><\/p>\n<\/div>\n\n\n\n<div class=\"wp-block-column is-layout-flow wp-block-column-is-layout-flow\"><\/div>\n<\/div>\n<\/div>\n\n\n\n<div class=\"wp-block-buttons is-content-justification-center is-layout-flex wp-container-core-buttons-is-layout-16018d1d wp-block-buttons-is-layout-flex\">\n<div class=\"wp-block-button\"><a class=\"wp-block-button__link has-text-align-center wp-element-button\" href=\"https:\/\/docs.google.com\/forms\/d\/e\/1FAIpQLSeSzCiqmI4jtPED6sDWORWi50KLxuoX6JTlMkPcmM80IcKj2w\/viewform?usp=header\">LIITU KLUBIGA<\/a><\/div>\n<\/div>\n\n\n<section class=\"countdown-block py-3 px-2 p-md-4 page-section page-section--wide \" style=\"background-image: url(https:\/\/sisu.ut.ee\/wp-content\/uploads\/sites\/721\/tk_bg.png);\">\n\t<h2 class=\"visually-hidden\">Loendur<\/h2>\n\t<div class=\"container-fluid g-0\">\n\t\t<div class=\"countdown-block__content\">\n\t\t\t<div class=\"row align-items-center\">\n\t\t\t\t<div class=\"col-md-4 text-center\">\n\t\t\t\t\t<p class=\"h4 mb-2 mb-md-0 text-white\">Projektipraktika avaseminar!<\/p>\n\t\t\t\t<\/div>\n\t\t\t\t<div class=\"col-md-4 text-center\">\n\t\t\t\t\t<div class=\"countdown-timer h1 text-white d-flex flex-md-column justify-content-center mb-0\" data-date=\"02\/17\/2026 18:15:00\">\n\t\t\t\t\t\t<span class=\"days me-2 me-md-0 d-block\">0 p\u00e4eva<\/span>\n\t\t\t\t\t\t<div class=\"d-flex justify-content-center\">\n\t\t\t\t\t\t\t<span class=\"hours\">00:<\/span>\n\t\t\t\t\t\t\t<span class=\"minutes\">00:<\/span>\n\t\t\t\t\t\t\t<span class=\"seconds\">00<\/span>\n\t\t\t\t\t\t<\/div>\n\t\t\t\t\t<\/div>\n\t\t\t\t<\/div>\n\t\t\t\t<div class=\"col-md-4 text-center text-md-start\">\n\t\t\t\t\t                <\/div>\n            <\/div>\n        <\/div>\n  <\/div>\n<\/section>\n\n\n\n<div style=\"height:29px\" aria-hidden=\"true\" class=\"wp-block-spacer\"><\/div>\n\n\n\n<hr class=\"wp-block-separator has-alpha-channel-opacity\">\n\n\n\n<div class=\"wp-block-columns is-layout-flex wp-container-core-columns-is-layout-9d6595d7 wp-block-columns-is-layout-flex\">\n<div class=\"wp-block-column is-layout-flow wp-block-column-is-layout-flow\">\n<h2 class=\"wp-block-heading has-text-align-center\"><strong>Koost\u00f6\u00f6partnerid<\/strong><\/h2>\n\n\n\n<div class=\"wp-block-group is-content-justification-center is-nowrap is-layout-flex wp-container-core-group-is-layout-94bc23d7 wp-block-group-is-layout-flex\">\n<figure class=\"wp-block-image size-full is-resized is-style-rounded\"><a href=\"https:\/\/olerohkem.ee\/\"><img loading=\"lazy\" decoding=\"async\" width=\"225\" height=\"225\" src=\"https:\/\/sisu.ut.ee\/wp-content\/uploads\/sites\/721\/olerohkem.png\" alt=\"\" class=\"wp-image-437\" style=\"width:170px;height:auto\" srcset=\"https:\/\/sisu.ut.ee\/wp-content\/uploads\/sites\/721\/olerohkem.png 225w, https:\/\/sisu.ut.ee\/wp-content\/uploads\/sites\/721\/olerohkem-150x150.png 150w\" sizes=\"auto, (max-width: 225px) 100vw, 225px\"><\/a><\/figure>\n\n\n\n<figure class=\"wp-block-image size-large is-resized\"><a href=\"https:\/\/www.alecoq.ee\/\"><img loading=\"lazy\" decoding=\"async\" width=\"1024\" height=\"724\" src=\"https:\/\/sisu.ut.ee\/wp-content\/uploads\/sites\/721\/https___www.alecoq.ee_wordpress_wp-content_uploads_2024_02_alecoq_logo_taustaga_rgb-scaled-1-1024x724.jpg\" alt=\"alecoq logo\" class=\"wp-image-312\" style=\"width:475px;height:auto\" srcset=\"https:\/\/sisu.ut.ee\/wp-content\/uploads\/sites\/721\/https___www.alecoq.ee_wordpress_wp-content_uploads_2024_02_alecoq_logo_taustaga_rgb-scaled-1-1024x724.jpg 1024w, https:\/\/sisu.ut.ee\/wp-content\/uploads\/sites\/721\/https___www.alecoq.ee_wordpress_wp-content_uploads_2024_02_alecoq_logo_taustaga_rgb-scaled-1-300x212.jpg 300w, https:\/\/sisu.ut.ee\/wp-content\/uploads\/sites\/721\/https___www.alecoq.ee_wordpress_wp-content_uploads_2024_02_alecoq_logo_taustaga_rgb-scaled-1-768x543.jpg 768w, https:\/\/sisu.ut.ee\/wp-content\/uploads\/sites\/721\/https___www.alecoq.ee_wordpress_wp-content_uploads_2024_02_alecoq_logo_taustaga_rgb-scaled-1-1536x1087.jpg 1536w, https:\/\/sisu.ut.ee\/wp-content\/uploads\/sites\/721\/https___www.alecoq.ee_wordpress_wp-content_uploads_2024_02_alecoq_logo_taustaga_rgb-scaled-1-2048x1449.jpg 2048w, https:\/\/sisu.ut.ee\/wp-content\/uploads\/sites\/721\/https___www.alecoq.ee_wordpress_wp-content_uploads_2024_02_alecoq_logo_taustaga_rgb-scaled-1-1920x1358.jpg 1920w\" sizes=\"auto, (max-width: 1024px) 100vw, 1024px\"><\/a><\/figure>\n\n\n\n<figure class=\"wp-block-image size-full is-resized\"><a href=\"https:\/\/ut.ee\/et\"><img loading=\"lazy\" decoding=\"async\" width=\"328\" height=\"337\" src=\"https:\/\/sisu.ut.ee\/wp-content\/uploads\/sites\/721\/tu.png\" alt=\"\" class=\"wp-image-441\" style=\"width:175px;height:auto\" srcset=\"https:\/\/sisu.ut.ee\/wp-content\/uploads\/sites\/721\/tu.png 328w, https:\/\/sisu.ut.ee\/wp-content\/uploads\/sites\/721\/tu-292x300.png 292w\" sizes=\"auto, (max-width: 328px) 100vw, 328px\"><\/a><\/figure>\n<\/div>\n\n\n\n<div class=\"wp-block-group is-nowrap is-layout-flex wp-container-core-group-is-layout-ad2f72ca wp-block-group-is-layout-flex\">\n<figure class=\"wp-block-image size-full is-resized\"><a href=\"https:\/\/www.brain-games.ee\/\"><img loading=\"lazy\" decoding=\"async\" width=\"300\" height=\"113\" src=\"https:\/\/sisu.ut.ee\/wp-content\/uploads\/sites\/721\/Brain-Games-retail-logo-RGB-1-300x113-1.png\" alt=\"\" class=\"wp-image-79\" style=\"width:301px;height:auto\"><\/a><\/figure>\n\n\n\n<figure class=\"wp-block-image aligncenter size-large is-resized\"><a href=\"https:\/\/www.aripaev.ee\/\"><img loading=\"lazy\" decoding=\"async\" width=\"1024\" height=\"306\" src=\"https:\/\/sisu.ut.ee\/wp-content\/uploads\/sites\/721\/aripaev_punane_1-1-1024x306.png\" alt=\"\" class=\"wp-image-639\" style=\"width:398px;height:auto\" srcset=\"https:\/\/sisu.ut.ee\/wp-content\/uploads\/sites\/721\/aripaev_punane_1-1-1024x306.png 1024w, https:\/\/sisu.ut.ee\/wp-content\/uploads\/sites\/721\/aripaev_punane_1-1-300x90.png 300w, https:\/\/sisu.ut.ee\/wp-content\/uploads\/sites\/721\/aripaev_punane_1-1-768x229.png 768w, https:\/\/sisu.ut.ee\/wp-content\/uploads\/sites\/721\/aripaev_punane_1-1-1536x459.png 1536w, https:\/\/sisu.ut.ee\/wp-content\/uploads\/sites\/721\/aripaev_punane_1-1-1920x574.png 1920w, https:\/\/sisu.ut.ee\/wp-content\/uploads\/sites\/721\/aripaev_punane_1-1.png 1941w\" sizes=\"auto, (max-width: 1024px) 100vw, 1024px\"><\/a><\/figure>\n\n\n\n<figure class=\"wp-block-image size-large is-resized wp-duotone-2c5697-2c5697-1\"><a href=\"https:\/\/majandus.ut.ee\/et\"><img decoding=\"async\" src=\"https:\/\/sisu.ut.ee\/wp-content\/uploads\/sites\/721\/majandusteaduskond_est_valge.svg\" alt=\"tartu \u00fclikooli majandusteaduskond\" class=\"wp-image-348\" style=\"width:326px;height:auto\"><\/a><\/figure>\n<\/div>\n<\/div>\n<\/div>\n\n\n\n<hr class=\"wp-block-separator has-alpha-channel-opacity is-style-default\">\n\n\n\n<div style=\"height:60px\" aria-hidden=\"true\" class=\"wp-block-spacer\"><\/div>\n\n\n\n<div style=\"height:22px\" aria-hidden=\"true\" class=\"wp-block-spacer\"><\/div>\n\n\n\n<h2 class=\"wp-block-heading has-text-align-center\">J\u00e4lgi meie tegevusi<\/h2>\n\n\n\n<ul class=\"wp-block-social-links aligncenter has-large-icon-size is-layout-flex wp-block-social-links-is-layout-flex\"><li class=\"wp-social-link wp-social-link-facebook  wp-block-social-link\"><a href=\"https:\/\/www.facebook.com\/turundusklubi\" class=\"wp-block-social-link-anchor\"><svg width=\"24\" height=\"24\" viewbox=\"0 0 24 24\" version=\"1.1\" xmlns=\"http:\/\/www.w3.org\/2000\/svg\" aria-hidden=\"true\" focusable=\"false\"><path d=\"M12 2C6.5 2 2 6.5 2 12c0 5 3.7 9.1 8.4 9.9v-7H7.9V12h2.5V9.8c0-2.5 1.5-3.9 3.8-3.9 1.1 0 2.2.2 2.2.2v2.5h-1.3c-1.2 0-1.6.8-1.6 1.6V12h2.8l-.4 2.9h-2.3v7C18.3 21.1 22 17 22 12c0-5.5-4.5-10-10-10z\"><\/path><\/svg><span class=\"wp-block-social-link-label screen-reader-text\">Facebook<\/span><\/a><\/li>\n\n<li class=\"wp-social-link wp-social-link-instagram  wp-block-social-link\"><a href=\"https:\/\/www.instagram.com\/turundusklubi\/\" class=\"wp-block-social-link-anchor\"><svg width=\"24\" height=\"24\" viewbox=\"0 0 24 24\" version=\"1.1\" xmlns=\"http:\/\/www.w3.org\/2000\/svg\" aria-hidden=\"true\" focusable=\"false\"><path d=\"M12,4.622c2.403,0,2.688,0.009,3.637,0.052c0.877,0.04,1.354,0.187,1.671,0.31c0.42,0.163,0.72,0.358,1.035,0.673 c0.315,0.315,0.51,0.615,0.673,1.035c0.123,0.317,0.27,0.794,0.31,1.671c0.043,0.949,0.052,1.234,0.052,3.637 s-0.009,2.688-0.052,3.637c-0.04,0.877-0.187,1.354-0.31,1.671c-0.163,0.42-0.358,0.72-0.673,1.035 c-0.315,0.315-0.615,0.51-1.035,0.673c-0.317,0.123-0.794,0.27-1.671,0.31c-0.949,0.043-1.233,0.052-3.637,0.052 s-2.688-0.009-3.637-0.052c-0.877-0.04-1.354-0.187-1.671-0.31c-0.42-0.163-0.72-0.358-1.035-0.673 c-0.315-0.315-0.51-0.615-0.673-1.035c-0.123-0.317-0.27-0.794-0.31-1.671C4.631,14.688,4.622,14.403,4.622,12 s0.009-2.688,0.052-3.637c0.04-0.877,0.187-1.354,0.31-1.671c0.163-0.42,0.358-0.72,0.673-1.035 c0.315-0.315,0.615-0.51,1.035-0.673c0.317-0.123,0.794-0.27,1.671-0.31C9.312,4.631,9.597,4.622,12,4.622 M12,3 C9.556,3,9.249,3.01,8.289,3.054C7.331,3.098,6.677,3.25,6.105,3.472C5.513,3.702,5.011,4.01,4.511,4.511 c-0.5,0.5-0.808,1.002-1.038,1.594C3.25,6.677,3.098,7.331,3.054,8.289C3.01,9.249,3,9.556,3,12c0,2.444,0.01,2.751,0.054,3.711 c0.044,0.958,0.196,1.612,0.418,2.185c0.23,0.592,0.538,1.094,1.038,1.594c0.5,0.5,1.002,0.808,1.594,1.038 c0.572,0.222,1.227,0.375,2.185,0.418C9.249,20.99,9.556,21,12,21s2.751-0.01,3.711-0.054c0.958-0.044,1.612-0.196,2.185-0.418 c0.592-0.23,1.094-0.538,1.594-1.038c0.5-0.5,0.808-1.002,1.038-1.594c0.222-0.572,0.375-1.227,0.418-2.185 C20.99,14.751,21,14.444,21,12s-0.01-2.751-0.054-3.711c-0.044-0.958-0.196-1.612-0.418-2.185c-0.23-0.592-0.538-1.094-1.038-1.594 c-0.5-0.5-1.002-0.808-1.594-1.038c-0.572-0.222-1.227-0.375-2.185-0.418C14.751,3.01,14.444,3,12,3L12,3z M12,7.378 c-2.552,0-4.622,2.069-4.622,4.622S9.448,16.622,12,16.622s4.622-2.069,4.622-4.622S14.552,7.378,12,7.378z M12,15 c-1.657,0-3-1.343-3-3s1.343-3,3-3s3,1.343,3,3S13.657,15,12,15z M16.804,6.116c-0.596,0-1.08,0.484-1.08,1.08 s0.484,1.08,1.08,1.08c0.596,0,1.08-0.484,1.08-1.08S17.401,6.116,16.804,6.116z\"><\/path><\/svg><span class=\"wp-block-social-link-label screen-reader-text\">Instagram<\/span><\/a><\/li><\/ul>\n\n\n\n<div style=\"height:70px\" aria-hidden=\"true\" class=\"wp-block-spacer\"><\/div>\n\n\n\n<figure class=\"wp-block-image aligncenter size-full is-resized\"><img loading=\"lazy\" decoding=\"async\" width=\"392\" height=\"224\" src=\"https:\/\/sisu.ut.ee\/wp-content\/uploads\/sites\/721\/paistavalja.png\" alt=\"\" class=\"wp-image-173\" style=\"width:270px;height:auto\" srcset=\"https:\/\/sisu.ut.ee\/wp-content\/uploads\/sites\/721\/paistavalja.png 392w, https:\/\/sisu.ut.ee\/wp-content\/uploads\/sites\/721\/paistavalja-300x171.png 300w\" sizes=\"auto, (max-width: 392px) 100vw, 392px\"><\/figure>\n\n\n<div class=\"accordion-block mb-3\">\n\t\t<div class=\"accordion \" id=\"accordion-accordion-69e0355e03831\">\n\t\t\t\t\t\t\t<div class=\"accordion-item accordion-item--blue\">\n\t\t\t\t\t<h2 class=\"accordion-header\" id=\"accordion-69e0355e03831-heading-1\">\n\t\t\t\t\t\t<button class=\"accordion-button collapsed\" type=\"button\" data-bs-toggle=\"collapse\" data-bs-target=\"#accordion-69e0355e03831-collapse-1\" aria-expanded=\"true\" aria-controls=\"accordion-69e0355e03831-collapse-1\">\n\t\t\t\t\t\t\tMis on turundusklubi?\n\t\t\t\t\t\t<\/button>\n\t\t\t\t\t<\/h2>\n\t\t\t\t\t<div id=\"accordion-69e0355e03831-collapse-1\" class=\"accordion-collapse collapse \" aria-labelledby=\"accordion-69e0355e03831-heading-1\">\n\t\t\t\t\t\t<div class=\"accordion-body\">\n\t\t\t\t\t\t\t<div class=\"flex-shrink-0 flex flex-col relative items-end\">\n<div>\n<div class=\"pt-0\">\n<div class=\"gizmo-bot-avatar flex h-8 w-8 items-center justify-center overflow-hidden rounded-full\">\n<div class=\"relative p-1 rounded-sm flex items-center justify-center bg-token-main-surface-primary text-token-text-primary h-8 w-8\">Tartu \u00dclikooli Turundusklubi on tudengitele suunatud organisatsioon, mis pakub v\u00f5imalusi turundusalaste teadmiste ja praktiliste oskuste arendamiseks. Turundusklubi tegevused h\u00f5lmavad regulaarselt toimuvat koolitusi, seminare ja klubi\u00f5htuid, kus k\u00e4sitletakse turunduse uusimaid trende ja praktilisi n\u00e4pun\u00e4iteid. Turundusklubi liikmed saavad osaleda projektipraktikas, kus nad t\u00f6\u00f6tavad meeskondades ja saavad v\u00e4\u00e4rtuslikku kogemust ettev\u00f5tetes turundusega tegeledes. Liitudes turundusklubiga, avanevad \u00fcli\u00f5pilastele v\u00f5imalused laiendada oma suhtlusv\u00f5rgustikku ja astuda samme eduka karj\u00e4\u00e4ri suunas turunduse valdkonnas.<\/div>\n<\/div>\n<\/div>\n<\/div>\n<\/div>\n\n\t\t\t\t\t\t<\/div>\n\t\t\t\t\t<\/div>\n\t\t\t\t<\/div>\n\t\t\t\t\t<\/div>\n\t<\/div>\n","protected":false},"excerpt":{"rendered":"<p>T\u00dc Turundusklubi on 2009. aastal asutatud \u00fcli\u00f5pilasorganisatsioon, mis pakub harivaid koolitusi, meeleolukaid klubi\u00f5htuid ja v\u00f5imalust praktiliseks kogemuseks. Liitu meiega, et arendada oma turundusoskusi ja rikastada enda \u00fclikoolielu! Koost\u00f6\u00f6partnerid J\u00e4lgi meie tegevusi<\/p>\n","protected":false},"author":538,"featured_media":202,"parent":0,"menu_order":0,"comment_status":"closed","ping_status":"open","template":"","meta":{"_acf_changed":false,"inline_featured_image":false,"footnotes":""},"class_list":["post-2","page","type-page","status-publish","has-post-thumbnail","hentry"],"acf":[],"_links":{"self":[{"href":"https:\/\/sisu.ut.ee\/turundusklubi\/wp-json\/wp\/v2\/pages\/2","targetHints":{"allow":["GET"]}}],"collection":[{"href":"https:\/\/sisu.ut.ee\/turundusklubi\/wp-json\/wp\/v2\/pages"}],"about":[{"href":"https:\/\/sisu.ut.ee\/turundusklubi\/wp-json\/wp\/v2\/types\/page"}],"author":[{"embeddable":true,"href":"https:\/\/sisu.ut.ee\/turundusklubi\/wp-json\/wp\/v2\/users\/538"}],"replies":[{"embeddable":true,"href":"https:\/\/sisu.ut.ee\/turundusklubi\/wp-json\/wp\/v2\/comments?post=2"}],"version-history":[{"count":31,"href":"https:\/\/sisu.ut.ee\/turundusklubi\/wp-json\/wp\/v2\/pages\/2\/revisions"}],"predecessor-version":[{"id":662,"href":"https:\/\/sisu.ut.ee\/turundusklubi\/wp-json\/wp\/v2\/pages\/2\/revisions\/662"}],"wp:featuredmedia":[{"embeddable":true,"href":"https:\/\/sisu.ut.ee\/turundusklubi\/wp-json\/wp\/v2\/media\/202"}],"wp:attachment":[{"href":"https:\/\/sisu.ut.ee\/turundusklubi\/wp-json\/wp\/v2\/media?parent=2"}],"curies":[{"name":"wp","href":"https:\/\/api.w.org\/{rel}","templated":true}]}}