{"id":3,"date":"2024-04-04T08:49:21","date_gmt":"2024-04-04T05:49:21","guid":{"rendered":"https:\/\/sisu.ut.ee\/tunnetejuhtimine\/avaleht\/"},"modified":"2024-05-02T09:23:59","modified_gmt":"2024-05-02T06:23:59","slug":"avaleht","status":"publish","type":"page","link":"https:\/\/sisu.ut.ee\/tunnetejuhtimine\/","title":{"rendered":"Avaleht"},"content":{"rendered":"<p>\n\t<img decoding=\"async\" alt=\"p\u00e4is\" data-file_info=\"%7B%22fid%22:%2278663%22,%22view_mode%22:%22default%22,%22type%22:%22media%22%7D\" src=\"https:\/\/sisu.ut.ee\/wp-content\/uploads\/sites\/640\/pais.png\" title=\"\">\n<\/p>\n<p>\n\t<span style=\"color:#316886\"><span style=\"font-size:16px\">Tere tulemast emotsioonide juhtimise \u00f5piobjekti! M\u00f5testame siin lahti, millest emotsioonid koosnevad ja kuidas seda teadmist kasutades oma emotsionaalseid reaktsioone paremini juhtida.\u00a0<\/span><\/span>\n<\/p>\n<p>\n\t<span style=\"color:#316886\"><span style=\"font-size:16px\">T\u00e4psemalt loodame, et siin pakutavate teadmiste ja harjutuste najal:<\/span><\/span>\n<\/p>\n<p style=\"margin-left: 40px\">\n\t<span style=\"color:#316886\"><span>\u25ba\u00a0\u00a0<\/span><span style=\"font-size:16px\">Saad\u00a0paremini aru, kuidas emotsioonid tekivad.<\/span><\/span>\n<\/p>\n<p style=\"margin-left: 40px\">\n\t<span style=\"color:#316886\"><span>\u25ba\u00a0\u00a0<\/span><span style=\"font-size:16px\">M\u00f5istad, et emotsioonide juhtimiseks\u00a0on mitmeid v\u00f5imalusi ning oskad\u00a0neid kaardistada.<\/span><\/span>\n<\/p>\n<p style=\"margin-left: 40px\">\n\t<span style=\"color:#316886\"><span>\u25ba\u00a0\u00a0<\/span><span style=\"font-size:16px\">Oled\u00a0proovinud enda jaoks uusi emotsiooniregulatsiooni tehnikaid.<\/span><\/span>\n<\/p>\n<p style=\"margin-left: 40px\">\n\t<span style=\"color:#316886\"><span>\u25ba\u00a0\u00a0<\/span><span style=\"font-size:16px\">M\u00f5istad, millised emotsiooniregulatsiooni tehnikad on kasulikud pigem l\u00fchiajaliselt.\u00a0<\/span><\/span>\n<\/p>\n<p style=\"margin-left: 40px\">\n\t<span style=\"color:#316886\"><span>\u25ba\u00a0\u00a0<\/span><span style=\"font-size:16px\">Oskad\u00a0m\u00e4rgata oma emotsiooniregulatsiooni harjumusi ning\u00a0nende tugevusi ja n\u00f5rkusi.<\/span><\/span>\n<\/p>\n<p>\n\t<span style=\"color:#316886\"><span style=\"font-size:16px\">\u00d5piobjekt on jaotatud teemaplokkidesse, millest iga\u00fches saad vaadata l\u00fchikest loengut ja \u00f5pitut t\u00f6\u00f6lehti ning juhendeid kasutades ka j\u00e4rele proovida.<\/span><\/span>\n<\/p>\n<h2>\n\t\u00d5piobjekti autorid<br>\n<\/h2>\n<p>\n\tHelen Uusberg on Tartu \u00dclikooli afektiivps\u00fchholoogia teadur ja eksperimentaalps\u00fchholoogia lektor. Ta uurib emotsioonide reguleerimise mehhanisme ja d\u00fcnaamikat ning nende seoseid vaimse tervise ja heaoluga. Ta on kaitsnud ps\u00fchholoogia doktorikraadi Tartu \u00dclikoolis ning tal on v\u00e4lja\u00f5pe kognitiiv-k\u00e4itumisteraapias.\n<\/p>\n<p>\n\tMaria Kraju\u0161kina on Tartu \u00dclikooli doktorant-nooremteadur. Oma uurimist\u00f6\u00f6s keskendub ta t\u00f5lgenduse muutmise mehhanismidele ja positiivsete emotsioonide suurendamisele. Lisaks on Maria k\u00e4esolevalt l\u00e4bimas ps\u00fchholoog-n\u00f5ustaja kutseaastat ja t\u00f6\u00f6tab ps\u00fchholoogina Seksuaaltervise N\u00f5uandlas.\n<\/p>\n<p>\n\tAndero Uusberg on Tartu \u00dclikooli afektiivps\u00fchholoogia kaasprofessor. Ta uurib ja \u00f5petab inimese k\u00e4itumist reguleerivaid mehhanisme nagu emotsioonid, motivatsioon ja eneseregulatsioon. Andero on ka T\u00dc magistrikava \u201cRakenduslik k\u00e4itumisteadus\u201d programmijuht. Ta on kaitsnud ps\u00fchholoogia doktorikraadi Tartu \u00dclikoolis ning t\u00f6\u00f6tanud j\u00e4reldoktorina Stanfordi \u00dclikooli emotsioonide regulatsiooni laboris.\n<\/p>\n<p>\n\tK\u00f5ik autorid tegutsevad <a data-url=\"https:\/\/psuhholoogia.ut.ee\/et\/sisu\/psuhholoogia-instituudi-uurimisruhmad#TARU\" href=\"https:\/\/psuhholoogia.ut.ee\/et\/sisu\/psuhholoogia-instituudi-uurimisruhmad#TARU\" target=\"_blank\" title=\"\" rel=\"noopener\">Tartu Afekti ja Regulatsiooni Uurimisr\u00fchmas<\/a>.<\/p>\n","protected":false},"excerpt":{"rendered":"<p>Tere tulemast emotsioonide juhtimise \u00f5piobjekti! M\u00f5testame siin lahti, millest emotsioonid koosnevad ja kuidas seda teadmist kasutades oma emotsionaalseid reaktsioone paremini juhtida.\u00a0 T\u00e4psemalt loodame, et siin pakutavate teadmiste ja harjutuste najal: \u25ba\u00a0\u00a0Saad\u00a0paremini aru, kuidas emotsioonid tekivad. \u25ba\u00a0\u00a0M\u00f5istad, et emotsioonide juhtimiseks\u00a0on mitmeid &#8230;<\/p>\n","protected":false},"author":317,"featured_media":0,"parent":0,"menu_order":0,"comment_status":"closed","ping_status":"closed","template":"","meta":{"_acf_changed":false,"inline_featured_image":false,"footnotes":""},"class_list":["post-3","page","type-page","status-publish","hentry"],"acf":[],"_links":{"self":[{"href":"https:\/\/sisu.ut.ee\/tunnetejuhtimine\/wp-json\/wp\/v2\/pages\/3","targetHints":{"allow":["GET"]}}],"collection":[{"href":"https:\/\/sisu.ut.ee\/tunnetejuhtimine\/wp-json\/wp\/v2\/pages"}],"about":[{"href":"https:\/\/sisu.ut.ee\/tunnetejuhtimine\/wp-json\/wp\/v2\/types\/page"}],"author":[{"embeddable":true,"href":"https:\/\/sisu.ut.ee\/tunnetejuhtimine\/wp-json\/wp\/v2\/users\/317"}],"replies":[{"embeddable":true,"href":"https:\/\/sisu.ut.ee\/tunnetejuhtimine\/wp-json\/wp\/v2\/comments?post=3"}],"version-history":[{"count":2,"href":"https:\/\/sisu.ut.ee\/tunnetejuhtimine\/wp-json\/wp\/v2\/pages\/3\/revisions"}],"predecessor-version":[{"id":45,"href":"https:\/\/sisu.ut.ee\/tunnetejuhtimine\/wp-json\/wp\/v2\/pages\/3\/revisions\/45"}],"wp:attachment":[{"href":"https:\/\/sisu.ut.ee\/tunnetejuhtimine\/wp-json\/wp\/v2\/media?parent=3"}],"curies":[{"name":"wp","href":"https:\/\/api.w.org\/{rel}","templated":true}]}}