{"id":10,"date":"2024-04-04T08:49:22","date_gmt":"2024-04-04T05:49:22","guid":{"rendered":"https:\/\/sisu.ut.ee\/tunnetejuhtimine\/kokkuvotteks\/"},"modified":"2024-05-02T09:35:18","modified_gmt":"2024-05-02T06:35:18","slug":"kokkuvotteks","status":"publish","type":"page","link":"https:\/\/sisu.ut.ee\/tunnetejuhtimine\/kokkuvotteks\/","title":{"rendered":"Kokkuv\u00f5tteks"},"content":{"rendered":"<p><\/p><div class=\"ratio ratio-16x9 mb-3\"><div class=\"video-placeholder-wrapper video-placeholder-wrapper--16x9\">\n\t\t\t    <div class=\"video-placeholder d-flex justify-content-center align-items-center\">\n\t\t\t        <div class=\"overlay text-white p-2 w-100 text-center d-block justify-content-center align-items-center\">\n\t\t\t            <div>Kolmandate osapoolte sisu n\u00e4gemiseks palun n\u00f5ustu k\u00fcpsistega.<\/div>\n\t\t\t            <button class=\"btn btn-secondary btn-sm mt-1 consent-change\">Muuda n\u00f5usolekut<\/button>\n\t\t\t        <\/div>\n\t\t\t    <\/div>\n\t\t\t<\/div>\n<\/div>\n<p><\/p><div class=\"accordion mb-3\">\n        <div class=\"accordion-item accordion-item--white\">\n        <h2 class=\"accordion-header\" id=\"accordion-69df2559e0479-heading\">\n            <button class=\"accordion-button collapsed\" type=\"button\" data-bs-toggle=\"collapse\" data-bs-target=\"#accordion-69df2559e0479-collapse\" aria-expanded=\"true\" aria-controls=\"accordion-69df2559e0479-collapse\">T\u00f6\u00f6lehed Wordi failidena<\/button>\n        <\/h2>\n        <div id=\"accordion-69df2559e0479-collapse\" class=\"accordion-collapse collapse\" aria-labelledby=\"accordion-69df2559e0479-heading\">\n            <div class=\"accordion-body\">\n<p><a title=\"\" href=\"https:\/\/sisu.ut.ee\/wp-content\/uploads\/sites\/640\/emotsioonide_jalgimise_paevik_taidetav.docx\" target=\"_blank\" rel=\"noopener\" data-url=\"https:\/\/sisu.ut.ee\/wp-content\/uploads\/sites\/640\/emotsioonide_jalgimise_paevik_taidetav.docx\">EMOTSIOONIDE J\u00c4LGIMISE P\u00c4EVIK<\/a><\/p>\n<p><a title=\"\" href=\"https:\/\/sisu.ut.ee\/wp-content\/uploads\/sites\/640\/emotsioonide_juhtimise_paevik_taidetav.docx\" target=\"_blank\" rel=\"noopener\" data-url=\"https:\/\/sisu.ut.ee\/wp-content\/uploads\/sites\/640\/emotsioonide_juhtimise_paevik_taidetav.docx\">EMOTSIOONIDE JUHTIMISE P\u00c4EVIK<\/a><\/p>\n<p><a title=\"\" href=\"https:\/\/sisu.ut.ee\/wp-content\/uploads\/sites\/640\/meeldivate_tegevuste_planeerimine_taidetav.docx\" target=\"_blank\" rel=\"noopener\" data-url=\"https:\/\/sisu.ut.ee\/wp-content\/uploads\/sites\/640\/meeldivate_tegevuste_planeerimine_taidetav.docx\">MEELDIVATE TEGEVUSTE PLANEERIMINE\u00a0<\/a><\/p>\n<p><a title=\"\" href=\"https:\/\/sisu.ut.ee\/wp-content\/uploads\/sites\/640\/meeldivate_tegevuste_loetelu_taidetav.docx\" target=\"_blank\" rel=\"noopener\" data-url=\"https:\/\/sisu.ut.ee\/wp-content\/uploads\/sites\/640\/meeldivate_tegevuste_loetelu_taidetav.docx\">MEELDIVATE TEGEVUSTE LOETELU<\/a><\/p>\n<p><a title=\"\" href=\"https:\/\/sisu.ut.ee\/wp-content\/uploads\/sites\/640\/probleemilahenduse_tooleht_taidetav.docx\" target=\"_blank\" rel=\"noopener\" data-url=\"https:\/\/sisu.ut.ee\/wp-content\/uploads\/sites\/640\/probleemilahenduse_tooleht_taidetav.docx\">PROBLEEMILAHENDUSE T\u00d6\u00d6LEHT<\/a><\/p>\n<p><a title=\"\" href=\"https:\/\/sisu.ut.ee\/wp-content\/uploads\/sites\/640\/tolgenduse_muutmise_tooleht_taidetav.docx\" target=\"_blank\" rel=\"noopener\" data-url=\"https:\/\/sisu.ut.ee\/wp-content\/uploads\/sites\/640\/tolgenduse_muutmise_tooleht_taidetav.docx\">T\u00d5LGENDUSE MUUTMISE T\u00d6\u00d6LEHT<\/a><\/p>\n<p><\/p><\/div>\n        <\/div>\n        <\/div>\n    <\/div>\n<p><\/p><div class=\"accordion mb-3\">\n        <div class=\"accordion-item accordion-item--white\">\n        <h2 class=\"accordion-header\" id=\"accordion-69df2559e0496-heading\">\n            <button class=\"accordion-button collapsed\" type=\"button\" data-bs-toggle=\"collapse\" data-bs-target=\"#accordion-69df2559e0496-collapse\" aria-expanded=\"true\" aria-controls=\"accordion-69df2559e0496-collapse\">Kasutatud kirjandus<\/button>\n        <\/h2>\n        <div id=\"accordion-69df2559e0496-collapse\" class=\"accordion-collapse collapse\" aria-labelledby=\"accordion-69df2559e0496-heading\">\n            <div class=\"accordion-body\">\n<p>Carver, C. S., &amp; Scheier, M. F. (2013). Goals and emotion. <i>Guilford handbook of cognition and emotion<\/i>, 176\u2013194.<\/p>\n<p><span style=\"line-height: 200%;\"><span style=\"line-height: 200%;\">Ford, B. Q., &amp; Gross, J. J. (2019). Why Beliefs About Emotion Matter: An Emotion-Regulation Perspective. <i>Current Directions in Psychological Science<\/i>, <i>28<\/i>(1), 74\u201381. <\/span><a href=\"https:\/\/doi.org\/10.1177\/0963721418806697\" target=\"_blank\" rel=\"noopener\"><span lang=\"EN-US\"><span style=\"line-height: 200%;\">https:\/\/doi.org\/10.1177\/0963721418806697<\/span><\/span><\/a><\/span><\/p>\n<p><span style=\"line-height: 200%;\"><span style=\"line-height: 200%;\">Goldin, P., Mcrae, K., Ramel, W., &amp; Gross, J. (2008). The Neural Bases of Emotion Regulation: Reappraisal and Suppression of Negative Emotion. <i>Biological Psychiatry<\/i>, <i>63<\/i>(6), 577\u2013586. <\/span><a href=\"https:\/\/doi.org\/10.1016\/j.biopsych.2007.05.031\" target=\"_blank\" rel=\"noopener\"><span lang=\"EN-US\"><span style=\"line-height: 200%;\">https:\/\/doi.org\/10.1016\/j.biopsych.2007.05.031<\/span><\/span><\/a><\/span><\/p>\n<p><span style=\"line-height: 200%;\"><span style=\"line-height: 200%;\">Gross, J. J. (1998). The emerging field of emotion regulation: An integrative review. <i>Review of General Psychology<\/i>, <i>2<\/i>(3), 271\u2013299. <\/span><a href=\"https:\/\/doi.org\/10.1037\/1089-2680.2.3.27\" target=\"_blank\" rel=\"noopener\"><span lang=\"EN-US\"><span style=\"line-height: 200%;\">https:\/\/doi.org\/10.1037\/1089-2680.2.3.27<\/span><\/span><\/a> <\/span><\/p>\n<p><span style=\"line-height: 200%;\"><span style=\"line-height: 200%;\">Gross, J. J. (Ed.). (2014). Handbook of emotion regulation (2nd ed.). Guilford Press.<\/span><\/span><\/p>\n<p><span style=\"line-height: 200%;\"><span style=\"line-height: 200%;\">Gross, J. J. (2015). Emotion regulation: Current status and future prospects. <i>Psychological Inquiry<\/i>, <i>26<\/i>(1), 1\u201326. <\/span><a href=\"https:\/\/doi.org\/10.1080\/1047840X.2014.940781\" target=\"_blank\" rel=\"noopener\"><span lang=\"EN-US\"><span style=\"line-height: 200%;\">https:\/\/doi.org\/10.1080\/1047840X.2014.940781<\/span><\/span><\/a><\/span><\/p>\n<p><span style=\"line-height: 200%;\"><span style=\"line-height: 200%;\">Gross, J. J., Uusberg, H., &amp; Uusberg, A. (2019). Mental illness and well-being: An affect regulation perspective. <i>World Psychiatry<\/i>, <i>18<\/i>(2), 130\u2013139. <\/span><a href=\"https:\/\/doi.org\/10.1002\/wps.20618\" target=\"_blank\" rel=\"noopener\"><span lang=\"EN-US\"><span style=\"line-height: 200%;\">https:\/\/doi.org\/10.1002\/wps.20618<\/span><\/span><\/a><\/span><\/p>\n<p><span style=\"line-height: 200%;\"><span style=\"line-height: 200%;\">Lazarus, R. S., &amp; Alfert, E. (1964). Short-circuiting of threat by experimentally altering cognitive appraisal. <i>The Journal of Abnormal and Social Psychology<\/i>, <i>69<\/i>(2), 195\u2013205. <\/span><a href=\"https:\/\/doi.org\/10.1037\/h0044635\" target=\"_blank\" rel=\"noopener\"><span lang=\"EN-US\"><span style=\"line-height: 200%;\">https:\/\/doi.org\/10.1037\/h0044635<\/span><\/span><\/a><\/span><\/p>\n<p><span style=\"line-height: 200%;\"><span style=\"line-height: 200%;\">Levenson, R. W. (2014). The autonomic nervous system and emotion. <i>Emotion Review<\/i>, <i>6<\/i>(2), 100\u2013112. <\/span><a href=\"https:\/\/doi.org\/10.1177\/1754073913512003\" target=\"_blank\" rel=\"noopener\"><span lang=\"EN-US\"><span style=\"line-height: 200%;\">https:\/\/doi.org\/10.1177\/1754073913512003<\/span><\/span><\/a><\/span><\/p>\n<p><span style=\"line-height: 200%;\"><span style=\"line-height: 200%;\">Moors, A. (2022). <i>Demystifying Emotions: A Typology of Theories in Psychology and Philosophy<\/i>. Cambridge University Press.<\/span><\/span><\/p>\n<p><span style=\"line-height: 200%;\"><span style=\"line-height: 200%;\">Nummenmaa, L., Glerean, E., Hari, R., &amp; Hietanen, J. K. (2014). Bodily maps of emotions. <i>Proceedings of the National Academy of Sciences<\/i>, <i>111<\/i>(2), 646\u2013651. <\/span><a href=\"https:\/\/doi.org\/10.1073\/pnas.1321664111\" target=\"_blank\" rel=\"noopener\"><span lang=\"EN-US\"><span style=\"line-height: 200%;\">https:\/\/doi.org\/10.1073\/pnas.1321664111<\/span><\/span><\/a><\/span><\/p>\n<p><span style=\"line-height: 200%;\"><span style=\"line-height: 200%;\">Pekrun, R. (2011). Emotions as Drivers of Learning and Cognitive Development. R. A. Calvo &amp; S. K. D\u2019Mello (Toim), <i>New Perspectives on Affect and Learning Technologies<\/i> (lk 23\u201339). Springer New York. <\/span><a href=\"https:\/\/doi.org\/10.1007\/978-1-4419-9625-1_3\" target=\"_blank\" rel=\"noopener\"><span lang=\"EN-US\"><span style=\"line-height: 200%;\">https:\/\/doi.org\/10.1007\/978-1-4419-9625-1_3<\/span><\/span><\/a><\/span><\/p>\n<p><span style=\"line-height: 200%;\"><span style=\"line-height: 200%;\">Uusberg, A., Taxer, J. L., Yih, J., Uusberg, H., &amp; Gross, J. J. (2019). Reappraising reappraisal. <i>Emotion Review<\/i>, <i>11<\/i>(4), 267\u2013282. <\/span><a href=\"https:\/\/doi.org\/10.1177\/1754073919862617\" target=\"_blank\" rel=\"noopener\"><span lang=\"EN-US\"><span style=\"line-height: 200%;\">https:\/\/doi.org\/10.1177\/1754073919862617<\/span><\/span><\/a><\/span><\/p>\n<p><span style=\"line-height: 200%;\"><span style=\"line-height: 200%;\">Uusberg, A., Uibo, H., Kreegipuu, K., Tamm, M., Raidvee, A., &amp; Allik, J. (2013). Unintentionality of affective attention across visual processing stages. <i>Frontiers in Emotion Science<\/i>, <i>4<\/i>, 969. <\/span><a href=\"https:\/\/doi.org\/10.3389\/fpsyg.2013.00969\" target=\"_blank\" rel=\"noopener\"><span lang=\"EN-US\"><span style=\"line-height: 200%;\">https:\/\/doi.org\/10.3389\/fpsyg.2013.00969<\/span><\/span><\/a><\/span><\/p>\n<p><span style=\"line-height: 200%;\"><span style=\"line-height: 200%;\">Uusberg, H., Uusberg, A., Talpsep, T., &amp; Paaver, M. (2016). Mechanisms of mindfulness: The dynamics of affective adaptation during open monitoring. <i>Biological Psychology<\/i>, <i>118<\/i>, 94\u2013106. <\/span><a href=\"https:\/\/doi.org\/10.1016\/j.biopsycho.2016.05.004\" target=\"_blank\" rel=\"noopener\"><span lang=\"EN-US\"><span style=\"line-height: 200%;\">https:\/\/doi.org\/10.1016\/j.biopsycho.2016.05.004<\/span><\/span><\/a><\/span><\/p>\n<p><\/p><\/div>\n        <\/div>\n        <\/div>\n    <\/div>\n","protected":false},"excerpt":{"rendered":"<p>Kolmandate osapoolte sisu n\u00e4gemiseks palun n\u00f5ustu k\u00fcpsistega. Muuda n\u00f5usolekut T\u00f6\u00f6lehed Wordi failidena EMOTSIOONIDE J\u00c4LGIMISE P\u00c4EVIK EMOTSIOONIDE JUHTIMISE P\u00c4EVIK MEELDIVATE TEGEVUSTE PLANEERIMINE\u00a0 MEELDIVATE TEGEVUSTE LOETELU PROBLEEMILAHENDUSE T\u00d6\u00d6LEHT T\u00d5LGENDUSE MUUTMISE T\u00d6\u00d6LEHT Kasutatud kirjandus Carver, C. S., &amp; Scheier, M. F. (2013). Goals &#8230;<\/p>\n","protected":false},"author":317,"featured_media":0,"parent":0,"menu_order":0,"comment_status":"closed","ping_status":"closed","template":"","meta":{"_acf_changed":false,"inline_featured_image":false,"footnotes":""},"class_list":["post-10","page","type-page","status-publish","hentry"],"acf":[],"_links":{"self":[{"href":"https:\/\/sisu.ut.ee\/tunnetejuhtimine\/wp-json\/wp\/v2\/pages\/10","targetHints":{"allow":["GET"]}}],"collection":[{"href":"https:\/\/sisu.ut.ee\/tunnetejuhtimine\/wp-json\/wp\/v2\/pages"}],"about":[{"href":"https:\/\/sisu.ut.ee\/tunnetejuhtimine\/wp-json\/wp\/v2\/types\/page"}],"author":[{"embeddable":true,"href":"https:\/\/sisu.ut.ee\/tunnetejuhtimine\/wp-json\/wp\/v2\/users\/317"}],"replies":[{"embeddable":true,"href":"https:\/\/sisu.ut.ee\/tunnetejuhtimine\/wp-json\/wp\/v2\/comments?post=10"}],"version-history":[{"count":2,"href":"https:\/\/sisu.ut.ee\/tunnetejuhtimine\/wp-json\/wp\/v2\/pages\/10\/revisions"}],"predecessor-version":[{"id":50,"href":"https:\/\/sisu.ut.ee\/tunnetejuhtimine\/wp-json\/wp\/v2\/pages\/10\/revisions\/50"}],"wp:attachment":[{"href":"https:\/\/sisu.ut.ee\/tunnetejuhtimine\/wp-json\/wp\/v2\/media?parent=10"}],"curies":[{"name":"wp","href":"https:\/\/api.w.org\/{rel}","templated":true}]}}