{"id":8,"date":"2024-04-04T00:42:10","date_gmt":"2024-04-03T21:42:10","guid":{"rendered":"https:\/\/sisu.ut.ee\/toitumine\/toitumis-ja-liikumissoovitused-toitumisalaste-soovituste-toenduspohisuse-hindamine\/"},"modified":"2024-04-04T00:42:19","modified_gmt":"2024-04-03T21:42:19","slug":"toitumis-ja-liikumissoovitused-toitumisalaste-soovituste-toenduspohisuse-hindamine","status":"publish","type":"page","link":"https:\/\/sisu.ut.ee\/toitumine\/toitumis-ja-liikumissoovitused-toitumisalaste-soovituste-toenduspohisuse-hindamine\/","title":{"rendered":"1. Toitumis- ja liikumissoovitused. Toitumisalaste soovituste t\u00f5endusp\u00f5hisuse hindamine (ARTK.TK.016)"},"content":{"rendered":"<p><strong>Toimumise aeg:<\/strong>\u00a0<span>08.02.\u201304.06.2019<\/span><\/p>\n<p><strong>\u00d5ppej\u00f5ud:<\/strong> Kristel Ehala-Aleksejev, Mihkel Zilmer,\u00a0Sirje Vaask, Tagli Pitsi, Eve Unt, Vahur \u00d6\u00f6pik, Hanna-Liis Lepp, Marje Oona<\/p>\n<p><strong>Sihtgrupp:<\/strong> k\u00f5ik tervishoiut\u00f6\u00f6tajad, kes tegelevad toitumisalase n\u00f5ustamisega<\/p>\n<p><strong>Kursuse maht: <\/strong>45 t\u00e4ienduspunkti<\/p>\n<p><strong>Kursuse hind:<\/strong> 190 eurot<\/p>\n<p>Kursusel k\u00e4sitletakse j\u00e4rgmisi teemasid:<\/p>\n<ul>\n<li>Eesti toitumis- ja liikumissoovitused, nende koostamise p\u00f5him\u00f5tted,\u00a0 tasakaalustatud toitumise alused;<\/li>\n<li>p\u00f5hilised toidugrupid ning makro- ja mikrotoitainete t\u00e4htsus tervisele;<\/li>\n<li>erinevate toitainete defitsiitide tunnused ja nende v\u00f5imalikud p\u00f5hjused;<\/li>\n<li>kehaline aktiivsus ja toitumine;<\/li>\n<li>toitumisalase informatsiooni otsimine ja kriitiline hindamine.<\/li>\n<\/ul>\n<p>Kursusel osalemine eeldab v\u00e4hemalt 2-p\u00e4evase dieedi pidamist ja selle jooksul toitumisp\u00e4eviku ja enesetunde p\u00e4eviku pidamist. Dieedid jagatakse loosi teel. Kui dieet mingil p\u00f5hjusel ei sobi, on v\u00f5imalik seda kokkuleppel \u00f5ppej\u00f5uga muuta.<\/p>\n<p><strong>Registreerumine:<\/strong>\u00a0 l\u00f5ppenud<a href=\"www.is.ut.ee\/pls\/ois\/tere.tulemast?viit=4600819\" target=\"_blank\" rel=\"noopener\"><\/a><\/p>\n<p><strong>E-kursus:<\/strong>\u00a0<a href=\"https:\/\/moodle.ut.ee\/course\/view.php?id=3319\" target=\"_blank\" rel=\"noopener\">https:\/\/moodle.ut.ee\/course\/view.php?id=3319<\/a><\/p>\n","protected":false},"excerpt":{"rendered":"<p>Toimumise aeg:\u00a008.02.\u201304.06.2019 \u00d5ppej\u00f5ud: Kristel Ehala-Aleksejev, Mihkel Zilmer,\u00a0Sirje Vaask, Tagli Pitsi, Eve Unt, Vahur \u00d6\u00f6pik, Hanna-Liis Lepp, Marje Oona Sihtgrupp: k\u00f5ik tervishoiut\u00f6\u00f6tajad, kes tegelevad toitumisalase n\u00f5ustamisega Kursuse maht: 45 t\u00e4ienduspunkti Kursuse hind: 190 eurot Kursusel k\u00e4sitletakse j\u00e4rgmisi teemasid: Eesti toitumis- ja &#8230;<\/p>\n","protected":false},"author":62,"featured_media":0,"parent":0,"menu_order":0,"comment_status":"closed","ping_status":"closed","template":"","meta":{"_acf_changed":false,"inline_featured_image":false,"footnotes":""},"class_list":["post-8","page","type-page","status-publish","hentry"],"acf":[],"_links":{"self":[{"href":"https:\/\/sisu.ut.ee\/toitumine\/wp-json\/wp\/v2\/pages\/8","targetHints":{"allow":["GET"]}}],"collection":[{"href":"https:\/\/sisu.ut.ee\/toitumine\/wp-json\/wp\/v2\/pages"}],"about":[{"href":"https:\/\/sisu.ut.ee\/toitumine\/wp-json\/wp\/v2\/types\/page"}],"author":[{"embeddable":true,"href":"https:\/\/sisu.ut.ee\/toitumine\/wp-json\/wp\/v2\/users\/62"}],"replies":[{"embeddable":true,"href":"https:\/\/sisu.ut.ee\/toitumine\/wp-json\/wp\/v2\/comments?post=8"}],"version-history":[{"count":1,"href":"https:\/\/sisu.ut.ee\/toitumine\/wp-json\/wp\/v2\/pages\/8\/revisions"}],"predecessor-version":[{"id":41,"href":"https:\/\/sisu.ut.ee\/toitumine\/wp-json\/wp\/v2\/pages\/8\/revisions\/41"}],"wp:attachment":[{"href":"https:\/\/sisu.ut.ee\/toitumine\/wp-json\/wp\/v2\/media?parent=8"}],"curies":[{"name":"wp","href":"https:\/\/api.w.org\/{rel}","templated":true}]}}