{"id":7,"date":"2024-04-04T00:42:10","date_gmt":"2024-04-03T21:42:10","guid":{"rendered":"https:\/\/sisu.ut.ee\/toitumine\/kuidas-toimub-e-kursuste-labimine\/"},"modified":"2024-04-04T00:42:19","modified_gmt":"2024-04-03T21:42:19","slug":"kuidas-toimub-e-kursuste-labimine","status":"publish","type":"page","link":"https:\/\/sisu.ut.ee\/toitumine\/kuidas-toimub-e-kursuste-labimine\/","title":{"rendered":"Kuidas toimub e-kursuste l\u00e4bimine?"},"content":{"rendered":"<p>\n\tKursused toimuvad \u00f5pikeskkonnas Moodle. Kursused on eestikeelsed. E-kursusel osalemine ei n\u00f5ua erip\u00e4raseid arvutialaseid oskuseid ega v\u00f5imast arvutit. Videoloengute vaatamiseks oleks vaja kiiremat interneti\u00fchendust ning k\u00f5rvaklappe v\u00f5i k\u00f5lareid.\n<\/p>\n<p>\n\tK\u00f5igepealt tuleb teil registreeruda huvipakkuvale e-kursusele T\u00dc kliinilise meditsiini instituu\u00addi t\u00e4ienduskeskuse kodulehel <a data-url=\"https:\/\/kliinilinemeditsiin.ut.ee\/taiendusope\" href=\"https:\/\/kliinilinemeditsiin.ut.ee\/taiendusope\" target=\"_blank\" title=\"\" rel=\"noopener\">https:\/\/kliinilinemeditsiin.ut.ee\/taiendusope<\/a>\u00a0 v\u00f5i <a data-url=\"https:\/\/kliinilinemeditsiin.ut.ee\/et\/kursustele-registreerumisvorm\" href=\"https:\/\/kliinilinemeditsiin.ut.ee\/et\/kursustele-registreerumisvorm\" target=\"_blank\" title=\"\" rel=\"noopener\">https:\/\/kliinilinemeditsiin.ut.ee\/et\/kursustele-registreerumisvorm<\/a> . Kursuse alguses saadetakse teile e-kirjaga Moodle kasutamistunnus ning parool, millega saate e-kursustele siseneda.\u00a0\n<\/p>\n<p>\n\tE-kursuste ajakava on koostatud sellisel viisil, et kursuse l\u00e4bimine oleks v\u00f5imalik igap\u00e4evat\u00f6\u00f6 k\u00f5rvalt ja teile sobival ajal. Iga kursus jaguneb alamooduliteks. Alamooduli l\u00e4bimiseks on \u00fcldjuhul aega kas kuni 2 n\u00e4dalat (selle aja jooksul arvestuslikult 5 tundi iseseisvat \u00f5pet) v\u00f5i kuni 4 n\u00e4dalat (selle aja jooksul arvestuslikult\u00a0 10 tundi iseseisvat \u00f5pet). M\u00f5ne kursuse raames toimub ka \u00fcks auditoorne seminar.\n<\/p>\n<h2>\n\tMillist t\u00f6\u00f6d eeldab alamooduli l\u00e4bimine?<br>\n<\/h2>\n<p>\n\tAlamooduli jooksul tuleb vaadata videoloengut (v\u00f5i -loenguid), lisaks tuleb lahendada teemakohased iseseisvad \u00fclesanded v\u00f5i tutvuda kirjalike materjalidega. \u00d5ppeaines\u00a0 <em>Toitumis- ja liikumissoovitused. Toitumisalaste soovituste t\u00f5endusp\u00f5hisuse hindamine<\/em> tuleb pidada v\u00e4hemalt 2-p\u00e4evast dieeti ning t\u00e4ita selle aja jooksul toitumisp\u00e4evikut ja enesetunde p\u00e4evikut. Iga alamooduli l\u00f5pus on valikvastustega test, mida v\u00f5ib sooritada piiramatu arvu kordi. Alamooduli testi on arvestatud, kui soorituskorral olid k\u00f5ik vastused \u00f5iged. Alamooduli edukaks l\u00f5petamiseks peavad olema arvestatud test ning k\u00f5ik alamooduli iseseisvad \u00fclesanded. T\u00e4ienduspunkte saab vastavalt l\u00e4bitud alamoodulite arvule.\n<\/p>\n<p>\n\tK\u00f5igi e-kursuste alguses on\u00a0 sissejuhatav alamoodul, mille on koostanud\u00a0 professor Mihkel Zilmer ja dr Kristel Ehala-Aleksejev. Kui olete sissejuhatava alamooduli juba \u00fche kursuse juures l\u00e4binud, siis edaspidi seda enam l\u00e4bida vaja ei ole.<\/p>\n","protected":false},"excerpt":{"rendered":"<p>Kursused toimuvad \u00f5pikeskkonnas Moodle. Kursused on eestikeelsed. E-kursusel osalemine ei n\u00f5ua erip\u00e4raseid arvutialaseid oskuseid ega v\u00f5imast arvutit. Videoloengute vaatamiseks oleks vaja kiiremat interneti\u00fchendust ning k\u00f5rvaklappe v\u00f5i k\u00f5lareid. K\u00f5igepealt tuleb teil registreeruda huvipakkuvale e-kursusele T\u00dc kliinilise meditsiini instituu\u00addi t\u00e4ienduskeskuse kodulehel https:\/\/kliinilinemeditsiin.ut.ee\/taiendusope\u00a0 &#8230;<\/p>\n","protected":false},"author":62,"featured_media":0,"parent":0,"menu_order":0,"comment_status":"closed","ping_status":"closed","template":"","meta":{"_acf_changed":false,"inline_featured_image":false,"footnotes":""},"class_list":["post-7","page","type-page","status-publish","hentry"],"acf":[],"_links":{"self":[{"href":"https:\/\/sisu.ut.ee\/toitumine\/wp-json\/wp\/v2\/pages\/7","targetHints":{"allow":["GET"]}}],"collection":[{"href":"https:\/\/sisu.ut.ee\/toitumine\/wp-json\/wp\/v2\/pages"}],"about":[{"href":"https:\/\/sisu.ut.ee\/toitumine\/wp-json\/wp\/v2\/types\/page"}],"author":[{"embeddable":true,"href":"https:\/\/sisu.ut.ee\/toitumine\/wp-json\/wp\/v2\/users\/62"}],"replies":[{"embeddable":true,"href":"https:\/\/sisu.ut.ee\/toitumine\/wp-json\/wp\/v2\/comments?post=7"}],"version-history":[{"count":1,"href":"https:\/\/sisu.ut.ee\/toitumine\/wp-json\/wp\/v2\/pages\/7\/revisions"}],"predecessor-version":[{"id":40,"href":"https:\/\/sisu.ut.ee\/toitumine\/wp-json\/wp\/v2\/pages\/7\/revisions\/40"}],"wp:attachment":[{"href":"https:\/\/sisu.ut.ee\/toitumine\/wp-json\/wp\/v2\/media?parent=7"}],"curies":[{"name":"wp","href":"https:\/\/api.w.org\/{rel}","templated":true}]}}