{"id":3,"date":"2024-04-04T00:42:09","date_gmt":"2024-04-03T21:42:09","guid":{"rendered":"https:\/\/sisu.ut.ee\/toitumine\/avaleht\/"},"modified":"2024-04-17T12:01:45","modified_gmt":"2024-04-17T09:01:45","slug":"avaleht","status":"publish","type":"page","link":"https:\/\/sisu.ut.ee\/toitumine\/","title":{"rendered":"Avaleht"},"content":{"rendered":"<p><img loading=\"lazy\" decoding=\"async\" class=\"alignnone wp-image-14\" style=\"float: right; margin: 20px 10px; border: 1px solid #d5de83;\" title=\"kaksiklogo_vertikaal_varviline.jpg\" src=\"https:\/\/sisu.ut.ee\/wp-content\/uploads\/sites\/132\/kaksiklogo_vertikaal_varviline.jpg\" alt=\"kaksiklogo_vertikaal_varviline.jpg\" width=\"194\" height=\"325\" srcset=\"https:\/\/sisu.ut.ee\/wp-content\/uploads\/sites\/132\/kaksiklogo_vertikaal_varviline.jpg 418w, https:\/\/sisu.ut.ee\/wp-content\/uploads\/sites\/132\/kaksiklogo_vertikaal_varviline-179x300.jpg 179w\" sizes=\"auto, (max-width: 194px) 100vw, 194px\"><\/p>\n<h2>Koolituse tutvustus<\/h2>\n<p>Toitumine on teema, mille kohta leiab tohutul hulgal erinevaid arvamusi ja n\u00f5uandeid \u2013 sageli vastakaid, m\u00f5nikord kahjulikkegi. Tervishoiut\u00f6\u00f6tajad teavad, et nende patsientidel on sageli toitumisega seotud k\u00fcsimusi, probleeme, arusaamasid ja hoiakuid. Tervishoiut\u00f6\u00f6tajatelt\u00a0 soovitakse k\u00fcsimustele vastuseid ja probleemidele lahendusi.<\/p>\n<p>Selleks, et toitumise alane n\u00f5ustamine rajaneks v\u00f5imalikult kindlal t\u00f5endusp\u00f5hisel alusel, on Tartu \u00dclikooli arstiteaduskond koost\u00f6\u00f6s Tervise Arengu Instituudiga ning Euroopa Sotsiaalfondi toetusel t\u00f6\u00f6tanud v\u00e4lja toitumise ja toidu teemalised e-kursused tervishoiut\u00f6\u00f6tajatele. Kursuste v\u00e4ljat\u00f6\u00f6tamisel osalesid Tartu \u00dclikooli arstiteaduskonna ja kehakultuuriteaduskonna, EV Maaeluministeeriumi, Eesti Maa\u00fclikooli, Tallinna Tehnika\u00fclikooli, Tallinna \u00dclikooli, Tartu Tervishoiuk\u00f5rgkooli \u00f5ppej\u00f5ud, mitmete erialade arstid, pere\u00f5ed, eri\u00f5ed ja T\u00dc haridustehnoloogid \u2013 kokku 37 inimest.<\/p>\n<h2>Sihtr\u00fchm<\/h2>\n<p>Kursused on m\u00f5eldud k\u00f5igile tervishoiut\u00f6\u00f6tajatele (arstidele, \u00f5dedele, \u00e4mmaemandatele), kes tegelevad toitumise alase n\u00f5ustamisega v\u00f5i tunnevad nende teemade vastu huvi ja soovivad t\u00e4iendada oma vastavaid teadmisi.<\/p>\n<h2>Ajakava<\/h2>\n<p>Kokku on v\u00e4lja t\u00f6\u00f6tatud kuus erinevat kursust, mis 2018. aastal toimuvad j\u00e4rgmise ajakava alusel:<\/p>\n<ol>\n<li>08.02.\u201304.06.2019: <a href=\"https:\/\/sisu.ut.ee\/toitumine\/toitumis-ja-liikumissoovitused-toitumisalaste-soovituste-t%C3%B5endusp%C3%B5hisuse-hindamine\">Toitumis- ja liikumissoovitused. Toitumisalaste soovituste t\u00f5endusp\u00f5hisuse hindamine<\/a><\/li>\n<li>12.02.\u201320.05.2019: <a href=\"https:\/\/sisu.ut.ee\/toitumine\/2-toitumise-seos-haigustega-ja-toitumisalased-ravijuhendid-osa-i\">Toitumise seos haigustega ja toitumisalased ravijuhendid (osa I)<\/a><\/li>\n<li><a href=\"https:\/\/sisu.ut.ee\/toitumine\/3-toidu-koostis-m%C3%A4rgistus-ja-ohutus\">Toidu koostis, m\u00e4rgistus ja -ohutus<\/a>\u00a0(2019 ei toimu)<\/li>\n<li>27.08.\u201315.12.2019: <a href=\"https:\/\/sisu.ut.ee\/toitumine\/2-toitumise-anal%C3%BC%C3%BCs-enesepiiratud-toitumine-erinevad-dieedid-ja-nende-t%C3%B5endusp%C3%B5hisus\">Toitumise anal\u00fc\u00fcs. Enesepiiratud toitumine, erinevad dieedid ja nende t\u00f5endusp\u00f5hisus<\/a><\/li>\n<li>10.09.\u201315.12.2019: <a href=\"https:\/\/sisu.ut.ee\/toitumine\/3-toitumise-seos-haigustega-ja-toitumisalased-ravijuhendid-osa-ii\">Toitumise seos haigustega ja toitumisalased ravijuhendid (osa II)<\/a><\/li>\n<li><a href=\"https:\/\/sisu.ut.ee\/toitumine\/4-toitumise-ealised-erip%C3%A4rad-ja-toitumuse-hindamise-meetodid\">Toitumise ealised erip\u00e4rad ja toitumuse hindamise meetodid<\/a>\u00a0(2019 ei toimu)<\/li>\n<\/ol>\n<p>Kursused on koostatud sel viisil, et nad t\u00e4iendavad \u00fcksteist. V\u00f5ite osaleda nendest vaid\u00a0 \u00fchel v\u00f5i m\u00f5nel kursusel,\u00a0 kuid s\u00fcgavamad teadmised saate, kui osalete k\u00f5igil nendel kursustel. E-kursuse l\u00e4bimine n\u00f5uab osalejalt omajagu t\u00f6\u00f6d ja aega, seet\u00f5ttu soovitame kursuseid l\u00e4bida pigem \u00fcksteise j\u00e4rel ning ei soovita korraga l\u00e4bida rohkem kui kahte kursust.<\/p>\n<h2>Tehniline tugi<\/h2>\n<ul>\n<li>Triin Marandi, MSc, T\u00dc \u00f5ppeosakond, Elukestva \u00f5ppe keskus, \u00f5ppedisainer, <a href=\"mailto:Triin.Marandi@ut.ee\">Triin.Marandi@ut.ee<\/a>, 7376268<\/li>\n<li>Marika Rosenthal, T\u00dc arstiteaduskonna t\u00e4ienduskeskus, infospetsialist, <a href=\"mailto:Marika.Rosenthal@ut.ee\">Marika.Rosenthal@ut.ee<\/a>,\u00a07318109<\/li>\n<\/ul>\n","protected":false},"excerpt":{"rendered":"<p>Koolituse tutvustus Toitumine on teema, mille kohta leiab tohutul hulgal erinevaid arvamusi ja n\u00f5uandeid \u2013 sageli vastakaid, m\u00f5nikord kahjulikkegi. Tervishoiut\u00f6\u00f6tajad teavad, et nende patsientidel on sageli toitumisega seotud k\u00fcsimusi, probleeme, arusaamasid ja hoiakuid. Tervishoiut\u00f6\u00f6tajatelt\u00a0 soovitakse k\u00fcsimustele vastuseid ja probleemidele lahendusi. &#8230;<\/p>\n","protected":false},"author":62,"featured_media":0,"parent":0,"menu_order":0,"comment_status":"closed","ping_status":"closed","template":"","meta":{"_acf_changed":false,"inline_featured_image":false,"footnotes":""},"class_list":["post-3","page","type-page","status-publish","hentry"],"acf":[],"_links":{"self":[{"href":"https:\/\/sisu.ut.ee\/toitumine\/wp-json\/wp\/v2\/pages\/3","targetHints":{"allow":["GET"]}}],"collection":[{"href":"https:\/\/sisu.ut.ee\/toitumine\/wp-json\/wp\/v2\/pages"}],"about":[{"href":"https:\/\/sisu.ut.ee\/toitumine\/wp-json\/wp\/v2\/types\/page"}],"author":[{"embeddable":true,"href":"https:\/\/sisu.ut.ee\/toitumine\/wp-json\/wp\/v2\/users\/62"}],"replies":[{"embeddable":true,"href":"https:\/\/sisu.ut.ee\/toitumine\/wp-json\/wp\/v2\/comments?post=3"}],"version-history":[{"count":2,"href":"https:\/\/sisu.ut.ee\/toitumine\/wp-json\/wp\/v2\/pages\/3\/revisions"}],"predecessor-version":[{"id":51,"href":"https:\/\/sisu.ut.ee\/toitumine\/wp-json\/wp\/v2\/pages\/3\/revisions\/51"}],"wp:attachment":[{"href":"https:\/\/sisu.ut.ee\/toitumine\/wp-json\/wp\/v2\/media?parent=3"}],"curies":[{"name":"wp","href":"https:\/\/api.w.org\/{rel}","templated":true}]}}