{"id":12,"date":"2024-04-04T00:42:10","date_gmt":"2024-04-03T21:42:10","guid":{"rendered":"https:\/\/sisu.ut.ee\/toitumine\/2-toitumise-seos-haigustega-ja-toitumisalased-ravijuhendid-osa-i\/"},"modified":"2024-04-04T00:42:19","modified_gmt":"2024-04-03T21:42:19","slug":"2-toitumise-seos-haigustega-ja-toitumisalased-ravijuhendid-osa-i","status":"publish","type":"page","link":"https:\/\/sisu.ut.ee\/toitumine\/2-toitumise-seos-haigustega-ja-toitumisalased-ravijuhendid-osa-i\/","title":{"rendered":"2. Toitumise seos haigustega ja toitumisalased ravijuhendid (osa I) (ARTK.TK.015)"},"content":{"rendered":"<p><strong>Toimumise aeg:\u00a0<\/strong>12.02.\u201320.05.2019<\/p>\n<p><strong>\u00d5ppej\u00f5ud:\u00a0<\/strong>Kristel Ehala-Aleksejev, Anneli R\u00e4tsep, Tarmo Loogus, Kristel Janvest, Katrin Martinson, Tatjana Meister, Oivi Uibo<\/p>\n<p><strong>Sihtgrupp:<\/strong>\u00a0k\u00f5ik tervishoiut\u00f6\u00f6tajad, kes tegelevad toitumisalase n\u00f5ustamisega<\/p>\n<p><strong>Hind:\u00a0<\/strong>190 EUR<\/p>\n<p>Kursusel k\u00e4sitletakse j\u00e4rgmiste haiguste ja seisundite v\u00f5imalikku seost toitumisega ning vastavat toitumisalast n\u00f5ustamist:<\/p>\n<ul>\n<li>metaboolne s\u00fcndroom ja diabeet;<\/li>\n<li>d\u00fcslipideemia ja k\u00f5rgverer\u00f5hkt\u00f5bi;<\/li>\n<li>\u00fclekaalulisus ja rasvumine, bariaatrilise kirurgia j\u00e4rgne toitumine;<\/li>\n<li>seedetrakti funktsionaalsed h\u00e4ired, peptiline haavand, gastro\u00f6sofageaalne reflukshaigus;<\/li>\n<li>ts\u00f6liaakia.<\/li>\n<\/ul>\n<p><strong>Registreerumine:<\/strong>\u00a0 l\u00f5ppenud<\/p>\n<p><strong>E-kursus:<\/strong>\u00a0<a href=\"https:\/\/moodle.ut.ee\/course\/view.php?id=3318\" target=\"_blank\" rel=\"noopener\">https:\/\/moodle.ut.ee\/course\/view.php?id=3318<\/a><\/p>\n","protected":false},"excerpt":{"rendered":"<p>Toimumise aeg:\u00a012.02.\u201320.05.2019 \u00d5ppej\u00f5ud:\u00a0Kristel Ehala-Aleksejev, Anneli R\u00e4tsep, Tarmo Loogus, Kristel Janvest, Katrin Martinson, Tatjana Meister, Oivi Uibo Sihtgrupp:\u00a0k\u00f5ik tervishoiut\u00f6\u00f6tajad, kes tegelevad toitumisalase n\u00f5ustamisega Hind:\u00a0190 EUR Kursusel k\u00e4sitletakse j\u00e4rgmiste haiguste ja seisundite v\u00f5imalikku seost toitumisega ning vastavat toitumisalast n\u00f5ustamist: metaboolne s\u00fcndroom ja &#8230;<\/p>\n","protected":false},"author":62,"featured_media":0,"parent":0,"menu_order":0,"comment_status":"closed","ping_status":"closed","template":"","meta":{"_acf_changed":false,"inline_featured_image":false,"footnotes":""},"class_list":["post-12","page","type-page","status-publish","hentry"],"acf":[],"_links":{"self":[{"href":"https:\/\/sisu.ut.ee\/toitumine\/wp-json\/wp\/v2\/pages\/12","targetHints":{"allow":["GET"]}}],"collection":[{"href":"https:\/\/sisu.ut.ee\/toitumine\/wp-json\/wp\/v2\/pages"}],"about":[{"href":"https:\/\/sisu.ut.ee\/toitumine\/wp-json\/wp\/v2\/types\/page"}],"author":[{"embeddable":true,"href":"https:\/\/sisu.ut.ee\/toitumine\/wp-json\/wp\/v2\/users\/62"}],"replies":[{"embeddable":true,"href":"https:\/\/sisu.ut.ee\/toitumine\/wp-json\/wp\/v2\/comments?post=12"}],"version-history":[{"count":1,"href":"https:\/\/sisu.ut.ee\/toitumine\/wp-json\/wp\/v2\/pages\/12\/revisions"}],"predecessor-version":[{"id":45,"href":"https:\/\/sisu.ut.ee\/toitumine\/wp-json\/wp\/v2\/pages\/12\/revisions\/45"}],"wp:attachment":[{"href":"https:\/\/sisu.ut.ee\/toitumine\/wp-json\/wp\/v2\/media?parent=12"}],"curies":[{"name":"wp","href":"https:\/\/api.w.org\/{rel}","templated":true}]}}