{"id":11,"date":"2024-04-04T00:42:10","date_gmt":"2024-04-03T21:42:10","guid":{"rendered":"https:\/\/sisu.ut.ee\/toitumine\/4-toitumise-ealised-eriparad-ja-toitumuse-hindamise-meetodid\/"},"modified":"2024-04-04T00:42:19","modified_gmt":"2024-04-03T21:42:19","slug":"4-toitumise-ealised-eriparad-ja-toitumuse-hindamise-meetodid","status":"publish","type":"page","link":"https:\/\/sisu.ut.ee\/toitumine\/4-toitumise-ealised-eriparad-ja-toitumuse-hindamise-meetodid\/","title":{"rendered":"6. Toitumise ealised erip\u00e4rad ja toitumuse hindamise meetodid (ARTK.TK.018)"},"content":{"rendered":"<p><strong>Toimumise aeg:<\/strong>\u00a0<span>2019 ei toimu<\/span><strong><\/strong><\/p>\n<p><strong>\u00d5ppej\u00f5ud:<\/strong> Kristel Ehala-Aleksejev, Mihkel Zilmer, Inga Villa, Eve Unt, Heli Gr\u00fcnberg, Marge Mahla, Mai Maser, Hanna-Liis Lepp<\/p>\n<p><strong>Sihtgrupp:<\/strong> k\u00f5ik tervishoiut\u00f6\u00f6tajad, kes tegelevad toitumisalase n\u00f5ustamisega<\/p>\n<p><strong>Toimumise viis:<\/strong> e-koolitus ja auditoorne seminar Tartus<\/p>\n<p><strong>Kursuse maht: <\/strong>35 t\u00e4ienduspunkti<\/p>\n<p><strong>Kursuse hind:<\/strong> 190 eurot<\/p>\n<p>Kursusel k\u00e4sitletakse j\u00e4rgmisi teemasid:<\/p>\n<ul>\n<li>erinevad toitumuse hindamismeetodid ja antropomeetriliste m\u00f5\u00f5tmiste l\u00e4biviimine;<\/li>\n<li>vasts\u00fcndinu, imiku, v\u00e4ikelapse, teismelise, raseda, imetava ema ja eaka toitumise erip\u00e4rad, \u00a0toitumissoovitused erinevas eas inimestele;<\/li>\n<li>toitumuse ja toitumisk\u00e4itumise anamneesi koostamine, erinevate anal\u00fc\u00fcside ja uuringute roll toitumuse hindamisel.\u00a0<\/li>\n<\/ul>\n<p><strong>Registreerumine:<\/strong>\u00a0 l\u00f5ppenud<a href=\"http:\/\/www.is.ut.ee\/pls\/ois\/tere.tulemast?viit=4600824\" target=\"_blank\" rel=\"noopener\"><br><\/a><\/p>\n<p><strong>E-kursus:<\/strong>\u00a0<a href=\"https:\/\/moodle.ut.ee\/course\/view.php?id=3321\" target=\"_blank\" rel=\"noopener\">https:\/\/moodle.ut.ee\/course\/view.php?id=3321<\/a><\/p>\n","protected":false},"excerpt":{"rendered":"<p>Toimumise aeg:\u00a02019 ei toimu \u00d5ppej\u00f5ud: Kristel Ehala-Aleksejev, Mihkel Zilmer, Inga Villa, Eve Unt, Heli Gr\u00fcnberg, Marge Mahla, Mai Maser, Hanna-Liis Lepp Sihtgrupp: k\u00f5ik tervishoiut\u00f6\u00f6tajad, kes tegelevad toitumisalase n\u00f5ustamisega Toimumise viis: e-koolitus ja auditoorne seminar Tartus Kursuse maht: 35 t\u00e4ienduspunkti Kursuse &#8230;<\/p>\n","protected":false},"author":62,"featured_media":0,"parent":0,"menu_order":0,"comment_status":"closed","ping_status":"closed","template":"","meta":{"_acf_changed":false,"inline_featured_image":false,"footnotes":""},"class_list":["post-11","page","type-page","status-publish","hentry"],"acf":[],"_links":{"self":[{"href":"https:\/\/sisu.ut.ee\/toitumine\/wp-json\/wp\/v2\/pages\/11","targetHints":{"allow":["GET"]}}],"collection":[{"href":"https:\/\/sisu.ut.ee\/toitumine\/wp-json\/wp\/v2\/pages"}],"about":[{"href":"https:\/\/sisu.ut.ee\/toitumine\/wp-json\/wp\/v2\/types\/page"}],"author":[{"embeddable":true,"href":"https:\/\/sisu.ut.ee\/toitumine\/wp-json\/wp\/v2\/users\/62"}],"replies":[{"embeddable":true,"href":"https:\/\/sisu.ut.ee\/toitumine\/wp-json\/wp\/v2\/comments?post=11"}],"version-history":[{"count":1,"href":"https:\/\/sisu.ut.ee\/toitumine\/wp-json\/wp\/v2\/pages\/11\/revisions"}],"predecessor-version":[{"id":44,"href":"https:\/\/sisu.ut.ee\/toitumine\/wp-json\/wp\/v2\/pages\/11\/revisions\/44"}],"wp:attachment":[{"href":"https:\/\/sisu.ut.ee\/toitumine\/wp-json\/wp\/v2\/media?parent=11"}],"curies":[{"name":"wp","href":"https:\/\/api.w.org\/{rel}","templated":true}]}}