{"id":9,"date":"2024-04-03T23:15:33","date_gmt":"2024-04-03T20:15:33","guid":{"rendered":"https:\/\/sisu.ut.ee\/toiduelamus\/13-eesti-koogi-areng-vene-kook\/"},"modified":"2024-04-03T23:15:39","modified_gmt":"2024-04-03T20:15:39","slug":"13-eesti-koogi-areng-vene-kook","status":"publish","type":"page","link":"https:\/\/sisu.ut.ee\/toiduelamus\/13-eesti-koogi-areng-vene-kook\/","title":{"rendered":"1.3. Eesti k\u00f6\u00f6gi areng: Vene k\u00f6\u00f6k"},"content":{"rendered":"<div>T\u00e4nap\u00e4eva kaubanduskeskuste k\u00fclmutuskappidest leiab laia valiku pelmeene \u2013 see on vaid \u00fcks n\u00e4ide, kuidas Vene k\u00f6\u00f6k on ajaloost j\u00e4tnud j\u00e4lje t\u00e4nap\u00e4eva eestlase toidulauale.\u00a0<\/div>\n<div style=\"text-align: center\">\n<table class=\"table table-hover\" border=\"0\">\n<tbody>\n<tr>\n<td>\n<p>\u00a0<\/p>\n<p>Eesti s\u00f6\u00f6gikohtades v\u00f5ime leida men\u00fc\u00fcst vene k\u00f6\u00f6ki kuuluvaid roogasid, n\u00e4iteks:<\/p>\n<p>Supid: seljanka, rassolnik, bor\u0161 <br>Liharoad: b\u00f6fstroogonov, Kiievi kotletid <br>Magustoidud: pasha, s\u00f5rnikud<\/p>\n\n<p style=\"text-align: right\">Pildil: Vene restoranid Tallinnas <br>(Allikas: autori erakogu)<\/p>\n<\/td>\n<td><img loading=\"lazy\" decoding=\"async\" width=\"355\" height=\"229\" class=\"alignnone wp-image-25\" src=\"https:\/\/sisu.ut.ee\/wp-content\/uploads\/sites\/59\/vene_kook_pildid.jpg\" title=\"vene_kook_pildid.jpg\" alt=\"Vene restoranid Tallinnas\" srcset=\"https:\/\/sisu.ut.ee\/wp-content\/uploads\/sites\/59\/vene_kook_pildid.jpg 355w, https:\/\/sisu.ut.ee\/wp-content\/uploads\/sites\/59\/vene_kook_pildid-300x194.jpg 300w\" sizes=\"auto, (max-width: 355px) 100vw, 355px\"><\/td>\n<\/tr>\n<\/tbody>\n<\/table>\n<p style=\"text-align: left\"><strong>Hea teada ehk k\u00fclastussoovitus Eestis<\/strong>:<br>Toiduhuvilisel turistile, kes soovib Vene k\u00f6\u00f6ki proovida, tasub k\u00fclastada ehedat <span style=\"font-weight: bold\">Vene restorani<\/span>, <span style=\"font-family: verdana,geneva;font-size: small\">kus n\u00e4iteks on men\u00fc\u00fcs<\/span><span style=\"font-family: verdana,geneva;font-size: small\">pelmeenid, pliinid, uhaa, bor\u0161, Vana-Vene pajaroog taignast kaane all jne. <\/span><\/p>\n<\/div>\n","protected":false},"excerpt":{"rendered":"<p>T\u00e4nap\u00e4eva kaubanduskeskuste k\u00fclmutuskappidest leiab laia valiku pelmeene \u2013 see on vaid \u00fcks n\u00e4ide, kuidas Vene k\u00f6\u00f6k on ajaloost j\u00e4tnud j\u00e4lje t\u00e4nap\u00e4eva eestlase toidulauale.\u00a0 \u00a0 Eesti s\u00f6\u00f6gikohtades v\u00f5ime leida men\u00fc\u00fcst vene k\u00f6\u00f6ki kuuluvaid roogasid, n\u00e4iteks: Supid: seljanka, rassolnik, bor\u0161 Liharoad: b\u00f6fstroogonov, &#8230;<\/p>\n","protected":false},"author":23,"featured_media":0,"parent":0,"menu_order":0,"comment_status":"closed","ping_status":"closed","template":"","meta":{"_acf_changed":false,"inline_featured_image":false,"footnotes":""},"class_list":["post-9","page","type-page","status-publish","hentry"],"acf":[],"_links":{"self":[{"href":"https:\/\/sisu.ut.ee\/toiduelamus\/wp-json\/wp\/v2\/pages\/9","targetHints":{"allow":["GET"]}}],"collection":[{"href":"https:\/\/sisu.ut.ee\/toiduelamus\/wp-json\/wp\/v2\/pages"}],"about":[{"href":"https:\/\/sisu.ut.ee\/toiduelamus\/wp-json\/wp\/v2\/types\/page"}],"author":[{"embeddable":true,"href":"https:\/\/sisu.ut.ee\/toiduelamus\/wp-json\/wp\/v2\/users\/23"}],"replies":[{"embeddable":true,"href":"https:\/\/sisu.ut.ee\/toiduelamus\/wp-json\/wp\/v2\/comments?post=9"}],"version-history":[{"count":1,"href":"https:\/\/sisu.ut.ee\/toiduelamus\/wp-json\/wp\/v2\/pages\/9\/revisions"}],"predecessor-version":[{"id":76,"href":"https:\/\/sisu.ut.ee\/toiduelamus\/wp-json\/wp\/v2\/pages\/9\/revisions\/76"}],"wp:attachment":[{"href":"https:\/\/sisu.ut.ee\/toiduelamus\/wp-json\/wp\/v2\/media?parent=9"}],"curies":[{"name":"wp","href":"https:\/\/api.w.org\/{rel}","templated":true}]}}