{"id":8,"date":"2024-04-03T23:15:33","date_gmt":"2024-04-03T20:15:33","guid":{"rendered":"https:\/\/sisu.ut.ee\/toiduelamus\/12-eesti-koogi-areng-saksa-ehk-moisakook\/"},"modified":"2024-04-14T13:53:33","modified_gmt":"2024-04-14T10:53:33","slug":"12-eesti-koogi-areng-saksa-ehk-moisakook","status":"publish","type":"page","link":"https:\/\/sisu.ut.ee\/toiduelamus\/12-eesti-koogi-areng-saksa-ehk-moisakook\/","title":{"rendered":"1.2. Eesti k\u00f6\u00f6gi areng: Saksa ehk M\u00f5isak\u00f6\u00f6k"},"content":{"rendered":"<p style=\"text-align: justify;\"><span style=\"font-family: verdana,geneva; font-size: small;\">Eesti aladel valitsejaks\u00a0olnud <strong>baltisakslased<\/strong> s\u00f5id eestlastest p\u00f5liselanike\u00a0 sarnast toitu.\u00a0Erinevus seisnes toiduainete paremas kvaliteedis ja piisavas k\u00e4ttesaadavuses.<\/span><\/p>\n<p style=\"text-align: justify;\"><span style=\"font-family: verdana,geneva; font-size: small;\">M\u00f5isnikud v\u00f5i \u00f5igemini nende soovide j\u00e4rgi m\u00f5isak\u00f6\u00f6gis valmisttaud toidud\u00a0on toonud eestlaste toidukommetesse rahvusvahelisi jooni. Kokakunsti p\u00e4rlid j\u00f5udsid maarahvani Peterburi ja Stockholmi kaudu. Esimesed <strong>kokaraamatud<\/strong> kirjutati\u00a0Eestis m\u00f5isnike ja linnasakste kokkade tarbeks. Esimene neist ilmus juba 1781. aastal.\u00a0<\/span><span style=\"font-family: verdana,geneva; font-size: small;\">T\u00e4nap\u00e4eval eestlase s\u00fcnnip\u00e4evalaual <\/span><span style=\"font-family: verdana,geneva; font-size: small;\">populaarne kartulisalat on samuti p\u00e4rit m\u00f5isak\u00f6\u00f6gist.<\/span><\/p>\n<p><span style=\"font-family: verdana,geneva; font-size: small;\">Allj\u00e4rgnevalt on toodud\u00a0n\u00e4ited\u00a0 m\u00f5isniku toidulaual leidunud roogadest\u00a0(Ariko 2009):<\/span><\/p>\n<table class=\"table table-hover\" border=\"0\" align=\"center\">\n<tbody>\n<tr>\n<td style=\"text-align: center;\"><span style=\"font-family: verdana,geneva; font-size: small;\"><strong>Eelroad<\/strong><\/span><\/td>\n<td style=\"text-align: center;\"><span style=\"font-family: verdana,geneva; font-size: small;\"><strong>\u00a0<span style=\"font-family: verdana,geneva; font-size: small;\"><strong>Pearoad<\/strong><\/span><\/strong><\/span><\/td>\n<td style=\"text-align: center;\"><span style=\"font-family: verdana,geneva; font-size: small;\"><strong>Magustoidud<\/strong><\/span><\/td>\n<\/tr>\n<tr>\n<td style=\"text-align: center;\">Maksapasteet<br>\nPohlasalat<br>\nRiisikasalat<br>\nPart tarretises<\/td>\n<td style=\"text-align: center;\">Mooritud klops<br>\nHanepraad<br>\nVasikarulaad<br>\nLambapraad<\/td>\n<td style=\"text-align: center;\">Hapupiimazelee<br>\n\u0161okolaadikook<br>\n\u00d5unapuding<br>\nMandlip\u00e4tsikesed\n<p>Pildil: Mooritud klops<br>\n(Allikas: Ariko 2009)<\/p><\/td>\n<td style=\"text-align: center;\"><span style=\"font-family: verdana,geneva; font-size: small;\"><img loading=\"lazy\" decoding=\"async\" width=\"206\" height=\"215\" class=\"alignnone wp-image-24\" title=\"mooritud_klops.jpg\" src=\"https:\/\/sisu.ut.ee\/wp-content\/uploads\/sites\/59\/mooritud_klops.jpg\" alt=\"mooritud_klops.jpg\"><\/span><\/td>\n<\/tr>\n<\/tbody>\n<\/table>\n<div id=\"accordion\" class=\"accordion\">\n<h3><a href=\"#\">Kuidas valmistada m\u00f5isak\u00f6\u00f6gist p\u00e4rit toitu \u2013 mooritud klops?<\/a><\/h3>\n<div>Mooritud klopsi valmistamine:<\/div>\n<ul>\n<li>L\u00f5ika liha t\u00fckkideks, vasarda, raputa peale jahu ja soola.<\/li>\n<li>Prae lihat\u00fckid v\u00f5is m\u00f5lemalt poolt kiiresti pruuniks, pane potti.<\/li>\n<li>Keeda praadimise j\u00e4\u00e4gid panni k\u00fcljest lahti, kalla potti, lisa nii palju vett, et k\u00f5ik klopid oleks kaetud.<\/li>\n<li>Pane potti ka riivleib, \u00e4\u00e4dikas ning vein. Lisa soola ja pipart, kata pott kaanega ja moori klopsid valmis. Serveeri tirinast, kurna kaste ja kalla klopsidele. (Allikas: Ariko, S.M. 2009. Virtina kokaraamat \u2013 toidud Eesti m\u00f5isate k\u00f6\u00f6kidest)<\/li>\n<\/ul>\n<\/div>\n<p style=\"text-align: justify;\"><strong>Hea teada ehk k\u00fclastussoovitus Eestis:<br>\n<\/strong>Toiduhuvilisel turistile, kes soovib m\u00f5isak\u00f6\u00f6ki proovida, tasub k\u00fclastada Tartumaal asuvat <strong>Alatskivi lossirestorani<\/strong>.\u00a0\u00a0<span style=\"font-family: verdana,geneva; font-size: small;\">Lossis m\u00f5isnikke enam ei ela, kuid restorani omanikud on men\u00fc\u00fcsse lisanud saksa ehk m\u00f5isak\u00f6\u00f6gi roogasid. Huvilisele on need road men\u00fc\u00fcs ka m\u00e4rgistatud.<\/span><\/p>\n","protected":false},"excerpt":{"rendered":"<p>Eesti aladel valitsejaks\u00a0olnud baltisakslased s\u00f5id eestlastest p\u00f5liselanike\u00a0 sarnast toitu.\u00a0Erinevus seisnes toiduainete paremas kvaliteedis ja piisavas k\u00e4ttesaadavuses. M\u00f5isnikud v\u00f5i \u00f5igemini nende soovide j\u00e4rgi m\u00f5isak\u00f6\u00f6gis valmisttaud toidud\u00a0on toonud eestlaste toidukommetesse rahvusvahelisi jooni. Kokakunsti p\u00e4rlid j\u00f5udsid maarahvani Peterburi ja Stockholmi kaudu. Esimesed kokaraamatud &#8230;<\/p>\n","protected":false},"author":23,"featured_media":0,"parent":0,"menu_order":0,"comment_status":"closed","ping_status":"closed","template":"","meta":{"_acf_changed":false,"inline_featured_image":false,"footnotes":""},"class_list":["post-8","page","type-page","status-publish","hentry"],"acf":[],"_links":{"self":[{"href":"https:\/\/sisu.ut.ee\/toiduelamus\/wp-json\/wp\/v2\/pages\/8","targetHints":{"allow":["GET"]}}],"collection":[{"href":"https:\/\/sisu.ut.ee\/toiduelamus\/wp-json\/wp\/v2\/pages"}],"about":[{"href":"https:\/\/sisu.ut.ee\/toiduelamus\/wp-json\/wp\/v2\/types\/page"}],"author":[{"embeddable":true,"href":"https:\/\/sisu.ut.ee\/toiduelamus\/wp-json\/wp\/v2\/users\/23"}],"replies":[{"embeddable":true,"href":"https:\/\/sisu.ut.ee\/toiduelamus\/wp-json\/wp\/v2\/comments?post=8"}],"version-history":[{"count":2,"href":"https:\/\/sisu.ut.ee\/toiduelamus\/wp-json\/wp\/v2\/pages\/8\/revisions"}],"predecessor-version":[{"id":88,"href":"https:\/\/sisu.ut.ee\/toiduelamus\/wp-json\/wp\/v2\/pages\/8\/revisions\/88"}],"wp:attachment":[{"href":"https:\/\/sisu.ut.ee\/toiduelamus\/wp-json\/wp\/v2\/media?parent=8"}],"curies":[{"name":"wp","href":"https:\/\/api.w.org\/{rel}","templated":true}]}}