{"id":13,"date":"2024-04-03T23:15:34","date_gmt":"2024-04-03T20:15:34","guid":{"rendered":"https:\/\/sisu.ut.ee\/toiduelamus\/lisavoimalused-kohaliku-koogi-ja-toidu-kogemiseks\/"},"modified":"2024-04-03T23:15:39","modified_gmt":"2024-04-03T20:15:39","slug":"lisavoimalused-kohaliku-koogi-ja-toidu-kogemiseks","status":"publish","type":"page","link":"https:\/\/sisu.ut.ee\/toiduelamus\/lisavoimalused-kohaliku-koogi-ja-toidu-kogemiseks\/","title":{"rendered":"Lisav\u00f5imalused kohaliku k\u00f6\u00f6gi ja toidu kogemiseks"},"content":{"rendered":"<p style=\"text-align: justify\"><span style=\"font-family: verdana,geneva;font-size: small\">Linnapuhkuse k\u00e4igus kohalikku k\u00f6\u00f6ki pakkuva restorani k\u00fclastus on\u00a0vast k\u00f5ige levinum viis, kuidas sihtkohas viibiv turist saab uusi toiduelamusi. Toidu temaatikast innustujal ehk t\u00f5sisema huviga\u00a0 turistil on\u00a0veel mitmeid v\u00f5imalusi Eesti toidukultuuriga tutvumiseks. <\/span><\/p>\n<p><span style=\"font-family: verdana,geneva;font-size: small\">J\u00e4rgnevalt on toodud m\u00f5ned n\u00e4ited, mida turist toiduelamuste otsingul teha saab:<\/span><\/p>\n<ul>\n<li style=\"text-align: justify\"><span style=\"font-family: verdana,geneva;font-size: small\">k\u00fclastada toiduturgu (n\u00e4iteks Tallinnas\u00a0Sadama turg, Tartus Taluturg);<\/span><\/li>\n<li style=\"text-align: justify\"><span style=\"font-family: verdana,geneva;font-size: small\">k\u00fclastada tootmistalusid, kohalikke toiduvalmistajaid\u00a0(n\u00e4iteks V\u00f5rumaal Nopri talumeierei);<\/span><\/li>\n<li style=\"text-align: justify\"><span style=\"font-family: verdana,geneva;font-size: small\">k\u00fclastada toidudvalmistamise t\u00f6\u00f6tubasid;<\/span><\/li>\n<li style=\"text-align: justify\"><span style=\"font-family: verdana,geneva;font-size: small\">k\u00fclastada toidulaatasid (n\u00e4iteks P\u00f5lvamaal L\u00fc\u00fcbnitsa sibulalaat, J\u00f5gevamaal Suur Paunvere v\u00e4ljan\u00e4itus ja laat, Viljandimaal Olustvere hoidiste ja mooside mess, P\u00e4rnumaal Hapukurgi- ja R\u00e4imefestival\u00a0jne);<\/span><\/li>\n<li style=\"text-align: justify\"><span style=\"font-family: verdana,geneva;font-size: small\">k\u00fclastada restorane, mis pakuvad piirkonnas kasvavat iseloomulikku\u00a0toitu (n\u00e4iteks silmud Meresuu spaahotellis Narva-J\u00f5esuus);<\/span><\/li>\n<li style=\"text-align: justify\"><span style=\"font-family: verdana,geneva;font-size: small\">k\u00fclastada restorane, mis pakuvad eri kultuuripiirkondadele omast\u00a0rahvusk\u00f6\u00f6ki (n\u00e4iteks\u00a0Hiiu k\u00f6\u00f6k Soera talumuuseumis,\u00a0 Saare k\u00f6\u00f6k L\u00fcmanda toidutares,\u00a0Muhu k\u00f6\u00f6k Muhu restoranis, Mulgi k\u00f6\u00f6k Mulgi k\u00f5rtsis Abja-Paluojas, Seto k\u00f6\u00f6k Ts\u00e4imajas V\u00e4rskas, Vanaususliste k\u00f6\u00f6k Kala- ja sibularestoranis Kolkjal).<\/span><\/li>\n<\/ul>\n<p style=\"text-align: justify\"><span style=\"font-size: small\"><span style=\"font-family: verdana,geneva\">Eesti on pindallat v\u00e4ike, kuid siin leidub rohkelt eriilmelisi kultuuripiirkondi. \u00dche n\u00e4itena nendest on Peipsi\u00e4\u00e4rsed\u00a0vanausuliste elualad. Vanausuliste toidukultuurist ja toitudest saab l\u00e4hemalt lugeda j\u00e4rgmises alapeat\u00fckis.<\/span> <\/span><\/p>\n","protected":false},"excerpt":{"rendered":"<p>Linnapuhkuse k\u00e4igus kohalikku k\u00f6\u00f6ki pakkuva restorani k\u00fclastus on\u00a0vast k\u00f5ige levinum viis, kuidas sihtkohas viibiv turist saab uusi toiduelamusi. Toidu temaatikast innustujal ehk t\u00f5sisema huviga\u00a0 turistil on\u00a0veel mitmeid v\u00f5imalusi Eesti toidukultuuriga tutvumiseks. J\u00e4rgnevalt on toodud m\u00f5ned n\u00e4ited, mida turist toiduelamuste otsingul &#8230;<\/p>\n","protected":false},"author":23,"featured_media":0,"parent":0,"menu_order":0,"comment_status":"closed","ping_status":"closed","template":"","meta":{"_acf_changed":false,"inline_featured_image":false,"footnotes":""},"class_list":["post-13","page","type-page","status-publish","hentry"],"acf":[],"_links":{"self":[{"href":"https:\/\/sisu.ut.ee\/toiduelamus\/wp-json\/wp\/v2\/pages\/13","targetHints":{"allow":["GET"]}}],"collection":[{"href":"https:\/\/sisu.ut.ee\/toiduelamus\/wp-json\/wp\/v2\/pages"}],"about":[{"href":"https:\/\/sisu.ut.ee\/toiduelamus\/wp-json\/wp\/v2\/types\/page"}],"author":[{"embeddable":true,"href":"https:\/\/sisu.ut.ee\/toiduelamus\/wp-json\/wp\/v2\/users\/23"}],"replies":[{"embeddable":true,"href":"https:\/\/sisu.ut.ee\/toiduelamus\/wp-json\/wp\/v2\/comments?post=13"}],"version-history":[{"count":1,"href":"https:\/\/sisu.ut.ee\/toiduelamus\/wp-json\/wp\/v2\/pages\/13\/revisions"}],"predecessor-version":[{"id":72,"href":"https:\/\/sisu.ut.ee\/toiduelamus\/wp-json\/wp\/v2\/pages\/13\/revisions\/72"}],"wp:attachment":[{"href":"https:\/\/sisu.ut.ee\/toiduelamus\/wp-json\/wp\/v2\/media?parent=13"}],"curies":[{"name":"wp","href":"https:\/\/api.w.org\/{rel}","templated":true}]}}