{"id":12,"date":"2024-04-03T23:15:34","date_gmt":"2024-04-03T20:15:34","guid":{"rendered":"https:\/\/sisu.ut.ee\/toiduelamus\/maitsesoovitused-eestlase-igapaevaselt-toidulaualt\/"},"modified":"2024-04-03T23:15:39","modified_gmt":"2024-04-03T20:15:39","slug":"maitsesoovitused-eestlase-igapaevaselt-toidulaualt","status":"publish","type":"page","link":"https:\/\/sisu.ut.ee\/toiduelamus\/maitsesoovitused-eestlase-igapaevaselt-toidulaualt\/","title":{"rendered":"Maitsesoovitused eestlase igap\u00e4evaselt toidulaualt"},"content":{"rendered":"<table class=\"table table-hover\" border=\"0\">\n<tbody>\n<tr>\n<td style=\"text-align: justify\" colspan=\"2\">\n<p><span style=\"font-family: verdana,geneva;font-size: small\">Kui turist k\u00fcsib, mis on Eesti rahvustoit, ollakse aastaajast s\u00f5ltumata varmad vastama: kama, hapukapsad, verivorst ja s\u00fclt. Kuid m\u00f5elge korraks, millal neid eestlasena ise viimati s\u00f5ite? Suure t\u00f5en\u00e4sosusega talvisel suurp\u00fchal. Mida iseloomulikku s\u00f6\u00f6b aga eestlane muul aastaajal? <\/span><span style=\"font-family: verdana,geneva;font-size: small\"><span style=\"font-family: verdana,geneva;font-size: small\">Siinkohal tulevad kasuks teadmised, mis v\u00f5imaldavad\u00a0tutvustada turistile eestlaste toite igap\u00e4evaseid toidulaual. <\/span><\/span><\/p>\n<\/td>\n<\/tr>\n<tr>\n<td style=\"text-align: justify\">\n<p style=\"text-align: left\"><span style=\"font-family: verdana,geneva;font-size: small\">Mida v\u00f5iks soovitada turistile Eestis s\u00fc\u00fca- juua, et kohalikke maitseid kogeda? <span style=\"font-family: verdana,geneva;font-size: small\">J\u00e4rgnevas loetelus on m\u00f5ned soovitused v\u00e4lja toodud:<\/span><\/span><\/p>\n<ul>\n<ul>\n<li style=\"text-align: left\"><span style=\"font-family: verdana,geneva;font-size: small\">kohupiim ja kodujuustud:\u00a0 kohuke, kodujuust, kohupiim, kohupiimakreemid;<\/span><\/li>\n<li><span style=\"font-family: verdana,geneva;font-size: small\">hapupiimajoogid: jogurt ja hapupiim;<\/span><\/li>\n<li><span style=\"font-family: verdana,geneva;font-size: small\">singid ja muud suitsutatud lihatooted;<\/span><\/li>\n<li><span style=\"font-family: verdana,geneva;font-size: small\">teraviljatooted: must leib, kama;<\/span><\/li>\n<li><span style=\"font-family: verdana,geneva;font-size: small\">suitsutatud, kuivatatud ja vinnutatud kala: suitsulest, kuivatatud Peipsi tint;<\/span><\/li>\n<li><span style=\"font-family: verdana,geneva;font-size: small\">aed- ja k\u00f6\u00f6giviljatooted: moos, hoidised;<\/span><\/li>\n<li><span style=\"font-family: verdana,geneva;font-size: small\">konserveeritud kala: R\u00e4imerullid, Tallinna v\u00fcrtsikilud, sprotid;<\/span><\/li>\n<li><span style=\"font-family: verdana,geneva;font-size: small\">pagari- ja kondiitritooted: k\u00e4sitsi valmistatud \u0161okolaad; martsipan;<\/span><\/li>\n<li><span style=\"font-family: verdana,geneva;font-size: small\">mesi;<\/span><\/li>\n<li><span style=\"font-family: verdana,geneva;font-size: small\">mittealkohoolsed joogid: mahlad, kali;<\/span><\/li>\n<li><span style=\"font-family: verdana,geneva;font-size: small\">alkohoolsed joogid: \u00f5lu, viin, Vana Tallinn.<\/span><\/li>\n<\/ul>\n<\/ul>\n<p><span style=\"font-family: verdana,geneva;font-size: small\"><\/span><\/p>\n<p><span style=\"font-family: verdana,geneva;font-size: small\"><\/span>\u00a0<\/p>\n\n<\/td>\n<td style=\"text-align: justify\">\n<p><span style=\"font-family: verdana,geneva;font-size: small\">\u00a0<\/span><span style=\"font-family: verdana,geneva;font-size: small\"><img loading=\"lazy\" decoding=\"async\" width=\"410\" height=\"231\" class=\"alignnone wp-image-32\" style=\"margin-right: auto;margin-left: auto\" src=\"https:\/\/sisu.ut.ee\/wp-content\/uploads\/sites\/59\/kohuke_ja_kohupiimakreem.jpg\" title=\"kohuke_ja_kohupiimakreem.jpg\" alt=\"Kohuke ja kohupiimakreem\" srcset=\"https:\/\/sisu.ut.ee\/wp-content\/uploads\/sites\/59\/kohuke_ja_kohupiimakreem.jpg 410w, https:\/\/sisu.ut.ee\/wp-content\/uploads\/sites\/59\/kohuke_ja_kohupiimakreem-300x169.jpg 300w\" sizes=\"auto, (max-width: 410px) 100vw, 410px\"><\/span><\/p>\n<p style=\"text-align: center\"><span style=\"font-family: verdana,geneva;font-size: small\">Kohuke ja kohupiimakreem (Allikas: Erilist Eestist).<\/span><\/p>\n<p style=\"text-align: center\"><span style=\"font-family: verdana,geneva;font-size: small\"><img loading=\"lazy\" decoding=\"async\" width=\"374\" height=\"260\" class=\"alignnone wp-image-33\" src=\"https:\/\/sisu.ut.ee\/wp-content\/uploads\/sites\/59\/leib_ja_kama.jpg\" title=\"leib_ja_kama.jpg\" alt=\"Leib ja kama\" srcset=\"https:\/\/sisu.ut.ee\/wp-content\/uploads\/sites\/59\/leib_ja_kama.jpg 374w, https:\/\/sisu.ut.ee\/wp-content\/uploads\/sites\/59\/leib_ja_kama-300x209.jpg 300w\" sizes=\"auto, (max-width: 374px) 100vw, 374px\"><\/span><\/p>\n<p style=\"text-align: center\"><span style=\"font-family: verdana,geneva;font-size: small\">Must leib, kama hapupiimaga, karask, kaerak\u00fcpsised (Allikas: Erilist Eestist)<\/span><\/p>\n<\/td>\n<\/tr>\n<\/tbody>\n<\/table>\n","protected":false},"excerpt":{"rendered":"<p>Kui turist k\u00fcsib, mis on Eesti rahvustoit, ollakse aastaajast s\u00f5ltumata varmad vastama: kama, hapukapsad, verivorst ja s\u00fclt. Kuid m\u00f5elge korraks, millal neid eestlasena ise viimati s\u00f5ite? Suure t\u00f5en\u00e4sosusega talvisel suurp\u00fchal. Mida iseloomulikku s\u00f6\u00f6b aga eestlane muul aastaajal? Siinkohal tulevad kasuks &#8230;<\/p>\n","protected":false},"author":23,"featured_media":0,"parent":0,"menu_order":0,"comment_status":"closed","ping_status":"closed","template":"","meta":{"_acf_changed":false,"inline_featured_image":false,"footnotes":""},"class_list":["post-12","page","type-page","status-publish","hentry"],"acf":[],"_links":{"self":[{"href":"https:\/\/sisu.ut.ee\/toiduelamus\/wp-json\/wp\/v2\/pages\/12","targetHints":{"allow":["GET"]}}],"collection":[{"href":"https:\/\/sisu.ut.ee\/toiduelamus\/wp-json\/wp\/v2\/pages"}],"about":[{"href":"https:\/\/sisu.ut.ee\/toiduelamus\/wp-json\/wp\/v2\/types\/page"}],"author":[{"embeddable":true,"href":"https:\/\/sisu.ut.ee\/toiduelamus\/wp-json\/wp\/v2\/users\/23"}],"replies":[{"embeddable":true,"href":"https:\/\/sisu.ut.ee\/toiduelamus\/wp-json\/wp\/v2\/comments?post=12"}],"version-history":[{"count":1,"href":"https:\/\/sisu.ut.ee\/toiduelamus\/wp-json\/wp\/v2\/pages\/12\/revisions"}],"predecessor-version":[{"id":73,"href":"https:\/\/sisu.ut.ee\/toiduelamus\/wp-json\/wp\/v2\/pages\/12\/revisions\/73"}],"wp:attachment":[{"href":"https:\/\/sisu.ut.ee\/toiduelamus\/wp-json\/wp\/v2\/media?parent=12"}],"curies":[{"name":"wp","href":"https:\/\/api.w.org\/{rel}","templated":true}]}}