{"id":8,"date":"2024-04-04T08:22:06","date_gmt":"2024-04-04T05:22:06","guid":{"rendered":"https:\/\/sisu.ut.ee\/tiktokikodu\/avaleht\/"},"modified":"2024-05-15T09:50:20","modified_gmt":"2024-05-15T06:50:20","slug":"avaleht","status":"publish","type":"page","link":"https:\/\/sisu.ut.ee\/tiktokikodu\/","title":{"rendered":"Avaleht"},"content":{"rendered":"<h2 dir=\"ltr\" style=\"text-align: center;\"><span style=\"font-size: 36px;\"><strong>KONKURSS ON L\u00d5PPENUD.<\/strong><\/span><\/h2>\n<h2 dir=\"ltr\" style=\"text-align: center;\"><span style=\"font-size: 22px;\">V\u00d5ITJAD KUULUTATAKSE V\u00c4LJA 14. JAANUARIL T\u00dc \u00dcHISKONNATEADUSTE INSTITUUDI <a title=\"\" href=\"https:\/\/www.youtube.com\/@yti_tartu\" target=\"_blank\" rel=\"noopener\" data-url=\"https:\/\/www.youtube.com\/@yti_tartu\">YOUTUBE\u2019IS<\/a>.<\/span><\/h2>\n<h2 dir=\"ltr\" style=\"text-align: center;\"><span style=\"color: #800000;\"><span style=\"font-size: 18px;\"><strong><img loading=\"lazy\" decoding=\"async\" width=\"1250\" height=\"1250\" class=\"alignnone wp-image-29\" title=\"katre-liis_vohma_4.png\" src=\"https:\/\/sisu.ut.ee\/wp-content\/uploads\/sites\/599\/katre-liis_vohma_4.png\" alt=\"Avaleht\" srcset=\"https:\/\/sisu.ut.ee\/wp-content\/uploads\/sites\/599\/katre-liis_vohma_4.png 1250w, https:\/\/sisu.ut.ee\/wp-content\/uploads\/sites\/599\/katre-liis_vohma_4-300x300.png 300w, https:\/\/sisu.ut.ee\/wp-content\/uploads\/sites\/599\/katre-liis_vohma_4-1024x1024.png 1024w, https:\/\/sisu.ut.ee\/wp-content\/uploads\/sites\/599\/katre-liis_vohma_4-150x150.png 150w, https:\/\/sisu.ut.ee\/wp-content\/uploads\/sites\/599\/katre-liis_vohma_4-768x768.png 768w\" sizes=\"auto, (max-width: 1250px) 100vw, 1250px\"><\/strong><\/span><\/span><\/h2>\n<p dir=\"ltr\" style=\"text-align: center;\"><span style=\"font-size: 18px;\"><strong><span style=\"color: #800000;\">T\u00e4psemad <\/span><a title=\"\" href=\"https:\/\/tiktokikodu.ut.ee\/konkursi-tingimused\" target=\"_blank\" rel=\"noopener\" data-url=\"https:\/\/tiktokikodu.ut.ee\/konkursi-tingimused\"><span style=\"color: #800000;\">konkursi tingimused<\/span><\/a><span style=\"color: #800000;\">.<\/span><\/strong><\/span><\/p>\n<hr>\n<h2 dir=\"ltr\" style=\"text-align: center;\"><span style=\"color: #800000;\"><span style=\"font-size: 18px;\"><strong>TikToki saab v\u00e4ga edukalt\u00a0kasutada ka \u00f5ppet\u00f6\u00f6s!<\/strong><\/span><\/span><\/h2>\n<p dir=\"ltr\" style=\"text-align: center;\"><span style=\"color: #800000;\"><span style=\"font-size: 18px;\"><strong><div class=\"ratio ratio-16x9 mb-3\"><div class=\"video-placeholder-wrapper video-placeholder-wrapper--16x9\">\n\t\t\t    <div class=\"video-placeholder d-flex justify-content-center align-items-center\">\n\t\t\t        <div class=\"overlay text-white p-2 w-100 text-center d-block justify-content-center align-items-center\">\n\t\t\t            <div>Kolmandate osapoolte sisu n\u00e4gemiseks palun n\u00f5ustu k\u00fcpsistega.<\/div>\n\t\t\t            <button class=\"btn btn-secondary btn-sm mt-1 consent-change\">Muuda n\u00f5usolekut<\/button>\n\t\t\t        <\/div>\n\t\t\t    <\/div>\n\t\t\t<\/div>\n<\/div><\/strong><\/span><\/span><\/p>\n<hr>\n<h2 dir=\"ltr\" style=\"text-align: center;\"><span style=\"color: #800000;\"><span style=\"font-size: 18px;\"><strong>Veebikonstaabel Maarja Punaku m\u00f5tted seoses TikTokiga!<\/strong><\/span><\/span><\/h2>\n<h2 dir=\"ltr\" style=\"text-align: center;\"><div class=\"ratio ratio-16x9 mb-3\"><div class=\"video-placeholder-wrapper video-placeholder-wrapper--16x9\">\n\t\t\t    <div class=\"video-placeholder d-flex justify-content-center align-items-center\">\n\t\t\t        <div class=\"overlay text-white p-2 w-100 text-center d-block justify-content-center align-items-center\">\n\t\t\t            <div>Kolmandate osapoolte sisu n\u00e4gemiseks palun n\u00f5ustu k\u00fcpsistega.<\/div>\n\t\t\t            <button class=\"btn btn-secondary btn-sm mt-1 consent-change\">Muuda n\u00f5usolekut<\/button>\n\t\t\t        <\/div>\n\t\t\t    <\/div>\n\t\t\t<\/div>\n<\/div><\/h2>\n<hr>\n<p style=\"text-align: center;\"><span style=\"color: #800000;\"><strong><span style=\"font-size: 18px;\">Miks riigiasutuse t\u00f6\u00f6telefonides TikToki ei lubata?<\/span><\/strong><\/span><\/p>\n<h2 style=\"text-align: center;\"><div class=\"ratio ratio-16x9 mb-3\"><div class=\"video-placeholder-wrapper video-placeholder-wrapper--16x9\">\n\t\t\t    <div class=\"video-placeholder d-flex justify-content-center align-items-center\">\n\t\t\t        <div class=\"overlay text-white p-2 w-100 text-center d-block justify-content-center align-items-center\">\n\t\t\t            <div>Kolmandate osapoolte sisu n\u00e4gemiseks palun n\u00f5ustu k\u00fcpsistega.<\/div>\n\t\t\t            <button class=\"btn btn-secondary btn-sm mt-1 consent-change\">Muuda n\u00f5usolekut<\/button>\n\t\t\t        <\/div>\n\t\t\t    <\/div>\n\t\t\t<\/div>\n<\/div><\/h2>\n<hr>\n<p dir=\"ltr\"><span style=\"font-size: 24px;\"><span style=\"color: #800000;\"><strong>TIKTOKI FAKTID<\/strong><\/span><\/span><\/p>\n<p dir=\"ltr\"><img loading=\"lazy\" decoding=\"async\" class=\"alignnone wp-image-40\" style=\"float: left;\" title=\"screenshot_2022-11-28_at_17.30.36_01.png\" src=\"https:\/\/sisu.ut.ee\/wp-content\/uploads\/sites\/599\/screenshot_2022-11-28_at_17.30.36_01-1024x1018.png\" alt=\"tiktoki fact\" width=\"700\" height=\"696\" srcset=\"https:\/\/sisu.ut.ee\/wp-content\/uploads\/sites\/599\/screenshot_2022-11-28_at_17.30.36_01-1024x1018.png 1024w, https:\/\/sisu.ut.ee\/wp-content\/uploads\/sites\/599\/screenshot_2022-11-28_at_17.30.36_01-300x298.png 300w, https:\/\/sisu.ut.ee\/wp-content\/uploads\/sites\/599\/screenshot_2022-11-28_at_17.30.36_01-150x150.png 150w, https:\/\/sisu.ut.ee\/wp-content\/uploads\/sites\/599\/screenshot_2022-11-28_at_17.30.36_01-768x764.png 768w, https:\/\/sisu.ut.ee\/wp-content\/uploads\/sites\/599\/screenshot_2022-11-28_at_17.30.36_01.png 1246w\" sizes=\"auto, (max-width: 700px) 100vw, 700px\"><\/p>\n<p dir=\"ltr\"><img loading=\"lazy\" decoding=\"async\" class=\"alignnone wp-image-32\" style=\"float: right;\" title=\"3_02.png\" src=\"https:\/\/sisu.ut.ee\/wp-content\/uploads\/sites\/599\/3_02-300x300.png\" alt=\"Pilt2\" width=\"700\" height=\"700\" srcset=\"https:\/\/sisu.ut.ee\/wp-content\/uploads\/sites\/599\/3_02-300x300.png 300w, https:\/\/sisu.ut.ee\/wp-content\/uploads\/sites\/599\/3_02-1024x1024.png 1024w, https:\/\/sisu.ut.ee\/wp-content\/uploads\/sites\/599\/3_02-150x150.png 150w, https:\/\/sisu.ut.ee\/wp-content\/uploads\/sites\/599\/3_02-768x768.png 768w, https:\/\/sisu.ut.ee\/wp-content\/uploads\/sites\/599\/3_02.png 1250w\" sizes=\"auto, (max-width: 700px) 100vw, 700px\"><\/p>\n<p dir=\"ltr\"><img loading=\"lazy\" decoding=\"async\" class=\"alignnone wp-image-34\" style=\"float: left;\" title=\"5_02.png\" src=\"https:\/\/sisu.ut.ee\/wp-content\/uploads\/sites\/599\/5_02.png\" alt=\"Pilt4\" width=\"700\" height=\"700\" srcset=\"https:\/\/sisu.ut.ee\/wp-content\/uploads\/sites\/599\/5_02.png 1250w, https:\/\/sisu.ut.ee\/wp-content\/uploads\/sites\/599\/5_02-300x300.png 300w, https:\/\/sisu.ut.ee\/wp-content\/uploads\/sites\/599\/5_02-1024x1024.png 1024w, https:\/\/sisu.ut.ee\/wp-content\/uploads\/sites\/599\/5_02-150x150.png 150w, https:\/\/sisu.ut.ee\/wp-content\/uploads\/sites\/599\/5_02-768x768.png 768w\" sizes=\"auto, (max-width: 700px) 100vw, 700px\"><\/p>\n<p dir=\"ltr\"><img loading=\"lazy\" decoding=\"async\" class=\"alignnone wp-image-38\" style=\"float: right;\" title=\"9_02.png\" src=\"https:\/\/sisu.ut.ee\/wp-content\/uploads\/sites\/599\/9_02.png\" alt=\"Pilt966\" width=\"700\" height=\"700\" srcset=\"https:\/\/sisu.ut.ee\/wp-content\/uploads\/sites\/599\/9_02.png 1250w, https:\/\/sisu.ut.ee\/wp-content\/uploads\/sites\/599\/9_02-300x300.png 300w, https:\/\/sisu.ut.ee\/wp-content\/uploads\/sites\/599\/9_02-1024x1024.png 1024w, https:\/\/sisu.ut.ee\/wp-content\/uploads\/sites\/599\/9_02-150x150.png 150w, https:\/\/sisu.ut.ee\/wp-content\/uploads\/sites\/599\/9_02-768x768.png 768w\" sizes=\"auto, (max-width: 700px) 100vw, 700px\"><\/p>\n<p dir=\"ltr\"><img loading=\"lazy\" decoding=\"async\" class=\"alignnone wp-image-36\" style=\"float: left;\" title=\"7_03.png\" src=\"https:\/\/sisu.ut.ee\/wp-content\/uploads\/sites\/599\/7_03.png\" alt=\"Pilt6\" width=\"700\" height=\"700\" srcset=\"https:\/\/sisu.ut.ee\/wp-content\/uploads\/sites\/599\/7_03.png 1250w, https:\/\/sisu.ut.ee\/wp-content\/uploads\/sites\/599\/7_03-300x300.png 300w, https:\/\/sisu.ut.ee\/wp-content\/uploads\/sites\/599\/7_03-1024x1024.png 1024w, https:\/\/sisu.ut.ee\/wp-content\/uploads\/sites\/599\/7_03-150x150.png 150w, https:\/\/sisu.ut.ee\/wp-content\/uploads\/sites\/599\/7_03-768x768.png 768w\" sizes=\"auto, (max-width: 700px) 100vw, 700px\"><\/p>\n<p dir=\"ltr\"><img loading=\"lazy\" decoding=\"async\" class=\"alignnone wp-image-31\" style=\"float: right;\" title=\"11_02.png\" src=\"https:\/\/sisu.ut.ee\/wp-content\/uploads\/sites\/599\/11_02.png\" alt=\"Pilt1\" width=\"700\" height=\"700\" srcset=\"https:\/\/sisu.ut.ee\/wp-content\/uploads\/sites\/599\/11_02.png 1250w, https:\/\/sisu.ut.ee\/wp-content\/uploads\/sites\/599\/11_02-300x300.png 300w, https:\/\/sisu.ut.ee\/wp-content\/uploads\/sites\/599\/11_02-1024x1024.png 1024w, https:\/\/sisu.ut.ee\/wp-content\/uploads\/sites\/599\/11_02-150x150.png 150w, https:\/\/sisu.ut.ee\/wp-content\/uploads\/sites\/599\/11_02-768x768.png 768w\" sizes=\"auto, (max-width: 700px) 100vw, 700px\"><img loading=\"lazy\" decoding=\"async\" class=\"alignnone wp-image-41 size-medium\" title=\"riigikantselei_logo.png\" src=\"https:\/\/sisu.ut.ee\/wp-content\/uploads\/sites\/599\/riigikantselei_logo-300x120.png\" alt=\"riigikantselei\" width=\"300\" height=\"120\" srcset=\"https:\/\/sisu.ut.ee\/wp-content\/uploads\/sites\/599\/riigikantselei_logo-300x120.png 300w, https:\/\/sisu.ut.ee\/wp-content\/uploads\/sites\/599\/riigikantselei_logo-1024x410.png 1024w, https:\/\/sisu.ut.ee\/wp-content\/uploads\/sites\/599\/riigikantselei_logo-768x307.png 768w, https:\/\/sisu.ut.ee\/wp-content\/uploads\/sites\/599\/riigikantselei_logo-1536x614.png 1536w, https:\/\/sisu.ut.ee\/wp-content\/uploads\/sites\/599\/riigikantselei_logo.png 1890w\" sizes=\"auto, (max-width: 300px) 100vw, 300px\"><\/p>\n","protected":false},"excerpt":{"rendered":"<p>KONKURSS ON L\u00d5PPENUD. V\u00d5ITJAD KUULUTATAKSE V\u00c4LJA 14. JAANUARIL T\u00dc \u00dcHISKONNATEADUSTE INSTITUUDI YOUTUBE\u2019IS. T\u00e4psemad konkursi tingimused. TikToki saab v\u00e4ga edukalt\u00a0kasutada ka \u00f5ppet\u00f6\u00f6s! Kolmandate osapoolte sisu n\u00e4gemiseks palun n\u00f5ustu k\u00fcpsistega. Muuda n\u00f5usolekut Veebikonstaabel Maarja Punaku m\u00f5tted seoses TikTokiga! Kolmandate osapoolte sisu n\u00e4gemiseks &#8230;<\/p>\n","protected":false},"author":298,"featured_media":0,"parent":0,"menu_order":0,"comment_status":"closed","ping_status":"closed","template":"","meta":{"_acf_changed":false,"inline_featured_image":false,"footnotes":""},"class_list":["post-8","page","type-page","status-publish","hentry"],"acf":[],"_links":{"self":[{"href":"https:\/\/sisu.ut.ee\/tiktokikodu\/wp-json\/wp\/v2\/pages\/8","targetHints":{"allow":["GET"]}}],"collection":[{"href":"https:\/\/sisu.ut.ee\/tiktokikodu\/wp-json\/wp\/v2\/pages"}],"about":[{"href":"https:\/\/sisu.ut.ee\/tiktokikodu\/wp-json\/wp\/v2\/types\/page"}],"author":[{"embeddable":true,"href":"https:\/\/sisu.ut.ee\/tiktokikodu\/wp-json\/wp\/v2\/users\/298"}],"replies":[{"embeddable":true,"href":"https:\/\/sisu.ut.ee\/tiktokikodu\/wp-json\/wp\/v2\/comments?post=8"}],"version-history":[{"count":4,"href":"https:\/\/sisu.ut.ee\/tiktokikodu\/wp-json\/wp\/v2\/pages\/8\/revisions"}],"predecessor-version":[{"id":99,"href":"https:\/\/sisu.ut.ee\/tiktokikodu\/wp-json\/wp\/v2\/pages\/8\/revisions\/99"}],"wp:attachment":[{"href":"https:\/\/sisu.ut.ee\/tiktokikodu\/wp-json\/wp\/v2\/media?parent=8"}],"curies":[{"name":"wp","href":"https:\/\/api.w.org\/{rel}","templated":true}]}}