{"id":3,"date":"2024-04-04T08:22:06","date_gmt":"2024-04-04T05:22:06","guid":{"rendered":"https:\/\/sisu.ut.ee\/tiktokikodu\/konkursi-tingimused\/"},"modified":"2024-05-15T09:52:22","modified_gmt":"2024-05-15T06:52:22","slug":"konkursi-tingimused","status":"publish","type":"page","link":"https:\/\/sisu.ut.ee\/tiktokikodu\/konkursi-tingimused\/","title":{"rendered":"Konkursi tingimused"},"content":{"rendered":"<h2><span style=\"color: #800000;\">\u00dcLDS\u00c4TTED<\/span><\/h2>\n<p>Konkursi korraldajaks on Riigikantselei koost\u00f6\u00f6s Tartu \u00dclikooli \u00fchiskonnateaduste instituudiga. Konkursil osalejad loovad TikToki konkursi (edaspidi konkursi) kodulehelt\u00a0saadava info p\u00f5hjal hariduslikku ja meelelahutuslikku meediasisu.<\/p>\n<p>Konkursi eesm\u00e4rgiks on jagada TikToki platvormi kasutajatele infot, kuidas TikTok kogub nende andmeid ning kuidas moodustub TikToki kasutajate <em>for you page<\/em>.<\/p>\n<p>Konkursi toimumise aeg on 01.12.2022-08.01.2023.<\/p>\n<ul>\n<li>Konkursil osalemine on osav\u00f5tumaksuta.<\/li>\n<li>Konkursil osalejate videote haridusliku sisu olemasolu \u00fcle otsustab\u00a0\u017e\u00fcrii.<\/li>\n<li>Konkursi korraldajal on \u00f5igus teha konkursi korralduslikes k\u00fcsimustes jooksvaid otsuseid.<\/li>\n<\/ul>\n<h2><\/h2>\n<h2><span style=\"color: #800000;\">KONKURSI KORRALDUS<\/span><\/h2>\n<p>Konkursil osalemiseks peab osaleja(d) TikToki kasutajakonto alt \u00fcles laadima video, mis sisaldaks v\u00e4hemalt \u00fchte infokildu konkursi kodulehelt. Infokild ei pea videos esinema s\u00f5na-s\u00f5nalt, kuid selle m\u00f5te peab olema arusaadavalt edasi antud.<\/p>\n<ul>\n<li>Video kestus ei ole m\u00e4\u00e4ratud.<\/li>\n<li>Konkursile v\u00f5ivad video esitada k\u00f5ik soovijad alates 1. detsembrist 2022 kuni 8. jaanuarini 2023 (k.a.).<\/li>\n<li>Hindamisele p\u00e4\u00e4sevad videod, milles on kasutatud v\u00e4hemalt \u00fcks konkursi kodulehelt leitav <strong>infokild<\/strong> ja teemaviidet <strong>#TikTokikodu<\/strong>. #TikTokikodu peab olema lisatud TikToki video kirjeldusse.<\/li>\n<li>3-liikmelise \u017e\u00fcrii \u00fclesanne on otsustada, kas videos on hariduslik sisu ehk v\u00e4hemalt \u00fcks infokild kodulehelt.<\/li>\n<li>Kui infokild on videos arusaadavalt v\u00e4lja toodud, v\u00f5idavad\u00a0videod, millel on k\u00f5ige suurem kaasatus (<em>engagement<\/em>).<\/li>\n<\/ul>\n<p>Kaasatuse arvutamine:<\/p>\n<p><b id=\"docs-internal-guid-3ea9094e-7fff-f155-a6f5-b926ee907c19\"><img loading=\"lazy\" decoding=\"async\" src=\"https:\/\/lh3.googleusercontent.com\/DMyxllWTXX0mtdpFlcQ5XCbRplExnvzef3c7UbYjp6q2yBZA_-agJxo9yWd6wIlk4l6lutZ3xSHd23ftYE-DxSG0ZxBaleHVa6tx5sW9aoSudPFrwrPTJ3pG7oFC38UMF2AUTYH0iw9NcEcTt1wTcf-t4jE-F92nZx7XrcoXb8jjuSN27m4TgUvsgbAPjg\" width=\"602\" height=\"140\"><\/b><\/p>\n<ul>\n<li>Osalejad tohivad konkursile esitada rohkem kui \u00fche video. Kui konkursil peaks \u00fche autori mitu videot saavutama rohkem kui \u00fche auhinnalise koha, loetakse autor\u00a0\u00fche auhinnalise koha saavutanuks ning 3. kohale t\u00f5useb esialgu 4. koha saavutanud konkursil osaleja.<\/li>\n<li>Konkursi v\u00f5itjate kaasatus arvutatakse v\u00e4lja 9. jaanuaril kell 13.00. Peale seda lisandunud meeldimised, kommentaarid, vaatamised ning jagamised arvesse ei l\u00e4he.<\/li>\n<li>Konkursil puudub vanusepiirang.<\/li>\n<\/ul>\n<h2><\/h2>\n<h2><span style=\"color: #800000;\">AUTASUSTAMINE<\/span><\/h2>\n<p>Autasustamine toimub Tartu \u00dclikooli \u00fchiskonnateaduste instituudi Youtube\u2019i keskkonnas 14. jaanuaril. S\u00f5na saavad \u017e\u00fcrii poolt konkursi 1., 2. ja 3. koha p\u00e4lvinud osalejad. Lisaks saavad s\u00f5na ka TikToki kodu loojad.<\/p>\n<h2><\/h2>\n<h2><span style=\"color: #800000;\">AUHINNAFOND<\/span><\/h2>\n<p>Kolme parimat videot premeerib Tartu \u00dclikooli \u00dchiskonnateaduste instituut\u00a0rahalise auhinnaga. Konkursi v\u00f5itjat, 2. ja 3. koha saavutanud video autorit\/autoreid premeeritakse 500 euroga. Konkursil auhinnalise tasu v\u00e4ljamakse tehakse ainult Eesti maksuresidentsusega inimestele.<\/p>\n<h2><span style=\"color: #800000;\">MUUD S\u00c4TTED<\/span><\/h2>\n<p>Konkursi korraldaja ei h\u00fcvita konkursil osalejatele konkursil osalemise t\u00f5ttu tehtud kulutusi. Konkursi korraldajal on \u00f5igus kasutada konkursi salvestusi nende eest esinejatele honorari maksmata.<\/p>\n<p style=\"text-align: right;\"><span style=\"font-size: 12px;\">Tingimusi muudetud 14. detsember 2022.<\/span><\/p>\n<p>Kontakt: agneta.pukk@ut.ee<\/p>\n","protected":false},"excerpt":{"rendered":"<p>\u00dcLDS\u00c4TTED Konkursi korraldajaks on Riigikantselei koost\u00f6\u00f6s Tartu \u00dclikooli \u00fchiskonnateaduste instituudiga. Konkursil osalejad loovad TikToki konkursi (edaspidi konkursi) kodulehelt\u00a0saadava info p\u00f5hjal hariduslikku ja meelelahutuslikku meediasisu. Konkursi eesm\u00e4rgiks on jagada TikToki platvormi kasutajatele infot, kuidas TikTok kogub nende andmeid ning kuidas moodustub &#8230;<\/p>\n","protected":false},"author":298,"featured_media":0,"parent":0,"menu_order":0,"comment_status":"closed","ping_status":"closed","template":"","meta":{"_acf_changed":false,"inline_featured_image":false,"footnotes":""},"class_list":["post-3","page","type-page","status-publish","hentry"],"acf":[],"_links":{"self":[{"href":"https:\/\/sisu.ut.ee\/tiktokikodu\/wp-json\/wp\/v2\/pages\/3","targetHints":{"allow":["GET"]}}],"collection":[{"href":"https:\/\/sisu.ut.ee\/tiktokikodu\/wp-json\/wp\/v2\/pages"}],"about":[{"href":"https:\/\/sisu.ut.ee\/tiktokikodu\/wp-json\/wp\/v2\/types\/page"}],"author":[{"embeddable":true,"href":"https:\/\/sisu.ut.ee\/tiktokikodu\/wp-json\/wp\/v2\/users\/298"}],"replies":[{"embeddable":true,"href":"https:\/\/sisu.ut.ee\/tiktokikodu\/wp-json\/wp\/v2\/comments?post=3"}],"version-history":[{"count":2,"href":"https:\/\/sisu.ut.ee\/tiktokikodu\/wp-json\/wp\/v2\/pages\/3\/revisions"}],"predecessor-version":[{"id":100,"href":"https:\/\/sisu.ut.ee\/tiktokikodu\/wp-json\/wp\/v2\/pages\/3\/revisions\/100"}],"wp:attachment":[{"href":"https:\/\/sisu.ut.ee\/tiktokikodu\/wp-json\/wp\/v2\/media?parent=3"}],"curies":[{"name":"wp","href":"https:\/\/api.w.org\/{rel}","templated":true}]}}