{"id":9,"date":"2024-04-04T08:29:31","date_gmt":"2024-04-04T05:29:31","guid":{"rendered":"https:\/\/sisu.ut.ee\/tikkimine\/ahelpiste\/"},"modified":"2024-04-04T08:29:57","modified_gmt":"2024-04-04T05:29:57","slug":"ahelpiste","status":"publish","type":"page","link":"https:\/\/sisu.ut.ee\/tikkimine\/ahelpiste\/","title":{"rendered":"Ahelpiste"},"content":{"rendered":"<p>\n\t\u00a0\n<\/p>\n<p>\n\t<span style=\"font-size:16px\">Kui tikkida ahelpistet pikem rida, siis n\u00e4eb see v\u00e4lja nagu heegelkett. Ahelpisted koosevad \u00fcksikutest l\u00fclidest. Pisterea iga j\u00e4rgnev piste algab eelmise piste seest.\u00a0<\/span>\n<\/p>\n<p>\n\t<strong><span style=\"font-size:16px\">Ahelpistet tikitakse suunaga \u00fclevalt alla.<\/span><\/strong>\n<\/p>\n<p>\n\t<strong><span style=\"font-size:16px\">N\u00f5ela liikumise suund on \u00fclevalt alla.<\/span><\/strong>\n<\/p>\n<p>\n\t\u00a0\n<\/p>\n<p>\n\t<span style=\"color:#ff0000\"><span style=\"font-size:16px\">Tikkimiseks vali endale sobiv t\u00f6\u00f6 k\u00e4ik.<\/span><\/span>\n<\/p>\n<table class=\"table table-hover\" border=\"1\" cellpadding=\"1\" cellspacing=\"1\">\n<tbody>\n<tr>\n<td>\n\t\t\t\t<span style=\"font-size:16px\"><strong>T\u00f6\u00f6 k\u00e4ik 1:<\/strong><\/span>\n\t\t\t<\/td>\n<td>\n\t\t\t\t<span style=\"font-size:16px\"><strong>T\u00f6\u00f6 k\u00e4ik 2:<\/strong><\/span>\n\t\t\t<\/td>\n<\/tr>\n<tr>\n<td>\n\t\t\t\t<span style=\"font-size:16px\">Vaata joonist:\u00a0<\/span>\n\t\t\t<\/td>\n<td>\n\t\t\t\t<span style=\"font-size:16px\">Vaata joonist:\u00a0<\/span>\n\t\t\t<\/td>\n<\/tr>\n<tr>\n<td>\n<ul>\n<li>\n\t\t\t\t\t\t<span style=\"font-size:16px\">Too l\u00f5ng t\u00f6\u00f6 ette punktis 1.\u00a0<\/span>\n\t\t\t\t\t<\/li>\n<li>\n\t\t\t\t\t\t<span style=\"font-size:16px\">Vii l\u00f5ng\u00a0t\u00f6\u00f6 taha punktis 1 ja too l\u00f5ng t\u00f6\u00f6 ette punktis 2\u00a0nii, et l\u00f5ng\u00a0j\u00e4\u00e4b n\u00f5ela alla.<\/span>\n\t\t\t\t\t<\/li>\n<li>\n\t\t\t\t\t\t<span style=\"font-size:16px\">Pinguta piste.<\/span>\n\t\t\t\t\t<\/li>\n<li>\n\t\t\t\t\t\t<span style=\"font-size:16px\">Esimene ahelpiste on tikitud. J\u00e4tka samal viisil tikkimist.\u00a0<\/span>\n\t\t\t\t\t<\/li>\n<li>\n\t\t\t\t\t\t<span style=\"font-size:16px\">Pisterea l\u00f5petamiseks tee viimane piste viimase ahelpiste\u00a0taha (joonis 3).\u00a0 \u00a0 \u00a0 \u00a0 \u00a0 \u00a0 \u00a0 \u00a0 \u00a0 \u00a0 \u00a0 \u00a0 \u00a0 \u00a0 \u00a0 \u00a0 \u00a0 \u00a0 \u00a0 \u00a0 \u00a0 \u00a0 \u00a0 \u00a0 \u00a0 \u00a0 \u00a0 \u00a0 \u00a0 \u00a0 \u00a0 \u00a0 \u00a0 \u00a0 \u00a0 \u00a0 \u00a0 \u00a0 \u00a0 \u00a0 \u00a0 \u00a0 \u00a0<\/span>\n\t\t\t\t\t<\/li>\n<\/ul>\n<p>\n\t\t\t\t\t\u00a0\n\t\t\t\t<\/p>\n<\/td>\n<td>\n<ul>\n<li>\n\t\t\t\t\t\t<span style=\"font-size:16px\">Too l\u00f5ng t\u00f6\u00f6 ette alguspunktis.<\/span>\n\t\t\t\t\t<\/li>\n<li>\n\t\t\t\t\t\t<span style=\"font-size:16px\">Vii l\u00f5ng t\u00f6\u00f6 taha alguspunktis ja too t\u00f6\u00f6 ette pistepikkuse v\u00f5rra all (vaata joonist 1), arvestades sellega, et l\u00f5ng j\u00e4\u00e4b n\u00f5ela alla.<\/span>\n\t\t\t\t\t<\/li>\n<li>\n\t\t\t\t\t\t<span style=\"font-size:16px\">J\u00e4rgmise piste tikkimiseks liigu t\u00f6\u00f6 taha punktis, kust l\u00f5nga viimati t\u00f6\u00f6 ette t\u00f5id (vaata joonist 2).<\/span>\n\t\t\t\t\t<\/li>\n<li>\n\t\t\t\t\t\t<span style=\"font-size:16px\">Tikkimisrea l\u00f5petamiseks kinnita viimane piste (vaata joonist 3). Sellelks vii l\u00f5ng t\u00f6\u00f6 taha viimase ahelpiste tagant.<\/span>\n\t\t\t\t\t<\/li>\n<\/ul>\n<p>\n\t\t\t\t\t\u00a0\n\t\t\t\t<\/p>\n<\/td>\n<\/tr>\n<\/tbody>\n<\/table>\n<p>\n\t\u00a0\n<\/p>\n<p>\n\t<span style=\"color:#ff0000\"><span style=\"font-size:18px\"><strong>Video vaatamiseks vajuta hiirega joonisele.<\/strong>\u00a0<\/span><\/span>\n<\/p>\n<p>\n\t<a data-url=\"https:\/\/youtu.be\/nH-VDCFqySo\" href=\"https:\/\/youtu.be\/nH-VDCFqySo\" target=\"_blank\" title=\"\" rel=\"noopener\"><img loading=\"lazy\" decoding=\"async\" width=\"866\" height=\"688\" class=\"alignnone wp-image-34\" style=\"font-size: 16px\" src=\"https:\/\/sisu.ut.ee\/wp-content\/uploads\/sites\/616\/ahelpiste_2.png\" title=\"ahelpiste_2.png\" alt=\"Ahelpiste\" srcset=\"https:\/\/sisu.ut.ee\/wp-content\/uploads\/sites\/616\/ahelpiste_2.png 866w, https:\/\/sisu.ut.ee\/wp-content\/uploads\/sites\/616\/ahelpiste_2-300x238.png 300w, https:\/\/sisu.ut.ee\/wp-content\/uploads\/sites\/616\/ahelpiste_2-768x610.png 768w\" sizes=\"auto, (max-width: 866px) 100vw, 866px\"><\/a>\n<\/p>\n<p>\n\t<a data-url=\"https:\/\/sisu.ut.ee\/tikkimine\/linnusilmapiste\" href=\"https:\/\/sisu.ut.ee\/tikkimine\/linnusilmapiste\" target=\"_blank\" title=\"\" rel=\"noopener\"><img loading=\"lazy\" decoding=\"async\" width=\"324\" height=\"170\" class=\"alignnone wp-image-28\" src=\"https:\/\/sisu.ut.ee\/wp-content\/uploads\/sites\/616\/nool.png\" title=\"nool.png\" alt=\"nool\" srcset=\"https:\/\/sisu.ut.ee\/wp-content\/uploads\/sites\/616\/nool.png 324w, https:\/\/sisu.ut.ee\/wp-content\/uploads\/sites\/616\/nool-300x157.png 300w\" sizes=\"auto, (max-width: 324px) 100vw, 324px\"><\/a>\n<\/p>\n<p>\n\t\u00a0\n<\/p>\n<p>\n\t<span style=\"font-size:16px\">Siit<strong> <\/strong><a data-url=\"https:\/\/drive.google.com\/file\/d\/18Zs_PZjkSoef5DU5SpDRo1bvJyY6JaQ7\/view?usp=share_link\" href=\"https:\/\/drive.google.com\/file\/d\/18Zs_PZjkSoef5DU5SpDRo1bvJyY6JaQ7\/view?usp=share_link\" target=\"_blank\" title=\"\" rel=\"noopener\"><span style=\"color:#0000cd\"><strong>lingilt<\/strong><\/span> <\/a>on k\u00e4ttesaadav ahelpiste juhend Pdf failina.<\/span><\/p>\n","protected":false},"excerpt":{"rendered":"<p>\u00a0 Kui tikkida ahelpistet pikem rida, siis n\u00e4eb see v\u00e4lja nagu heegelkett. Ahelpisted koosevad \u00fcksikutest l\u00fclidest. Pisterea iga j\u00e4rgnev piste algab eelmise piste seest.\u00a0 Ahelpistet tikitakse suunaga \u00fclevalt alla. N\u00f5ela liikumise suund on \u00fclevalt alla. \u00a0 Tikkimiseks vali endale sobiv &#8230;<\/p>\n","protected":false},"author":307,"featured_media":0,"parent":0,"menu_order":0,"comment_status":"closed","ping_status":"closed","template":"","meta":{"_acf_changed":false,"inline_featured_image":false,"footnotes":""},"class_list":["post-9","page","type-page","status-publish","hentry"],"acf":[],"_links":{"self":[{"href":"https:\/\/sisu.ut.ee\/tikkimine\/wp-json\/wp\/v2\/pages\/9","targetHints":{"allow":["GET"]}}],"collection":[{"href":"https:\/\/sisu.ut.ee\/tikkimine\/wp-json\/wp\/v2\/pages"}],"about":[{"href":"https:\/\/sisu.ut.ee\/tikkimine\/wp-json\/wp\/v2\/types\/page"}],"author":[{"embeddable":true,"href":"https:\/\/sisu.ut.ee\/tikkimine\/wp-json\/wp\/v2\/users\/307"}],"replies":[{"embeddable":true,"href":"https:\/\/sisu.ut.ee\/tikkimine\/wp-json\/wp\/v2\/comments?post=9"}],"version-history":[{"count":1,"href":"https:\/\/sisu.ut.ee\/tikkimine\/wp-json\/wp\/v2\/pages\/9\/revisions"}],"predecessor-version":[{"id":91,"href":"https:\/\/sisu.ut.ee\/tikkimine\/wp-json\/wp\/v2\/pages\/9\/revisions\/91"}],"wp:attachment":[{"href":"https:\/\/sisu.ut.ee\/tikkimine\/wp-json\/wp\/v2\/media?parent=9"}],"curies":[{"name":"wp","href":"https:\/\/api.w.org\/{rel}","templated":true}]}}