{"id":8,"date":"2024-04-04T08:29:30","date_gmt":"2024-04-04T05:29:30","guid":{"rendered":"https:\/\/sisu.ut.ee\/tikkimine\/varspiste\/"},"modified":"2024-04-04T08:29:57","modified_gmt":"2024-04-04T05:29:57","slug":"varspiste","status":"publish","type":"page","link":"https:\/\/sisu.ut.ee\/tikkimine\/varspiste\/","title":{"rendered":"Varspiste"},"content":{"rendered":"<p>\n\t\u00a0\n<\/p>\n<p>\n\t<span style=\"font-size:16px\">Varspistet tikkides on tulemuseks ilus ja \u00fchtlane tikkerida, mis meenutab n\u00f6\u00f6ri. Piste nimi on p\u00e4rit tema kasutamisest tikandites. Nimelt kasutatakse seda pistet nii lehtede kui ka \u00f5ievarte tikkimiseks.<\/span>\n<\/p>\n<p>\n\t<strong><span style=\"font-size:16px\">Tikkimist alustatakse\u00a0tavaliselt vasakult suunaga paremale.<\/span><\/strong>\n<\/p>\n<p>\n\t<strong><span style=\"font-size:16px\">N\u00f5ela liikumise suund on paremalt vasakule.<\/span><\/strong>\n<\/p>\n<p>\n\t<span style=\"font-size:16px\">J\u00e4lgi, et l\u00f5ng oleks\u00a0n\u00f5elast\u00a0\u00fcleval pool.\u00a0<\/span>\n<\/p>\n<p>\n\t<span style=\"font-size:16px\">Juhendis oleval \u00f5petusel on piste pikkuseks neli<strong><span style=\"color:#0000cd\"> <\/span><a data-url=\"https:\/\/sisu.ut.ee\/tikkimine\/m%C3%B5istete-t%C3%A4hendused\" href=\"https:\/\/sisu.ut.ee\/tikkimine\/m%C3%B5istete-t%C3%A4hendused\" target=\"_blank\" title=\"\" rel=\"noopener\"><span style=\"color:#0000cd\">riidel\u00f5nga<\/span><\/a><\/strong> ja sellest tulenevalt on pool piste pikkust kaks riidel\u00f5nga.<\/span>\n<\/p>\n<p>\n\t\u00a0\n<\/p>\n<p>\n\t<span style=\"color:#ff0000\"><span style=\"font-size:16px\">Tikkimiseks vali endale sobiv t\u00f6\u00f6 k\u00e4ik.<\/span><\/span>\n<\/p>\n<table class=\"table table-hover\" border=\"1\" cellpadding=\"1\" cellspacing=\"1\">\n<tbody>\n<tr>\n<td>\n\t\t\t\t<span style=\"font-size:16px\"><strong>T\u00f6\u00f6 k\u00e4ik 1:<\/strong><\/span>\n\t\t\t<\/td>\n<td>\n\t\t\t\t<span style=\"font-size:16px\"><strong>T\u00f6\u00f6 k\u00e4ik 2:<\/strong><\/span>\n\t\t\t<\/td>\n<\/tr>\n<tr>\n<td>\n\t\t\t\t<span style=\"font-size:16px\">Vaata joonist:\u00a0<\/span>\n\t\t\t<\/td>\n<td>\n\t\t\t\t<span style=\"font-size:16px\">Vaata joonist:\u00a0<\/span>\n\t\t\t<\/td>\n<\/tr>\n<tr>\n<td>\n<ul>\n<li>\n\t\t\t\t\t\t<span style=\"font-size:16px\">Too l\u00f5ng t\u00f6\u00f6 ette punktis 1.<\/span>\n\t\t\t\t\t<\/li>\n<li>\n\t\t\t\t\t\t<span style=\"font-size:16px\">Vii l\u00f5ng t\u00f6\u00f6 taha punktis 2 ja\u00a0too\u00a0t\u00f6\u00f6\u00a0ette punktis 3.<\/span>\n\t\t\t\t\t<\/li>\n<li>\n\t\t\t\t\t\t<span style=\"font-size:16px\">Vii l\u00f5ng t\u00f6\u00f6 taha punktis 4 ja too t\u00f6\u00f6 ette punktis 5.\u00a0<\/span>\n\t\t\t\t\t<\/li>\n<li>\n\t\t\t\t\t\t<span style=\"font-size:16px\">J\u00e4tka samal viisil tikkimist.<\/span>\n\t\t\t\t\t<\/li>\n<li>\n\t\t\t\t\t\t<span style=\"font-size:16px\">Iga piste pikkus ja vahe peab olema sama.<\/span>\n\t\t\t\t\t<\/li>\n<li>\n\t\t\t\t\t\t<span style=\"font-size:16px\">J\u00e4lgi, et l\u00f5ng oleks tikkimise ajal \u00fcleval pool.\u00a0 \u00a0 \u00a0 \u00a0 \u00a0 \u00a0 \u00a0 \u00a0 \u00a0 \u00a0 \u00a0 \u00a0 \u00a0 \u00a0 \u00a0 \u00a0 \u00a0 \u00a0 \u00a0 \u00a0 \u00a0 \u00a0 \u00a0 \u00a0 \u00a0 \u00a0 \u00a0 \u00a0 \u00a0\u00a0\u00a0<\/span>\n\t\t\t\t\t<\/li>\n<\/ul>\n<\/td>\n<td>\n<ul>\n<li>\n\t\t\t\t\t\t<span style=\"font-size:16px\">Too\u00a0l\u00f5ng t\u00f6\u00f6 ette alguspunktis, punkt 1.<\/span>\n\t\t\t\t\t<\/li>\n<li>\n\t\t\t\t\t\t<span style=\"font-size:16px\">Vii l\u00f5ng t\u00f6\u00f6 taha piste pikkuse v\u00f5rra paremal ja too t\u00f6\u00f6 ette poole piste pikkuse v\u00f5rra vasakul.<\/span>\n\t\t\t\t\t<\/li>\n<li>\n\t\t\t\t\t\t<span style=\"font-size:16px\">J\u00e4tka samal viisil tikkimist.<\/span>\n\t\t\t\t\t<\/li>\n<li>\n\t\t\t\t\t\t<span style=\"font-size:16px\">J\u00e4lgi, et l\u00f5ng oleks tikkimise ajal \u00fcleval pool.<\/span>\n\t\t\t\t\t<\/li>\n<\/ul>\n<\/td>\n<\/tr>\n<\/tbody>\n<\/table>\n<p>\n\t\u00a0\n<\/p>\n<p>\n\t<span style=\"color:#ff0000\"><span style=\"font-size:18px\"><strong>Video vaatamiseks vajuta hiirega joonisele.<\/strong>\u00a0<\/span><\/span>\n<\/p>\n<p>\n\t<a data-url=\"https:\/\/youtu.be\/qAiRCQDk0p8\" href=\"https:\/\/youtu.be\/qAiRCQDk0p8\" target=\"_blank\" title=\"\" rel=\"noopener\"><img loading=\"lazy\" decoding=\"async\" width=\"1232\" height=\"417\" class=\"alignnone wp-image-32\" style=\"16px\" src=\"https:\/\/sisu.ut.ee\/wp-content\/uploads\/sites\/616\/varspiste_1_01.png\" title=\"varspiste_1_01.png\" alt=\"Varspiste\" srcset=\"https:\/\/sisu.ut.ee\/wp-content\/uploads\/sites\/616\/varspiste_1_01.png 1232w, https:\/\/sisu.ut.ee\/wp-content\/uploads\/sites\/616\/varspiste_1_01-300x102.png 300w, https:\/\/sisu.ut.ee\/wp-content\/uploads\/sites\/616\/varspiste_1_01-1024x347.png 1024w, https:\/\/sisu.ut.ee\/wp-content\/uploads\/sites\/616\/varspiste_1_01-768x260.png 768w\" sizes=\"auto, (max-width: 1232px) 100vw, 1232px\"><\/a>\n<\/p>\n<p>\n\t<a data-url=\"https:\/\/sisu.ut.ee\/tikkimine\/ahelpiste\" href=\"https:\/\/sisu.ut.ee\/tikkimine\/ahelpiste\" target=\"_blank\" title=\"\" rel=\"noopener\"><img loading=\"lazy\" decoding=\"async\" width=\"324\" height=\"170\" class=\"alignnone wp-image-28\" src=\"https:\/\/sisu.ut.ee\/wp-content\/uploads\/sites\/616\/nool.png\" title=\"nool.png\" alt=\"nool\" srcset=\"https:\/\/sisu.ut.ee\/wp-content\/uploads\/sites\/616\/nool.png 324w, https:\/\/sisu.ut.ee\/wp-content\/uploads\/sites\/616\/nool-300x157.png 300w\" sizes=\"auto, (max-width: 324px) 100vw, 324px\"><\/a><br>\u00a0\n<\/p>\n<p>\n\t<span style=\"font-size:16px\">Siit<strong> <\/strong><\/span><strong><a data-url=\"https:\/\/drive.google.com\/file\/d\/1slmDTcYUTVWnakGz8lUbvBjfXekwGja7\/view?usp=share_link\" href=\"https:\/\/drive.google.com\/file\/d\/1slmDTcYUTVWnakGz8lUbvBjfXekwGja7\/view?usp=share_link\" target=\"_blank\" title=\"\" rel=\"noopener\"><span style=\"color:#0000cd\">lingilt <\/span><\/a><\/strong><span style=\"font-size:16px\">on k\u00e4ttesaadav varspiste juhend Pdf failina.<\/span><\/p>\n","protected":false},"excerpt":{"rendered":"<p>\u00a0 Varspistet tikkides on tulemuseks ilus ja \u00fchtlane tikkerida, mis meenutab n\u00f6\u00f6ri. Piste nimi on p\u00e4rit tema kasutamisest tikandites. Nimelt kasutatakse seda pistet nii lehtede kui ka \u00f5ievarte tikkimiseks. Tikkimist alustatakse\u00a0tavaliselt vasakult suunaga paremale. N\u00f5ela liikumise suund on paremalt vasakule. &#8230;<\/p>\n","protected":false},"author":307,"featured_media":0,"parent":0,"menu_order":0,"comment_status":"closed","ping_status":"closed","template":"","meta":{"_acf_changed":false,"inline_featured_image":false,"footnotes":""},"class_list":["post-8","page","type-page","status-publish","hentry"],"acf":[],"_links":{"self":[{"href":"https:\/\/sisu.ut.ee\/tikkimine\/wp-json\/wp\/v2\/pages\/8","targetHints":{"allow":["GET"]}}],"collection":[{"href":"https:\/\/sisu.ut.ee\/tikkimine\/wp-json\/wp\/v2\/pages"}],"about":[{"href":"https:\/\/sisu.ut.ee\/tikkimine\/wp-json\/wp\/v2\/types\/page"}],"author":[{"embeddable":true,"href":"https:\/\/sisu.ut.ee\/tikkimine\/wp-json\/wp\/v2\/users\/307"}],"replies":[{"embeddable":true,"href":"https:\/\/sisu.ut.ee\/tikkimine\/wp-json\/wp\/v2\/comments?post=8"}],"version-history":[{"count":1,"href":"https:\/\/sisu.ut.ee\/tikkimine\/wp-json\/wp\/v2\/pages\/8\/revisions"}],"predecessor-version":[{"id":105,"href":"https:\/\/sisu.ut.ee\/tikkimine\/wp-json\/wp\/v2\/pages\/8\/revisions\/105"}],"wp:attachment":[{"href":"https:\/\/sisu.ut.ee\/tikkimine\/wp-json\/wp\/v2\/media?parent=8"}],"curies":[{"name":"wp","href":"https:\/\/api.w.org\/{rel}","templated":true}]}}