{"id":7,"date":"2024-04-04T08:29:30","date_gmt":"2024-04-04T05:29:30","guid":{"rendered":"https:\/\/sisu.ut.ee\/tikkimine\/jarelpiste\/"},"modified":"2024-04-04T08:29:57","modified_gmt":"2024-04-04T05:29:57","slug":"jarelpiste","status":"publish","type":"page","link":"https:\/\/sisu.ut.ee\/tikkimine\/jarelpiste\/","title":{"rendered":"J\u00e4relpiste"},"content":{"rendered":"<p>\n\t\u00a0\n<\/p>\n<p>\n\t<span style=\"font-size:16px\">J\u00e4relpiste sarnaneb t\u00f6\u00f6 k\u00e4igult<strong><span style=\"color:#0000cd\"> <\/span><a data-url=\"https:\/\/sisu.ut.ee\/tikkimine\/tikkpiste\" href=\"https:\/\/sisu.ut.ee\/tikkimine\/tikkpiste\" target=\"_blank\" title=\"\" rel=\"noopener\"><span style=\"color:#0000cd\">tikkpistega<\/span><\/a><\/strong>. Vahe on selles, et jarelpiste tikkimisel j\u00e4\u00e4b iga <strong><a data-url=\"https:\/\/sisu.ut.ee\/tikkimine\/m%C3%B5istete-t%C3%A4hendused\" href=\"https:\/\/sisu.ut.ee\/tikkimine\/m%C3%B5istete-t%C3%A4hendused\" target=\"_blank\" title=\"\" rel=\"noopener\"><span style=\"color:#0000cd\">piste<\/span><\/a><\/strong> vahele <strong><a data-url=\"https:\/\/sisu.ut.ee\/tikkimine\/m%C3%B5istete-t%C3%A4hendused\" href=\"https:\/\/sisu.ut.ee\/tikkimine\/m%C3%B5istete-t%C3%A4hendused\" target=\"_blank\" title=\"\" rel=\"noopener\"><span style=\"color:#0000cd\">pistevahe<\/span><\/a><\/strong>. J\u00e4rlepistet tikkides on k\u00f5ik pisted \u00fchepikkused. Ka pistevahed tuleb tikkida\u00a0\u00fchepikkused. Kuid seejuures pisted ja pistete vahed omavahel v\u00f5ivad olla erineva pikkusega. Tarbepistena kasutatakse jarelpistet n\u00e4iteks eriti paksust riidest\u00a0esemete traageldamisel.<\/span>\n<\/p>\n<p>\n\t<strong><span style=\"font-size:16px\">Tikkimist alusta paremalt suunaga vasakule.<\/span><\/strong>\n<\/p>\n<p>\n\t<strong><span style=\"font-size:16px\">N\u00f5ela liikumise suund on paremalt vasakule.<\/span><\/strong>\n<\/p>\n<p>\n\t<span style=\"font-size:16px\">Tikkimise alustamisel on <strong><a data-url=\"https:\/\/sisu.ut.ee\/tikkimine\/m%C3%B5istete-t%C3%A4hendused\" href=\"https:\/\/sisu.ut.ee\/tikkimine\/m%C3%B5istete-t%C3%A4hendused\" target=\"_blank\" title=\"\" rel=\"noopener\"><span style=\"color:#0000cd\">alguspunkt<\/span><\/a><\/strong> \u00fche piste\u00a0v\u00f5rra paremal.<\/span>\n<\/p>\n<p>\n\t\u00a0\n<\/p>\n<p>\n\t<span style=\"font-size:16px\"><span style=\"color:#ff0000\">Tikkimiseks vali endale sobiv t\u00f6\u00f6 k\u00e4ik.<\/span><\/span>\n<\/p>\n<table class=\"table table-hover\" border=\"1\" cellpadding=\"1\" cellspacing=\"1\">\n<tbody>\n<tr>\n<td>\n\t\t\t\t<span style=\"font-size:16px\"><strong>T\u00f6\u00f6 k\u00e4ik 1:<\/strong><\/span>\n\t\t\t<\/td>\n<td>\n\t\t\t\t<span style=\"font-size:16px\"><strong>T\u00f6\u00f6 k\u00e4ik 2:<\/strong><\/span>\n\t\t\t<\/td>\n<\/tr>\n<tr>\n<td>\n\t\t\t\t<span style=\"font-size:16px\">Vaata joonist:\u00a0<\/span>\n\t\t\t<\/td>\n<td>\n\t\t\t\t<span style=\"font-size:16px\">Vaata joonist:\u00a0<\/span>\n\t\t\t<\/td>\n<\/tr>\n<tr>\n<td>\n<ul>\n<li>\n\t\t\t\t\t\t<span style=\"font-size:16px\">Too l\u00f5ng t\u00f6\u00f6 ette punktis 1.<\/span>\n\t\t\t\t\t<\/li>\n<li>\n\t\t\t\t\t\t<span style=\"font-size:16px\">Vii l\u00f5ng t\u00f6\u00f6 taha punktis 2 \u00a0ja t\u00f6\u00f6 l\u00f5ng t\u00f6\u00f6 ette punktis 3.<\/span>\n\t\t\t\t\t<\/li>\n<li>\n\t\t\t\t\t\t<span style=\"font-size:16px\">Vii l\u00f5ng t\u00f6\u00f6 taha punktis 4 ja too t\u00f6\u00f6 ette punktis 5.<\/span>\n\t\t\t\t\t<\/li>\n<li>\n\t\t\t\t\t\t<span style=\"font-size:16px\">J\u00e4tka samal viisil tikkimist.\u00a0 \u00a0 \u00a0 \u00a0 \u00a0 \u00a0 \u00a0 \u00a0 \u00a0 \u00a0 \u00a0 \u00a0 \u00a0 \u00a0 \u00a0 \u00a0 \u00a0 \u00a0 \u00a0 \u00a0 \u00a0 \u00a0 \u00a0 \u00a0 \u00a0 \u00a0 \u00a0 \u00a0 \u00a0 \u00a0 \u00a0 \u00a0 \u00a0 \u00a0 \u00a0 \u00a0 \u00a0 \u00a0 \u00a0 \u00a0 \u00a0 \u00a0 \u00a0 \u00a0 \u00a0 \u00a0 \u00a0 \u00a0 \u00a0 \u00a0 \u00a0 \u00a0 \u00a0 \u00a0 \u00a0 \u00a0 \u00a0\u00a0<\/span>\n\t\t\t\t\t<\/li>\n<\/ul>\n<\/td>\n<td>\n<ul>\n<li>\n\t\t\t\t\t\t<span style=\"font-size:16px\">Too l\u00f5ng t\u00f6\u00f6 ette alguspunktis \u00fche piste pikkuse\u00a0v\u00f5rra vasakul, punktis 1.<\/span>\n\t\t\t\t\t<\/li>\n<li>\n\t\t\t\t\t\t<span style=\"font-size:16px\">Vii l\u00f5ng t\u00f6\u00f6 taha alguspunktis ja too t\u00f6\u00f6 ette kolme\u00a0piste pikkuse v\u00f5rra vasakul. Piste pikkus selles juhendis on kaks riidel\u00f5nga.<\/span>\n\t\t\t\t\t<\/li>\n<li>\n\t\t\t\t\t\t<span style=\"font-size:16px\">Iga j\u00e4rgmise piste tikkimiseks vii l\u00f5ng t\u00f6\u00f6 taha \u00fche piste v\u00f5rra paremal\u00a0ja too l\u00f5ng t\u00f6\u00f6 ette kahe piste pikkuse v\u00f5rra vasakul.<\/span>\n\t\t\t\t\t<\/li>\n<\/ul>\n<\/td>\n<\/tr>\n<\/tbody>\n<\/table>\n<p>\n\t\u00a0\n<\/p>\n<p>\n\t<span style=\"font-size:18px\"><span style=\"color:#ff0000\"><strong>Video vaatamiseks vajuta hiirega joonisele.<\/strong><\/span><\/span>\n<\/p>\n<p>\n\t<a data-url=\"https:\/\/youtu.be\/RPv0kLIiHU8\" href=\"https:\/\/youtu.be\/RPv0kLIiHU8\" target=\"_blank\" title=\"\" rel=\"noopener\"><img loading=\"lazy\" decoding=\"async\" width=\"993\" height=\"393\" class=\"alignnone wp-image-30\" src=\"https:\/\/sisu.ut.ee\/wp-content\/uploads\/sites\/616\/jarelpiste_1.png\" title=\"jarelpiste_1.png\" alt=\"J\u00e4relpiste\" srcset=\"https:\/\/sisu.ut.ee\/wp-content\/uploads\/sites\/616\/jarelpiste_1.png 993w, https:\/\/sisu.ut.ee\/wp-content\/uploads\/sites\/616\/jarelpiste_1-300x119.png 300w, https:\/\/sisu.ut.ee\/wp-content\/uploads\/sites\/616\/jarelpiste_1-768x304.png 768w\" sizes=\"auto, (max-width: 993px) 100vw, 993px\"><\/a>\n<\/p>\n<p>\n\t<a data-url=\"https:\/\/sisu.ut.ee\/tikkimine\/varspiste\" href=\"https:\/\/sisu.ut.ee\/tikkimine\/varspiste\" target=\"_blank\" title=\"\" rel=\"noopener\"><img loading=\"lazy\" decoding=\"async\" width=\"324\" height=\"170\" class=\"alignnone wp-image-28\" src=\"https:\/\/sisu.ut.ee\/wp-content\/uploads\/sites\/616\/nool.png\" title=\"nool.png\" alt=\"nool\" srcset=\"https:\/\/sisu.ut.ee\/wp-content\/uploads\/sites\/616\/nool.png 324w, https:\/\/sisu.ut.ee\/wp-content\/uploads\/sites\/616\/nool-300x157.png 300w\" sizes=\"auto, (max-width: 324px) 100vw, 324px\"><\/a><br>\u00a0\n<\/p>\n<p>\n\t<span style=\"font-size:16px\">Siit<strong> <\/strong><\/span><strong><a data-url=\"https:\/\/drive.google.com\/file\/d\/1Zix55EDXvd0m4OiVxhXxMtsHUBay_jdC\/view?usp=share_link\" href=\"https:\/\/drive.google.com\/file\/d\/1Zix55EDXvd0m4OiVxhXxMtsHUBay_jdC\/view?usp=share_link\" target=\"_blank\" title=\"\" rel=\"noopener\"><span style=\"color:#0000cd\">lingilt <\/span><\/a><\/strong><span style=\"font-size:16px\">on k\u00e4ttesaadav jarelpiste juhend Pdf failina.<\/span>\n<\/p>\n<p>\n\t\u00a0<\/p>\n","protected":false},"excerpt":{"rendered":"<p>\u00a0 J\u00e4relpiste sarnaneb t\u00f6\u00f6 k\u00e4igult tikkpistega. Vahe on selles, et jarelpiste tikkimisel j\u00e4\u00e4b iga piste vahele pistevahe. J\u00e4rlepistet tikkides on k\u00f5ik pisted \u00fchepikkused. Ka pistevahed tuleb tikkida\u00a0\u00fchepikkused. Kuid seejuures pisted ja pistete vahed omavahel v\u00f5ivad olla erineva pikkusega. Tarbepistena kasutatakse &#8230;<\/p>\n","protected":false},"author":307,"featured_media":0,"parent":0,"menu_order":0,"comment_status":"closed","ping_status":"closed","template":"","meta":{"_acf_changed":false,"inline_featured_image":false,"footnotes":""},"class_list":["post-7","page","type-page","status-publish","hentry"],"acf":[],"_links":{"self":[{"href":"https:\/\/sisu.ut.ee\/tikkimine\/wp-json\/wp\/v2\/pages\/7","targetHints":{"allow":["GET"]}}],"collection":[{"href":"https:\/\/sisu.ut.ee\/tikkimine\/wp-json\/wp\/v2\/pages"}],"about":[{"href":"https:\/\/sisu.ut.ee\/tikkimine\/wp-json\/wp\/v2\/types\/page"}],"author":[{"embeddable":true,"href":"https:\/\/sisu.ut.ee\/tikkimine\/wp-json\/wp\/v2\/users\/307"}],"replies":[{"embeddable":true,"href":"https:\/\/sisu.ut.ee\/tikkimine\/wp-json\/wp\/v2\/comments?post=7"}],"version-history":[{"count":1,"href":"https:\/\/sisu.ut.ee\/tikkimine\/wp-json\/wp\/v2\/pages\/7\/revisions"}],"predecessor-version":[{"id":104,"href":"https:\/\/sisu.ut.ee\/tikkimine\/wp-json\/wp\/v2\/pages\/7\/revisions\/104"}],"wp:attachment":[{"href":"https:\/\/sisu.ut.ee\/tikkimine\/wp-json\/wp\/v2\/media?parent=7"}],"curies":[{"name":"wp","href":"https:\/\/api.w.org\/{rel}","templated":true}]}}