{"id":6,"date":"2024-04-04T08:29:30","date_gmt":"2024-04-04T05:29:30","guid":{"rendered":"https:\/\/sisu.ut.ee\/tikkimine\/tikkpiste\/"},"modified":"2024-04-04T08:29:57","modified_gmt":"2024-04-04T05:29:57","slug":"tikkpiste","status":"publish","type":"page","link":"https:\/\/sisu.ut.ee\/tikkimine\/tikkpiste\/","title":{"rendered":"Tikkpiste"},"content":{"rendered":"<p>\n\t\u00a0\n<\/p>\n<p>\n\t<span style=\"font-size:16px\">Tikkpistena tikitud <strong><a data-url=\"https:\/\/sisu.ut.ee\/tikkimine\/m%C3%B5istete-t%C3%A4hendused\" href=\"https:\/\/sisu.ut.ee\/tikkimine\/m%C3%B5istete-t%C3%A4hendused\" target=\"_blank\" title=\"\" rel=\"noopener\"><span style=\"color:#0000cd\">pisterida<\/span><\/a><\/strong> meenutab \u00f5mblusmasinaga tehtud pisterida. Tikkpistet kasutatakse nii <strong><a data-url=\"https:\/\/sisu.ut.ee\/tikkimine\/m%C3%B5istete-t%C3%A4hendused\" href=\"https:\/\/sisu.ut.ee\/tikkimine\/m%C3%B5istete-t%C3%A4hendused\" target=\"_blank\" title=\"\" rel=\"noopener\"><span style=\"color:#0000cd\">tarbepistena<\/span><\/a><\/strong>\u00a0kui ka<strong><span style=\"color:#0000cd\"> <\/span><a data-url=\"https:\/\/sisu.ut.ee\/tikkimine\/m%C3%B5istete-t%C3%A4hendused\" href=\"https:\/\/sisu.ut.ee\/tikkimine\/m%C3%B5istete-t%C3%A4hendused\" target=\"_blank\" title=\"\" rel=\"noopener\"><span style=\"color:#0000cd\">kaunistuspistena<\/span><\/a><\/strong>. Tikkimise viisilt sarnaneb tikkpiste jarelpiste tikkimisele. Erinevus seisneb selles, et pisterida kujuneb tihedamaks, sest tikkimisel ei j\u00e4\u00e4 kahe piste vahele pistevahet.\u00a0<\/span>\n<\/p>\n<p>\n\t<strong><span style=\"font-size:16px\">Tikkpiste tikitakse\u00a0paremalt suunaga vasakule.<\/span><\/strong>\n<\/p>\n<p>\n\t<strong><span style=\"font-size:16px\">N\u00f5ela liikumise suund on paremalt vasakule.<\/span><\/strong>\n<\/p>\n<p>\n\t<span style=\"font-size:16px\">Piste pikkus oleneb nii mustrist kui ka materjalist, millele tikitakse.<\/span>\n<\/p>\n<p>\n\t<span style=\"font-size:16px\">Tikkimise alustamisel on alguspunkt \u00fche <strong><a data-url=\"https:\/\/sisu.ut.ee\/tikkimine\/m%C3%B5istete-t%C3%A4hendused\" href=\"https:\/\/sisu.ut.ee\/tikkimine\/m%C3%B5istete-t%C3%A4hendused\" target=\"_blank\" title=\"\" rel=\"noopener\"><span style=\"color:#0000cd\">piste<\/span><\/a><\/strong> v\u00f5rra paremal.<\/span>\n<\/p>\n<p>\n\t\u00a0\n<\/p>\n<p>\n\t<span style=\"font-size:16px\"><span style=\"color:#ff0000\">Tikkimiseks vali endale sobiv t\u00f6\u00f6 k\u00e4ik.<\/span><\/span>\n<\/p>\n<table class=\"table table-hover\" border=\"1\" cellpadding=\"1\" cellspacing=\"1\">\n<tbody>\n<tr>\n<td>\n\t\t\t\t<span style=\"font-size:16px\"><strong>T\u00f6\u00f6 k\u00e4ik 1:<\/strong><\/span>\n\t\t\t<\/td>\n<td>\n\t\t\t\t<span style=\"font-size:16px\"><strong>T\u00f6\u00f6 k\u00e4ik 2:<\/strong><\/span>\n\t\t\t<\/td>\n<\/tr>\n<tr>\n<td>\n\t\t\t\t<span style=\"font-size:16px\">Vaata joonist:\u00a0<\/span>\n\t\t\t<\/td>\n<td>\n\t\t\t\t<span style=\"font-size:16px\">Vaata joonist:\u00a0<\/span>\n\t\t\t<\/td>\n<\/tr>\n<tr>\n<td>\n<ul>\n<li>\n\t\t\t\t\t\t<span style=\"font-size:16px\">Too l\u00f5ng t\u00f6\u00f6 ette punktis 1.<\/span>\n\t\t\t\t\t<\/li>\n<li>\n\t\t\t\t\t\t<span style=\"font-size:16px\">Vii l\u00f5ng t\u00f6\u00f6 taha punktis 2 ja t\u00f6\u00f6 l\u00f5ng t\u00f6\u00f6 ette punktis 3.<\/span>\n\t\t\t\t\t<\/li>\n<li>\n\t\t\t\t\t\t<span style=\"font-size:16px\">Vii l\u00f5ng t\u00f6\u00f6 taha punktis 1 ja vii t\u00f6\u00f6 taha punktis 4.\u00a0<\/span>\n\t\t\t\t\t<\/li>\n<li>\n\t\t\t\t\t\t<span style=\"font-size:16px\">J\u00e4tka samal viisil tikkimist.<\/span>\n\t\t\t\t\t<\/li>\n<li>\n\t\t\t\t\t\t<span style=\"font-size:16px\">Iga piste pikkus ja vahe peab olema sama.\u00a0 \u00a0 \u00a0 \u00a0 \u00a0 \u00a0 \u00a0 \u00a0 \u00a0 \u00a0 \u00a0 \u00a0 \u00a0 \u00a0 \u00a0 \u00a0 \u00a0 \u00a0 \u00a0 \u00a0 \u00a0 \u00a0 \u00a0 \u00a0 \u00a0 \u00a0 \u00a0 \u00a0 \u00a0 \u00a0 \u00a0 \u00a0 \u00a0 \u00a0 \u00a0 \u00a0 \u00a0 \u00a0 \u00a0 \u00a0 \u00a0 \u00a0 \u00a0 \u00a0 \u00a0 \u00a0 \u00a0 \u00a0 \u00a0 \u00a0 \u00a0 \u00a0 \u00a0 \u00a0 \u00a0 \u00a0 \u00a0 \u00a0 \u00a0 \u00a0<\/span>\n\t\t\t\t\t<\/li>\n<\/ul>\n<\/td>\n<td>\n<ul>\n<li>\n\t\t\t\t\t\t<span style=\"font-size:16px\">Too l\u00f5ng t\u00f6\u00f6 ette alguspunktis \u00fche piste pikkuse\u00a0v\u00f5rra vasakul, punktis 1.<\/span>\n\t\t\t\t\t<\/li>\n<li>\n\t\t\t\t\t\t<span style=\"font-size:16px\">Vii l\u00f5ng t\u00f6\u00f6 taha alguspunktis ja too t\u00f6\u00f6 ette kahe piste pikkuse v\u00f5rra vasakul. Piste pikkus selles juhendis on kaks riidel\u00f5nga.<\/span>\n\t\t\t\t\t<\/li>\n<li>\n\t\t\t\t\t\t<span style=\"font-size:16px\">Iga j\u00e4rgmise piste tikkimiseks vii l\u00f5ng t\u00f6\u00f6 taha \u00fche piste v\u00f5rra paremal, seal\u00a0kus\u00a0eelmine piste l\u00f5ppes ja too l\u00f5ng t\u00f6\u00f6 ette kahe piste pikkuse v\u00f5rra vasakul.<\/span>\n\t\t\t\t\t<\/li>\n<\/ul>\n<\/td>\n<\/tr>\n<\/tbody>\n<\/table>\n<p>\n\t\u00a0\n<\/p>\n<p>\n\t<span style=\"color:#ff0000\"><span style=\"font-size:18px\"><strong>Video vaatamiseks vajuta hiirega joonisele.<\/strong><\/span><\/span>\n<\/p>\n<p>\n\t<a data-url=\"https:\/\/youtu.be\/oKL2pEaJlwo\" href=\"https:\/\/youtu.be\/oKL2pEaJlwo\" target=\"_blank\" title=\"\" rel=\"noopener\"><img loading=\"lazy\" decoding=\"async\" width=\"1036\" height=\"364\" class=\"alignnone wp-image-29\" style=\"font-size: 16px\" src=\"https:\/\/sisu.ut.ee\/wp-content\/uploads\/sites\/616\/tikkpiste_1.png\" title=\"tikkpiste_1.png\" alt=\"Tikkpiste\" srcset=\"https:\/\/sisu.ut.ee\/wp-content\/uploads\/sites\/616\/tikkpiste_1.png 1036w, https:\/\/sisu.ut.ee\/wp-content\/uploads\/sites\/616\/tikkpiste_1-300x105.png 300w, https:\/\/sisu.ut.ee\/wp-content\/uploads\/sites\/616\/tikkpiste_1-1024x360.png 1024w, https:\/\/sisu.ut.ee\/wp-content\/uploads\/sites\/616\/tikkpiste_1-768x270.png 768w\" sizes=\"auto, (max-width: 1036px) 100vw, 1036px\"><\/a><br>\u00a0\n<\/p>\n<p>\n\t<a data-url=\"https:\/\/sisu.ut.ee\/tikkimine\/j%C3%A4relpiste\" href=\"https:\/\/sisu.ut.ee\/tikkimine\/j%C3%A4relpiste\" title=\"\"><img loading=\"lazy\" decoding=\"async\" width=\"324\" height=\"170\" class=\"alignnone wp-image-28\" src=\"https:\/\/sisu.ut.ee\/wp-content\/uploads\/sites\/616\/nool.png\" title=\"nool.png\" alt=\"nool\" srcset=\"https:\/\/sisu.ut.ee\/wp-content\/uploads\/sites\/616\/nool.png 324w, https:\/\/sisu.ut.ee\/wp-content\/uploads\/sites\/616\/nool-300x157.png 300w\" sizes=\"auto, (max-width: 324px) 100vw, 324px\"><\/a>\n<\/p>\n<p>\n\t<span style=\"font-size:16px\">Siit<strong> <\/strong><a data-url=\"https:\/\/drive.google.com\/file\/d\/1N74TnbsY26RcUGlDS_P_QuGihAO-dvQK\/view?usp=share_link\" href=\"https:\/\/drive.google.com\/file\/d\/1N74TnbsY26RcUGlDS_P_QuGihAO-dvQK\/view?usp=share_link\" target=\"_blank\" title=\"\" rel=\"noopener\"><span style=\"color:#0000cd\"><strong>lingilt<\/strong><\/span> <\/a>on k\u00e4ttesaadav tikkpiste juhend Pdf failina.<\/span><\/p>\n","protected":false},"excerpt":{"rendered":"<p>\u00a0 Tikkpistena tikitud pisterida meenutab \u00f5mblusmasinaga tehtud pisterida. Tikkpistet kasutatakse nii tarbepistena\u00a0kui ka kaunistuspistena. Tikkimise viisilt sarnaneb tikkpiste jarelpiste tikkimisele. Erinevus seisneb selles, et pisterida kujuneb tihedamaks, sest tikkimisel ei j\u00e4\u00e4 kahe piste vahele pistevahet.\u00a0 Tikkpiste tikitakse\u00a0paremalt suunaga vasakule. N\u00f5ela &#8230;<\/p>\n","protected":false},"author":307,"featured_media":0,"parent":0,"menu_order":0,"comment_status":"closed","ping_status":"closed","template":"","meta":{"_acf_changed":false,"inline_featured_image":false,"footnotes":""},"class_list":["post-6","page","type-page","status-publish","hentry"],"acf":[],"_links":{"self":[{"href":"https:\/\/sisu.ut.ee\/tikkimine\/wp-json\/wp\/v2\/pages\/6","targetHints":{"allow":["GET"]}}],"collection":[{"href":"https:\/\/sisu.ut.ee\/tikkimine\/wp-json\/wp\/v2\/pages"}],"about":[{"href":"https:\/\/sisu.ut.ee\/tikkimine\/wp-json\/wp\/v2\/types\/page"}],"author":[{"embeddable":true,"href":"https:\/\/sisu.ut.ee\/tikkimine\/wp-json\/wp\/v2\/users\/307"}],"replies":[{"embeddable":true,"href":"https:\/\/sisu.ut.ee\/tikkimine\/wp-json\/wp\/v2\/comments?post=6"}],"version-history":[{"count":1,"href":"https:\/\/sisu.ut.ee\/tikkimine\/wp-json\/wp\/v2\/pages\/6\/revisions"}],"predecessor-version":[{"id":103,"href":"https:\/\/sisu.ut.ee\/tikkimine\/wp-json\/wp\/v2\/pages\/6\/revisions\/103"}],"wp:attachment":[{"href":"https:\/\/sisu.ut.ee\/tikkimine\/wp-json\/wp\/v2\/media?parent=6"}],"curies":[{"name":"wp","href":"https:\/\/api.w.org\/{rel}","templated":true}]}}