{"id":5,"date":"2024-04-04T08:29:30","date_gmt":"2024-04-04T05:29:30","guid":{"rendered":"https:\/\/sisu.ut.ee\/tikkimine\/avaleht\/"},"modified":"2024-07-04T16:30:24","modified_gmt":"2024-07-04T13:30:24","slug":"avaleht","status":"publish","type":"page","link":"https:\/\/sisu.ut.ee\/tikkimine\/","title":{"rendered":"Avaleht"},"content":{"rendered":"<h3><strong><span style=\"font-size: 20px;\">Tikkimine<\/span><\/strong><\/h3>\n<p><span style=\"font-size: 16px;\">Tikkimine on kunst, looming ja \u00fcks\u00a0enese v\u00e4ljaendamise viis. Tikanditega on esemeid kaunistatud juba kaugetest aegadest. Rohkete tikanditega v\u00f5ib kaunistada rahvar\u00f5ivaid v\u00f5i ka kodutekstiile nagu n\u00e4iteks linikud ja r\u00e4tikud. Kui aga selleks veel piisavalt oskusi ei ole, siis v\u00f5ib\u00a0m\u00f5ne tillukese tikandiga kaunistada n\u00e4iteks oma koolikotti, T-s\u00e4rki v\u00f5i p\u00fckse.<\/span><\/p>\n<p><span style=\"font-size: 16px;\">See\u00a0\u00f5piobjekt\u00a0on abivahend tikkimise algv\u00f5tete \u00f5ppimiseks. P\u00e4rast algv\u00f5tete omandamist on v\u00f5imalik tikkida juba v\u00e4ikseid tikandeid, millega soovitud esemeid kaunistada.\u00a0<\/span><\/p>\n<p><span style=\"font-size: 16px;\">\u00d5piobjekti eesm\u00e4rgiks on \u00f5petada selgeks j\u00e4rgmised pisted: \u00fcherealised pisted \u2013 eelpiste, tikkpiste, jarelpiste, varspiste, ahelpiste ja\u00a0linnusilmapiste ning\u00a0kaherealised pisted \u2013 samppiste, polvikpiste, aedpiste, ristpiste, kastpiste,\u00a0mahkpiste, madalpiste ja\u00a0haabepiste.<\/span><\/p>\n<p><span style=\"font-size: 16px;\">Head tikkimist!<\/span><\/p>\n<p><span style=\"font-size: 16px;\">Kaire Luksepp<br>\n<\/span><span style=\"font-size: 16px;\">\u00d5piobjekti \u201cTikkimise algv\u00f5tted\u201d autor<br>\n<\/span><span style=\"font-size: 16px;\">Tartu, 2023<\/span><\/p>\n","protected":false},"excerpt":{"rendered":"<p>Tikkimine Tikkimine on kunst, looming ja \u00fcks\u00a0enese v\u00e4ljaendamise viis. Tikanditega on esemeid kaunistatud juba kaugetest aegadest. Rohkete tikanditega v\u00f5ib kaunistada rahvar\u00f5ivaid v\u00f5i ka kodutekstiile nagu n\u00e4iteks linikud ja r\u00e4tikud. Kui aga selleks veel piisavalt oskusi ei ole, siis v\u00f5ib\u00a0m\u00f5ne tillukese &#8230;<\/p>\n","protected":false},"author":307,"featured_media":0,"parent":0,"menu_order":0,"comment_status":"closed","ping_status":"closed","template":"","meta":{"_acf_changed":false,"inline_featured_image":false,"footnotes":""},"class_list":["post-5","page","type-page","status-publish","hentry"],"acf":[],"_links":{"self":[{"href":"https:\/\/sisu.ut.ee\/tikkimine\/wp-json\/wp\/v2\/pages\/5","targetHints":{"allow":["GET"]}}],"collection":[{"href":"https:\/\/sisu.ut.ee\/tikkimine\/wp-json\/wp\/v2\/pages"}],"about":[{"href":"https:\/\/sisu.ut.ee\/tikkimine\/wp-json\/wp\/v2\/types\/page"}],"author":[{"embeddable":true,"href":"https:\/\/sisu.ut.ee\/tikkimine\/wp-json\/wp\/v2\/users\/307"}],"replies":[{"embeddable":true,"href":"https:\/\/sisu.ut.ee\/tikkimine\/wp-json\/wp\/v2\/comments?post=5"}],"version-history":[{"count":3,"href":"https:\/\/sisu.ut.ee\/tikkimine\/wp-json\/wp\/v2\/pages\/5\/revisions"}],"predecessor-version":[{"id":112,"href":"https:\/\/sisu.ut.ee\/tikkimine\/wp-json\/wp\/v2\/pages\/5\/revisions\/112"}],"wp:attachment":[{"href":"https:\/\/sisu.ut.ee\/tikkimine\/wp-json\/wp\/v2\/media?parent=5"}],"curies":[{"name":"wp","href":"https:\/\/api.w.org\/{rel}","templated":true}]}}