{"id":24,"date":"2024-04-04T08:29:32","date_gmt":"2024-04-04T05:29:32","guid":{"rendered":"https:\/\/sisu.ut.ee\/tikkimine\/mangulised-testid\/"},"modified":"2024-04-04T08:29:56","modified_gmt":"2024-04-04T05:29:56","slug":"mangulised-testid","status":"publish","type":"page","link":"https:\/\/sisu.ut.ee\/tikkimine\/mangulised-testid\/","title":{"rendered":"M\u00e4ngulised testid"},"content":{"rendered":"<p>\n\t\u00a0\n<\/p>\n<p>\n\t<span style=\"font-size:16px\">Sellelt lehelt leiad erinevaid m\u00e4nguliseks \u00f5ppimiseks m\u00f5eldud teste.\u00a0Soovikorral saad teste\u00a0l\u00e4bi teha korduvalt. Esimeses osas on tegemist lihtsamate testidega. Teises osas olevate testide lahendamiseks tuleb natuke rohkem m\u00f5elda ja nuputada.\u00a0Testide avamiseks vajuta hiirega sobivale lingile.<\/span>\n<\/p>\n<p>\n\t\u00a0\n<\/p>\n<p>\n\t<span style=\"font-size:16px\"><u>Lihtsamad m\u00e4ngulised\u00a0testid\u00a0tikkimispistete tundma \u00f5ppimiseks leiad siit<\/u>:<\/span>\n<\/p>\n<p>\n\t<span style=\"font-size:16px\"><a href=\"https:\/\/learningapps.org\/watch?v=po22m0m1a23\" target=\"_blank\" title=\"\" rel=\"noopener\">\u00dchenda paarid<\/a><\/span>\n<\/p>\n<p>\n\t<span style=\"font-size:16px\"><a data-url=\"https:\/\/learningapps.org\/watch?v=p70v7a0kc23\" href=\"https:\/\/learningapps.org\/watch?v=p70v7a0kc23\" target=\"_blank\" title=\"\" rel=\"noopener\">Lahenda pusle<\/a><\/span>\n<\/p>\n<p>\n\t<span style=\"font-size:16px\"><a data-url=\"https:\/\/learningapps.org\/watch?v=pu2b76bcn23\" href=\"https:\/\/learningapps.org\/watch?v=pu2b76bcn23\" target=\"_blank\" title=\"\" rel=\"noopener\">Pudenev lille\u00f5is<\/a><\/span>\n<\/p>\n<p>\n\t<span style=\"font-size:16px\"><a data-url=\"https:\/\/learningapps.org\/watch?v=pmuj4avck23\" href=\"https:\/\/learningapps.org\/watch?v=pmuj4avck23\" target=\"_blank\" title=\"\" rel=\"noopener\">Ratsutamine<\/a><\/span>\n<\/p>\n<p>\n\t\u00a0\n<\/p>\n<p>\n\t<span style=\"font-size:16px\"><u>Natuke rohkem m\u00f5tlemist n\u00f5udvad m\u00e4ngulised testid leiad siit<\/u>:<\/span>\n<\/p>\n<p>\n\t<span style=\"font-size:16px\"><a data-url=\"https:\/\/learningapps.org\/watch?v=pygtu0owk23\" href=\"https:\/\/learningapps.org\/watch?v=pygtu0owk23\" target=\"_blank\" title=\"\" rel=\"noopener\">Vali \u00f5ige vastus<\/a><\/span>\n<\/p>\n<p>\n\t<span style=\"font-size:16px\"><a data-url=\"https:\/\/learningapps.org\/watch?v=p3peuhmn523\" href=\"https:\/\/learningapps.org\/watch?v=p3peuhmn523\" target=\"_blank\" title=\"\" rel=\"noopener\">Memorin<\/a><\/span>\n<\/p>\n<p>\n\t<span style=\"font-size:16px\"><a data-url=\"https:\/\/learningapps.org\/watch?v=pohd0uqkj23\" href=\"https:\/\/learningapps.org\/watch?v=pohd0uqkj23\" target=\"_blank\" title=\"\" rel=\"noopener\">Teksti sisestamine<\/a><\/span>\n<\/p>\n<p>\n\t<span style=\"font-size:16px\"><a data-url=\"https:\/\/learningapps.org\/watch?v=pyuawv90c23\" href=\"https:\/\/learningapps.org\/watch?v=pyuawv90c23\" target=\"_blank\" title=\"\" rel=\"noopener\">S\u00f5nar\u00e4gastik<\/a><\/span>\n<\/p>\n<p>\n\t\u00a0\n<\/p>\n<p>\n\t\u00a0\n<\/p>\n<p>\n\t<span style=\"font-size:16px\">Siin <a data-url=\"https:\/\/drive.google.com\/file\/d\/1TGAQdcNYKzWkaHVHDYtrn2mFtup7GmQ2\/view?usp=share_link\" href=\"https:\/\/drive.google.com\/file\/d\/1TGAQdcNYKzWkaHVHDYtrn2mFtup7GmQ2\/view?usp=share_link\" target=\"_blank\" title=\"\" rel=\"noopener\">lingil <\/a>on m\u00e4ngulised testid k\u00e4ttesaadavad QR-koodina.<\/span><\/p>\n","protected":false},"excerpt":{"rendered":"<p>\u00a0 Sellelt lehelt leiad erinevaid m\u00e4nguliseks \u00f5ppimiseks m\u00f5eldud teste.\u00a0Soovikorral saad teste\u00a0l\u00e4bi teha korduvalt. Esimeses osas on tegemist lihtsamate testidega. Teises osas olevate testide lahendamiseks tuleb natuke rohkem m\u00f5elda ja nuputada.\u00a0Testide avamiseks vajuta hiirega sobivale lingile. \u00a0 Lihtsamad m\u00e4ngulised\u00a0testid\u00a0tikkimispistete tundma \u00f5ppimiseks &#8230;<\/p>\n","protected":false},"author":307,"featured_media":0,"parent":0,"menu_order":0,"comment_status":"closed","ping_status":"closed","template":"","meta":{"_acf_changed":false,"inline_featured_image":false,"footnotes":""},"class_list":["post-24","page","type-page","status-publish","hentry"],"acf":[],"_links":{"self":[{"href":"https:\/\/sisu.ut.ee\/tikkimine\/wp-json\/wp\/v2\/pages\/24","targetHints":{"allow":["GET"]}}],"collection":[{"href":"https:\/\/sisu.ut.ee\/tikkimine\/wp-json\/wp\/v2\/pages"}],"about":[{"href":"https:\/\/sisu.ut.ee\/tikkimine\/wp-json\/wp\/v2\/types\/page"}],"author":[{"embeddable":true,"href":"https:\/\/sisu.ut.ee\/tikkimine\/wp-json\/wp\/v2\/users\/307"}],"replies":[{"embeddable":true,"href":"https:\/\/sisu.ut.ee\/tikkimine\/wp-json\/wp\/v2\/comments?post=24"}],"version-history":[{"count":1,"href":"https:\/\/sisu.ut.ee\/tikkimine\/wp-json\/wp\/v2\/pages\/24\/revisions"}],"predecessor-version":[{"id":88,"href":"https:\/\/sisu.ut.ee\/tikkimine\/wp-json\/wp\/v2\/pages\/24\/revisions\/88"}],"wp:attachment":[{"href":"https:\/\/sisu.ut.ee\/tikkimine\/wp-json\/wp\/v2\/media?parent=24"}],"curies":[{"name":"wp","href":"https:\/\/api.w.org\/{rel}","templated":true}]}}