{"id":23,"date":"2024-04-04T08:29:32","date_gmt":"2024-04-04T05:29:32","guid":{"rendered":"https:\/\/sisu.ut.ee\/tikkimine\/moistete-tahendused\/"},"modified":"2024-04-04T08:29:56","modified_gmt":"2024-04-04T05:29:56","slug":"moistete-tahendused","status":"publish","type":"page","link":"https:\/\/sisu.ut.ee\/tikkimine\/moistete-tahendused\/","title":{"rendered":"M\u00f5isted"},"content":{"rendered":"<p>\n\t\u00a0\n<\/p>\n<p>\n\t<span style=\"font-size:16px\"><strong>Piste<\/strong> \u2013 on l\u00f5nga v\u00f5i niidi osa, mis\u00a0asetseb t\u00f6\u00f6 peal kahe l\u00e4bipistmiskoha vahel.<\/span> <span style=\"font-size:16px\"><a data-url=\"https:\/\/drive.google.com\/file\/d\/1KJ8qYkSsTL-zFhQfjOggda0RxDB3T33r\/view?usp=share_link\" href=\"https:\/\/drive.google.com\/file\/d\/1KJ8qYkSsTL-zFhQfjOggda0RxDB3T33r\/view?usp=share_link\" target=\"_blank\" title=\"\" rel=\"noopener\">Vajadusel vaata siia<\/a><\/span>\n<\/p>\n<h5>\n\t<span style=\"font-size:16px\"><strong>Pistevahe<\/strong> \u2013 t\u00fchi ala, mis on kahe piste vahel.\u00a0<a data-url=\"https:\/\/drive.google.com\/file\/d\/1vfCPXR2hKwUCyr61zps0zL50ZiK9_NnW\/view?usp=share_link\" href=\"https:\/\/drive.google.com\/file\/d\/1vfCPXR2hKwUCyr61zps0zL50ZiK9_NnW\/view?usp=share_link\" target=\"_blank\" title=\"\" rel=\"noopener\">Vajadusel vaata siia<\/a><\/span><br>\n<\/h5>\n<p>\n\t<strong><span style=\"font-size:16px\">Pistesamm <\/span><\/strong><span style=\"font-size:16px\">\u2013 pistesammu moodustavad piste ja pistevahe kokku. <a data-url=\"https:\/\/drive.google.com\/file\/d\/1COLGR-Oes0EwXj_mIpqGYd9wN81l6xqb\/view?usp=share_link\" href=\"https:\/\/drive.google.com\/file\/d\/1COLGR-Oes0EwXj_mIpqGYd9wN81l6xqb\/view?usp=share_link\" target=\"_blank\" title=\"\" rel=\"noopener\">Vajadusel vaata siia<\/a><\/span>\n<\/p>\n<h5>\n\t<span style=\"font-size:16px\"><strong>Pisterida<\/strong> \u2013 mitu\u00a0\u00fcksteise j\u00e4rel ja \u00fches reas olevat pistet moodustavad pisterea.\u00a0<a data-url=\"https:\/\/drive.google.com\/file\/d\/1WJHGxAo0g-47YDiwzNy7F2Ncs4IfY4vC\/view?usp=share_link\" href=\"https:\/\/drive.google.com\/file\/d\/1WJHGxAo0g-47YDiwzNy7F2Ncs4IfY4vC\/view?usp=share_link\" target=\"_blank\" title=\"\" rel=\"noopener\">Vajadusel vaata siia<\/a><\/span><br>\n<\/h5>\n<h5>\n\t<span style=\"font-size:16px\"><strong>Alguspunkt<\/strong> \u2013 koht kust t\u00f6\u00f6d alustatakse.\u00a0<\/span><br>\n<\/h5>\n<h5>\n\t<span style=\"font-size:16px\"><strong>Riidel\u00f5ng<\/strong> \u2013 riidel\u00f5nga moodustavad k\u00f5ik \u00fchtehoidvad riideniidid tikkimisriidel. <a data-url=\"https:\/\/drive.google.com\/file\/d\/1Zsaq8I9umLPQblyiTWaKij41Q42pjX6-\/view?usp=share_link\" href=\"https:\/\/drive.google.com\/file\/d\/1Zsaq8I9umLPQblyiTWaKij41Q42pjX6-\/view?usp=share_link\" target=\"_blank\" title=\"\" rel=\"noopener\">Vajadusel vaata siia<\/a><\/span><br>\n<\/h5>\n<h5>\n\t<span style=\"font-size:16px\"><strong>Tarbepiste<\/strong> \u2013 tarbepisteks nimetatakse neid pisteid, mida kasutatakse igap\u00e4evaselt \u00f5mblust\u00f6\u00f6de tegemisel.<\/span><br>\n<\/h5>\n<h5>\n\t<span style=\"font-size:16px\"><strong>Kaunistuspiste<\/strong> \u2013 kaunistuspisteteks nimetatakse neid pisteid, mida kasutatakse tikkimisel ning nende abil\u00a0kaunistatakse erinevaid esemeid.<\/span><br>\n<\/h5>\n<p>\n\t<span style=\"font-size:16px\"><strong>Aplikatsioontehnika<\/strong> \u2013 aplikatsioontehnikas kasuatatakse samppistet kujundite kinnitamiseks suurema kanga k\u00fclge.\u00a0<a data-url=\"https:\/\/drive.google.com\/file\/d\/1I4dm1HfqXU3_rzJL0Xqn2A-t_DCLGHWl\/view?usp=share_link\" href=\"https:\/\/drive.google.com\/file\/d\/1I4dm1HfqXU3_rzJL0Xqn2A-t_DCLGHWl\/view?usp=share_link\" target=\"_blank\" title=\"\" rel=\"noopener\">Vajadusel vaata siia<\/a><\/span>\n<\/p>\n<h5>\n\t<span style=\"font-size:16px\"><strong>Tekstiilip\u00e4rand<\/strong> \u2013 tekstiilip\u00e4randi moodustavad\u00a0aegde jooksul Eesti rahva poolt valmistatud tekstiilist esemed.<\/span><br>\n<\/h5>\n<h5>\n\t<span style=\"font-size:16px\"><strong>Setomaa<\/strong> \u2013 asub Kagu-Eesti ja Loode-Venemaa aladel. Selle piirkonna etnilistel (algsetel) elanikel on oma keel, kultuur, elustiil, toit ja rahvar\u00f5ivad.<\/span><span style=\"font-size:16px\">\u00a0 \u00a0 \u00a0 \u00a0 \u00a0 \u00a0 \u00a0 \u00a0 \u00a0 \u00a0 \u00a0 \u00a0 \u00a0 \u00a0 \u00a0 \u00a0 \u00a0 \u00a0<\/span><br>\n<\/h5>\n<p>\n\t\u00a0<\/p>\n","protected":false},"excerpt":{"rendered":"<p>\u00a0 Piste \u2013 on l\u00f5nga v\u00f5i niidi osa, mis\u00a0asetseb t\u00f6\u00f6 peal kahe l\u00e4bipistmiskoha vahel. Vajadusel vaata siia Pistevahe \u2013 t\u00fchi ala, mis on kahe piste vahel.\u00a0Vajadusel vaata siia Pistesamm \u2013 pistesammu moodustavad piste ja pistevahe kokku. Vajadusel vaata siia Pisterida &#8230;<\/p>\n","protected":false},"author":307,"featured_media":0,"parent":0,"menu_order":0,"comment_status":"closed","ping_status":"closed","template":"","meta":{"_acf_changed":false,"inline_featured_image":false,"footnotes":""},"class_list":["post-23","page","type-page","status-publish","hentry"],"acf":[],"_links":{"self":[{"href":"https:\/\/sisu.ut.ee\/tikkimine\/wp-json\/wp\/v2\/pages\/23","targetHints":{"allow":["GET"]}}],"collection":[{"href":"https:\/\/sisu.ut.ee\/tikkimine\/wp-json\/wp\/v2\/pages"}],"about":[{"href":"https:\/\/sisu.ut.ee\/tikkimine\/wp-json\/wp\/v2\/types\/page"}],"author":[{"embeddable":true,"href":"https:\/\/sisu.ut.ee\/tikkimine\/wp-json\/wp\/v2\/users\/307"}],"replies":[{"embeddable":true,"href":"https:\/\/sisu.ut.ee\/tikkimine\/wp-json\/wp\/v2\/comments?post=23"}],"version-history":[{"count":1,"href":"https:\/\/sisu.ut.ee\/tikkimine\/wp-json\/wp\/v2\/pages\/23\/revisions"}],"predecessor-version":[{"id":87,"href":"https:\/\/sisu.ut.ee\/tikkimine\/wp-json\/wp\/v2\/pages\/23\/revisions\/87"}],"wp:attachment":[{"href":"https:\/\/sisu.ut.ee\/tikkimine\/wp-json\/wp\/v2\/media?parent=23"}],"curies":[{"name":"wp","href":"https:\/\/api.w.org\/{rel}","templated":true}]}}