{"id":18,"date":"2024-04-04T08:29:32","date_gmt":"2024-04-04T05:29:32","guid":{"rendered":"https:\/\/sisu.ut.ee\/tikkimine\/ristpiste\/"},"modified":"2024-04-04T08:29:57","modified_gmt":"2024-04-04T05:29:57","slug":"ristpiste","status":"publish","type":"page","link":"https:\/\/sisu.ut.ee\/tikkimine\/ristpiste\/","title":{"rendered":"Ristpiste"},"content":{"rendered":"<p>\n\t\u00a0\n<\/p>\n<p>\n\t<span style=\"font-size:16px\">Ristpiste on \u00fcks sagedamini kasutatav piste erinevate esemete valmistamiseks ja kaunistamiseks. Eriti palju on ristpistet kasutatud n\u00e4iteks seinapiltide ja\u00a0padjakatete tikkimisel. Ristpistet v\u00f5ib tikkida \u00fcksikult, aga ka ridadena.<\/span>\n<\/p>\n<p>\n\t<strong><span style=\"font-size:16px\">Ristpiste puhul on oluline j\u00e4lgida, et k\u00f5ikidel tikitud ristidel oleksid pealmised pisted samas suunas!<\/span><\/strong>\n<\/p>\n<p>\n\t<span style=\"font-size:16px\">Ristpiste moodustavad omavahel diagonaalis risti olevad pisted.<\/span>\n<\/p>\n<p>\n\t<br><strong><span style=\"color:#ff0000\"><span style=\"font-size:16px\">J\u00e4rgnevas kahes juhendis on n\u00e4idatud kuidas tikkida ristpistet\u00a0sirge\u00a0reana v\u00f5i diagonaalis.<\/span><\/span><\/strong>\n<\/p>\n<p>\n\t\u00a0\n<\/p>\n<p>\n\t<strong><span style=\"font-size:18px\"><u>Sirge reana ristpiste tikkimine<\/u><\/span><\/strong>\n<\/p>\n<p>\n\t<strong><span style=\"font-size:16px\">N\u00f5ela liikumise suund on \u00fclevalt alla.<\/span><\/strong>\n<\/p>\n<p>\n\t<span style=\"color:#ff0000\"><span style=\"font-size:16px\">Tikkimiseks vali endale sobiv t\u00f6\u00f6 k\u00e4ik.<\/span><\/span>\n<\/p>\n<table class=\"table table-hover\" border=\"1\" cellpadding=\"1\" cellspacing=\"1\">\n<tbody>\n<tr>\n<td>\n\t\t\t\t<span style=\"font-size:16px\">T\u00f6\u00f6 k\u00e4ik 1:<\/span>\n\t\t\t<\/td>\n<td>\n\t\t\t\t<span style=\"font-size:16px\">T\u00f6\u00f6 k\u00e4ik 2:<\/span>\n\t\t\t<\/td>\n<\/tr>\n<tr>\n<td>\n\t\t\t\t<span style=\"font-size:16px\">Vaata joonist:\u00a0<\/span>\n\t\t\t<\/td>\n<td>\n\t\t\t\t<span style=\"font-size:16px\">Vaata joonist:\u00a0<\/span>\n\t\t\t<\/td>\n<\/tr>\n<tr>\n<td>\n<ul>\n<li>\n\t\t\t\t\t\t<span style=\"font-size:16px\">Too l\u00f5ng t\u00f6\u00f6 ette punktis 1.<\/span>\n\t\t\t\t\t<\/li>\n<li>\n\t\t\t\t\t\t<span style=\"font-size:16px\">Vii l\u00f5ng t\u00f6\u00f6 taha punktis 2 ja too t\u00f6\u00f6 ette punktis 3.<\/span>\n\t\t\t\t\t<\/li>\n<li>\n\t\t\t\t\t\t<span style=\"font-size:16px\">Vii l\u00f5ng t\u00f6\u00f6 taha punktis 4 ja too t\u00f6\u00f6 ette punktis 5.<\/span>\n\t\t\t\t\t<\/li>\n<li>\n\t\t\t\t\t\t<span style=\"font-size:16px\">Vii l\u00f5ng t\u00f6\u00f6 taha punktis 6 ja too t\u00f6\u00f6 ette punktis 7.<\/span>\n\t\t\t\t\t<\/li>\n<li>\n\t\t\t\t\t\t<span style=\"font-size:16px\">Kui soovid tikkida pikemat rida, siis j\u00e4tka samal viisil tikkimist.<\/span>\n\t\t\t\t\t<\/li>\n<li>\n\t\t\t\t\t\t<span style=\"font-size:16px\">Tagasi liikumine. Oled punktis 7.<\/span>\n\t\t\t\t\t<\/li>\n<li>\n\t\t\t\t\t\t<span style=\"font-size:16px\">Vii l\u00f5ng t\u00f6\u00f6 taha punktis 4 ja too t\u00f6\u00f6 ette punktis 5.<\/span>\n\t\t\t\t\t<\/li>\n<li>\n\t\t\t\t\t\t<span style=\"font-size:16px\">J\u00e4tka tikkimist samal viisil.\u00a0 \u00a0 \u00a0 \u00a0 \u00a0 \u00a0 \u00a0 \u00a0 \u00a0 \u00a0 \u00a0 \u00a0 \u00a0 \u00a0 \u00a0 \u00a0 \u00a0 \u00a0 \u00a0 \u00a0 \u00a0 \u00a0 \u00a0 \u00a0 \u00a0 \u00a0 \u00a0 \u00a0 \u00a0 \u00a0 \u00a0 \u00a0 \u00a0 \u00a0 \u00a0 \u00a0 \u00a0 \u00a0 \u00a0 \u00a0 \u00a0 \u00a0 \u00a0 \u00a0 \u00a0 \u00a0 \u00a0 \u00a0 \u00a0 \u00a0 \u00a0 \u00a0 \u00a0 \u00a0 \u00a0 \u00a0 \u00a0 \u00a0 \u00a0 \u00a0 \u00a0 \u00a0 \u00a0 \u00a0\u00a0<\/span>\n\t\t\t\t\t<\/li>\n<\/ul>\n<\/td>\n<td>\n<ul>\n<li>\n\t\t\t\t\t\t<span style=\"font-size:16px\">Sirge reana ristpistet tikkides tikitakse tavaliselt valmis\u00a0 \u00fche suuna kaldpisted ja tagasi liikudes teise suuna kaldpisted.<\/span>\n\t\t\t\t\t<\/li>\n<li>\n\t\t\t\t\t\t<span style=\"font-size:16px\">Tikkimist alusta vasakult suunaga paremale. <\/span>\n\t\t\t\t\t<\/li>\n<li>\n\t\t\t\t\t\t<span style=\"font-size:16px\">N\u00f5el liigub suunaga \u00fclevalt alla.<\/span>\n\t\t\t\t\t<\/li>\n<li>\n\t\t\t\t\t\t<span style=\"font-size:16px\">T\u00f6\u00f6 alustamiseks too l\u00f5ng t\u00f6\u00f6 ette alumisel joonel (joonis 1).<\/span>\n\t\t\t\t\t<\/li>\n<li>\n\t\t\t\t\t\t<span style=\"font-size:16px\">Vii l\u00f5ng t\u00f6\u00f6 taha \u00fclemisel joonel kahe riidel\u00f5nga v\u00f5rra vasakul ja too t\u00f6\u00f6 ette alumisel\u00a0joonel,\u00a0punktis (punktis 3).<\/span>\n\t\t\t\t\t<\/li>\n<li>\n\t\t\t\t\t\t<span style=\"font-size:16px\">J\u00e4tka tikkimist soovitud kauguseni joonisel 2 n\u00e4idatud viisil.<\/span>\n\t\t\t\t\t<\/li>\n<li>\n\t\t\t\t\t\t<span style=\"font-size:16px\">Tagasireal j\u00e4tka tikkimist joonisel 3 n\u00e4idatud viisil.<\/span>\n\t\t\t\t\t<\/li>\n<\/ul>\n<\/td>\n<\/tr>\n<\/tbody>\n<\/table>\n<p>\n\t\u00a0\n<\/p>\n<p>\n\t<strong><span style=\"color:#ff0000\"><span style=\"font-size:18px\">Video vaatamiseks vajuta hiirega joonisele.<\/span><\/span><\/strong>\n<\/p>\n<p>\n\t<a data-url=\"https:\/\/youtu.be\/_PDrCxHHn7c\" href=\"https:\/\/youtu.be\/_PDrCxHHn7c\" target=\"_blank\" title=\"\" rel=\"noopener\"><img loading=\"lazy\" decoding=\"async\" width=\"1173\" height=\"491\" class=\"alignnone wp-image-46\" src=\"https:\/\/sisu.ut.ee\/wp-content\/uploads\/sites\/616\/ristpiste_1_01.png\" title=\"ristpiste_1_01.png\" alt=\"Ristpiste 1\" srcset=\"https:\/\/sisu.ut.ee\/wp-content\/uploads\/sites\/616\/ristpiste_1_01.png 1173w, https:\/\/sisu.ut.ee\/wp-content\/uploads\/sites\/616\/ristpiste_1_01-300x126.png 300w, https:\/\/sisu.ut.ee\/wp-content\/uploads\/sites\/616\/ristpiste_1_01-1024x429.png 1024w, https:\/\/sisu.ut.ee\/wp-content\/uploads\/sites\/616\/ristpiste_1_01-768x321.png 768w\" sizes=\"auto, (max-width: 1173px) 100vw, 1173px\"><\/a>\n<\/p>\n<p>\n\t\u00a0\n<\/p>\n<p>\n\t<strong><span style=\"font-size:18px\"><u>Diagonaalis tikkimine<\/u><\/span><\/strong>\n<\/p>\n<p>\n\t<span style=\"font-size: 16px\">Kui pisteid\u00a0tikitakse diagonaalis, siis tikitakse iga piste eraldi valmis.<\/span>\n<\/p>\n<p>\n\t<strong><span style=\"font-size:16px\">Piste\u00a0tikkimist alutatakse alumisest\u00a0vasakust nurgast.<\/span><\/strong>\n<\/p>\n<p>\n\t<span style=\"color:#ff0000\"><span style=\"font-size:16px\">Tikkimiseks vali endale sobiv t\u00f6\u00f6 k\u00e4ik.<\/span><\/span>\n<\/p>\n<table class=\"table table-hover\" border=\"1\" cellpadding=\"1\" cellspacing=\"1\">\n<tbody>\n<tr>\n<td>\n\t\t\t\t<span style=\"font-size:16px\"><strong>T\u00f6\u00f6 k\u00e4ik 1:<\/strong><\/span>\n\t\t\t<\/td>\n<td>\n\t\t\t\t<span style=\"font-size:16px\"><strong>T\u00f6\u00f6 k\u00e4ik 2:<\/strong><\/span>\n\t\t\t<\/td>\n<\/tr>\n<tr>\n<td>\n\t\t\t\t<span style=\"font-size:16px\">Vaata joonist:\u00a0<\/span>\n\t\t\t<\/td>\n<td>\n\t\t\t\t<span style=\"font-size:16px\">Vaata joonist:\u00a0<\/span>\n\t\t\t<\/td>\n<\/tr>\n<tr>\n<td>\n<ul>\n<li>\n\t\t\t\t\t\t<span style=\"font-size:16px\">Too l\u00f5ng t\u00f6\u00f6 ette punktis 1.<\/span>\n\t\t\t\t\t<\/li>\n<li>\n\t\t\t\t\t\t<span style=\"font-size:16px\">Vii l\u00f5ng t\u00f6\u00f6 taha punktis 2 ja too t\u00f6\u00f6 ette punktis 3.<\/span>\n\t\t\t\t\t<\/li>\n<li>\n\t\t\t\t\t\t<span style=\"font-size:16px\">Vii l\u00f5ng t\u00f6\u00f6 taha punktis 4 ja\u00a0t\u00f6\u00f6 ette punktis 5.<\/span>\n\t\t\t\t\t<\/li>\n<li>\n\t\t\t\t\t\t<span style=\"font-size:16px\">Oled valmis tikkinud esimese ristpiste piste.<\/span>\n\t\t\t\t\t<\/li>\n<li>\n\t\t\t\t\t\t<span style=\"font-size:16px\">J\u00e4tka samal viisil tikkimist.\u00a0 \u00a0 \u00a0 \u00a0 \u00a0 \u00a0 \u00a0 \u00a0 \u00a0 \u00a0 \u00a0 \u00a0 \u00a0 \u00a0 \u00a0 \u00a0 \u00a0 \u00a0 \u00a0 \u00a0 \u00a0 \u00a0 \u00a0 \u00a0 \u00a0 \u00a0 \u00a0 \u00a0 \u00a0 \u00a0 \u00a0 \u00a0 \u00a0 \u00a0 \u00a0 \u00a0 \u00a0 \u00a0 \u00a0 \u00a0 \u00a0 \u00a0 \u00a0 \u00a0 \u00a0 \u00a0 \u00a0 \u00a0 \u00a0 \u00a0 \u00a0 \u00a0 \u00a0 \u00a0 \u00a0 \u00a0 \u00a0 \u00a0 \u00a0 \u00a0 \u00a0 \u00a0 \u00a0 \u00a0 \u00a0 \u00a0 \u00a0 \u00a0 \u00a0 \u00a0 \u00a0 \u00a0 \u00a0 \u00a0 \u00a0 \u00a0 \u00a0 \u00a0 \u00a0<\/span>\n\t\t\t\t\t<\/li>\n<\/ul>\n<\/td>\n<td>\n<ul>\n<li>\n\t\t\t\t\t\t<span style=\"font-size:16px\">Too l\u00f5ng t\u00f6\u00f6 ette tikitava risti alumisest vasakpoolsest nurgast.<\/span>\n\t\t\t\t\t<\/li>\n<li>\n\t\t\t\t\t\t<span style=\"font-size:16px\">Vii l\u00f5ng t\u00f6\u00f6 taha risti \u00fclemisest parempoolsest nurgast ja too t\u00f6\u00f6 ette risti \u00fclemisest vasakpoolsest nurgast.\u00a0<\/span>\n\t\t\t\t\t<\/li>\n<li>\n\t\t\t\t\t\t<span style=\"font-size:16px\">Vii l\u00f5ng t\u00f6\u00f6 taha risti alumisest parempoolsest nurgast ja too t\u00f6\u00f6 ette j\u00e4rgmise risti alumisest vasakpoolsest nurgast.<\/span>\n\t\t\t\t\t<\/li>\n<li>\n\t\t\t\t\t\t<span style=\"font-size:16px\">J\u00e4tka samal viisil tikkimist.<\/span>\n\t\t\t\t\t<\/li>\n<\/ul>\n<\/td>\n<\/tr>\n<\/tbody>\n<\/table>\n<p>\n\t\u00a0\n<\/p>\n<p>\n\t<span style=\"font-size:18px\"><span style=\"color:#ff0000\"><strong>Video vaatamiseks vajuta hiirega pildile.<\/strong><\/span><\/span>\n<\/p>\n<p>\n\t<a data-url=\"https:\/\/youtu.be\/oZOMgonKccI\" href=\"https:\/\/youtu.be\/oZOMgonKccI\" target=\"_blank\" title=\"\" rel=\"noopener\"><img loading=\"lazy\" decoding=\"async\" width=\"966\" height=\"618\" class=\"alignnone wp-image-47\" src=\"https:\/\/sisu.ut.ee\/wp-content\/uploads\/sites\/616\/ristpiste_2a.png\" title=\"ristpiste_2a.png\" alt=\"Ristpiste 2\" srcset=\"https:\/\/sisu.ut.ee\/wp-content\/uploads\/sites\/616\/ristpiste_2a.png 966w, https:\/\/sisu.ut.ee\/wp-content\/uploads\/sites\/616\/ristpiste_2a-300x192.png 300w, https:\/\/sisu.ut.ee\/wp-content\/uploads\/sites\/616\/ristpiste_2a-768x491.png 768w\" sizes=\"auto, (max-width: 966px) 100vw, 966px\"><\/a>\n<\/p>\n<p>\n\t<a data-url=\"https:\/\/sisu.ut.ee\/tikkimine\/s%C3%A4mppiste\" href=\"https:\/\/sisu.ut.ee\/tikkimine\/s%C3%A4mppiste\" target=\"_blank\" title=\"\" rel=\"noopener\"><img loading=\"lazy\" decoding=\"async\" width=\"324\" height=\"170\" class=\"alignnone wp-image-28\" src=\"https:\/\/sisu.ut.ee\/wp-content\/uploads\/sites\/616\/nool.png\" title=\"nool.png\" alt=\"nool\" srcset=\"https:\/\/sisu.ut.ee\/wp-content\/uploads\/sites\/616\/nool.png 324w, https:\/\/sisu.ut.ee\/wp-content\/uploads\/sites\/616\/nool-300x157.png 300w\" sizes=\"auto, (max-width: 324px) 100vw, 324px\"><\/a><br>\u00a0\n<\/p>\n<p>\n\t<span style=\"font-size:16px\">Siit<span style=\"color:#0000cd\"><strong> <\/strong><\/span><a data-url=\"https:\/\/drive.google.com\/file\/d\/1Zxh50eISx7k-hWvHVOByU2ADyMA7GjvS\/view?usp=share_link\" href=\"https:\/\/drive.google.com\/file\/d\/1Zxh50eISx7k-hWvHVOByU2ADyMA7GjvS\/view?usp=share_link\" target=\"_blank\" title=\"\" rel=\"noopener\"><strong><span style=\"color:#0000cd\">lingilt<\/span><\/strong> <\/a>on k\u00e4ttesaadav ristpiste juhend Pdf failina.<\/span><\/p>\n","protected":false},"excerpt":{"rendered":"<p>\u00a0 Ristpiste on \u00fcks sagedamini kasutatav piste erinevate esemete valmistamiseks ja kaunistamiseks. Eriti palju on ristpistet kasutatud n\u00e4iteks seinapiltide ja\u00a0padjakatete tikkimisel. Ristpistet v\u00f5ib tikkida \u00fcksikult, aga ka ridadena. Ristpiste puhul on oluline j\u00e4lgida, et k\u00f5ikidel tikitud ristidel oleksid pealmised pisted &#8230;<\/p>\n","protected":false},"author":307,"featured_media":0,"parent":0,"menu_order":0,"comment_status":"closed","ping_status":"closed","template":"","meta":{"_acf_changed":false,"inline_featured_image":false,"footnotes":""},"class_list":["post-18","page","type-page","status-publish","hentry"],"acf":[],"_links":{"self":[{"href":"https:\/\/sisu.ut.ee\/tikkimine\/wp-json\/wp\/v2\/pages\/18","targetHints":{"allow":["GET"]}}],"collection":[{"href":"https:\/\/sisu.ut.ee\/tikkimine\/wp-json\/wp\/v2\/pages"}],"about":[{"href":"https:\/\/sisu.ut.ee\/tikkimine\/wp-json\/wp\/v2\/types\/page"}],"author":[{"embeddable":true,"href":"https:\/\/sisu.ut.ee\/tikkimine\/wp-json\/wp\/v2\/users\/307"}],"replies":[{"embeddable":true,"href":"https:\/\/sisu.ut.ee\/tikkimine\/wp-json\/wp\/v2\/comments?post=18"}],"version-history":[{"count":1,"href":"https:\/\/sisu.ut.ee\/tikkimine\/wp-json\/wp\/v2\/pages\/18\/revisions"}],"predecessor-version":[{"id":82,"href":"https:\/\/sisu.ut.ee\/tikkimine\/wp-json\/wp\/v2\/pages\/18\/revisions\/82"}],"wp:attachment":[{"href":"https:\/\/sisu.ut.ee\/tikkimine\/wp-json\/wp\/v2\/media?parent=18"}],"curies":[{"name":"wp","href":"https:\/\/api.w.org\/{rel}","templated":true}]}}