{"id":17,"date":"2024-04-04T08:29:31","date_gmt":"2024-04-04T05:29:31","guid":{"rendered":"https:\/\/sisu.ut.ee\/tikkimine\/haabepiste\/"},"modified":"2024-04-04T08:29:57","modified_gmt":"2024-04-04T05:29:57","slug":"haabepiste","status":"publish","type":"page","link":"https:\/\/sisu.ut.ee\/tikkimine\/haabepiste\/","title":{"rendered":"H\u00e4\u00e4bepiste"},"content":{"rendered":"<p>\n\t\u00a0\n<\/p>\n<p>\n\t<span style=\"font-size:16px\">H\u00e4\u00e4bepistega on tegemist siis, kui madalpisted v\u00f5i mahkpiste pisted h\u00e4\u00e4buvad \u00fcksteise sisse. See t\u00e4hendab, et pisted ei ole \u00fchepikkused ja ei moodusta korrap\u00e4rast rida. Sellest tulenevalt on v\u00f5imalik n\u00e4iteks saada tulemuseks see, et \u00fche v\u00e4rviga tikitud pisted sulanduvad teise v\u00e4rviga tikitud pistete sisse. Sellist tikkimise viisi nimetatakse ka n\u00f5elamaaliks, sest tulemus sarnaneb maalitud pildile.<\/span>\n<\/p>\n<p>\n\t\u00a0\n<\/p>\n<p>\n\t<strong><span style=\"font-size:16px\">Olulised punktid haabepiste tikkimisel:<\/span><\/strong>\n<\/p>\n<p>\n\t<span style=\"font-size:16px\">Vaata<\/span> j<span style=\"font-size:16px\">oonist:<\/span>\n<\/p>\n<ul>\n<li>\n\t\t<span style=\"font-size:16px\">H\u00e4\u00e4bepistet kasutatakse peamiselt looduslike motiivide tikkimisel, kus toonid liiguvad sujuvalt \u00fcle \u00fchelt teisele.<\/span>\n\t<\/li>\n<li>\n\t\t<span style=\"font-size:16px\">H\u00e4\u00e4bepiste tikkimist alustatakse tavaliselt motiivi v\u00e4limisest servast.<\/span>\n\t<\/li>\n<li>\n\t\t<span style=\"font-size:16px\">Pikkade ja l\u00fchikeste pistetega vaheldumisi liigutakse keskosa suunas.<\/span>\n\t<\/li>\n<li>\n\t\t<span style=\"font-size:16px\">\u00d5ite ja lehtede v\u00e4lis\u00e4\u00e4ri tikitakse tihti helemate toonidega. S\u00fcdamikule l\u00e4hemale liikudes muutuvad toonid tumedamaks.<\/span>\n\t<\/li>\n<li>\n\t\t<span style=\"font-size:16px\">Olenevalt mustrist ja tikkimismaterjalist on piste pikkus 3 \u2013 12 mm.<\/span>\n\t<\/li>\n<\/ul>\n<p>\n\t<span style=\"color:#ff0000\"><span style=\"font-size:18px\"><strong>Video vaatamiseks vajuta hiirega joonisele.<\/strong><\/span><\/span>\n<\/p>\n<p>\n\t<a data-url=\"https:\/\/youtu.be\/jGm6l988_3A\" href=\"https:\/\/youtu.be\/jGm6l988_3A\" target=\"_blank\" title=\"\" rel=\"noopener\"><img loading=\"lazy\" decoding=\"async\" width=\"263\" height=\"257\" class=\"alignnone wp-image-45\" src=\"https:\/\/sisu.ut.ee\/wp-content\/uploads\/sites\/616\/haabepiste_1a.jpg\" title=\"haabepiste_1a.jpg\" alt=\"H\u00e4\u00e4bepiste\"><\/a>\n<\/p>\n<p>\n\t\u00a0\n<\/p>\n<p>\n\t<span style=\"font-size:16px\">Siit<strong><a data-url=\"https:\/\/drive.google.com\/file\/d\/1xJSnNsGUeEfTgFmiJlkvr_NIDUvlqPQj\/view?usp=share_link\" href=\"https:\/\/drive.google.com\/file\/d\/1xJSnNsGUeEfTgFmiJlkvr_NIDUvlqPQj\/view?usp=share_link\" target=\"_blank\" title=\"\" rel=\"noopener\"><span style=\"color:#0000cd\">\u00a0lingilt\u00a0<\/span><\/a><\/strong>on k\u00e4ttesaadav haabepiste juhend Pdf failina.<\/span><\/p>\n","protected":false},"excerpt":{"rendered":"<p>\u00a0 H\u00e4\u00e4bepistega on tegemist siis, kui madalpisted v\u00f5i mahkpiste pisted h\u00e4\u00e4buvad \u00fcksteise sisse. See t\u00e4hendab, et pisted ei ole \u00fchepikkused ja ei moodusta korrap\u00e4rast rida. Sellest tulenevalt on v\u00f5imalik n\u00e4iteks saada tulemuseks see, et \u00fche v\u00e4rviga tikitud pisted sulanduvad teise &#8230;<\/p>\n","protected":false},"author":307,"featured_media":0,"parent":0,"menu_order":0,"comment_status":"closed","ping_status":"closed","template":"","meta":{"_acf_changed":false,"inline_featured_image":false,"footnotes":""},"class_list":["post-17","page","type-page","status-publish","hentry"],"acf":[],"_links":{"self":[{"href":"https:\/\/sisu.ut.ee\/tikkimine\/wp-json\/wp\/v2\/pages\/17","targetHints":{"allow":["GET"]}}],"collection":[{"href":"https:\/\/sisu.ut.ee\/tikkimine\/wp-json\/wp\/v2\/pages"}],"about":[{"href":"https:\/\/sisu.ut.ee\/tikkimine\/wp-json\/wp\/v2\/types\/page"}],"author":[{"embeddable":true,"href":"https:\/\/sisu.ut.ee\/tikkimine\/wp-json\/wp\/v2\/users\/307"}],"replies":[{"embeddable":true,"href":"https:\/\/sisu.ut.ee\/tikkimine\/wp-json\/wp\/v2\/comments?post=17"}],"version-history":[{"count":1,"href":"https:\/\/sisu.ut.ee\/tikkimine\/wp-json\/wp\/v2\/pages\/17\/revisions"}],"predecessor-version":[{"id":99,"href":"https:\/\/sisu.ut.ee\/tikkimine\/wp-json\/wp\/v2\/pages\/17\/revisions\/99"}],"wp:attachment":[{"href":"https:\/\/sisu.ut.ee\/tikkimine\/wp-json\/wp\/v2\/media?parent=17"}],"curies":[{"name":"wp","href":"https:\/\/api.w.org\/{rel}","templated":true}]}}