{"id":16,"date":"2024-04-04T08:29:31","date_gmt":"2024-04-04T05:29:31","guid":{"rendered":"https:\/\/sisu.ut.ee\/tikkimine\/madalpiste\/"},"modified":"2024-04-04T08:29:57","modified_gmt":"2024-04-04T05:29:57","slug":"madalpiste","status":"publish","type":"page","link":"https:\/\/sisu.ut.ee\/tikkimine\/madalpiste\/","title":{"rendered":"Madalpiste"},"content":{"rendered":"<p>\n\t\u00a0\n<\/p>\n<p>\n\t<span style=\"font-size:16px\">Madalpiste n\u00e4eb t\u00f6\u00f6 paremalt poolelt v\u00e4lja nagu mahkpiste. Erinevalt mahkpistest j\u00e4\u00e4vad madalpistel t\u00f6\u00f6 pahupoolele vaid v\u00e4ikesed t\u00e4pikesed.<\/span>\n<\/p>\n<p>\n\t<strong><span style=\"font-size:16px\">Madalpistet tikitakse paremalt vasakule.<\/span><\/strong>\n<\/p>\n<p>\n\t<strong><span style=\"font-size:16px\">N\u00f5ela liikumise suund on paremalt suunaga vasakule.<\/span><\/strong>\n<\/p>\n<p>\n\t\u00a0\n<\/p>\n<p>\n\t<span style=\"font-size:16px\"><strong>T\u00f6\u00f6 k\u00e4ik:<\/strong><\/span>\n<\/p>\n<p>\n\t<span style=\"font-size:16px\">Vaata joonist:\u00a0<\/span>\n<\/p>\n<ul>\n<li>\n\t\t<span style=\"font-size:16px\">Alustuseks kopeeri kangale motiiv.<\/span>\n\t<\/li>\n<li>\n\t\t<span style=\"font-size:16px\">Too l\u00f5ng t\u00f6\u00f6 ette motiivi alumiselt servalt ja paremalt poolt<\/span>\n\t<\/li>\n<li>\n\t\t<span style=\"font-size:16px\">Vii l\u00f5ng t\u00f6\u00f6 taha motiivi \u00fclemisest servast ja too\u00a0t\u00f6\u00f6 ette vaid m\u00f5ne riidel\u00f5nga v\u00f5rra vasakult.<\/span>\n\t<\/li>\n<li>\n\t\t<span style=\"font-size:16px\">Vii l\u00f5ng t\u00f6\u00f6 taha motiivi alumisest servast, eelmise piste k\u00f5rvalt ja too t\u00f6\u00f6 ette\u00a0vaid m\u00f5ne riidel\u00f5nga v\u00f5rra vasakult.<\/span>\n\t<\/li>\n<li>\n\t\t<span style=\"font-size:16px\">J\u00e4tka tikkimist samal viisil.<\/span>\n\t<\/li>\n<\/ul>\n<p>\n\t<span style=\"color:#ff0000\"><span style=\"font-size:18px\"><strong>Video vaatamiseks vajuta hiirega joonisele.<\/strong><\/span><\/span>\n<\/p>\n<p>\n\t<a data-url=\"https:\/\/youtu.be\/jPHbvd9fxrs\" href=\"https:\/\/youtu.be\/jPHbvd9fxrs\" target=\"_blank\" title=\"\" rel=\"noopener\"><img loading=\"lazy\" decoding=\"async\" width=\"483\" height=\"387\" class=\"alignnone wp-image-44\" src=\"https:\/\/sisu.ut.ee\/wp-content\/uploads\/sites\/616\/madalpiste_1.png\" title=\"madalpiste_1.png\" alt=\"Madalpiste\" srcset=\"https:\/\/sisu.ut.ee\/wp-content\/uploads\/sites\/616\/madalpiste_1.png 483w, https:\/\/sisu.ut.ee\/wp-content\/uploads\/sites\/616\/madalpiste_1-300x240.png 300w\" sizes=\"auto, (max-width: 483px) 100vw, 483px\"><\/a>\n<\/p>\n<p>\n\t<a data-url=\"https:\/\/sisu.ut.ee\/tikkimine\/h%C3%A4%C3%A4bepiste\" href=\"https:\/\/sisu.ut.ee\/tikkimine\/h%C3%A4%C3%A4bepiste\" target=\"_blank\" title=\"\" rel=\"noopener\"><img loading=\"lazy\" decoding=\"async\" width=\"324\" height=\"170\" class=\"alignnone wp-image-28\" src=\"https:\/\/sisu.ut.ee\/wp-content\/uploads\/sites\/616\/nool.png\" title=\"nool.png\" alt=\"nool\" srcset=\"https:\/\/sisu.ut.ee\/wp-content\/uploads\/sites\/616\/nool.png 324w, https:\/\/sisu.ut.ee\/wp-content\/uploads\/sites\/616\/nool-300x157.png 300w\" sizes=\"auto, (max-width: 324px) 100vw, 324px\"><\/a>\n<\/p>\n<p>\n\t\u00a0\n<\/p>\n<p>\n\t<span style=\"font-size:16px\">Siit<strong><span style=\"color:#0000cd\">\u00a0<\/span><a data-url=\"https:\/\/drive.google.com\/file\/d\/1VTDafsUZ-XIu90DY-t57-wysNUbxm1CL\/view?usp=share_link\" href=\"https:\/\/drive.google.com\/file\/d\/1VTDafsUZ-XIu90DY-t57-wysNUbxm1CL\/view?usp=share_link\" target=\"_blank\" title=\"\" rel=\"noopener\"><span style=\"color:#0000cd\">lingilt\u00a0<\/span><\/a><\/strong>on k\u00e4ttesaadav madalpiste juhend Pdf failina.<\/span><\/p>\n","protected":false},"excerpt":{"rendered":"<p>\u00a0 Madalpiste n\u00e4eb t\u00f6\u00f6 paremalt poolelt v\u00e4lja nagu mahkpiste. Erinevalt mahkpistest j\u00e4\u00e4vad madalpistel t\u00f6\u00f6 pahupoolele vaid v\u00e4ikesed t\u00e4pikesed. Madalpistet tikitakse paremalt vasakule. N\u00f5ela liikumise suund on paremalt suunaga vasakule. \u00a0 T\u00f6\u00f6 k\u00e4ik: Vaata joonist:\u00a0 Alustuseks kopeeri kangale motiiv. Too l\u00f5ng &#8230;<\/p>\n","protected":false},"author":307,"featured_media":0,"parent":0,"menu_order":0,"comment_status":"closed","ping_status":"closed","template":"","meta":{"_acf_changed":false,"inline_featured_image":false,"footnotes":""},"class_list":["post-16","page","type-page","status-publish","hentry"],"acf":[],"_links":{"self":[{"href":"https:\/\/sisu.ut.ee\/tikkimine\/wp-json\/wp\/v2\/pages\/16","targetHints":{"allow":["GET"]}}],"collection":[{"href":"https:\/\/sisu.ut.ee\/tikkimine\/wp-json\/wp\/v2\/pages"}],"about":[{"href":"https:\/\/sisu.ut.ee\/tikkimine\/wp-json\/wp\/v2\/types\/page"}],"author":[{"embeddable":true,"href":"https:\/\/sisu.ut.ee\/tikkimine\/wp-json\/wp\/v2\/users\/307"}],"replies":[{"embeddable":true,"href":"https:\/\/sisu.ut.ee\/tikkimine\/wp-json\/wp\/v2\/comments?post=16"}],"version-history":[{"count":1,"href":"https:\/\/sisu.ut.ee\/tikkimine\/wp-json\/wp\/v2\/pages\/16\/revisions"}],"predecessor-version":[{"id":98,"href":"https:\/\/sisu.ut.ee\/tikkimine\/wp-json\/wp\/v2\/pages\/16\/revisions\/98"}],"wp:attachment":[{"href":"https:\/\/sisu.ut.ee\/tikkimine\/wp-json\/wp\/v2\/media?parent=16"}],"curies":[{"name":"wp","href":"https:\/\/api.w.org\/{rel}","templated":true}]}}