{"id":15,"date":"2024-04-04T08:29:31","date_gmt":"2024-04-04T05:29:31","guid":{"rendered":"https:\/\/sisu.ut.ee\/tikkimine\/mahkpiste\/"},"modified":"2024-04-04T08:29:57","modified_gmt":"2024-04-04T05:29:57","slug":"mahkpiste","status":"publish","type":"page","link":"https:\/\/sisu.ut.ee\/tikkimine\/mahkpiste\/","title":{"rendered":"M\u00e4hkpiste"},"content":{"rendered":"<p>\n\t\u00a0\n<\/p>\n<p>\n\t<span style=\"font-size:16px\">M\u00e4hkpiste nimi tuleb sellest, et tikkimisl\u00f5ng justkui m\u00e4hitakse \u00fcmber riidel\u00f5ngade. Kui vaadata mahkpistes tikitud t\u00f6\u00f6 pahupoolt, siis n\u00e4eb see v\u00e4lja samasugune nagu t\u00f6\u00f6 parem pool. Ehk tikkimisl\u00f5ng katab tikkimisel nii kanga parema kui ka pahema poole.<\/span>\n<\/p>\n<p>\n\t<strong><span style=\"font-size:16px\">M\u00e4hkpistet tikitakse vasakult paremale.<\/span><\/strong>\n<\/p>\n<p>\n\t<strong><span style=\"font-size:16px\">N\u00f5ela liikumise suund on \u00fclevalt alla.<\/span><\/strong>\n<\/p>\n<p>\n\t\u00a0\n<\/p>\n<p>\n\t<span style=\"font-size:16px\"><strong>T\u00f6\u00f6 k\u00e4ik:<\/strong><\/span>\n<\/p>\n<p>\n\t<span style=\"font-size:16px\">Vaata joonist:\u00a0<\/span>\n<\/p>\n<ul>\n<li>\n\t\t<span style=\"font-size:16px\">Alustuseks kopeeri kangale motiiv. Sobiva motiivi v\u00f5id ka vaba k\u00e4ega joonistada.<\/span>\n\t<\/li>\n<li>\n\t\t<span style=\"font-size:16px\">Too l\u00f5ng t\u00f6\u00f6 ette motiivi alumiselt servalt.<\/span>\n\t<\/li>\n<li>\n\t\t<span style=\"font-size:16px\">Vii l\u00f5ng t\u00f6\u00f6 taha motiivi \u00fclemisest servast ja t\u00f6\u00f6 ette alumisest servast.<\/span>\n\t<\/li>\n<li>\n\t\t<span style=\"font-size:16px\">J\u00e4tka tikkimist kuni kogu motiiv on tikitud.<\/span>\n\t<\/li>\n<\/ul>\n<p>\n\t<span style=\"color:#ff0000\"><span style=\"font-size:18px\"><strong>Video vaatamiseks vajuta hiirega joonisele.<\/strong><\/span><\/span>\n<\/p>\n<p>\n\t<a data-url=\"https:\/\/www.youtube.com\/watch?v=MQI72Ye9FdY\" href=\"https:\/\/www.youtube.com\/watch?v=MQI72Ye9FdY\" target=\"_blank\" title=\"\" rel=\"noopener\"><img loading=\"lazy\" decoding=\"async\" width=\"703\" height=\"457\" class=\"alignnone wp-image-43\" src=\"https:\/\/sisu.ut.ee\/wp-content\/uploads\/sites\/616\/mahkpiste_1a.png\" title=\"mahkpiste_1a.png\" alt=\"M\u00e4hkpiste\" srcset=\"https:\/\/sisu.ut.ee\/wp-content\/uploads\/sites\/616\/mahkpiste_1a.png 703w, https:\/\/sisu.ut.ee\/wp-content\/uploads\/sites\/616\/mahkpiste_1a-300x195.png 300w\" sizes=\"auto, (max-width: 703px) 100vw, 703px\"><\/a>\n<\/p>\n<p>\n\t<a data-url=\"https:\/\/sisu.ut.ee\/tikkimine\/madalpiste\" href=\"https:\/\/sisu.ut.ee\/tikkimine\/madalpiste\" target=\"_blank\" title=\"\" rel=\"noopener\"><img loading=\"lazy\" decoding=\"async\" width=\"324\" height=\"170\" class=\"alignnone wp-image-28\" src=\"https:\/\/sisu.ut.ee\/wp-content\/uploads\/sites\/616\/nool.png\" title=\"nool.png\" alt=\"nool\" srcset=\"https:\/\/sisu.ut.ee\/wp-content\/uploads\/sites\/616\/nool.png 324w, https:\/\/sisu.ut.ee\/wp-content\/uploads\/sites\/616\/nool-300x157.png 300w\" sizes=\"auto, (max-width: 324px) 100vw, 324px\"><\/a>\n<\/p>\n<p>\n\t\u00a0\n<\/p>\n<p>\n\t<span style=\"font-size:16px\">Siit<strong><span style=\"color:#0000cd\">\u00a0<\/span><a data-url=\"https:\/\/drive.google.com\/file\/d\/1lj4uH1L-fGOfe5_KqFQYMlSRbc4LsVHS\/view?usp=share_link\" href=\"https:\/\/drive.google.com\/file\/d\/1lj4uH1L-fGOfe5_KqFQYMlSRbc4LsVHS\/view?usp=share_link\" target=\"_blank\" title=\"\" rel=\"noopener\"><span style=\"color:#0000cd\">lingilt\u00a0<\/span><\/a><\/strong>on k\u00e4ttesaadav mahkpiste juhend Pdf failina.<\/span><\/p>\n","protected":false},"excerpt":{"rendered":"<p>\u00a0 M\u00e4hkpiste nimi tuleb sellest, et tikkimisl\u00f5ng justkui m\u00e4hitakse \u00fcmber riidel\u00f5ngade. Kui vaadata mahkpistes tikitud t\u00f6\u00f6 pahupoolt, siis n\u00e4eb see v\u00e4lja samasugune nagu t\u00f6\u00f6 parem pool. Ehk tikkimisl\u00f5ng katab tikkimisel nii kanga parema kui ka pahema poole. M\u00e4hkpistet tikitakse vasakult &#8230;<\/p>\n","protected":false},"author":307,"featured_media":0,"parent":0,"menu_order":0,"comment_status":"closed","ping_status":"closed","template":"","meta":{"_acf_changed":false,"inline_featured_image":false,"footnotes":""},"class_list":["post-15","page","type-page","status-publish","hentry"],"acf":[],"_links":{"self":[{"href":"https:\/\/sisu.ut.ee\/tikkimine\/wp-json\/wp\/v2\/pages\/15","targetHints":{"allow":["GET"]}}],"collection":[{"href":"https:\/\/sisu.ut.ee\/tikkimine\/wp-json\/wp\/v2\/pages"}],"about":[{"href":"https:\/\/sisu.ut.ee\/tikkimine\/wp-json\/wp\/v2\/types\/page"}],"author":[{"embeddable":true,"href":"https:\/\/sisu.ut.ee\/tikkimine\/wp-json\/wp\/v2\/users\/307"}],"replies":[{"embeddable":true,"href":"https:\/\/sisu.ut.ee\/tikkimine\/wp-json\/wp\/v2\/comments?post=15"}],"version-history":[{"count":1,"href":"https:\/\/sisu.ut.ee\/tikkimine\/wp-json\/wp\/v2\/pages\/15\/revisions"}],"predecessor-version":[{"id":97,"href":"https:\/\/sisu.ut.ee\/tikkimine\/wp-json\/wp\/v2\/pages\/15\/revisions\/97"}],"wp:attachment":[{"href":"https:\/\/sisu.ut.ee\/tikkimine\/wp-json\/wp\/v2\/media?parent=15"}],"curies":[{"name":"wp","href":"https:\/\/api.w.org\/{rel}","templated":true}]}}