{"id":14,"date":"2024-04-04T08:29:31","date_gmt":"2024-04-04T05:29:31","guid":{"rendered":"https:\/\/sisu.ut.ee\/tikkimine\/kastpiste\/"},"modified":"2024-04-04T08:29:57","modified_gmt":"2024-04-04T05:29:57","slug":"kastpiste","status":"publish","type":"page","link":"https:\/\/sisu.ut.ee\/tikkimine\/kastpiste\/","title":{"rendered":"Kastpiste"},"content":{"rendered":"<p>\n\t\u00a0\n<\/p>\n<p>\n\t<span style=\"font-size:16px\">Kastpiste on <strong><a data-url=\"https:\/\/sisu.ut.ee\/tikkimine\/m%C3%B5istete-t%C3%A4hendused\" href=\"https:\/\/sisu.ut.ee\/tikkimine\/m%C3%B5istete-t%C3%A4hendused\" target=\"_blank\" title=\"\" rel=\"noopener\"><span style=\"color:#0000cd\">piste<\/span><\/a><\/strong>, mida on kasutatud\u00a0kaunistuspistena paljudel <\/span><strong><a data-url=\"https:\/\/sisu.ut.ee\/tikkimine\/m%C3%B5istete-t%C3%A4hendused\" href=\"https:\/\/sisu.ut.ee\/tikkimine\/m%C3%B5istete-t%C3%A4hendused\" target=\"_blank\" title=\"\" rel=\"noopener\"><span style=\"color:#0000cd\"><span style=\"font-size:16px\">tekstiilip\u00e4randi<\/span> <\/span><\/a><\/strong><span style=\"font-size:16px\">hulka kuuluvatel esemetel. K\u00f5ige enam on seda pistet esemete kaunistamisel kasutatud <\/span><a data-url=\"https:\/\/sisu.ut.ee\/tikkimine\/m%C3%B5istete-t%C3%A4hendused\" href=\"https:\/\/sisu.ut.ee\/tikkimine\/m%C3%B5istete-t%C3%A4hendused\" target=\"_blank\" title=\"\" rel=\"noopener\"><span style=\"color:#0000cd\"><strong><span style=\"font-size:16px\">Setomaal<\/span><\/strong><\/span>.<\/a><span style=\"font-size:16px\"> Eelistatuimaks tooniks on olnud punane.\u00a0<\/span>\n<\/p>\n<p>\n\t<span style=\"font-size:16px\">Kastpiste aluseks on<strong><span style=\"color:#0000cd\"> <\/span><a data-url=\"https:\/\/sisu.ut.ee\/tikkimine\/eelpiste\" href=\"https:\/\/sisu.ut.ee\/tikkimine\/eelpiste\" target=\"_blank\" title=\"\" rel=\"noopener\"><span style=\"color:#0000cd\">eelpiste<\/span><\/a><\/strong>.<\/span>\n<\/p>\n<p>\n\t<span style=\"font-size:16px\">Iga kastike koosneb neljast pistest.<\/span>\n<\/p>\n<p>\n\t<span style=\"font-size:16px\">Pistete j\u00e4rjekord valitakse mustrist tulenevalt.\u00a0<\/span>\n<\/p>\n<p>\n\t<span style=\"font-size:16px\">Kastpistet tikitakse tavaliselt diagonaalis.<\/span>\n<\/p>\n<p>\n\t<strong><span style=\"font-size: 16px\">N\u00f5el liigub kastpistet tikkides suunaga vasakult paremale ja paremalt vasakule kui ka suunaga \u00fclevalt alla ja alt \u00fcles. S\u00f5ltub see sellest, millist osa kastikesest parasjagu tikitakse.<\/span><\/strong>\n<\/p>\n<p>\n\t\u00a0\n<\/p>\n<p>\n\t<span style=\"color:#ff0000\"><span style=\"font-size:16px\">Tikkimiseks vali endale sobiv t\u00f6\u00f6 k\u00e4ik.<\/span><\/span>\n<\/p>\n<table class=\"table table-hover\" border=\"1\" cellpadding=\"1\" cellspacing=\"1\">\n<tbody>\n<tr>\n<td>\n\t\t\t\t<span style=\"font-size:16px\"><strong>T\u00f6\u00f6 k\u00e4ik 1:<\/strong><\/span>\n\t\t\t<\/td>\n<td>\n\t\t\t\t<span style=\"font-size:16px\"><strong>T\u00f6\u00f6 k\u00e4ik 2:<\/strong><\/span>\n\t\t\t<\/td>\n<\/tr>\n<tr>\n<td>\n\t\t\t\t<span style=\"font-size:16px\">Vaata joonist:\u00a0<\/span>\n\t\t\t<\/td>\n<td>\n\t\t\t\t<span style=\"font-size:16px\">Vaata joonist:\u00a0<\/span>\n\t\t\t<\/td>\n<\/tr>\n<tr>\n<td>\n<p>\n\t\t\t\t\t<span style=\"font-size:16px\"><u>Esimene liikumine (joonis 1)<\/u>: <\/span>\n\t\t\t\t<\/p>\n<ul>\n<li>\n\t\t\t\t\t\t<span style=\"font-size:16px\">N\u00f5el liigub suunaga vasakult paremale.<\/span>\n\t\t\t\t\t<\/li>\n<li>\n\t\t\t\t\t\t<span style=\"font-size:16px\">Too l\u00f5ng t\u00f6\u00f6 ette punktis \u00fcks. <\/span>\n\t\t\t\t\t<\/li>\n<li>\n\t\t\t\t\t\t<span style=\"font-size:16px\">Vii l\u00f5ng t\u00f6\u00f6 taha punktis 2 ja too t\u00f6\u00f6 ette punktis 3. <\/span>\n\t\t\t\t\t<\/li>\n<li>\n\t\t\t\t\t\t<span style=\"font-size:16px\">Too l\u00f5ng t\u00f6\u00f6 taha\u00a0punktis 4 ja too t\u00f6\u00f6 ette punktis 5.<\/span>\n\t\t\t\t\t<\/li>\n<li>\n\t\t\t\t\t\t<span style=\"font-size:16px\">J\u00e4tka samal viisil tikkimist kuni tood l\u00f5nga t\u00f6\u00f6 ette punktis 11.<\/span>\n\t\t\t\t\t<\/li>\n<\/ul>\n<p>\n\t\t\t\t\t<span style=\"font-size:16px\"><u>Teine liikumine (joonis 2)<\/u>: <\/span>\n\t\t\t\t<\/p>\n<ul>\n<li>\n\t\t\t\t\t\t<span style=\"font-size:16px\">N\u00f5el liigub suunaga alt \u00fcles.<\/span>\n\t\t\t\t\t<\/li>\n<li>\n\t\t\t\t\t\t<span style=\"font-size:16px\">Vii l\u00f5ng t\u00f6\u00f6 taha punktis 10 ja too l\u00f5ng t\u00f6\u00f6 ette punktis 9. <\/span>\n\t\t\t\t\t<\/li>\n<li>\n\t\t\t\t\t\t<span style=\"font-size:16px\">Vii l\u00f5ng t\u00f6\u00f6 taha punktis 8 ja too l\u00f5ng t\u00f6\u00f6 ette punktis 7.\u00a0<\/span>\n\t\t\t\t\t<\/li>\n<li>\n\t\t\t\t\t\t<span style=\"font-size:16px\">J\u00e4tka samal viisil tikkimist kuni tood l\u00f5nga t\u00f6\u00f6 ette punktis 1.<\/span>\n\t\t\t\t\t<\/li>\n<\/ul>\n<p>\n\t\t\t\t\t<span style=\"font-size:16px\"><u>Kolmas liikumine (joonis 3)<\/u>: <\/span>\n\t\t\t\t<\/p>\n<ul>\n<li>\n\t\t\t\t\t\t<span style=\"font-size:16px\">N\u00f5el liigub suunaga \u00fclevalt alla.<\/span>\n\t\t\t\t\t<\/li>\n<li>\n\t\t\t\t\t\t<span style=\"font-size:16px\">Vii l\u00f5ng t\u00f6\u00f6 taha punktis 16 ja too t\u00f6\u00f6 ette punktis 3. <\/span>\n\t\t\t\t\t<\/li>\n<li>\n\t\t\t\t\t\t<span style=\"font-size:16px\">Vii l\u00f5ng t\u00f6\u00f6 taha punktis 15 ja too t\u00f6\u00f6 ette punktis 5. <\/span>\n\t\t\t\t\t<\/li>\n<li>\n\t\t\t\t\t\t<span style=\"font-size:16px\">J\u00e4tka samal viisil tikkimist kuni viid l\u00f5nga t\u00f6\u00f6 taha punktis 12.<\/span>\n\t\t\t\t\t<\/li>\n<\/ul>\n<p>\n\t\t\t\t\t<span style=\"font-size:16px\"><u>Neljas liikumine (joonis 4)<\/u>: <\/span>\n\t\t\t\t<\/p>\n<ul>\n<li>\n\t\t\t\t\t\t<span style=\"font-size:16px\">N\u00f5el liigub suunaga paremalt vasakule.<\/span>\n\t\t\t\t\t<\/li>\n<li>\n\t\t\t\t\t\t<span style=\"font-size:16px\">Too l\u00f5ng t\u00f6\u00f6 ette punktis 11. <\/span>\n\t\t\t\t\t<\/li>\n<li>\n\t\t\t\t\t\t<span style=\"font-size:16px\">Vii l\u00f5ng t\u00f6\u00f6 taha punktis 12 ja too t\u00f6\u00f6 ette punktis 9. <\/span>\n\t\t\t\t\t<\/li>\n<li>\n\t\t\t\t\t\t<span style=\"font-size:16px\">Vii l\u00f5ng t\u00f6\u00f6 taha punktis 13 ja toot t\u00f6\u00f6 ette punktis 7. <\/span>\n\t\t\t\t\t<\/li>\n<li>\n\t\t\t\t\t\t<span style=\"font-size:16px\">J\u00e4tka samal viisil tikkimist kuni viid l\u00f5nga t\u00f6\u00f6 taha punktis 16. <\/span>\n\t\t\t\t\t<\/li>\n<li>\n\t\t\t\t\t\t<span style=\"font-size:16px\">Oled valmis saanud l\u00fchikese diagonaalis tikitud kastpiste rea.\u00a0 \u00a0\u00a0 \u00a0 \u00a0 \u00a0 \u00a0 \u00a0 \u00a0 \u00a0 \u00a0 \u00a0 \u00a0 \u00a0 \u00a0 \u00a0 \u00a0 \u00a0 \u00a0 \u00a0 \u00a0 \u00a0 \u00a0 \u00a0 \u00a0 \u00a0 \u00a0 \u00a0 \u00a0 \u00a0 \u00a0 \u00a0 \u00a0 \u00a0 \u00a0 \u00a0 \u00a0 \u00a0 \u00a0 \u00a0 \u00a0 \u00a0<\/span>\n\t\t\t\t\t<\/li>\n<\/ul>\n<\/td>\n<td>\n<p>\n\t\t\t\t\t\u00a0\n\t\t\t\t<\/p>\n<ul>\n<li>\n\t\t\t\t\t\t<span style=\"font-size:16px\">Selles juhendis on piste k\u00f5rguseks ja laiuseks arvestatud kaks riidel\u00f5nga.<\/span>\n\t\t\t\t\t<\/li>\n<li>\n\t\t\t\t\t\t<span style=\"font-size:16px\">Esimesena tiki kasti vasakud k\u00fcljed. Selleks too l\u00f5ng t\u00f6\u00f6 ette alguspunktis (punktis 1).<\/span>\n\t\t\t\t\t<\/li>\n<li>\n\t\t\t\t\t\t<span style=\"font-size:16px\">Edasi liigu n\u00f5elaga horisontaalis, suunaga vasakult paremale<\/span><span style=\"font-size:16px\">\u00a0joonisel 1 n\u00e4idatud viisil.<\/span>\n\t\t\t\t\t<\/li>\n<li>\n\t\t\t\t\t\t<span style=\"font-size:16px\">Teisena tiki kastide alumised osad.\u00a0<\/span>\n\t\t\t\t\t<\/li>\n<li>\n\t\t\t\t\t\t<span style=\"font-size:16px\">Selleks pista n\u00f5el eelnevalt vertikaalselt tikitud pistete alt l\u00e4bi joonisel 2 n\u00e4idatud viisil.<\/span>\n\t\t\t\t\t<\/li>\n<li>\n\t\t\t\t\t\t<span style=\"font-size:16px\">Kolmandaks tiki kastide pealmised osad.<\/span>\n\t\t\t\t\t<\/li>\n<li>\n\t\t\t\t\t\t<span style=\"font-size:16px\">Selleks tiki pisteid alla suunas joonisel 3 n\u00e4idatud viisil.<\/span>\n\t\t\t\t\t<\/li>\n<li>\n\t\t\t\t\t\t<span style=\"font-size:16px\">Neljandaks tiki kastide paremad k\u00fcljed.\u00a0<\/span>\n\t\t\t\t\t<\/li>\n<li>\n\t\t\t\t\t\t<span style=\"font-size:16px\">Selleks tiki pisted suunaga vasakult paremale joonisel 4 n\u00e4idatud viisil.<\/span>\n\t\t\t\t\t<\/li>\n<\/ul>\n<p>\n\t\t\t\t\t\u00a0\n\t\t\t\t<\/p>\n<p>\n\t\t\t\t\t\u00a0\n\t\t\t\t<\/p>\n<p>\n\t\t\t\t\t\u00a0\n\t\t\t\t<\/p>\n<p>\n\t\t\t\t\t\u00a0\n\t\t\t\t<\/p>\n<p>\n\t\t\t\t\t\u00a0\n\t\t\t\t<\/p>\n<p>\n\t\t\t\t\t\u00a0\n\t\t\t\t<\/p>\n<p>\n\t\t\t\t\t\u00a0\n\t\t\t\t<\/p>\n<p>\n\t\t\t\t\t\u00a0\n\t\t\t\t<\/p>\n<p>\n\t\t\t\t\t\u00a0\n\t\t\t\t<\/p>\n<\/td>\n<\/tr>\n<\/tbody>\n<\/table>\n<p>\n\t<span style=\"color:#ff0000\"><span style=\"font-size:18px\"><strong>Video vaatamiseks vajuta hiirega joonisele.<\/strong><\/span><\/span>\n<\/p>\n<p>\n\t<a data-url=\"https:\/\/youtu.be\/JGUCRGh8vAY\" href=\"https:\/\/youtu.be\/JGUCRGh8vAY\" target=\"_blank\" title=\"\" rel=\"noopener\"><img loading=\"lazy\" decoding=\"async\" width=\"985\" height=\"827\" class=\"alignnone wp-image-41\" src=\"https:\/\/sisu.ut.ee\/wp-content\/uploads\/sites\/616\/kastpiste_1.png\" title=\"kastpiste_1.png\" alt=\"Kastpiste\" srcset=\"https:\/\/sisu.ut.ee\/wp-content\/uploads\/sites\/616\/kastpiste_1.png 985w, https:\/\/sisu.ut.ee\/wp-content\/uploads\/sites\/616\/kastpiste_1-300x252.png 300w, https:\/\/sisu.ut.ee\/wp-content\/uploads\/sites\/616\/kastpiste_1-768x645.png 768w\" sizes=\"auto, (max-width: 985px) 100vw, 985px\"><\/a>\n<\/p>\n<p>\n\t<a data-url=\"https:\/\/sisu.ut.ee\/tikkimine\/m%C3%A4hkpiste\" href=\"https:\/\/sisu.ut.ee\/tikkimine\/m%C3%A4hkpiste\" target=\"_blank\" title=\"\" rel=\"noopener\"><img loading=\"lazy\" decoding=\"async\" width=\"324\" height=\"170\" class=\"alignnone wp-image-28\" src=\"https:\/\/sisu.ut.ee\/wp-content\/uploads\/sites\/616\/nool.png\" title=\"nool.png\" alt=\"nool\" srcset=\"https:\/\/sisu.ut.ee\/wp-content\/uploads\/sites\/616\/nool.png 324w, https:\/\/sisu.ut.ee\/wp-content\/uploads\/sites\/616\/nool-300x157.png 300w\" sizes=\"auto, (max-width: 324px) 100vw, 324px\"><\/a>\n<\/p>\n<p>\n\t\u00a0\n<\/p>\n<p>\n\t<span style=\"font-size:16px\">Siit<strong>\u00a0<a data-url=\"https:\/\/drive.google.com\/file\/d\/1cVY_a9MC_eM19eg4xferbiDNq5Hab3fP\/view?usp=share_link\" href=\"https:\/\/drive.google.com\/file\/d\/1cVY_a9MC_eM19eg4xferbiDNq5Hab3fP\/view?usp=share_link\" target=\"_blank\" title=\"\" rel=\"noopener\"><span style=\"color:#0000cd\">lingilt\u00a0<\/span><\/a><\/strong>on k\u00e4ttesaadav kastpiste juhend Pdf failina.<\/span><\/p>\n","protected":false},"excerpt":{"rendered":"<p>\u00a0 Kastpiste on piste, mida on kasutatud\u00a0kaunistuspistena paljudel tekstiilip\u00e4randi hulka kuuluvatel esemetel. K\u00f5ige enam on seda pistet esemete kaunistamisel kasutatud Setomaal. Eelistatuimaks tooniks on olnud punane.\u00a0 Kastpiste aluseks on eelpiste. Iga kastike koosneb neljast pistest. Pistete j\u00e4rjekord valitakse mustrist tulenevalt.\u00a0 &#8230;<\/p>\n","protected":false},"author":307,"featured_media":0,"parent":0,"menu_order":0,"comment_status":"closed","ping_status":"closed","template":"","meta":{"_acf_changed":false,"inline_featured_image":false,"footnotes":""},"class_list":["post-14","page","type-page","status-publish","hentry"],"acf":[],"_links":{"self":[{"href":"https:\/\/sisu.ut.ee\/tikkimine\/wp-json\/wp\/v2\/pages\/14","targetHints":{"allow":["GET"]}}],"collection":[{"href":"https:\/\/sisu.ut.ee\/tikkimine\/wp-json\/wp\/v2\/pages"}],"about":[{"href":"https:\/\/sisu.ut.ee\/tikkimine\/wp-json\/wp\/v2\/types\/page"}],"author":[{"embeddable":true,"href":"https:\/\/sisu.ut.ee\/tikkimine\/wp-json\/wp\/v2\/users\/307"}],"replies":[{"embeddable":true,"href":"https:\/\/sisu.ut.ee\/tikkimine\/wp-json\/wp\/v2\/comments?post=14"}],"version-history":[{"count":1,"href":"https:\/\/sisu.ut.ee\/tikkimine\/wp-json\/wp\/v2\/pages\/14\/revisions"}],"predecessor-version":[{"id":96,"href":"https:\/\/sisu.ut.ee\/tikkimine\/wp-json\/wp\/v2\/pages\/14\/revisions\/96"}],"wp:attachment":[{"href":"https:\/\/sisu.ut.ee\/tikkimine\/wp-json\/wp\/v2\/media?parent=14"}],"curies":[{"name":"wp","href":"https:\/\/api.w.org\/{rel}","templated":true}]}}