{"id":13,"date":"2024-04-04T08:29:31","date_gmt":"2024-04-04T05:29:31","guid":{"rendered":"https:\/\/sisu.ut.ee\/tikkimine\/aedpiste\/"},"modified":"2024-04-04T08:29:57","modified_gmt":"2024-04-04T05:29:57","slug":"aedpiste","status":"publish","type":"page","link":"https:\/\/sisu.ut.ee\/tikkimine\/aedpiste\/","title":{"rendered":"Aedpiste"},"content":{"rendered":"<p>\n\t\u00a0\n<\/p>\n<p>\n\t<span style=\"font-size:16px\">Oma v\u00e4ljan\u00e4gemiselt meenutab aedpiste vanaaegset aeda ja ilmselt sellest tuleb ka piste nimi. Aedpistet v\u00f5ib tikkida\u00a0tihedate pistetena aga ka h\u00f5redalt, pisted v\u00f5ivad olla pikad ja l\u00fchikesed. Tavaliselt s\u00f5ltub see kangast, millele pistet\u00a0tikitakse.<\/span>\n<\/p>\n<p>\n\t<span style=\"font-size:16px\">Aedpistet tikitakse kahe kujuteldava rea vahele.<\/span>\n<\/p>\n<p>\n\t<span style=\"font-size:16px\">Alustatakse alumisest reast ja liigutakse \u00fclemisele reale.<\/span>\n<\/p>\n<p>\n\t<strong><span style=\"font-size:16px\">Aedpistet tikitakse vasakult paremale.<\/span><\/strong>\n<\/p>\n<p>\n\t<strong><span style=\"font-size:16px\">N\u00f5ela liikumise suund on paremalt vasakule.<\/span><\/strong>\n<\/p>\n<p>\n\t\u00a0\n<\/p>\n<p>\n\t<span style=\"color:#ff0000\"><span style=\"font-size:16px\">Tikkimiseks vali endale sobiv t\u00f6\u00f6 k\u00e4ik.<\/span><\/span>\n<\/p>\n<table class=\"table table-hover\" border=\"1\" cellpadding=\"1\" cellspacing=\"1\">\n<tbody>\n<tr>\n<td>\n\t\t\t\t<span style=\"font-size:16px\"><strong>T\u00f6\u00f6 k\u00e4ik 1:<\/strong><\/span>\n\t\t\t<\/td>\n<td>\n\t\t\t\t<span style=\"font-size:16px\"><strong>T\u00f6\u00f6 k\u00e4ik 2:<\/strong><\/span>\n\t\t\t<\/td>\n<\/tr>\n<tr>\n<td>\n\t\t\t\t<span style=\"font-size:16px\">Vaata joonist:\u00a0<\/span>\n\t\t\t<\/td>\n<td>\n\t\t\t\t<span style=\"font-size:16px\">Vaata joonist:\u00a0<\/span>\n\t\t\t<\/td>\n<\/tr>\n<tr>\n<td>\n<ul>\n<li>\n\t\t\t\t\t\t<span style=\"font-size:16px\">Too l\u00f5ng t\u00f6\u00f6\u00a0ette punktis 1.<\/span>\n\t\t\t\t\t<\/li>\n<li>\n\t\t\t\t\t\t<span style=\"font-size:16px\">Vii l\u00f5ng t\u00f6\u00f6 taha punktis 2 ja too t\u00f6\u00f6 ette punktis 3.<\/span>\n\t\t\t\t\t<\/li>\n<li>\n\t\t\t\t\t\t<span style=\"font-size:16px\">Vii l\u00f5ng t\u00f6\u00f6 taha punktis 4 ja too t\u00f6\u00f6 ette punktis 5.<\/span>\n\t\t\t\t\t<\/li>\n<li>\n\t\t\t\t\t\t<span style=\"font-size:16px\">Vii l\u00f5ng t\u00f6\u00f6 taha punktis 6\u00a0ja too t\u00f6\u00f6 ette punktis 7.<\/span>\n\t\t\t\t\t<\/li>\n<li>\n\t\t\t\t\t\t<span style=\"font-size:16px\">Vii l\u00f5ng t\u00f6\u00f6 taha punktis 8\u00a0ja too t\u00f6\u00f6 ette punktis 9.<\/span>\n\t\t\t\t\t<\/li>\n<li>\n\t\t\t\t\t\t<span style=\"font-size:16px\">J\u00e4tka samal viisil tikkimist.\u00a0 \u00a0 \u00a0 \u00a0 \u00a0 \u00a0 \u00a0 \u00a0 \u00a0 \u00a0 \u00a0 \u00a0 \u00a0 \u00a0 \u00a0 \u00a0 \u00a0 \u00a0 \u00a0 \u00a0 \u00a0 \u00a0 \u00a0 \u00a0 \u00a0 \u00a0 \u00a0 \u00a0 \u00a0 \u00a0 \u00a0 \u00a0 \u00a0 \u00a0 \u00a0 \u00a0 \u00a0 \u00a0 \u00a0 \u00a0 \u00a0 \u00a0 \u00a0 \u00a0 \u00a0 \u00a0 \u00a0 \u00a0 \u00a0 \u00a0 \u00a0 \u00a0 \u00a0 \u00a0 \u00a0 \u00a0 \u00a0 \u00a0 \u00a0 \u00a0 \u00a0 \u00a0 \u00a0 \u00a0 \u00a0 \u00a0 \u00a0 \u00a0 \u00a0 \u00a0 \u00a0 \u00a0 \u00a0 \u00a0 \u00a0 \u00a0 \u00a0 \u00a0 \u00a0 \u00a0 \u00a0 \u00a0 \u00a0 \u00a0 \u00a0 \u00a0 \u00a0 \u00a0 \u00a0 \u00a0 \u00a0 \u00a0 \u00a0 \u00a0 \u00a0 \u00a0 \u00a0 \u00a0 \u00a0 \u00a0 \u00a0 \u00a0 \u00a0 \u00a0 \u00a0 \u00a0 \u00a0 \u00a0 \u00a0 \u00a0 \u00a0 \u00a0<\/span>\n\t\t\t\t\t<\/li>\n<\/ul>\n<p>\n\t\t\t\t\t\u00a0\n\t\t\t\t<\/p>\n<p>\n\t\t\t\t\t\u00a0\n\t\t\t\t<\/p>\n<p>\n\t\t\t\t\t\u00a0\n\t\t\t\t<\/p>\n<p>\n\t\t\t\t\t\u00a0\n\t\t\t\t<\/p>\n<p>\n\t\t\t\t\t\u00a0\n\t\t\t\t<\/p>\n<p>\n\t\t\t\t\t\u00a0\n\t\t\t\t<\/p>\n<\/td>\n<td>\n<ul>\n<li>\n\t\t\t\t\t\t<span style=\"font-size:16px\">Selles juhendis on \u00fclemise ja alumise joone vaheks\u00a0arvestatud kaks\u00a0<strong><a href=\"https:\/\/sisu.ut.ee\/tikkimine\/m%C3%B5istete-t%C3%A4hendused\" target=\"_blank\" title=\"\" rel=\"noopener\"><span style=\"color:#0000cd\">riidel\u00f5nga<\/span><\/a><span style=\"color:#0000cd\">.<\/span><\/strong><\/span>\n\t\t\t\t\t<\/li>\n<li>\n\t\t\t\t\t\t<span style=\"font-size:16px\">Alusta tikkimist alumisel joonel.<\/span>\n\t\t\t\t\t<\/li>\n<li>\n\t\t\t\t\t\t<span style=\"font-size:16px\">Too l\u00f5ng t\u00f6\u00f6 ette alguspunktis (punktis 1, joonis 1).<\/span>\n\t\t\t\t\t<\/li>\n<li>\n\t\t\t\t\t\t<span style=\"font-size:16px\">Vii l\u00f5ng t\u00f6\u00f6 taha \u00fclemisel joonel nelja riidel\u00f5nga v\u00f5rra paremalt (punktis 2, joonis 1) ja too t\u00f6\u00f6 ette kahe riidel\u00f5nga v\u00f5rra vasakul (punktis 3, joonis 1).<\/span>\n\t\t\t\t\t<\/li>\n<li>\n\t\t\t\t\t\t<span style=\"font-size:16px\">Vii l\u00f5ng t\u00f6\u00f6 taha alumisel joonel. Loe alguspunktist (punktist 1, joonis 2) kuus riidel\u00f5nga paremale,\u00a0vii l\u00f5ng t\u00f6\u00f6 taha ja too l\u00f5ng t\u00f6\u00f6 ette kaks riidel\u00f5nga vasakul (punktis 5, joonis 2).<\/span>\n\t\t\t\t\t<\/li>\n<li>\n\t\t\t\t\t\t<span style=\"font-size:16px\">J\u00e4rgmise piste tikkimist alusta \u00fclemiselt joonelt. Vii l\u00f5ng t\u00f6\u00f6 taha\u00a0eelmisest pistest nelja\u00a0riidel\u00f5nga v\u00f5rra paremale, loe kaks riidel\u00f5nga vasakule ja\u00a0too l\u00f5nga t\u00f6\u00f6 ette\u00a0(joonis 3).\u00a0<\/span>\n\t\t\t\t\t<\/li>\n<li>\n\t\t\t\t\t\t<span style=\"font-size:16px\">Teise aedpiste tikkimine l\u00f5peta alumisel real. Loe eelmisest pistest neli riidel\u00f5nga paremale, vii l\u00f5ng t\u00f6\u00f6 taha, loe kaks riidel\u00f5nga vasakule ja too l\u00f5ng t\u00f6\u00f6 ette (joonis 3).<\/span>\n\t\t\t\t\t<\/li>\n<li>\n\t\t\t\t\t\t<span style=\"font-size:16px\">J\u00e4tka samal viisil tikkimist.<\/span>\n\t\t\t\t\t<\/li>\n<\/ul>\n<p>\n\t\t\t\t\t\u00a0\n\t\t\t\t<\/p>\n<\/td>\n<\/tr>\n<\/tbody>\n<\/table>\n<p>\n\t<span style=\"color:#ff0000\"><span style=\"font-size:18px\"><strong>Video vaatamiseks vajuta hiirega joonisele.<\/strong><\/span><\/span>\n<\/p>\n<p>\n\t<a data-url=\"https:\/\/youtu.be\/zQPYIyUEu0w\" href=\"https:\/\/youtu.be\/zQPYIyUEu0w\" target=\"_blank\" title=\"\" rel=\"noopener\"><img loading=\"lazy\" decoding=\"async\" width=\"916\" height=\"673\" class=\"alignnone wp-image-40\" src=\"https:\/\/sisu.ut.ee\/wp-content\/uploads\/sites\/616\/aedpiste_2.png\" title=\"aedpiste_2.png\" alt=\"Aedpiste\" srcset=\"https:\/\/sisu.ut.ee\/wp-content\/uploads\/sites\/616\/aedpiste_2.png 916w, https:\/\/sisu.ut.ee\/wp-content\/uploads\/sites\/616\/aedpiste_2-300x220.png 300w, https:\/\/sisu.ut.ee\/wp-content\/uploads\/sites\/616\/aedpiste_2-768x564.png 768w\" sizes=\"auto, (max-width: 916px) 100vw, 916px\"><\/a>\n<\/p>\n<p>\n\t<a data-url=\"https:\/\/sisu.ut.ee\/tikkimine\/kastpiste\" href=\"https:\/\/sisu.ut.ee\/tikkimine\/kastpiste\" target=\"_blank\" title=\"\" rel=\"noopener\"><img loading=\"lazy\" decoding=\"async\" width=\"324\" height=\"170\" class=\"alignnone wp-image-28\" src=\"https:\/\/sisu.ut.ee\/wp-content\/uploads\/sites\/616\/nool.png\" title=\"nool.png\" alt=\"nool\" srcset=\"https:\/\/sisu.ut.ee\/wp-content\/uploads\/sites\/616\/nool.png 324w, https:\/\/sisu.ut.ee\/wp-content\/uploads\/sites\/616\/nool-300x157.png 300w\" sizes=\"auto, (max-width: 324px) 100vw, 324px\"><\/a>\n<\/p>\n<p>\n\t\u00a0\n<\/p>\n<p>\n\t<span style=\"font-size:16px\">Siit<strong><span style=\"color:#0000cd\">\u00a0<\/span><a data-url=\"https:\/\/drive.google.com\/file\/d\/1dxT0k8lYiLgLTjbtDkMIhycEJbrtsK0b\/view?usp=share_link\" href=\"https:\/\/drive.google.com\/file\/d\/1dxT0k8lYiLgLTjbtDkMIhycEJbrtsK0b\/view?usp=share_link\" target=\"_blank\" title=\"\" rel=\"noopener\"><span style=\"color:#0000cd\">lingilt\u00a0<\/span><\/a><\/strong>on k\u00e4ttesaadav aedpiste juhend Pdf failina.<\/span><\/p>\n","protected":false},"excerpt":{"rendered":"<p>\u00a0 Oma v\u00e4ljan\u00e4gemiselt meenutab aedpiste vanaaegset aeda ja ilmselt sellest tuleb ka piste nimi. Aedpistet v\u00f5ib tikkida\u00a0tihedate pistetena aga ka h\u00f5redalt, pisted v\u00f5ivad olla pikad ja l\u00fchikesed. Tavaliselt s\u00f5ltub see kangast, millele pistet\u00a0tikitakse. Aedpistet tikitakse kahe kujuteldava rea vahele. Alustatakse &#8230;<\/p>\n","protected":false},"author":307,"featured_media":0,"parent":0,"menu_order":0,"comment_status":"closed","ping_status":"closed","template":"","meta":{"_acf_changed":false,"inline_featured_image":false,"footnotes":""},"class_list":["post-13","page","type-page","status-publish","hentry"],"acf":[],"_links":{"self":[{"href":"https:\/\/sisu.ut.ee\/tikkimine\/wp-json\/wp\/v2\/pages\/13","targetHints":{"allow":["GET"]}}],"collection":[{"href":"https:\/\/sisu.ut.ee\/tikkimine\/wp-json\/wp\/v2\/pages"}],"about":[{"href":"https:\/\/sisu.ut.ee\/tikkimine\/wp-json\/wp\/v2\/types\/page"}],"author":[{"embeddable":true,"href":"https:\/\/sisu.ut.ee\/tikkimine\/wp-json\/wp\/v2\/users\/307"}],"replies":[{"embeddable":true,"href":"https:\/\/sisu.ut.ee\/tikkimine\/wp-json\/wp\/v2\/comments?post=13"}],"version-history":[{"count":1,"href":"https:\/\/sisu.ut.ee\/tikkimine\/wp-json\/wp\/v2\/pages\/13\/revisions"}],"predecessor-version":[{"id":95,"href":"https:\/\/sisu.ut.ee\/tikkimine\/wp-json\/wp\/v2\/pages\/13\/revisions\/95"}],"wp:attachment":[{"href":"https:\/\/sisu.ut.ee\/tikkimine\/wp-json\/wp\/v2\/media?parent=13"}],"curies":[{"name":"wp","href":"https:\/\/api.w.org\/{rel}","templated":true}]}}