{"id":12,"date":"2024-04-04T08:29:31","date_gmt":"2024-04-04T05:29:31","guid":{"rendered":"https:\/\/sisu.ut.ee\/tikkimine\/polvikpiste\/"},"modified":"2024-04-04T08:29:57","modified_gmt":"2024-04-04T05:29:57","slug":"polvikpiste","status":"publish","type":"page","link":"https:\/\/sisu.ut.ee\/tikkimine\/polvikpiste\/","title":{"rendered":"P\u00f5lvikpiste"},"content":{"rendered":"<p>\n\t\u00a0\n<\/p>\n<p>\n\t<span style=\"font-size:16px\">P\u00f5lvikpiste n\u00e4eb v\u00e4lja nagu siksak. Ta koosneb eelpistetest.\u00a0Teda tikitakse vaheldumisi kahele erinevale reale. Olenevalt tikitavast motiivist v\u00f5ivad polvikpisted olla ka erineva pikkusega.\u00a0<\/span>\n<\/p>\n<p>\n\t<strong><span style=\"font-size:16px\">P\u00f5lvikpiste tikkimist alustatakse paremalt suunaga vasakule.<\/span><\/strong>\n<\/p>\n<p>\n\t<strong><span style=\"font-size:16px\">N\u00f5ela liikumise suund on paremalt vasakule.<\/span><\/strong>\n<\/p>\n<p>\n\t\u00a0\n<\/p>\n<p>\n\t<span style=\"color:#ff0000\"><span style=\"font-size:16px\">Tikkimiseks vali endale sobiv t\u00f6\u00f6 k\u00e4ik.<\/span><\/span>\n<\/p>\n<table class=\"table table-hover\" border=\"1\" cellpadding=\"1\" cellspacing=\"1\">\n<tbody>\n<tr>\n<td>\n\t\t\t\t<span style=\"font-size:16px\"><strong>T\u00f6\u00f6 k\u00e4ik 1:<\/strong><\/span>\n\t\t\t<\/td>\n<td>\n\t\t\t\t<span style=\"font-size:16px\"><strong>T\u00f6\u00f6 k\u00e4ik 2:<\/strong><\/span>\n\t\t\t<\/td>\n<\/tr>\n<tr>\n<td>\n\t\t\t\t<span style=\"font-size:16px\">Vaata joonist:\u00a0<\/span>\n\t\t\t<\/td>\n<td>\n\t\t\t\t<span style=\"font-size:16px\">Vaata joonist:\u00a0<\/span>\n\t\t\t<\/td>\n<\/tr>\n<tr>\n<td>\n<ul>\n<li>\n\t\t\t\t\t\t<span style=\"font-size:16px\">Too l\u00f5ng t\u00f6\u00f6 ette punktis 1.<\/span>\n\t\t\t\t\t<\/li>\n<li>\n\t\t\t\t\t\t<span style=\"font-size:16px\">Vii l\u00f5ng t\u00f6\u00f6 taha punktis 2\u00a0ja too l\u00f5ng t\u00f6\u00f6 ette punktis 3.<\/span>\n\t\t\t\t\t<\/li>\n<li>\n\t\t\t\t\t\t<span style=\"font-size:16px\">Vii l\u00f5ng t\u00f6\u00f6 taha punktis 1 ja too t\u00f6\u00f6 ette punktis 4.<\/span>\n\t\t\t\t\t<\/li>\n<li>\n\t\t\t\t\t\t<span style=\"font-size:16px\">Oled valmis saanud esimese polvikpiste.<\/span>\n\t\t\t\t\t<\/li>\n<li>\n\t\t\t\t\t\t<span style=\"font-size:16px\">J\u00e4tkamiseks vii l\u00f5ng t\u00f6\u00f6 taha punktis 3 ja too t\u00f6\u00f6 ette punktis 5.<\/span>\n\t\t\t\t\t<\/li>\n<li>\n\t\t\t\t\t\t<span style=\"font-size:16px\">Vii l\u00f5ng t\u00f6\u00f6 taha punktis 4 ja too t\u00f6\u00f6 ette punktis 6.<\/span>\n\t\t\t\t\t<\/li>\n<li>\n\t\t\t\t\t\t<span style=\"font-size:16px\">N\u00fc\u00fcd on sul tikitud kaks polvikpistet.<\/span>\n\t\t\t\t\t<\/li>\n<li>\n\t\t\t\t\t\t<span style=\"font-size:16px\">J\u00e4tka tikkimist samal viisil.\u00a0 \u00a0 \u00a0 \u00a0 \u00a0 \u00a0 \u00a0 \u00a0 \u00a0 \u00a0 \u00a0 \u00a0 \u00a0 \u00a0 \u00a0 \u00a0 \u00a0 \u00a0 \u00a0 \u00a0 \u00a0 \u00a0 \u00a0 \u00a0 \u00a0 \u00a0 \u00a0 \u00a0 \u00a0 \u00a0 \u00a0 \u00a0 \u00a0 \u00a0 \u00a0 \u00a0 \u00a0 \u00a0 \u00a0 \u00a0 \u00a0 \u00a0 \u00a0 \u00a0 \u00a0 \u00a0 \u00a0 \u00a0 \u00a0 \u00a0 \u00a0 \u00a0\u00a0 \u00a0 \u00a0 \u00a0 \u00a0 \u00a0 \u00a0 \u00a0 \u00a0 \u00a0 \u00a0 \u00a0 \u00a0 \u00a0 \u00a0 \u00a0 \u00a0 \u00a0 \u00a0 \u00a0 \u00a0 \u00a0 \u00a0 \u00a0 \u00a0 \u00a0 \u00a0 \u00a0 \u00a0 \u00a0 \u00a0 \u00a0 \u00a0 \u00a0 \u00a0 \u00a0 \u00a0 \u00a0 \u00a0 \u00a0 \u00a0 \u00a0 \u00a0 \u00a0 \u00a0 \u00a0\u00a0<\/span>\n\t\t\t\t\t<\/li>\n<\/ul>\n<\/td>\n<td>\n<ul>\n<li>\n\t\t\t\t\t\t<span style=\"font-size:16px\">Selles juhendis on \u00fclemise ja alumise joone vaheks ja ka piste vaheks arvestatud kaks\u00a0<strong><a href=\"https:\/\/sisu.ut.ee\/tikkimine\/m%C3%B5istete-t%C3%A4hendused\" target=\"_blank\" title=\"\" rel=\"noopener\"><span style=\"color:#0000cd\">riidel\u00f5nga<\/span><\/a><span style=\"color:#0000cd\">.<\/span><\/strong><\/span>\n\t\t\t\t\t<\/li>\n<li>\n\t\t\t\t\t\t<span style=\"font-size:16px\">Alusta tikkimist alumiselt joonelt (joonis 1).<\/span>\n\t\t\t\t\t<\/li>\n<li>\n\t\t\t\t\t\t<span style=\"font-size:16px\">Too l\u00f5ng t\u00f6\u00f6 ette alguspunktis.<\/span>\n\t\t\t\t\t<\/li>\n<li>\n\t\t\t\t\t\t<span style=\"font-size:16px\">Vii l\u00f5ng t\u00f6\u00f6 taha \u00fclemisel joonel poole piste v\u00f5rra paremalt ning too t\u00f6\u00f6 ette piste pikkuse v\u00f5rra vasakult.<\/span>\n\t\t\t\t\t<\/li>\n<li>\n\t\t\t\t\t\t<span style=\"font-size:16px\">Esimese polvikpiste l\u00f5petamiseks ja j\u00e4rgmise piste alustamiseks vii l\u00f5ng t\u00f6\u00f6 taha alguspunktis ja too t\u00f6\u00f6 ette piste pikkuse v\u00f5rra vasakul (joonis 2).\u00a0<\/span>\n\t\t\t\t\t<\/li>\n<li>\n\t\t\t\t\t\t<span style=\"font-size:16px\">J\u00e4tka samal viisil tikkimist, selleks vaheldumisi \u00fclemisel ja alumisel real \u00fchepikkuseid pisteid tikkides (joonis 3).<\/span>\n\t\t\t\t\t<\/li>\n<\/ul>\n<\/td>\n<\/tr>\n<\/tbody>\n<\/table>\n<p>\n\t\u00a0\n<\/p>\n<p>\n\t<span style=\"color:#ff0000\"><span style=\"font-size:18px\"><strong>Video vaatamiseks vajuta hiirega joonisele.<\/strong><\/span><\/span>\n<\/p>\n<p>\n\t<a data-url=\"https:\/\/youtu.be\/1JSV7rrAngA\" href=\"https:\/\/youtu.be\/1JSV7rrAngA\" target=\"_blank\" title=\"\" rel=\"noopener\"><img loading=\"lazy\" decoding=\"async\" width=\"1007\" height=\"660\" class=\"alignnone wp-image-38\" src=\"https:\/\/sisu.ut.ee\/wp-content\/uploads\/sites\/616\/polvikpiste_1a.png\" title=\"polvikpiste_1a.png\" alt=\"P\u00f5lvikpiste\" srcset=\"https:\/\/sisu.ut.ee\/wp-content\/uploads\/sites\/616\/polvikpiste_1a.png 1007w, https:\/\/sisu.ut.ee\/wp-content\/uploads\/sites\/616\/polvikpiste_1a-300x197.png 300w, https:\/\/sisu.ut.ee\/wp-content\/uploads\/sites\/616\/polvikpiste_1a-768x503.png 768w\" sizes=\"auto, (max-width: 1007px) 100vw, 1007px\"><\/a>\n<\/p>\n<p>\n\t<a data-url=\"https:\/\/sisu.ut.ee\/tikkimine\/aedpiste\" href=\"https:\/\/sisu.ut.ee\/tikkimine\/aedpiste\" target=\"_blank\" title=\"\" rel=\"noopener\"><img loading=\"lazy\" decoding=\"async\" width=\"324\" height=\"170\" class=\"alignnone wp-image-28\" src=\"https:\/\/sisu.ut.ee\/wp-content\/uploads\/sites\/616\/nool.png\" title=\"nool.png\" alt=\"nool\" srcset=\"https:\/\/sisu.ut.ee\/wp-content\/uploads\/sites\/616\/nool.png 324w, https:\/\/sisu.ut.ee\/wp-content\/uploads\/sites\/616\/nool-300x157.png 300w\" sizes=\"auto, (max-width: 324px) 100vw, 324px\"><\/a>\n<\/p>\n<p>\n\t\u00a0\n<\/p>\n<p>\n\t<span style=\"font-size:16px\">Siit<strong><span style=\"color:#0000cd\">\u00a0<\/span><\/strong><a data-url=\"https:\/\/drive.google.com\/file\/d\/1Mh6tTGwPGzgeAzWpkrq6_K5m6D4TgTFS\/view?usp=share_link\" href=\"https:\/\/drive.google.com\/file\/d\/1Mh6tTGwPGzgeAzWpkrq6_K5m6D4TgTFS\/view?usp=share_link\" target=\"_blank\" title=\"\" rel=\"noopener\"><span style=\"color:#0000cd\"><strong>lingilt<\/strong>\u00a0<\/span><\/a>on k\u00e4ttesaadav polvikpiste juhend Pdf failina.<\/span><\/p>\n","protected":false},"excerpt":{"rendered":"<p>\u00a0 P\u00f5lvikpiste n\u00e4eb v\u00e4lja nagu siksak. Ta koosneb eelpistetest.\u00a0Teda tikitakse vaheldumisi kahele erinevale reale. Olenevalt tikitavast motiivist v\u00f5ivad polvikpisted olla ka erineva pikkusega.\u00a0 P\u00f5lvikpiste tikkimist alustatakse paremalt suunaga vasakule. N\u00f5ela liikumise suund on paremalt vasakule. \u00a0 Tikkimiseks vali endale sobiv &#8230;<\/p>\n","protected":false},"author":307,"featured_media":0,"parent":0,"menu_order":0,"comment_status":"closed","ping_status":"closed","template":"","meta":{"_acf_changed":false,"inline_featured_image":false,"footnotes":""},"class_list":["post-12","page","type-page","status-publish","hentry"],"acf":[],"_links":{"self":[{"href":"https:\/\/sisu.ut.ee\/tikkimine\/wp-json\/wp\/v2\/pages\/12","targetHints":{"allow":["GET"]}}],"collection":[{"href":"https:\/\/sisu.ut.ee\/tikkimine\/wp-json\/wp\/v2\/pages"}],"about":[{"href":"https:\/\/sisu.ut.ee\/tikkimine\/wp-json\/wp\/v2\/types\/page"}],"author":[{"embeddable":true,"href":"https:\/\/sisu.ut.ee\/tikkimine\/wp-json\/wp\/v2\/users\/307"}],"replies":[{"embeddable":true,"href":"https:\/\/sisu.ut.ee\/tikkimine\/wp-json\/wp\/v2\/comments?post=12"}],"version-history":[{"count":1,"href":"https:\/\/sisu.ut.ee\/tikkimine\/wp-json\/wp\/v2\/pages\/12\/revisions"}],"predecessor-version":[{"id":94,"href":"https:\/\/sisu.ut.ee\/tikkimine\/wp-json\/wp\/v2\/pages\/12\/revisions\/94"}],"wp:attachment":[{"href":"https:\/\/sisu.ut.ee\/tikkimine\/wp-json\/wp\/v2\/media?parent=12"}],"curies":[{"name":"wp","href":"https:\/\/api.w.org\/{rel}","templated":true}]}}