{"id":11,"date":"2024-04-04T08:29:31","date_gmt":"2024-04-04T05:29:31","guid":{"rendered":"https:\/\/sisu.ut.ee\/tikkimine\/samppiste\/"},"modified":"2024-04-04T08:29:57","modified_gmt":"2024-04-04T05:29:57","slug":"samppiste","status":"publish","type":"page","link":"https:\/\/sisu.ut.ee\/tikkimine\/samppiste\/","title":{"rendered":"S\u00e4mppiste"},"content":{"rendered":"<p>\n\t\u00a0\n<\/p>\n<p>\n\t<span style=\"font-size:16px\">S\u00e4mppiste on\u00a0tikandites peamiselt kasutusel\u00a0\u00e4\u00e4ristuspistena. T\u00f6\u00f6\u00a0\u00e4\u00e4r, mida \u00e4\u00e4ristataks,\u00a0ei pea olema sirge. Lisaks sellele kasutatakse samppistet ka mustrite tikkimisel ja\u00a0<strong><a data-url=\"https:\/\/sisu.ut.ee\/tikkimine\/m%C3%B5istete-t%C3%A4hendused\" href=\"https:\/\/sisu.ut.ee\/tikkimine\/m%C3%B5istete-t%C3%A4hendused\" target=\"_blank\" title=\"\" rel=\"noopener\"><span style=\"color:#0000cd\">aplikatsioontehnikas<\/span><\/a><\/strong>,\u00a0nagu ka paljusid teisi pisteid. S\u00e4mppistet tikkides v\u00f5ivad pisted\u00a0olla pikkuselt ja tiheduselt\u00a0v\u00f5rdsed. Samas v\u00f5ib samppisteid tikkida ka nii, et need on erinevas pikkuses ja tiheduses.<\/span>\n<\/p>\n<p>\n\t<span style=\"font-size:16px\">S\u00e4mpistet tikitakse kahe kujuteldava\u00a0joone vahele.<\/span>\n<\/p>\n<p>\n\t<strong><span style=\"font-size:16px\">Tavaliselt tikitakse samppistet vasakult paremale.\u00a0<\/span><\/strong>\n<\/p>\n<p>\n\t<strong><span style=\"font-size:16px\">N\u00f5el liigub suunaga \u00fclevalt alla.<\/span><\/strong>\n<\/p>\n<p>\n\t\u00a0\n<\/p>\n<p>\n\t<span style=\"color:#ff0000\"><span style=\"font-size:16px\">Tikkimiseks vali endale sobiv t\u00f6\u00f6 k\u00e4ik.<\/span><\/span>\n<\/p>\n<table class=\"table table-hover\" border=\"1\" cellpadding=\"1\" cellspacing=\"1\">\n<tbody>\n<tr>\n<td>\n\t\t\t\t<span style=\"font-size:16px\"><strong>T\u00f6\u00f6 k\u00e4ik 1:<\/strong><\/span>\n\t\t\t<\/td>\n<td>\n\t\t\t\t<span style=\"font-size:16px\"><strong>T\u00f6\u00f6 k\u00e4ik 2:<\/strong><\/span>\n\t\t\t<\/td>\n<\/tr>\n<tr>\n<td>\n\t\t\t\t<span style=\"font-size:16px\">Vaata joonist:\u00a0<\/span>\n\t\t\t<\/td>\n<td>\n\t\t\t\t<span style=\"font-size:16px\">Vaata joonist:\u00a0<\/span>\n\t\t\t<\/td>\n<\/tr>\n<tr>\n<td>\n<ul>\n<li>\n\t\t\t\t\t\t<span style=\"font-size:16px\">Too l\u00f5ng t\u00f6\u00f6 ette punktis 1.<\/span>\n\t\t\t\t\t<\/li>\n<li>\n\t\t\t\t\t\t<span style=\"font-size:16px\">Vii l\u00f5ng t\u00f6\u00f6 taha punktis 2\u00a0ja too t\u00f6\u00f6 ette punktis 3.<\/span>\n\t\t\t\t\t<\/li>\n<li>\n\t\t\t\t\t\t<span style=\"font-size:16px\">Punktis 3\u00a0j\u00e4lgi, et l\u00f5ng j\u00e4\u00e4b n\u00f5ela alla.<\/span>\n\t\t\t\t\t<\/li>\n<li>\n\t\t\t\t\t\t<span style=\"font-size:16px\">Pinguta piste.<\/span>\n\t\t\t\t\t<\/li>\n<li>\n\t\t\t\t\t\t<span style=\"font-size:16px\">Pista l\u00f5ng t\u00f6\u00f6 taha punktis 4 ja too t\u00f6\u00f6 ette punktis 5.\u00a0<\/span>\n\t\t\t\t\t<\/li>\n<li>\n\t\t\t\t\t\t<span style=\"font-size:16px\">Punktis 5\u00a0j\u00e4lgi, et l\u00f5ng j\u00e4\u00e4b n\u00f5ela alla.<\/span>\n\t\t\t\t\t<\/li>\n<li>\n\t\t\t\t\t\t<span style=\"font-size:16px\">Pinguta piste.<\/span>\n\t\t\t\t\t<\/li>\n<li>\n\t\t\t\t\t\t<span style=\"font-size:16px\">J\u00e4tka samal viisil tikkimist.<\/span>\n\t\t\t\t\t<\/li>\n<li>\n\t\t\t\t\t\t<span style=\"font-size:16px\">Punktis 6 on n\u00e4idatud kuidas kinnitada viimane piste.\u00a0 \u00a0 \u00a0 \u00a0 \u00a0 \u00a0 \u00a0 \u00a0 \u00a0 \u00a0 \u00a0 \u00a0 \u00a0 \u00a0 \u00a0 \u00a0 \u00a0 \u00a0 \u00a0 \u00a0 \u00a0 \u00a0 \u00a0 \u00a0 \u00a0 \u00a0 \u00a0 \u00a0 \u00a0 \u00a0 \u00a0 \u00a0 \u00a0 \u00a0 \u00a0 \u00a0 \u00a0 \u00a0 \u00a0 \u00a0 \u00a0 \u00a0 \u00a0 \u00a0 \u00a0 \u00a0 \u00a0 \u00a0 \u00a0 \u00a0 \u00a0 \u00a0 \u00a0 \u00a0 \u00a0 \u00a0 \u00a0 \u00a0\u00a0<\/span>\n\t\t\t\t\t<\/li>\n<\/ul>\n<\/td>\n<td>\n<ul>\n<li>\n\t\t\t\t\t\t<span style=\"font-size:16px\">Selles juhendis on \u00fclemise ja alumise joone vaheks ja ka pistevaheks arvestatud kaks<strong><span style=\"color:#0000cd\"> <\/span><a data-url=\"https:\/\/sisu.ut.ee\/tikkimine\/m%C3%B5istete-t%C3%A4hendused\" href=\"https:\/\/sisu.ut.ee\/tikkimine\/m%C3%B5istete-t%C3%A4hendused\" target=\"_blank\" title=\"\" rel=\"noopener\"><span style=\"color:#0000cd\">riidel\u00f5nga<\/span><\/a><span style=\"color:#0000cd\">.<\/span><\/strong><\/span>\n\t\t\t\t\t<\/li>\n<li>\n\t\t\t\t\t\t<span style=\"font-size:16px\">Too l\u00f5ng t\u00f6\u00f6 ette alguspunktis (punktis 1).<\/span>\n\t\t\t\t\t<\/li>\n<li>\n\t\t\t\t\t\t<span style=\"font-size:16px\">Vii l\u00f5ng t\u00f6\u00f6 taha piste pikkuse v\u00f5rra paremalt \u00fclemisel joonel (punktis 2) ja too t\u00f6\u00f6 ette alumisel joonel (punktis 3).<\/span>\n\t\t\t\t\t<\/li>\n<li>\n\t\t\t\t\t\t<span style=\"font-size:16px\">Punktis 3 n\u00f5ela t\u00f6\u00f6 ette tuues j\u00e4lgi, et l\u00f5ng j\u00e4\u00e4ks n\u00f5ela alla.<\/span>\n\t\t\t\t\t<\/li>\n<li>\n\t\t\t\t\t\t<span style=\"font-size:16px\">J\u00e4rgmine piste tiki sama vahega, suunaga \u00fclevalt alla ning j\u00e4lgi, et l\u00f5ng j\u00e4\u00e4ks n\u00f5ela alla.<\/span>\n\t\t\t\t\t<\/li>\n<\/ul>\n<p>\n\t\t\t\t\t\u00a0\n\t\t\t\t<\/p>\n<\/td>\n<\/tr>\n<\/tbody>\n<\/table>\n<p>\n\t\u00a0\n<\/p>\n<p>\n\t<span style=\"color:#ff0000\"><span style=\"font-size:18px\"><strong>Video vaatamiseks vajuta hiirega joonisele.<\/strong><\/span><\/span>\n<\/p>\n<p>\n\t<a data-url=\"https:\/\/youtu.be\/smK3pt4fMmE\" href=\"https:\/\/youtu.be\/smK3pt4fMmE\" target=\"_blank\" title=\"\" rel=\"noopener\"><img loading=\"lazy\" decoding=\"async\" width=\"771\" height=\"591\" class=\"alignnone wp-image-36\" src=\"https:\/\/sisu.ut.ee\/wp-content\/uploads\/sites\/616\/samppiste_2.png\" title=\"samppiste_2.png\" alt=\"S\u00e4mppiste\" srcset=\"https:\/\/sisu.ut.ee\/wp-content\/uploads\/sites\/616\/samppiste_2.png 771w, https:\/\/sisu.ut.ee\/wp-content\/uploads\/sites\/616\/samppiste_2-300x230.png 300w, https:\/\/sisu.ut.ee\/wp-content\/uploads\/sites\/616\/samppiste_2-768x589.png 768w\" sizes=\"auto, (max-width: 771px) 100vw, 771px\"><\/a>\n<\/p>\n<p>\n\t<a data-url=\"https:\/\/sisu.ut.ee\/tikkimine\/p%C3%B5lvikpiste\" href=\"https:\/\/sisu.ut.ee\/tikkimine\/p%C3%B5lvikpiste\" target=\"_blank\" title=\"\" rel=\"noopener\"><img loading=\"lazy\" decoding=\"async\" width=\"324\" height=\"170\" class=\"alignnone wp-image-28\" src=\"https:\/\/sisu.ut.ee\/wp-content\/uploads\/sites\/616\/nool.png\" title=\"nool.png\" alt=\"nool\" srcset=\"https:\/\/sisu.ut.ee\/wp-content\/uploads\/sites\/616\/nool.png 324w, https:\/\/sisu.ut.ee\/wp-content\/uploads\/sites\/616\/nool-300x157.png 300w\" sizes=\"auto, (max-width: 324px) 100vw, 324px\"><\/a>\n<\/p>\n<p>\n\t\u00a0\n<\/p>\n<p>\n\t<span style=\"font-size:16px\">Siit<strong><span style=\"color:#0000cd\"> <\/span><a data-url=\"https:\/\/drive.google.com\/file\/d\/1cRVbZhQIjAY8pNZIyXR_VTvHOquPFR8v\/view?usp=share_link\" href=\"https:\/\/drive.google.com\/file\/d\/1cRVbZhQIjAY8pNZIyXR_VTvHOquPFR8v\/view?usp=share_link\" target=\"_blank\" title=\"\" rel=\"noopener\"><span style=\"color:#0000cd\">lingilt <\/span><\/a><\/strong>on k\u00e4ttesaadav samppiste juhend Pdf failina.<\/span>\n<\/p>\n<p>\n\t\u00a0<\/p>\n","protected":false},"excerpt":{"rendered":"<p>\u00a0 S\u00e4mppiste on\u00a0tikandites peamiselt kasutusel\u00a0\u00e4\u00e4ristuspistena. T\u00f6\u00f6\u00a0\u00e4\u00e4r, mida \u00e4\u00e4ristataks,\u00a0ei pea olema sirge. Lisaks sellele kasutatakse samppistet ka mustrite tikkimisel ja\u00a0aplikatsioontehnikas,\u00a0nagu ka paljusid teisi pisteid. S\u00e4mppistet tikkides v\u00f5ivad pisted\u00a0olla pikkuselt ja tiheduselt\u00a0v\u00f5rdsed. Samas v\u00f5ib samppisteid tikkida ka nii, et need on erinevas &#8230;<\/p>\n","protected":false},"author":307,"featured_media":0,"parent":0,"menu_order":0,"comment_status":"closed","ping_status":"closed","template":"","meta":{"_acf_changed":false,"inline_featured_image":false,"footnotes":""},"class_list":["post-11","page","type-page","status-publish","hentry"],"acf":[],"_links":{"self":[{"href":"https:\/\/sisu.ut.ee\/tikkimine\/wp-json\/wp\/v2\/pages\/11","targetHints":{"allow":["GET"]}}],"collection":[{"href":"https:\/\/sisu.ut.ee\/tikkimine\/wp-json\/wp\/v2\/pages"}],"about":[{"href":"https:\/\/sisu.ut.ee\/tikkimine\/wp-json\/wp\/v2\/types\/page"}],"author":[{"embeddable":true,"href":"https:\/\/sisu.ut.ee\/tikkimine\/wp-json\/wp\/v2\/users\/307"}],"replies":[{"embeddable":true,"href":"https:\/\/sisu.ut.ee\/tikkimine\/wp-json\/wp\/v2\/comments?post=11"}],"version-history":[{"count":1,"href":"https:\/\/sisu.ut.ee\/tikkimine\/wp-json\/wp\/v2\/pages\/11\/revisions"}],"predecessor-version":[{"id":93,"href":"https:\/\/sisu.ut.ee\/tikkimine\/wp-json\/wp\/v2\/pages\/11\/revisions\/93"}],"wp:attachment":[{"href":"https:\/\/sisu.ut.ee\/tikkimine\/wp-json\/wp\/v2\/media?parent=11"}],"curies":[{"name":"wp","href":"https:\/\/api.w.org\/{rel}","templated":true}]}}