{"id":10,"date":"2024-04-04T08:29:31","date_gmt":"2024-04-04T05:29:31","guid":{"rendered":"https:\/\/sisu.ut.ee\/tikkimine\/linnusilmapiste\/"},"modified":"2024-04-04T08:29:57","modified_gmt":"2024-04-04T05:29:57","slug":"linnusilmapiste","status":"publish","type":"page","link":"https:\/\/sisu.ut.ee\/tikkimine\/linnusilmapiste\/","title":{"rendered":"Linnusilmapiste"},"content":{"rendered":"<p>\n\t\u00a0\n<\/p>\n<p>\n\t<span style=\"font-size:16px\">Linnusilmapiste moodustub siis, kui ahelpistet tikkida \u00fcksikute l\u00fclidena. Enne uue piste tikkimist tuleb iga eelmine l\u00fcli kinnitada. Linnusilmapistet kasutades saab tikkida n\u00e4iteks lilli aga ka viljap\u00e4id ja palju muud.<\/span>\n<\/p>\n<p>\n\t<strong><span style=\"font-size:16px\">Linnusilmapistet v\u00f5ib tikkida igas suunas.<\/span><\/strong>\n<\/p>\n<p>\n\t\u00a0\n<\/p>\n<p>\n\t<span style=\"color:#ff0000\"><span style=\"font-size:16px\">Tikkimiseks vali endale sobiv t\u00f6\u00f6 k\u00e4ik.<\/span><\/span>\n<\/p>\n<table class=\"table table-hover\" border=\"1\" cellpadding=\"1\" cellspacing=\"1\">\n<tbody>\n<tr>\n<td>\n\t\t\t\t<span style=\"font-size:16px\"><strong>T\u00f6\u00f6 k\u00e4ik 1:<\/strong><\/span>\n\t\t\t<\/td>\n<td>\n\t\t\t\t<span style=\"font-size:16px\"><strong>T\u00f6\u00f6 k\u00e4ik 2:<\/strong><\/span>\n\t\t\t<\/td>\n<\/tr>\n<tr>\n<td>\n\t\t\t\t<span style=\"font-size:16px\">Vaata joonist:\u00a0<\/span>\n\t\t\t<\/td>\n<td>\n\t\t\t\t<span style=\"font-size:16px\">Vaata joonist:\u00a0<\/span>\n\t\t\t<\/td>\n<\/tr>\n<tr>\n<td>\n<ul>\n<li>\n\t\t\t\t\t\t<span style=\"font-size:16px\">Too l\u00f5ng t\u00f6\u00f6 ette punktis 1 ja vii\u00a0samast punktist t\u00f6\u00f6 taha.<\/span>\n\t\t\t\t\t<\/li>\n<li>\n\t\t\t\t\t\t<span style=\"font-size:16px\">Too l\u00f5ng\u00a0punktis 2 t\u00f6\u00f6 ette nii, et l\u00f5ng\u00a0j\u00e4\u00e4b n\u00f5ela alla.\u00a0<\/span>\n\t\t\t\t\t<\/li>\n<li>\n\t\t\t\t\t\t<span style=\"font-size:16px\">Piste kinnitamiseks\u00a0tee viimane piste ahelpiste\u00a0tagant (punktis 3), mitte\u00a0ahelpiste seest.<\/span>\n\t\t\t\t\t<\/li>\n<li>\n\t\t\t\t\t\t<span style=\"font-size:16px\">P\u00e4rast piste kinnitamist saab alustada uue piste tikkimist.\u00a0 \u00a0 \u00a0 \u00a0 \u00a0 \u00a0 \u00a0 \u00a0 \u00a0 \u00a0 \u00a0 \u00a0 \u00a0 \u00a0 \u00a0 \u00a0 \u00a0 \u00a0 \u00a0 \u00a0 <\/span><span style=\"font-size:16px\">\u00a0 \u00a0 \u00a0 \u00a0 \u00a0<\/span><span style=\"font-size:16px\">\u00a0 \u00a0 \u00a0 \u00a0 \u00a0 \u00a0 \u00a0 \u00a0 \u00a0 \u00a0 \u00a0 \u00a0 \u00a0 \u00a0 \u00a0 \u00a0 \u00a0 \u00a0 \u00a0 \u00a0 \u00a0 \u00a0 \u00a0 \u00a0 \u00a0 \u00a0 \u00a0 \u00a0 \u00a0 \u00a0 \u00a0 \u00a0<\/span>\n\t\t\t\t\t<\/li>\n<\/ul>\n<\/td>\n<td>\n<ul>\n<li>\n\t\t\t\t\t\t<span style=\"font-size:16px\">Too l\u00f5ng t\u00f6\u00f6 ette alguspunktis\u00a0(punktis 1).<\/span>\n\t\t\t\t\t<\/li>\n<li>\n\t\t\t\t\t\t<span style=\"font-size:16px\">Vii l\u00f5ng t\u00f6\u00f6 taha alguspunktis ja too t\u00f6\u00f6 ette pistepikkuse v\u00f5rra all (punktis 2), arvestades sellega, et l\u00f5ng j\u00e4\u00e4b n\u00f5ela alla.<\/span>\n\t\t\t\t\t<\/li>\n<li>\n\t\t\t\t\t\t<span style=\"font-size:16px\">Kinnita\u00a0piste (n\u00e4idatud punktis 3).\u00a0<\/span>\n\t\t\t\t\t<\/li>\n<li>\n\t\t\t\t\t\t<span style=\"font-size:16px\">J\u00e4rgmise piste tikkimiseks liigu n\u00f5elaga t\u00f6\u00f6 taha sobivasse kohta ja alusta j\u00e4rgmise piste tikkimist varem kirjeldatud viisil.<\/span>\n\t\t\t\t\t<\/li>\n<\/ul>\n<\/td>\n<\/tr>\n<\/tbody>\n<\/table>\n<p>\n\t\u00a0\n<\/p>\n<p>\n\t<span style=\"color:#ff0000\"><span style=\"font-size:18px\"><strong>Video vaatamiseks vajuta hiirega joonisele.<\/strong><\/span><\/span>\n<\/p>\n<p>\n\t<a data-url=\"https:\/\/youtu.be\/ODDj8WvYazE\" href=\"https:\/\/youtu.be\/ODDj8WvYazE\" target=\"_blank\" title=\"\" rel=\"noopener\"><img loading=\"lazy\" decoding=\"async\" width=\"911\" height=\"709\" class=\"alignnone wp-image-35\" src=\"https:\/\/sisu.ut.ee\/wp-content\/uploads\/sites\/616\/linnusilmapiste_1.png\" title=\"linnusilmapiste_1.png\" alt=\"Linnusilmapiste\" srcset=\"https:\/\/sisu.ut.ee\/wp-content\/uploads\/sites\/616\/linnusilmapiste_1.png 911w, https:\/\/sisu.ut.ee\/wp-content\/uploads\/sites\/616\/linnusilmapiste_1-300x233.png 300w, https:\/\/sisu.ut.ee\/wp-content\/uploads\/sites\/616\/linnusilmapiste_1-768x598.png 768w\" sizes=\"auto, (max-width: 911px) 100vw, 911px\"><\/a>\n<\/p>\n<p>\n\t<a data-url=\"https:\/\/sisu.ut.ee\/tikkimine\/ristpiste\" href=\"https:\/\/sisu.ut.ee\/tikkimine\/ristpiste\" target=\"_blank\" title=\"\" rel=\"noopener\"><img loading=\"lazy\" decoding=\"async\" width=\"324\" height=\"170\" class=\"alignnone wp-image-28\" src=\"https:\/\/sisu.ut.ee\/wp-content\/uploads\/sites\/616\/nool.png\" title=\"nool.png\" alt=\"nool\" srcset=\"https:\/\/sisu.ut.ee\/wp-content\/uploads\/sites\/616\/nool.png 324w, https:\/\/sisu.ut.ee\/wp-content\/uploads\/sites\/616\/nool-300x157.png 300w\" sizes=\"auto, (max-width: 324px) 100vw, 324px\"><\/a>\n<\/p>\n<p>\n\t\u00a0\n<\/p>\n<p>\n\t<span style=\"font-size:16px\">Siit<strong> <\/strong><a data-url=\"https:\/\/drive.google.com\/file\/d\/1Mfx9LyNQQ8z401KqJMzjeruMRWxXfAwi\/view?usp=share_link\" href=\"https:\/\/drive.google.com\/file\/d\/1Mfx9LyNQQ8z401KqJMzjeruMRWxXfAwi\/view?usp=share_link\" target=\"_blank\" title=\"\" rel=\"noopener\"><strong><span style=\"color:#0000cd\">lingilt<\/span><\/strong> <\/a>on k\u00e4ttesaadav linnusilmapiste juhend Pdf failina.<\/span><\/p>\n","protected":false},"excerpt":{"rendered":"<p>\u00a0 Linnusilmapiste moodustub siis, kui ahelpistet tikkida \u00fcksikute l\u00fclidena. Enne uue piste tikkimist tuleb iga eelmine l\u00fcli kinnitada. Linnusilmapistet kasutades saab tikkida n\u00e4iteks lilli aga ka viljap\u00e4id ja palju muud. Linnusilmapistet v\u00f5ib tikkida igas suunas. \u00a0 Tikkimiseks vali endale sobiv &#8230;<\/p>\n","protected":false},"author":307,"featured_media":0,"parent":0,"menu_order":0,"comment_status":"closed","ping_status":"closed","template":"","meta":{"_acf_changed":false,"inline_featured_image":false,"footnotes":""},"class_list":["post-10","page","type-page","status-publish","hentry"],"acf":[],"_links":{"self":[{"href":"https:\/\/sisu.ut.ee\/tikkimine\/wp-json\/wp\/v2\/pages\/10","targetHints":{"allow":["GET"]}}],"collection":[{"href":"https:\/\/sisu.ut.ee\/tikkimine\/wp-json\/wp\/v2\/pages"}],"about":[{"href":"https:\/\/sisu.ut.ee\/tikkimine\/wp-json\/wp\/v2\/types\/page"}],"author":[{"embeddable":true,"href":"https:\/\/sisu.ut.ee\/tikkimine\/wp-json\/wp\/v2\/users\/307"}],"replies":[{"embeddable":true,"href":"https:\/\/sisu.ut.ee\/tikkimine\/wp-json\/wp\/v2\/comments?post=10"}],"version-history":[{"count":1,"href":"https:\/\/sisu.ut.ee\/tikkimine\/wp-json\/wp\/v2\/pages\/10\/revisions"}],"predecessor-version":[{"id":92,"href":"https:\/\/sisu.ut.ee\/tikkimine\/wp-json\/wp\/v2\/pages\/10\/revisions\/92"}],"wp:attachment":[{"href":"https:\/\/sisu.ut.ee\/tikkimine\/wp-json\/wp\/v2\/media?parent=10"}],"curies":[{"name":"wp","href":"https:\/\/api.w.org\/{rel}","templated":true}]}}