{"id":95,"date":"2024-11-06T12:43:58","date_gmt":"2024-11-06T10:43:58","guid":{"rendered":"https:\/\/sisu.ut.ee\/ti\/?page_id=95"},"modified":"2026-01-08T13:05:41","modified_gmt":"2026-01-08T11:05:41","slug":"viiba-koostamine","status":"publish","type":"page","link":"https:\/\/sisu.ut.ee\/ti\/viiba-koostamine\/","title":{"rendered":"2.3. Viiba koostamine"},"content":{"rendered":"<p>Selleks et m\u00f5ista, kuidas TI t\u00f6\u00f6riistu kasutada, tuleb k\u00f5igepealt aru saada, mismoodi toimivad viibad ja kuidas neid parimal viisil kirjutada. Alles seej\u00e4rel saab vaadata, millised on head TI kasutamise viisid v\u00f5i kuidas leida oma igap\u00e4evat\u00f6\u00f6 jaoks eesm\u00e4rgip\u00e4raseid kasutusviise.\u00a0<\/p>\n\n\n\n<p>Tekstiroboteid saab kasutada v\u00e4ga erinevate \u00fclesannete t\u00e4itmiseks. Igas valdkonnas on v\u00e4lja kujunenud v\u00f5i hakkab v\u00e4lja kujunema oma stiil ja parimad v\u00f5tted tekstirobotite kasutamiseks. Samas kehtivad pea k\u00f5igis valdkondades \u00fcldised viiba kirjutamise soovitused, et tekstirobot annaks parima v\u00f5imaliku tulemuse.\u00a0\u00a0<\/p>\n\n\n\n<figure class=\"wp-block-pullquote alignright\"><blockquote><p>Viip on tekst, mille kasutaja sisestab tekstirobotisse ja mille p\u00f5hjal tekstirobot ennustab k\u00f5ige t\u00f5en\u00e4olisema vastuse.\u00a0<br><br>Viip peab olema \u00fcheselt m\u00f5istetav, konkreetne, v\u00f5imalikult t\u00e4pne ning kirjutatud korrektses keeles.\u00a0<\/p><\/blockquote><\/figure>\n\n\n\n<p>Viip on tekst, mille kasutaja sisestab tekstirobotisse ja mille p\u00f5hjal tekstirobot ennustab k\u00f5ige t\u00f5en\u00e4olisema vastuse. Praegu, st aastal 2024, on tekstirobotid juba v\u00e4ga targad ja suudavad h\u00e4sti ennustada, mis on t\u00f5en\u00e4oline vastus n\u00e4iteks viibale \u201cAnna mulle m\u00f5tteid, kuidas kirjutada essee tarbijak\u00e4itumise teemal\u201d. Kuna tekstiroboti vastused ka lihtsale viibale on tihti \u00fcsna head, siis on kerge j\u00e4\u00e4da mugavaks ja viipa mitte optimeerida. On aga terve hulk h\u00e4sti toimivaid viiba t\u00e4iustamise v\u00f5tteid, mis tagavad veelgi t\u00e4psema tulemuse.\u00a0\u00a0<\/p>\n\n\n\n<p>Viiba keel ja stiil on sama olulised kui viiba tehnilised osad. Praegu on k\u00f5ik tekstirobotid ehitatud suurtele keelemudelitele, mis \u201cm\u00f5tlevad\u201d inglise keeles (m\u00f5tlemine on ainult \u00fcldkeelne v\u00e4ljend keelemudelite toimimise kohta, sest tegelikult need ei m\u00f5tle klassikalises inimlikus t\u00e4henduses, vaid lihtsalt arvutavad). Kuigi keelemudelid saavad aru paljudest keeltest ja suudavad ka eri keeltes vastata, siis k\u00f5ige t\u00e4psemad tulemused saab praegu siiski viipa inglise keeles sisestades (saadud ingliskeelse tulemuse v\u00f5id alati TI rakenduse abil vajalikku keelde t\u00f5lkida.)\u00a0\u00a0<\/p>\n\n\n\n<p>Lisaks keelele peab viip olema \u00fcheselt m\u00f5istetav, konkreetne, v\u00f5imalikult t\u00e4pne ning kirjutatud korrektses keeles. Mida ladusam ja korrektsem viip esitada, seda suurema t\u00f5en\u00e4osusega saab v\u00f5imalikult hea vastuse. Kuna tekstirobot ennustab k\u00f5ige t\u00f5en\u00e4olisema j\u00e4tku, tuginedes sisestatud viiba tekstile, siis viiba hea stiil annab \u00fcldiselt sama hea stiiliga vastuse.\u00a0<\/p>\n\n\n\n<figure class=\"wp-block-pullquote\"><blockquote><p>Viiba osad on roll, eesm\u00e4rk, kontekst, sihtr\u00fchm, formaat, stiil, pikkus, n\u00e4ide.\u00a0<\/p><\/blockquote><\/figure>\n\n\n\n<p>Viip koosneb kindlatest osadest, millest iga\u00fcks parandab tulemuse t\u00e4psust. J\u00e4rgnevalt on toodud olulisemad viiba osad.\u00a0\u00a0<\/p>\n\n\n\n<p><strong>Roll<\/strong>, kellena tekstirobot vastuse annab. Kui m\u00e4\u00e4rata tekstirobotile konkreetne roll, annab see spetsiifilisema vastuse, sest oskab vastust koostades v\u00f5tta arvesse kirjutaja eeldusi, n\u00e4iteks\u00a0\u00a0<\/p>\n\n\n\n<ul class=\"wp-block-list\">\n<li><em>Act as an expert of consumer behaviour<\/em> [Ole nagu tarbijak\u00e4itumise ekspert];\u00a0\u00a0<\/li>\n\n\n\n<li>\u00fclikooli \u00f5ppej\u00f5ud, kes \u00f5petab Eesti ajalugu ja koostab l\u00f5pueksami testik\u00fcsimusi;\u00a0\u00a0<\/li>\n\n\n\n<li>juhiabi, kes saadab asutuse t\u00f6\u00f6tajatele meeldetuletuskirju;\u00a0\u00a0<\/li>\n\n\n\n<li>g\u00fcmnaasiumi bioloogia\u00f5petaja, kes teeb [mida?].\u00a0<\/li>\n<\/ul>\n\n\n\n<p><strong>Eesm\u00e4rk<\/strong>, n\u00e4iteks<\/p>\n\n\n\n<ul class=\"wp-block-list\">\n<li>valikvastustega testi koostamine, \u00a0<\/li>\n\n\n\n<li>\u00f5petamise parendamine, \u00a0<\/li>\n\n\n\n<li>ainekava koostamine, \u00a0<\/li>\n\n\n\n<li>materjalist kokkuv\u00f5tte loomine, \u00a0<\/li>\n\n\n\n<li>meeldetuletuskirja koostamine jne.\u00a0<\/li>\n<\/ul>\n\n\n\n<p><strong>Kontekst<\/strong>, mille jaoks viipa kasutatakse. N\u00e4iteks kas koostad teksti v\u00f5i \u00fclesannet \u00fclikooli, ettev\u00f5tte, v\u00e4ikese maakooli, suure riigiasutuse vm jaoks.\u00a0\u00a0<\/p>\n\n\n\n<p><strong>Sihtr\u00fchm<\/strong>, kelle jaoks tekst v\u00f5i \u00fclesanne luuakse, n\u00e4iteks kas selleks on\u00a0<\/p>\n\n\n\n<ul class=\"wp-block-list\">\n<li>bakalaureuseastme \u00fcli\u00f5pilased,\u00a0\u00a0<\/li>\n\n\n\n<li>doktorandid,\u00a0\u00a0<\/li>\n\n\n\n<li>\u00f5ppej\u00f5ud,\u00a0\u00a0<\/li>\n\n\n\n<li>7. klassi \u00f5pilased,\u00a0\u00a0<\/li>\n\n\n\n<li>7. klassi \u00f5pilaste vanemad,\u00a0<\/li>\n\n\n\n<li>ettev\u00f5tjad,\u00a0\u00a0<\/li>\n\n\n\n<li>konverentsil osalejad,\u00a0\u00a0<\/li>\n\n\n\n<li>matemaatikud,\u00a0\u00a0<\/li>\n\n\n\n<li>t\u00f5lkijad jne.\u00a0<\/li>\n<\/ul>\n\n\n\n<p><strong>Vastuse formaat<\/strong>, n\u00e4iteks \u00a0<\/p>\n\n\n\n<ul class=\"wp-block-list\">\n<li>loetelu, \u00a0<\/li>\n\n\n\n<li>seotud tekstil\u00f5ik, \u00a0<\/li>\n\n\n\n<li>uudise pealkiri,<\/li>\n\n\n\n<li>tabel, millel on j\u00e4rgmised tulbad vmt.\u00a0<\/li>\n<\/ul>\n\n\n\n<p>V\u00f5id t\u00e4psustada ka soovitud teksti <strong>stiili<\/strong>, tooni jms, n\u00e4iteks\u00a0<\/p>\n\n\n\n<ul class=\"wp-block-list\">\n<li>lihtne, aga kaasahaarav stiil,\u00a0<\/li>\n\n\n\n<li>akadeemiline keelekasutus,\u00a0\u00a0<\/li>\n\n\n\n<li>meelelahutusajakirjanduse tekst intrigeeriva s\u00f5navaraga.\u00a0<\/li>\n<\/ul>\n\n\n\n<p>T\u00e4psusta, kui <strong>pikk <\/strong>peab vastus olema, n\u00e4iteks\u00a0\u00a0<\/p>\n\n\n\n<ul class=\"wp-block-list\">\n<li>10 s\u00f5na,\u00a0<\/li>\n\n\n\n<li>3\u22124 lauset,\u00a0\u00a0<\/li>\n\n\n\n<li>2 l\u00f5iku,\u00a0<\/li>\n\n\n\n<li>6 k\u00fcsimust, millel on 1 \u00f5ige vastus ja 4 valet vastust jne.<\/li>\n<\/ul>\n\n\n\n<p>Lisaks nendele viiba osadele on alati kasulik anda tekstirobotile <strong>n\u00e4iteid soovitud tekstist<\/strong>. N\u00e4ited on kasulik lisada faili v\u00f5i veebilingina. Kui faile lisada ei saa, tasub kirjutada n\u00e4itlikustavad tekstikatked viiba enda sisse. Seejuures ei ole m\u00f5tet kopeerida viiba aknasse liialt pikki tekstin\u00e4iteid, sest k\u00f5igil praegu kasutusel olevatel tekstirobotitel on viiba pikkusele ette antud kindlad piirid. Pikemad viibad on m\u00f5istlik esitada tekstirobotile osadena, samm-sammult.<\/p>\n\n\n\n<p>Viiba koostamise k\u00f5iki kasulikke samme ei ole v\u00f5imalik ega ka m\u00f5ttekas \u00fcles lugeda. Siin tuleb m\u00e4ngu iga inimese isiklik k\u00e4ekiri ja loovus. N\u00e4iteks ainu\u00fcksi rolli m\u00e4\u00e4ramiseks on olemas l\u00f5putult s\u00f5nastusvariante. Siin on toodud vaid m\u00f5ned enamlevinud variandid rolli m\u00e4\u00e4ramiseks:\u00a0<\/p>\n\n\n\n<ul class=\"wp-block-list\">\n<li><em>Imagine you are<\/em> \u2026 [Kujutle, et sa oled \u2026]\u00a0<\/li>\n\n\n\n<li><em>Act as<\/em> \u2026 [K\u00e4itu nagu \u2026]\u00a0<\/li>\n\n\n\n<li><em>Pretend to be<\/em> \u2026 [Teeskle, et sa oled \u2026]\u00a0\u00a0<\/li>\n\n\n\n<li><em>Respond like a <\/em>\u2026 [Vasta mulle nagu \u2026]\u00a0<\/li>\n\n\n\n<li><em>Take on the role of<\/em> \u2026 [V\u00f5ta \u2026 roll]\u00a0<\/li>\n\n\n\n<li><em>Answer as if you were<\/em> \u2026 [Vasta, nagu sa oleksid \u2026]\u00a0<\/li>\n\n\n\n<li><em>Speak from the perspective of<\/em> \u2026 [R\u00e4\u00e4gi \u2026 vaatenurgast]\u00a0<\/li>\n<\/ul>\n\n\n\n<h2 class=\"wp-block-heading\">Enesekontroll<\/h2>\n\n\n\n<div class=\"h5p-iframe-wrapper\"><div class=\"video-placeholder-wrapper video-placeholder-wrapper--fixed\" style=\"height: 366px;\">\n\t\t\t    <div class=\"video-placeholder d-flex justify-content-center align-items-center\">\n\t\t\t        <div class=\"overlay text-white p-2 w-100 text-center d-block justify-content-center align-items-center\">\n\t\t\t            <div>Kolmandate osapoolte sisu n\u00e4gemiseks palun n\u00f5ustu k\u00fcpsistega.<\/div>\n\t\t\t            <button class=\"btn btn-secondary btn-sm mt-1 consent-change\">Muuda n\u00f5usolekut<\/button>\n\t\t\t        <\/div>\n\t\t\t    <\/div>\n\t\t\t<\/div>\n<\/div>\n\n\n\n<h2 class=\"wp-block-heading\">\u00dclesanne<\/h2>\n\n\n\n<blockquote class=\"wp-block-quote is-layout-flow wp-block-quote-is-layout-flow\">\n<p>Tuleme tagasi eespool n\u00e4itena kasutatud \u00fcldise viiba juurde:\u00a0 \u201cAnna mulle m\u00f5tteid, kuidas kirjutada essee tarbijak\u00e4itumise teemal.\u201d V\u00f5ta lahti sulle sobiv tekstirobot, nt Copilot, ja proovi koostada optimaalne viip, l\u00e4htudes \u00f5ppematerjalis toodud viiba osadest. Katseta 2\u22123 erinevat viipa. Milline annab k\u00f5ige parema tulemuse?\u00a0<\/p>\n<\/blockquote>\n","protected":false},"excerpt":{"rendered":"<p>Selleks et m\u00f5ista, kuidas TI t\u00f6\u00f6riistu kasutada, tuleb k\u00f5igepealt aru saada, mismoodi toimivad viibad ja kuidas neid parimal viisil kirjutada. Alles seej\u00e4rel saab vaadata, millised on head TI kasutamise viisid v\u00f5i kuidas leida oma igap\u00e4evat\u00f6\u00f6 jaoks eesm\u00e4rgip\u00e4raseid kasutusviise.\u00a0 Tekstiroboteid saab &#8230;<\/p>\n","protected":false},"author":9,"featured_media":0,"parent":0,"menu_order":0,"comment_status":"closed","ping_status":"closed","template":"","meta":{"_acf_changed":false,"inline_featured_image":false,"footnotes":""},"class_list":["post-95","page","type-page","status-publish","hentry"],"acf":[],"_links":{"self":[{"href":"https:\/\/sisu.ut.ee\/ti\/wp-json\/wp\/v2\/pages\/95","targetHints":{"allow":["GET"]}}],"collection":[{"href":"https:\/\/sisu.ut.ee\/ti\/wp-json\/wp\/v2\/pages"}],"about":[{"href":"https:\/\/sisu.ut.ee\/ti\/wp-json\/wp\/v2\/types\/page"}],"author":[{"embeddable":true,"href":"https:\/\/sisu.ut.ee\/ti\/wp-json\/wp\/v2\/users\/9"}],"replies":[{"embeddable":true,"href":"https:\/\/sisu.ut.ee\/ti\/wp-json\/wp\/v2\/comments?post=95"}],"version-history":[{"count":20,"href":"https:\/\/sisu.ut.ee\/ti\/wp-json\/wp\/v2\/pages\/95\/revisions"}],"predecessor-version":[{"id":1514,"href":"https:\/\/sisu.ut.ee\/ti\/wp-json\/wp\/v2\/pages\/95\/revisions\/1514"}],"wp:attachment":[{"href":"https:\/\/sisu.ut.ee\/ti\/wp-json\/wp\/v2\/media?parent=95"}],"curies":[{"name":"wp","href":"https:\/\/api.w.org\/{rel}","templated":true}]}}