{"id":86,"date":"2024-11-06T12:27:33","date_gmt":"2024-11-06T10:27:33","guid":{"rendered":"https:\/\/sisu.ut.ee\/ti\/?page_id=86"},"modified":"2025-04-22T10:40:16","modified_gmt":"2025-04-22T07:40:16","slug":"mittetekstilist-sisu-loovad-rakendused","status":"publish","type":"page","link":"https:\/\/sisu.ut.ee\/ti\/mittetekstilist-sisu-loovad-rakendused\/","title":{"rendered":"2.2. Mittetekstilist sisu loovad rakendused"},"content":{"rendered":"<p>TI rakendused pakuvad hulgaliselt eri t\u00fc\u00fcpi sisu loomise v\u00f5imalusi. Lisaks teksti genereerimisele saab neid kasutada abivahendina ka n\u00e4iteks piltide, audio\/muusika ja videote loomisel. J\u00e4rgnevalt on toodud n\u00e4iteid rakendustest, mis loovad tekstilise sisendi p\u00f5hjal muud t\u00fc\u00fcpi sisu. Enamasti on head TI rakendused tasulised, kuid neid saab piiratud mahus siiski tasuta kasutada v\u00f5i testida. Vahel v\u00f5ib sellest t\u00e4iesti piisata. Sel p\u00f5him\u00f5ttel on valitud ka allj\u00e4rgnevad rakendused.<\/p>\n\n\n\n<h2 class=\"wp-block-heading\">Pildid<\/h2>\n\n\n\n<figure class=\"wp-block-pullquote alignright\"><blockquote><p>Pildirobot DALL\u2022E 3 on sisse ehitatud ka \u00fclikooli pakutavasse Microsoft Copilotisse.\u00a0<\/p><\/blockquote><\/figure>\n\n\n\n<p>Tasuta saab kasutada n\u00e4iteks pildiroboteid <strong>DALL\u2022E 2<\/strong> ja <strong>DALL\u2022E 3<\/strong>. Viimane on sisse ehitatud ka \u00fclikooli pakutavasse Microsoft Copilotisse. Oluline on meeles pidada, et need pildirobotid teevad vaid kunstilisi pilte, millel pole teksti. Seega ei sobi need skeemide ja tekstidega jooniste tegemiseks. Viibas tuleb ette anda pildil kujutatavad objektid, t\u00e4psustada taust ja stiil (nt pliiatsivisand, \u00f5limaal v\u00f5i multifilm). Mida t\u00e4psemalt pilti robotile kirjeldada, seda parema tulemuse saab. Tulemus s\u00f5ltub isegi s\u00f5nade j\u00e4rjekorrast viibas.\u00a0<\/p>\n\n\n\n<p>Copilotis toimib visuaalne otsing. Kui kl\u00f5psata pildi lisamise nupul ja teha foto, viidata pildile veebiaadressiga v\u00f5i laadida pildifail \u00fcles, saab selle kohta k\u00fcsimusi esitada.\u00a0<\/p>\n\n\n\n<p><strong>Adobe Firefly <\/strong><a href=\"https:\/\/firefly.adobe.com\" target=\"_blank\" rel=\"noreferrer noopener\">https:\/\/firefly.adobe.com<\/a> <span style=\"font-size: revert; font-weight: var(--bs-body-font-weight); text-align: var(--bs-body-text-align);\">on generatiivne TI t\u00f6\u00f6riist, mis v\u00f5imaldab luua vastavalt tekstilistele juhistele kvaliteetseid pilte. Firefly pakub mitmesuguseid funktsioone, mille hulgas on lisaks tekstist piltide loomisele ka generatiivne t\u00e4itmine ja kujunduse kohandamine. Kasutajad saavad luua visuaale, muutes kompositsiooni, valgustust ja stiili vastavalt oma vajadustele. <\/span><\/p>\n\n\n\n<p><strong>Vivago<\/strong> <a href=\"https:\/\/vivago.ai\/\" target=\"_blank\" rel=\"noreferrer noopener\">https:\/\/vivago.ai\/<\/a> abil saab lasta kirjelduse p\u00f5hjal luua erinevaid pilte, sealhulgas portreesid ja maastikuvaateid. Rakendus genereerib mitu pildivarianti, mille hulgast saab kasutaja endale sobiva v\u00e4lja valida.<\/p>\n\n\n\n<p><strong>Autodraw<\/strong> <a href=\"https:\/\/autodraw.com\/\" target=\"_blank\" rel=\"noreferrer noopener\">https:\/\/autodraw.com\/<\/a> on tasuta TI t\u00f6\u00f6riist, mis aitab kiiresti ja lihtsalt joonistada. Kasutajad saavad luua alguses lihtsad sket\u0161id, millele Autodraw pakub automaatset t\u00e4iendust ja soovitusi, et muuta joonistused professionaalsemaks. See rakendus sobib suurep\u00e4raselt neile, kel pole erilist kunstiannet.<\/p>\n\n\n\n<p><strong>Napkin<\/strong> <a href=\"https:\/\/app.napkin.ai\/\" target=\"_blank\" rel=\"noreferrer noopener\">https:\/\/app.napkin.ai\/<\/a> loob tekstip\u00f5histe juhiste, pealkirja v\u00f5i sisu j\u00e4rgi tasuta erineva kujundusega skeeme.<\/p>\n\n\n\n<p class=\"has-text-align-left\">N\u00e4ited (kl\u00f5psa pildil):<\/p>\n\n\n\n<figure class=\"wp-block-gallery has-nested-images columns-5 wp-block-gallery-1 is-layout-flex wp-block-gallery-is-layout-flex\">\n<figure class=\"wp-block-image size-large\"><a href=\"https:\/\/sisu.ut.ee\/wp-content\/uploads\/sites\/834\/9f2e8987-309a-4775-8b32-51301f72958c.jpeg\"><img loading=\"lazy\" decoding=\"async\" width=\"1024\" height=\"1024\" data-id=\"433\" src=\"https:\/\/sisu.ut.ee\/wp-content\/uploads\/sites\/834\/9f2e8987-309a-4775-8b32-51301f72958c.jpeg\" alt=\"\" class=\"wp-image-433\" srcset=\"https:\/\/sisu.ut.ee\/wp-content\/uploads\/sites\/834\/9f2e8987-309a-4775-8b32-51301f72958c.jpeg 1024w, https:\/\/sisu.ut.ee\/wp-content\/uploads\/sites\/834\/9f2e8987-309a-4775-8b32-51301f72958c-300x300.jpeg 300w, https:\/\/sisu.ut.ee\/wp-content\/uploads\/sites\/834\/9f2e8987-309a-4775-8b32-51301f72958c-150x150.jpeg 150w, https:\/\/sisu.ut.ee\/wp-content\/uploads\/sites\/834\/9f2e8987-309a-4775-8b32-51301f72958c-768x768.jpeg 768w\" sizes=\"auto, (max-width: 1024px) 100vw, 1024px\"><\/a><figcaption class=\"wp-element-caption\"><strong>MS Copilot<\/strong><\/figcaption><\/figure>\n\n\n\n<figure class=\"wp-block-image size-large\"><a href=\"https:\/\/sisu.ut.ee\/wp-content\/uploads\/sites\/834\/Firefly-Roheline-mets-mille-taga-paistavad-rohelise-energia-tootmise-tuulegeneraatorid-metsa-korva-1-scaled.jpg\"><img loading=\"lazy\" decoding=\"async\" width=\"1024\" height=\"585\" data-id=\"434\" src=\"https:\/\/sisu.ut.ee\/wp-content\/uploads\/sites\/834\/Firefly-Roheline-mets-mille-taga-paistavad-rohelise-energia-tootmise-tuulegeneraatorid-metsa-korva-1-1024x585.jpg\" alt=\"\" class=\"wp-image-434\" srcset=\"https:\/\/sisu.ut.ee\/wp-content\/uploads\/sites\/834\/Firefly-Roheline-mets-mille-taga-paistavad-rohelise-energia-tootmise-tuulegeneraatorid-metsa-korva-1-1024x585.jpg 1024w, https:\/\/sisu.ut.ee\/wp-content\/uploads\/sites\/834\/Firefly-Roheline-mets-mille-taga-paistavad-rohelise-energia-tootmise-tuulegeneraatorid-metsa-korva-1-300x171.jpg 300w, https:\/\/sisu.ut.ee\/wp-content\/uploads\/sites\/834\/Firefly-Roheline-mets-mille-taga-paistavad-rohelise-energia-tootmise-tuulegeneraatorid-metsa-korva-1-768x439.jpg 768w, https:\/\/sisu.ut.ee\/wp-content\/uploads\/sites\/834\/Firefly-Roheline-mets-mille-taga-paistavad-rohelise-energia-tootmise-tuulegeneraatorid-metsa-korva-1-1536x878.jpg 1536w, https:\/\/sisu.ut.ee\/wp-content\/uploads\/sites\/834\/Firefly-Roheline-mets-mille-taga-paistavad-rohelise-energia-tootmise-tuulegeneraatorid-metsa-korva-1-2048x1170.jpg 2048w, https:\/\/sisu.ut.ee\/wp-content\/uploads\/sites\/834\/Firefly-Roheline-mets-mille-taga-paistavad-rohelise-energia-tootmise-tuulegeneraatorid-metsa-korva-1-1920x1097.jpg 1920w\" sizes=\"auto, (max-width: 1024px) 100vw, 1024px\"><\/a><figcaption class=\"wp-element-caption\"><strong>Adobe Firefly<\/strong><\/figcaption><\/figure>\n\n\n\n<figure class=\"wp-block-image size-large\"><img loading=\"lazy\" decoding=\"async\" width=\"1024\" height=\"766\" data-id=\"444\" src=\"https:\/\/sisu.ut.ee\/wp-content\/uploads\/sites\/834\/Screenshot-2024-11-25-at-14.35.38-1024x766.png\" alt=\"\" class=\"wp-image-444\" srcset=\"https:\/\/sisu.ut.ee\/wp-content\/uploads\/sites\/834\/Screenshot-2024-11-25-at-14.35.38-1024x766.png 1024w, https:\/\/sisu.ut.ee\/wp-content\/uploads\/sites\/834\/Screenshot-2024-11-25-at-14.35.38-300x224.png 300w, https:\/\/sisu.ut.ee\/wp-content\/uploads\/sites\/834\/Screenshot-2024-11-25-at-14.35.38-768x574.png 768w, https:\/\/sisu.ut.ee\/wp-content\/uploads\/sites\/834\/Screenshot-2024-11-25-at-14.35.38.png 1284w\" sizes=\"auto, (max-width: 1024px) 100vw, 1024px\"><figcaption class=\"wp-element-caption\"><strong>Vivago<\/strong><\/figcaption><\/figure>\n\n\n\n<figure class=\"wp-block-image size-large\"><a href=\"https:\/\/sisu.ut.ee\/wp-content\/uploads\/sites\/834\/Screenshot-2024-11-25-at-14.14.25.png\"><img loading=\"lazy\" decoding=\"async\" width=\"1024\" height=\"657\" data-id=\"435\" src=\"https:\/\/sisu.ut.ee\/wp-content\/uploads\/sites\/834\/Screenshot-2024-11-25-at-14.14.25-1024x657.png\" alt=\"\" class=\"wp-image-435\" srcset=\"https:\/\/sisu.ut.ee\/wp-content\/uploads\/sites\/834\/Screenshot-2024-11-25-at-14.14.25-1024x657.png 1024w, https:\/\/sisu.ut.ee\/wp-content\/uploads\/sites\/834\/Screenshot-2024-11-25-at-14.14.25-300x192.png 300w, https:\/\/sisu.ut.ee\/wp-content\/uploads\/sites\/834\/Screenshot-2024-11-25-at-14.14.25-768x493.png 768w, https:\/\/sisu.ut.ee\/wp-content\/uploads\/sites\/834\/Screenshot-2024-11-25-at-14.14.25.png 1278w\" sizes=\"auto, (max-width: 1024px) 100vw, 1024px\"><\/a><figcaption class=\"wp-element-caption\"><strong>Autodraw<\/strong><\/figcaption><\/figure>\n\n\n\n<figure class=\"wp-block-image size-large is-style-default\"><a href=\"https:\/\/sisu.ut.ee\/wp-content\/uploads\/sites\/834\/Screenshot-2024-11-25-at-14.25.51.png\"><img loading=\"lazy\" decoding=\"async\" width=\"1024\" height=\"586\" data-id=\"441\" src=\"https:\/\/sisu.ut.ee\/wp-content\/uploads\/sites\/834\/Screenshot-2024-11-25-at-14.25.51-1024x586.png\" alt=\"\" class=\"wp-image-441\" srcset=\"https:\/\/sisu.ut.ee\/wp-content\/uploads\/sites\/834\/Screenshot-2024-11-25-at-14.25.51-1024x586.png 1024w, https:\/\/sisu.ut.ee\/wp-content\/uploads\/sites\/834\/Screenshot-2024-11-25-at-14.25.51-300x172.png 300w, https:\/\/sisu.ut.ee\/wp-content\/uploads\/sites\/834\/Screenshot-2024-11-25-at-14.25.51-768x440.png 768w, https:\/\/sisu.ut.ee\/wp-content\/uploads\/sites\/834\/Screenshot-2024-11-25-at-14.25.51-1536x880.png 1536w, https:\/\/sisu.ut.ee\/wp-content\/uploads\/sites\/834\/Screenshot-2024-11-25-at-14.25.51.png 1540w\" sizes=\"auto, (max-width: 1024px) 100vw, 1024px\"><\/a><figcaption class=\"wp-element-caption\"><strong>Napkin<\/strong><\/figcaption><\/figure>\n<\/figure>\n\n\n\n<h2 class=\"wp-block-heading\">Audio<\/h2>\n\n\n\n<p><strong>Suno<\/strong> <a href=\"https:\/\/suno.com\/about\" target=\"_blank\" rel=\"noreferrer noopener\">https:\/\/suno.com\/about<\/a> v\u00f5imaldab l\u00fchikese kirjelduse p\u00f5hjal luua soovitud r\u00fctmi, meloodia ja s\u00f5nadega kaheminutilisi laule. Kasutaja saab lasta TI-l lisaks meloodiale kirjutada ka lauluteksti, andes selleks ette m\u00e4rks\u00f5nad, v\u00f5i paluda luua ainult meloodia enda kirjutatud tekstile.\u00a0Suno tasuta versioon pakub p\u00e4evas kuni 50 krediiti, mis v\u00f5imaldab luua k\u00fcmmekond laulu. Krediiti juurde osta ei saa ja loodud laule ei tohi kasutada kommertseesm\u00e4rkidel. Tasuta versioon sobib h\u00e4sti, et teha esmast tutvust TI-muusikaga ja luua laule hobikorras.<\/p>\n\n\n\n<div class=\"wp-block-buttons is-content-justification-left is-layout-flex wp-container-core-buttons-is-layout-fdcfc74e wp-block-buttons-is-layout-flex\">\n<div class=\"wp-block-button is-style-outline is-style-outline--2\"><a class=\"wp-block-button__link wp-element-button\" href=\"https:\/\/suno.com\/song\/41092b82-4d12-4e38-bd82-be097482835f\" target=\"_blank\" rel=\"noreferrer noopener\">N\u00e4ide: Suno rakendusega loodud laul<\/a><\/div>\n<\/div>\n\n\n\n<p><\/p>\n\n\n\n<p><strong>Text To Speech Free <\/strong><a href=\"https:\/\/ttsfree.com\/text-to-speech\/\" target=\"_blank\" rel=\"noreferrer noopener\">https:\/\/ttsfree.com\/text-to-speech\/<\/a> abil saab tasuta muuta teksti loomulikuks k\u00f5neks. Toetatud on k\u00f5ik enamlevinud keeled ja ka eesti keel. Tuleb vaid sisestada soovitud tekst, valida lisaks keelele ka h\u00e4\u00e4l ja rakendus genereerib audiofaili, mida saab kuulata otse v\u00f5i MP3-na alla laadida.<\/p>\n\n\n\n<div class=\"wp-block-buttons is-content-justification-left is-layout-flex wp-container-core-buttons-is-layout-fdcfc74e wp-block-buttons-is-layout-flex\">\n<div class=\"wp-block-button is-style-outline is-style-outline--3\"><a class=\"wp-block-button__link wp-element-button\" href=\"https:\/\/ut.cloud.panopto.eu\/Panopto\/Pages\/Viewer.aspx?id=07643240-bb9a-43d8-bf1f-b1f600e1e716\" target=\"_blank\" rel=\"noreferrer noopener\">N\u00e4ide: TTSF rakendusega loodud k\u00f5ne<\/a><\/div>\n<\/div>\n\n\n\n<p><\/p>\n\n\n\n<p><strong>NotebookLM<\/strong> <a href=\"https:\/\/notebooklm.google\/\" target=\"_blank\" rel=\"noreferrer noopener\">https:\/\/notebooklm.google\/<\/a> tasuta rakendus on m\u00f5eldud k\u00fcll eelk\u00f5ige selleks, et aidata hallata, anal\u00fc\u00fcsida ja struktureerida mitmest allikast p\u00e4rit infot, kuid nende dokumentide p\u00f5hjal saab lasta luua ka ingliskeelse <em>podcast<\/em>\u2019i.<\/p>\n\n\n\n<div class=\"wp-block-buttons is-content-justification-left is-layout-flex wp-container-core-buttons-is-layout-fdcfc74e wp-block-buttons-is-layout-flex\">\n<div class=\"wp-block-button is-style-outline is-style-outline--4\"><a class=\"wp-block-button__link wp-element-button\" href=\"https:\/\/d2hpwsdp0ihr0w.cloudfront.net\/sessions\/df2249e9-2756-487c-8c0c-b23000d15fa8\/7ce92573-5092-42aa-9604-b23000d15fb1-3f54752d-e490-44d6-a8e3-b23000d1cd7e.mp4?invocationId=4651d6c8-8aac-ef11-82b3-023c18b7dbd3\" target=\"_blank\" rel=\"noreferrer noopener\">N\u00e4ide: NotebookLM rakendusega loodud podcast<\/a><\/div>\n<\/div>\n\n\n\n<p><\/p>\n\n\n\n<p><strong>Turboscribe<\/strong> <a href=\"https:\/\/turboscribe.ai\/\" target=\"_blank\" rel=\"noreferrer noopener\">https:\/\/turboscribe.ai\/<\/a> transkribeerib audiofaili tekstiks. P\u00e4evas on v\u00f5imalik tasuta transkribeerida kolm faili, iga\u00fcks kuni 30 minutit pikk (\u00fcles laadida saab \u00fche faili korraga). Transkriptsioon toimub madalama prioriteediga ehk pikema ooteajaga.<\/p>\n\n\n\n<h2 class=\"wp-block-heading\">Video<\/h2>\n\n\n\n<p><strong>invideo AI<\/strong> <a href=\"https:\/\/ai.invideo.io\/\" target=\"_blank\" rel=\"noreferrer noopener\">https:\/\/ai.invideo.io\/<\/a> genereerib kasutaja sisestatud teema v\u00f5i idee alusel video, mis sisaldab skripti, h\u00e4\u00e4lt, pilte ja klippe. Tasuta versiooni korral tuleb leppida rakenduse kasutatud piltide ja klippidega.<\/p>\n\n\n\n<div class=\"wp-block-buttons is-content-justification-left is-layout-flex wp-container-core-buttons-is-layout-fdcfc74e wp-block-buttons-is-layout-flex\">\n<div class=\"wp-block-button is-style-outline is-style-outline--5\"><a class=\"wp-block-button__link wp-element-button\" href=\"https:\/\/ut.cloud.panopto.eu\/Panopto\/Pages\/Viewer.aspx?id=b1ad8d07-08fa-41e5-9441-b1f70061f295\" target=\"_blank\" rel=\"noreferrer noopener\">N\u00e4ide: Invideo rakendusega loodud video<\/a><\/div>\n<\/div>\n\n\n\n<p><\/p>\n\n\n\n<p><strong>Vivago<\/strong> <a href=\"https:\/\/vivago.ai\/\" target=\"_blank\" rel=\"noreferrer noopener\">https:\/\/vivago.ai\/<\/a> abil saab tekstilise kirjelduse alusel luua lisaks piltidele ka videoid (tasuta viiesekundilised klipid).<\/p>\n\n\n\n<h2 class=\"wp-block-heading\">Esitlusslaidid<\/h2>\n\n\n\n<p><strong>Gamma<\/strong> <a href=\"https:\/\/gamma.app\" target=\"_blank\" rel=\"noreferrer noopener\">https:\/\/gamma.app<\/a> v\u00f5imaldab kiiresti ja lihtsalt luua oskuslikke slaidiesitlusi, mida saab ise muuta ja t\u00e4iendada. Slaidide jaoks saab ette anda kas ainult pealkirja, valmis teksti v\u00f5i olemasolevad slaidid. Loodud esitlust saab kasutada otse rakenduse pilvest v\u00f5i eksportida endale PDF-failina. Tasuta versioon pakub 400 krediiti.<\/p>\n\n\n\n<div class=\"wp-block-buttons is-content-justification-left is-layout-flex wp-container-core-buttons-is-layout-fdcfc74e wp-block-buttons-is-layout-flex\">\n<div class=\"wp-block-button is-style-outline is-style-outline--6\"><a class=\"wp-block-button__link wp-element-button\" href=\"https:\/\/gamma.app\/docs\/1-Magistritoode-koostamine-AI-ajastul-autorlus-viitamine-ja-akade-kgmgjkhy0azgmw0\" target=\"_blank\" rel=\"noreferrer noopener\">N\u00e4ide: Gamma rakendusega loodud esitlus <\/a><\/div>\n<\/div>\n\n\n\n<p><\/p>\n\n\n\n<p><strong>Slidesgo<\/strong> <a href=\"https:\/\/slidesgo.com\" target=\"_blank\" rel=\"noreferrer noopener\">https:\/\/slidesgo.com<\/a> rakenduses saab valida esitluse teema, tooni ja stiili, mille alusel TI genereerib esitluse. Tasuta versiooniga saab ka olemasolevaid slaide toimetada, sealhulgas kohandada teksti ja kujundust ning muuta v\u00e4rve.\u00a0Esitluse saab eksportida endale PDF-failina.<\/p>\n","protected":false},"excerpt":{"rendered":"<p>TI rakendused pakuvad hulgaliselt eri t\u00fc\u00fcpi sisu loomise v\u00f5imalusi. Lisaks teksti genereerimisele saab neid kasutada abivahendina ka n\u00e4iteks piltide, audio\/muusika ja videote loomisel. J\u00e4rgnevalt on toodud n\u00e4iteid rakendustest, mis loovad tekstilise sisendi p\u00f5hjal muud t\u00fc\u00fcpi sisu. Enamasti on head TI &#8230;<\/p>\n","protected":false},"author":9,"featured_media":0,"parent":0,"menu_order":0,"comment_status":"closed","ping_status":"closed","template":"","meta":{"_acf_changed":false,"inline_featured_image":false,"footnotes":""},"class_list":["post-86","page","type-page","status-publish","hentry"],"acf":[],"_links":{"self":[{"href":"https:\/\/sisu.ut.ee\/ti\/wp-json\/wp\/v2\/pages\/86","targetHints":{"allow":["GET"]}}],"collection":[{"href":"https:\/\/sisu.ut.ee\/ti\/wp-json\/wp\/v2\/pages"}],"about":[{"href":"https:\/\/sisu.ut.ee\/ti\/wp-json\/wp\/v2\/types\/page"}],"author":[{"embeddable":true,"href":"https:\/\/sisu.ut.ee\/ti\/wp-json\/wp\/v2\/users\/9"}],"replies":[{"embeddable":true,"href":"https:\/\/sisu.ut.ee\/ti\/wp-json\/wp\/v2\/comments?post=86"}],"version-history":[{"count":30,"href":"https:\/\/sisu.ut.ee\/ti\/wp-json\/wp\/v2\/pages\/86\/revisions"}],"predecessor-version":[{"id":1228,"href":"https:\/\/sisu.ut.ee\/ti\/wp-json\/wp\/v2\/pages\/86\/revisions\/1228"}],"wp:attachment":[{"href":"https:\/\/sisu.ut.ee\/ti\/wp-json\/wp\/v2\/media?parent=86"}],"curies":[{"name":"wp","href":"https:\/\/api.w.org\/{rel}","templated":true}]}}