{"id":83,"date":"2024-11-06T12:25:58","date_gmt":"2024-11-06T10:25:58","guid":{"rendered":"https:\/\/sisu.ut.ee\/ti\/?page_id=83"},"modified":"2025-10-20T11:46:46","modified_gmt":"2025-10-20T08:46:46","slug":"tekstirobotid","status":"publish","type":"page","link":"https:\/\/sisu.ut.ee\/ti\/tekstirobotid\/","title":{"rendered":"2.1. Tekstirobotid"},"content":{"rendered":"<figure class=\"wp-block-pullquote alignright\"><blockquote><p>Eesti teadlased l\u00f5id tehisintellekti baromeetri <a href=\"https:\/\/baromeeter.tartunlp.ai\/\" target=\"_blank\" rel=\"noreferrer noopener\">baromeeter.ai<\/a>, millega saab v\u00f5rrelda keelemudelite vastuseid ja hinnata mudelite eesti keele oskust.<\/p><\/blockquote><\/figure>\n\n\n\n<p>Praeguseks on TI turul populaarsust kogunud mitu suurt rakendust, mis pakuvad kasutusmugavat vaadet. Nad k\u00f5ik toimivad inimvestluse p\u00f5him\u00f5ttel ning sobivad tekstide loomiseks, toimetamiseks ja t\u00f5lkimiseks. Erinevused seisnevad eelk\u00f5ige sisendi ning v\u00e4ljundi vormis ja mahus ning seotuses teiste teenustega (nt pildirobot, otsingumootor jms). Rakenduste valikul tasub arvestada:<\/p>\n\n\n\n<ul class=\"wp-block-list\">\n<li>andmekaitse ja turvalisusega \u2013 eriti tundliku info puhul;<\/li>\n\n\n\n<li>kasutusmugavuse ja keeletoega \u2013 kas rakendus toetab nt eesti keelt ja sobib vajadustega;<\/li>\n\n\n\n<li>tasuliste ja tasuta versioonide erinevustega \u2013 funktsioonide ja piirangute osas.<\/li>\n<\/ul>\n\n\n\n<h2 class=\"wp-block-heading\">Microsofti tooted\u00a0<\/h2>\n\n\n\n<p>Veebiaadress:\u202f<a href=\"https:\/\/m365.cloud.microsoft\/chat\/\" target=\"_blank\" rel=\"noreferrer noopener\">https:\/\/m365.cloud.microsoft\/chat\/<\/a>\u00a0\u00a0\u00a0<\/p>\n\n\n\n<figure class=\"wp-block-pullquote alignright\"><blockquote><p>Soovitatav on kasutada T\u00dc kontoga sisselogitult Copiloti Chati, mis kindlustab, et vestlustes kasutatavad andmed on kaitstud.<\/p><\/blockquote><\/figure>\n\n\n\n<p><strong>Tartu \u00dclikooli t\u00f6\u00f6tajad ja \u00fcli\u00f5pilased saavad oma ut.ee kasutajaga tasuta kasutada Microsofti pakutavat Copiloti Chati. <\/strong>Tegemist on tehisarul p\u00f5hineva vestlusrobotiga, mida saab kasutada veebis ja mobiilirakenduses ning mis on kaitstud k\u00f5rgema turvalisusega. Sinu vestluseid ja lisatud\u202ffaile\u202fei kasutata tehisaru\u202fmudelite treenimiseks.\u202f\u00a0<\/p>\n\n\n\n<p>Copilot Chat aitab kiirendada igap\u00e4evat\u00f6\u00f6d, toetades kasutajat sellistes tegevustes nagu materjalide loomine, ideede genereerimine ja anal\u00fc\u00fcs. Lisaks pakub see tuge \u00f5petajatele ja tudengitele, aidates kiirelt leida vastuseid ning struktureerida m\u00f5tteid ja ideid.\u202fCopilot Chat on uuenduslik toode, mis on pidevalt testimise ja arendamise faasis. Seet\u00f5ttu\u202fv\u00f5ib kasutajakogemus ajas muutuda. Hetkel kasutab Copilot Chat GPT-5 ja DALL E mudeleid. <a href=\"https:\/\/wiki.ut.ee\/spaces\/AA\/pages\/210994366\/Microsoft+365+Copilot+Chat\" target=\"_blank\" rel=\"noreferrer noopener\">Loe rohkem arvutiabi lehek\u00fcljelt.<\/a>\u00a0<\/p>\n\n\n\n<p>Arvutiabist on v\u00f5imalik ka tellida tasulist <a href=\"https:\/\/wiki.ut.ee\/spaces\/AA\/pages\/234227520\/Microsoft+365+Copilot\" target=\"_blank\" rel=\"noreferrer noopener\">Microsoft 365\u202fCopilot\u202flitsentsi<\/a>. Microsoft 365 Copilot on tehisarul p\u00f5hinev abiline, mis integreerub Microsoft 365 rakendustega nagu Word, Excel, PowerPoint, Outlook ja\u202fTeams.\u202fSama litsents v\u00f5imaldab kasutada\u202fka\u202fCopilot\u202fChati lisafunktsioone Uurija, Anal\u00fc\u00fctik ja M\u00e4rkmikud.\u202fKuna tegemist on tasulise litsentsiga, siis kehtivad ka selle puhul k\u00f5rgemad turvan\u00f5uded. Sinu vestluseid ja\u202ft\u00f6\u00f6faile\u202fei kasutata tehisaru\u202fmudelite treenimiseks.\u202f\u00a0<\/p>\n\n\n\n<p><a href=\"https:\/\/wiki.ut.ee\/display\/AA\/GitHub+Copilot\" target=\"_blank\" rel=\"noreferrer noopener\">GitHub Copilot<\/a>\u202fon abiline tarkvaraarendajatele, kes soovivad kasutada TI v\u00f5imalusi koodi kirjutamisel. Seda teenust \u00fclikool praegu keskselt ei paku, aga individuaalselt on v\u00f5imalik liituda\u202fCampuse programmiga, mis v\u00f5imaldab kasutada GitHub Copilotit hariduslitsentsiga tasuta.\u202f<a href=\"https:\/\/wiki.ut.ee\/spaces\/AA\/pages\/243862780\/GitHub+Copilot\" target=\"_blank\" rel=\"noreferrer noopener\">Loe arvutiabi \u00f5petust litsentsi tellimise kohta.<\/a>\u00a0<\/p>\n\n\n\n<p>Tehnilisema lahendusena on \u00fclikooli liikmetele loodud v\u00f5imalus kasutada\u202fAzure OpenAI API\u202fteenust, mis\u202fv\u00f5imaldab kasutada k\u00f5ige uuemaid keelemudeleid l\u00e4bi oma loodud rakenduse v\u00f5i kasutajaliidese. Tegemist on lisatasu eest saadava teenusega, mille kohta saab t\u00e4psemalt lugeda <a href=\"https:\/\/wiki.ut.ee\/spaces\/AA\/pages\/218073589\/Azure+OpenAI+API+teenus\" target=\"_blank\" rel=\"noreferrer noopener\">arvutiabi lehek\u00fcljelt.<\/a>\u00a0\u00a0\u00a0<\/p>\n\n\n\n<h2 class=\"wp-block-heading\">ChatGPT (OpenAI) <\/h2>\n\n\n\n<p>Veebiaadress: <a href=\"https:\/\/chatgpt.com\/\" target=\"_blank\" rel=\"noreferrer noopener\">https:\/\/chatgpt.com\/<\/a><\/p>\n\n\n\n<p>ChatGPT suudab aidata teksti kirjutamisel ja toimetamisel, programmeerimisel ning andmete anal\u00fc\u00fcsimisel. Sisendi saab anda tekstina, h\u00e4\u00e4lk\u00e4sklusena v\u00f5i \u00fcleslaetava failina. V\u00f5imalik on aktiveerida veebisisu anal\u00fc\u00fcsi funktsioon. V\u00e4ljundiks v\u00f5ib olla tekst, tabel, pilt.<\/p>\n\n\n\n<p>Tasuta versioon pakub juurdep\u00e4\u00e4su p\u00f5hifunktsioonidele ja isegi uusimatele mudelitele, kuigi teatud piirangutega. Vestluse maht, vastuste kvaliteet ja kiirus v\u00f5ivad tasuta kasutajatel olla m\u00f5nev\u00f5rra tagasihoidlikumad. Tasuline versioon toob kaasa m\u00e4rkimisv\u00e4\u00e4rseid eeliseid: suurema kasutamismahu, prioriteetse juurdep\u00e4\u00e4su teenusele, laiema mudelite valiku ning v\u00f5imaluse luua oma personaalseid GPT-mudeleid konkreetsete vajaduste jaoks.<\/p>\n\n\n\n<h2 class=\"wp-block-heading\">Gemini (Google DeepMind) <\/h2>\n\n\n\n<p>Veebiaadress: <a href=\"https:\/\/gemini.google.com\/app\" target=\"_blank\" rel=\"noreferrer noopener\">https:\/\/gemini.google.com\/app<\/a><\/p>\n\n\n\n<p>Gemini  integreerub erinevate Google\u2019i teenustega. Sisendi saab anda tekstina ja pildifailina ning lihtsamate h\u00e4\u00e4lk\u00e4sklustena. V\u00e4ljundiks v\u00f5ib olla tekst, tabel, pilt.<\/p>\n\n\n\n<p>Tasuta versioon kasutab Google\u2019i uusimaid mudeleid ja pakub k\u00f5iki p\u00f5hifunktsioone. Tasulise versioonil on vestluse maht suurem, t\u00e4iendavad integratsiooniv\u00f5imalused ning parema kvaliteediga vastused.<\/p>\n\n\n\n<h2 class=\"wp-block-heading\">Claude (Anthropic) <\/h2>\n\n\n\n<p>Veebiaadress: <a href=\"https:\/\/claude.ai\/\" target=\"_blank\" rel=\"noreferrer noopener\">https:\/\/claude.ai\/<\/a><\/p>\n\n\n\n<p>Arendajate s\u00f5nul keskendub see rakendus ohutusele ja usaldusv\u00e4\u00e4rsusele ning on suure m\u00e4lumahuga, hea anal\u00fc\u00fcsi- ja koodikirjutamise v\u00f5imega. Reaalajas internetiotsingut ei kasuta Claude \u00fcldse. Sisendiks v\u00f5ib olla tekst, .pdf, .doc, .txt ja pildifail. See sobib h\u00e4sti mahukate dokumentide anal\u00fc\u00fcsiks v\u00f5i pikkadeks, s\u00fcvitsi minevateks vestlusteks. <\/p>\n\n\n\n<p>Tasuta versioonis on v\u00f5imalik kasutada uusimaid mudeleid piisava kasutamismahuga, mis katab igap\u00e4evased vajadused. Tasuline versioon toob kaasa veelgi suurema kasutamismahu, prioriteetse teeninduse ning m\u00f5ned t\u00e4iendavad funktsioonid.<\/p>\n\n\n\n<h2 class=\"wp-block-heading\">Perplexity (Perplexity AI) <\/h2>\n\n\n\n<p>Veebiaadress: <a href=\"https:\/\/www.perplexity.ai\/\" target=\"_blank\" rel=\"noreferrer noopener\">https:\/\/www.perplexity.ai\/<\/a><\/p>\n\n\n\n<p>Perplexity on v\u00e4lja t\u00f6\u00f6tatud selleks, et pakkuda vastuseid koos allikaviidetega. See rakendus suudab otsida informatsiooni reaalajas, v\u00f5rrelda erinevate allikate andmeid ning anal\u00fc\u00fcsida kasutaja \u00fcleslaaditud faile.<\/p>\n\n\n\n<p>Tasuta versioon v\u00f5imaldab teha piiramatul hulgal tavap\u00e4raseid otsinguid, kuigi t\u00e4iustatud otsinguid saab teha mingi perioodi jooksul piiratud arvu. S\u00fcsteem kasutab mitut erinevat populaarset AI-mudelit Tasulise versiooniga saab teha piiramatul hulgal t\u00e4iustatud otsinguid, valida t\u00e4iendavate mudelite vahel ning saada eelistatud juurdep\u00e4\u00e4s teenusele.<\/p>\n\n\n\n<h2 class=\"wp-block-heading\">DeepSeek (DeepSeek AI) <\/h2>\n\n\n\n<p>Veebiaadress: <a href=\"https:\/\/deepseek.com\" target=\"_blank\" rel=\"noreferrer noopener\">https:\/\/deepseek.com<\/a><\/p>\n\n\n\n<p>DeepSeek on samanimelisel keelemudelil baseeruv tasuta Hiina toode. Kasutada saab Google\u2019i kontoga sisenedes veebilehitsejas v\u00f5i arvutisse installeeritavas programmis. Suure kasutamise t\u00f5ttu on rakendus tihti \u00fclekoormatud, kuid saab erinevate \u00fclesannetega h\u00e4sti hakkama. Sisendiks sobib tekst ja fail. V\u00e4ljundiks on tekst, kood v\u00f5i matemaatilised lahendused. DeepSeek-R1 mudeli kasutamisel on kaks peamist ohukohta: eelprogrammeeritud tsensuur ning kasutajate andmete ja info hoidmine Hiinas asuvates serverites. Andmeid v\u00f5idakse muu hulgas jagada Hiina luureasutustega, kuna Hiina ettev\u00f5tetel on kohustus seda valitsuse n\u00f5udel teha ning Hiinas puudub Euroopa Liiduga v\u00f5rreldav andmekaitse regulatsioon. Seet\u00f5ttu soovitab RIA DeepSeeki rakendustesse mitte sisestada tundlikku t\u00f6\u00f6ga seotud ja isiklikku informatsiooni (<a href=\"https:\/\/ria.ee\/blogi\/luhiulevaade-hiina-tehisaru-deepseek-r1-voimalustest-ja-riskidest\" target=\"_blank\" rel=\"noreferrer noopener\">RIA, 2025<\/a>).\u00a0<\/p>\n\n\n\n<h2 class=\"wp-block-heading\">NotebookLM\u00a0<\/h2>\n\n\n\n<p>Veebiaadress: <a href=\"https:\/\/notebooklm.google\/\" target=\"_blank\" rel=\"noreferrer noopener\">https:\/\/notebooklm.google\/<\/a>\u00a0<\/p>\n\n\n\n<p>NotebookLM on Google\u2019i loodud dokumendip\u00f5hine AI-t\u00f6\u00f6riist, mis anal\u00fc\u00fcsib kasutaja enda poolt ette antud materjale, teeb nende p\u00f5hjal kokkuv\u00f5tteid ja faktikontrolli, struktureerib m\u00e4rkmeid, loob <em>podcaste<\/em> ja videoesitlusi ning aitab \u00f5ppida m\u00e4lukaartide ning testide p\u00f5hjal. <\/p>\n\n\n\n<p>Tasuta versioon pakub p\u00f5hifunktsioone piiratud arvu projektide ja dokumentide jaoks. <\/p>\n\n\n\n<h2 class=\"wp-block-heading\">SciSpace<\/h2>\n\n\n\n<p>Veebiaadress: <a href=\"https:\/\/scispace.com\" target=\"_blank\" rel=\"noreferrer noopener\">https:\/\/scispace.com<\/a><\/p>\n\n\n\n<p>SciSpace on m\u00f5eldud teadlastele ja \u00fcli\u00f5pilastele, et lihtsustada uurimist\u00f6\u00f6 protsessi. Rakenduse peamine funktsioon on SciSpace Copilot, mis toimib isikliku uurimisassistendina, aidates teha kirjanduse \u00fclevaateid ja kokkuv\u00f5tteid asjakohastest teadusartiklitest. Lisaks toetab rakendus semantilist otsingut, mis aitab kasutajatel kiiresti leida relevantseid uurimuste tulemusi ja andmeid.<\/p>\n\n\n\n<h2 class=\"wp-block-heading\">Scopus AI<\/h2>\n\n\n\n<p>Veebiaadress: <a href=\"https:\/\/www.scopus.com\/\" target=\"_blank\" rel=\"noreferrer noopener\">https:\/\/www.scopus.com\/<\/a><\/p>\n\n\n\n<p>2025. aastast saab Tartu \u00dclikooli v\u00f5rgus kasutada teaduskirjastuse Elsevier viitamisandmebaasi Scopuse uut funktsiooni Scopus AI.\u00a0Otsinguks v\u00f5ib kasutada k\u00fcsimust v\u00f5i h\u00fcpoteesi \u00fcksk\u00f5ik millises keeles. Scopus AI koostab sellele ingliskeelse vastuse andmebaasis olevate artiklite sisukokkuv\u00f5tete p\u00f5hjal. <\/p>\n\n\n\n<p>Vt l\u00e4hemalt <a href=\"https:\/\/utlib.ut.ee\/et\/uudis\/tartu-ulikooli-liikmed-saavad-kasutada-scopus-ai-d\" target=\"_blank\" rel=\"noreferrer noopener\">https:\/\/utlib.ut.ee\/et\/uudis\/tartu-ulikooli-liikmed-saavad-kasutada-scopus-ai-d<\/a><\/p>\n\n\n\n<p><\/p>\n","protected":false},"excerpt":{"rendered":"<p>Eesti teadlased l\u00f5id tehisintellekti baromeetri baromeeter.ai, millega saab v\u00f5rrelda keelemudelite vastuseid ja hinnata mudelite eesti keele oskust. Praeguseks on TI turul populaarsust kogunud mitu suurt rakendust, mis pakuvad kasutusmugavat vaadet. Nad k\u00f5ik toimivad inimvestluse p\u00f5him\u00f5ttel ning sobivad tekstide loomiseks, toimetamiseks &#8230;<\/p>\n","protected":false},"author":9,"featured_media":0,"parent":0,"menu_order":0,"comment_status":"closed","ping_status":"closed","template":"","meta":{"_acf_changed":false,"inline_featured_image":false,"footnotes":""},"class_list":["post-83","page","type-page","status-publish","hentry"],"acf":[],"_links":{"self":[{"href":"https:\/\/sisu.ut.ee\/ti\/wp-json\/wp\/v2\/pages\/83","targetHints":{"allow":["GET"]}}],"collection":[{"href":"https:\/\/sisu.ut.ee\/ti\/wp-json\/wp\/v2\/pages"}],"about":[{"href":"https:\/\/sisu.ut.ee\/ti\/wp-json\/wp\/v2\/types\/page"}],"author":[{"embeddable":true,"href":"https:\/\/sisu.ut.ee\/ti\/wp-json\/wp\/v2\/users\/9"}],"replies":[{"embeddable":true,"href":"https:\/\/sisu.ut.ee\/ti\/wp-json\/wp\/v2\/comments?post=83"}],"version-history":[{"count":29,"href":"https:\/\/sisu.ut.ee\/ti\/wp-json\/wp\/v2\/pages\/83\/revisions"}],"predecessor-version":[{"id":1464,"href":"https:\/\/sisu.ut.ee\/ti\/wp-json\/wp\/v2\/pages\/83\/revisions\/1464"}],"wp:attachment":[{"href":"https:\/\/sisu.ut.ee\/ti\/wp-json\/wp\/v2\/media?parent=83"}],"curies":[{"name":"wp","href":"https:\/\/api.w.org\/{rel}","templated":true}]}}