{"id":80,"date":"2024-11-06T12:21:57","date_gmt":"2024-11-06T10:21:57","guid":{"rendered":"https:\/\/sisu.ut.ee\/ti\/?page_id=80"},"modified":"2025-04-22T10:39:27","modified_gmt":"2025-04-22T07:39:27","slug":"2-milliseid-ti-rakendusi-kasutada-ja-kuidas-see-tehniliselt-kaib","status":"publish","type":"page","link":"https:\/\/sisu.ut.ee\/ti\/2-milliseid-ti-rakendusi-kasutada-ja-kuidas-see-tehniliselt-kaib\/","title":{"rendered":"2. Milliseid TI rakendusi kasutada ja kuidas see tehniliselt k\u00e4ib?"},"content":{"rendered":"<p>TI kiire areng muudab oluliselt seda, kuidas me t\u00f6\u00f6tame, \u00f5pime ja tehnoloogiaga suhtleme. Teadvustame seda v\u00f5i mitte, kuid TI on juba osa meie igap\u00e4evaelust, alates Google\u2019i otsingusoovitustest kuni YouTube\u2019i sisualgoritmideni. TI ei t\u00e4henda ainult uusi rakendusi \u2013 ka varem tuntud ja laialt levinud tarkvarad (nt Grammarly, Canva v\u00f5i Quizlet) on integreerinud TI funktsioone, et parandada kasutajakogemust ja t\u00f5husust.\u00a0\u00a0<\/p>\n\n\n\n<figure class=\"wp-block-pullquote alignright\"><blockquote><p>TI t\u00f6\u00f6riistad, nagu tekstirobotid ChatGPT ja Microsoft Copilot, on loodud toimima virtuaalsete assistentidena.\u00a0<\/p><\/blockquote><\/figure>\n\n\n\n<p>See peat\u00fckk annab <strong>\u00fclevaate erinevatest TI t\u00f6\u00f6riistadest<\/strong>, mis v\u00f5ivad aidata sul t\u00f6\u00f6\u00fclesandeid t\u00e4ita. TI on uskumatult mitmek\u00fclgne ja suudab olla toeks v\u00e4ga erinevat t\u00fc\u00fcpi teksti- ja sisuloomet v\u00f5i andmeanal\u00fc\u00fcsi n\u00f5udvates tegevutes. TI t\u00f6\u00f6riistad, nagu tekstirobotid ChatGPT ja Microsoft Copilot, on loodud toimima virtuaalsete assistentidena. Need pakuvad erinevaid funktsioone, mis v\u00f5ivad h\u00f5lbustada sinu m\u00f5tteprotsessi ja muuta keerulised \u00fclesanded paremini hallatavaks. Samuti avab TI uusi \u00f5ppimisv\u00f5imalusi, n\u00e4iteks keelte omandamisel, olles seega v\u00e4\u00e4rtuslik abivahend nii haridus- kui ka t\u00f6\u00f6keskkonnas.\u00a0<\/p>\n\n\n\n<p>Kuigi TI ei asenda inimloomingut, v\u00f5ib see sinu asemel t\u00e4ita rutiinseid korduvaid \u00fclesandeid, v\u00f5imaldades sul keskenduda oma t\u00f6\u00f6 innovaatilisematele ja strateegilisematele aspektidele.\u00a0\u00a0<\/p>\n\n\n\n<figure class=\"wp-block-pullquote alignright\"><blockquote><p>Erinevaid TI rakendusi leiad aadressilt <a href=\"https:\/\/www.futurepedia.io\" target=\"_blank\" rel=\"noreferrer noopener\">https:\/\/www.futurepedia.io<\/a>.<\/p><\/blockquote><\/figure>\n\n\n\n<p>N\u00e4iteks v\u00f5ib TI aidata sul\u00a0\u00a0<\/p>\n\n\n\n<ul class=\"wp-block-list\">\n<li>koostada esitluse kava,\u00a0\u00a0<\/li>\n\n\n\n<li>transkribeerida videokoosoleku tekstiks,\u00a0<\/li>\n\n\n\n<li>teha kokkuv\u00f5tte veebik\u00fcsitluse tulemustest,\u00a0<\/li>\n\n\n\n<li>t\u00f5lkida mahuka teksti,\u00a0<\/li>\n\n\n\n<li>koostada kiiresti kirjanduse \u00fclevaate,\u00a0\u00a0<\/li>\n\n\n\n<li>visualiseerida uuringus kogutud andmed jpm.\u00a0<\/li>\n<\/ul>\n","protected":false},"excerpt":{"rendered":"<p>TI kiire areng muudab oluliselt seda, kuidas me t\u00f6\u00f6tame, \u00f5pime ja tehnoloogiaga suhtleme. Teadvustame seda v\u00f5i mitte, kuid TI on juba osa meie igap\u00e4evaelust, alates Google\u2019i otsingusoovitustest kuni YouTube\u2019i sisualgoritmideni. TI ei t\u00e4henda ainult uusi rakendusi \u2013 ka varem tuntud &#8230;<\/p>\n","protected":false},"author":9,"featured_media":0,"parent":0,"menu_order":0,"comment_status":"closed","ping_status":"closed","template":"","meta":{"_acf_changed":false,"inline_featured_image":false,"footnotes":""},"class_list":["post-80","page","type-page","status-publish","hentry"],"acf":[],"_links":{"self":[{"href":"https:\/\/sisu.ut.ee\/ti\/wp-json\/wp\/v2\/pages\/80","targetHints":{"allow":["GET"]}}],"collection":[{"href":"https:\/\/sisu.ut.ee\/ti\/wp-json\/wp\/v2\/pages"}],"about":[{"href":"https:\/\/sisu.ut.ee\/ti\/wp-json\/wp\/v2\/types\/page"}],"author":[{"embeddable":true,"href":"https:\/\/sisu.ut.ee\/ti\/wp-json\/wp\/v2\/users\/9"}],"replies":[{"embeddable":true,"href":"https:\/\/sisu.ut.ee\/ti\/wp-json\/wp\/v2\/comments?post=80"}],"version-history":[{"count":10,"href":"https:\/\/sisu.ut.ee\/ti\/wp-json\/wp\/v2\/pages\/80\/revisions"}],"predecessor-version":[{"id":1226,"href":"https:\/\/sisu.ut.ee\/ti\/wp-json\/wp\/v2\/pages\/80\/revisions\/1226"}],"wp:attachment":[{"href":"https:\/\/sisu.ut.ee\/ti\/wp-json\/wp\/v2\/media?parent=80"}],"curies":[{"name":"wp","href":"https:\/\/api.w.org\/{rel}","templated":true}]}}