{"id":683,"date":"2025-03-11T14:14:29","date_gmt":"2025-03-11T12:14:29","guid":{"rendered":"https:\/\/sisu.ut.ee\/ti\/?page_id=683"},"modified":"2026-04-14T13:31:29","modified_gmt":"2026-04-14T10:31:29","slug":"tegevused","status":"publish","type":"page","link":"https:\/\/sisu.ut.ee\/ti\/tegevused\/","title":{"rendered":"Tegevused"},"content":{"rendered":"<h2 class=\"wp-block-heading\">Koolitused ja seminarid<\/h2>\n\n\n\n<p class=\"has-large-font-size\"><strong>2026<\/strong><\/p>\n\n\n\n<figure class=\"wp-block-table is-style-stripes\"><table class=\"table table-hover\"><thead><tr><th>Aeg<\/th><th>Teema<\/th><th>Kontakt\/Info<\/th><\/tr><\/thead><tbody><tr><td>09.06.2026<\/td><td>Praktiline NotebookLM-i koolitus \u00f5ppej\u00f5ududele (MV)<\/td><td>R. K\u00e4rner (info sisekoolituskalendris)<\/td><\/tr><tr><td>27.04.2026<\/td><td>HV kogemusp\u00e4ev \u201cSuuline l\u00f5pphindamine tehisaru ajastul\u201d<\/td><td>A. Jalak (info sisekoolituskalendris)<\/td><\/tr><tr><td>30.03.2026<\/td><td>TI kasutamine \u00f5ppet\u00f6\u00f6s: praktiline suuniste arutelu<\/td><td>J. Laidla (info sisekoolituskalendris)<\/td><\/tr><tr><td>17.03.2026, 13:00\u201315:00<\/td><td>Microsoft 365 Copilot avalikule sektorile: koostamine, anal\u00fc\u00fcs ja esitlemine (MS-4018)<\/td><td>M. Teern (<a href=\"https:\/\/events.teams.microsoft.com\/event\/207f35f0-fcf2-4a22-aaa9-ed5fb12f2b6b@d9df2cff-8535-4dbe-b3fe-be0362c538fc\" target=\"_blank\" rel=\"noreferrer noopener\">registreeru<\/a>)<\/td><\/tr><tr><td>17.03.2026, 10:00\u201312:00<\/td><td>Microsoft 365 Copilot avalikule sektorile: koostamine, anal\u00fc\u00fcs ja esitlemine (MS-4018)<\/td><td>M. Teern (<a href=\"https:\/\/events.teams.microsoft.com\/event\/82aa49af-4ccd-4022-96b3-cf2c360af918@d9df2cff-8535-4dbe-b3fe-be0362c538fc\" target=\"_blank\" rel=\"noreferrer noopener\">registreeru<\/a>)<\/td><\/tr><tr><td>13.03.2026, 13:00\u201314:30<\/td><td>Microsoft Copilot Chat koolitusel avalikule sektorile (MS-4023)<\/td><td>M. Teern (<a href=\"https:\/\/events.teams.microsoft.com\/event\/30106fb8-2be9-4bda-a6b6-c4568f21387f@d9df2cff-8535-4dbe-b3fe-be0362c538fc\" target=\"_blank\" rel=\"noreferrer noopener\">registreeru<\/a>)<\/td><\/tr><tr><td>13.03.2026, 10:00\u201311:30<\/td><td>Microsoft Copilot Chat koolitusel avalikule sektorile (MS-4023)<\/td><td>M. Teern (<a href=\"https:\/\/events.teams.microsoft.com\/event\/e48e17e3-6fed-4dbe-88d3-29e52686ab7a@d9df2cff-8535-4dbe-b3fe-be0362c538fc\" target=\"_blank\" rel=\"noreferrer noopener\">registreeru<\/a>)<\/td><\/tr><tr><td>10.03.2026, 13:00\u201314:30<\/td><td>Microsoft Copilot Chat koolitusel avalikule sektorile (MS-4023)<\/td><td>M. Teern (<a href=\"https:\/\/events.teams.microsoft.com\/event\/324b019f-dfc6-413a-b018-abe722953c0f@d9df2cff-8535-4dbe-b3fe-be0362c538fc\" target=\"_blank\" rel=\"noreferrer noopener\">registreeru<\/a>)<\/td><\/tr><tr><td>10.03.2026, 10:00\u201311:30<\/td><td>Microsoft Copilot Chat koolitusel avalikule sektorile (MS-4023)<\/td><td>M. Teern (<a href=\"https:\/\/events.teams.microsoft.com\/event\/021112fd-fc8b-417e-9a2c-a8eeecb1d20d@d9df2cff-8535-4dbe-b3fe-be0362c538fc\" target=\"_blank\" rel=\"noreferrer noopener\">registreeru<\/a>)<\/td><\/tr><tr><td>09.03-26.04.2026<\/td><td>Digi\u00f5ppe meistriklass: tehisintellekti kasutamine \u00f5ppeaine arendamisel (P2OE.TK.036)<\/td><td>L. Pilt (info t\u00e4ienduskoolituskalendris)<\/td><\/tr><tr><td>03.02.2026<\/td><td>\u00dcli\u00f5pilaste kirjalike t\u00f6\u00f6de (sh l\u00f5put\u00f6\u00f6de) koostamine, juhendamine ja hindamine tehisaru kontekstis (LT)<\/td><td>K. Uiboleht (info sisekoolituskalendris)<\/td><\/tr><tr><td>02.02.2026<\/td><td>Tehisaru kasutamine \u00f5ppet\u00f6\u00f6s \u00fchiskonnateaduste insituudi t\u00f6\u00f6tajatele<\/td><td>G. Kiisk (info sisekoolituskalendris)<\/td><\/tr><tr><td>26.-28.01.2026<\/td><td>AI Integration into Research and Writing<\/td><td>S. Urbas (info sisekoolituskalendris)<\/td><\/tr><tr><td>21.01.2026<\/td><td>TI kasutamine \u00f5ppet\u00f6\u00f6s: praktiline suuniste arutelu ja t\u00f6\u00f6toad (SV)<\/td><td>H. P\u00e4\u00e4bo (info sisekoolituskalendris)<\/td><\/tr><tr><td>20.01.2026<\/td><td>T\u00dc tehisintellekt (TI) \u00f5ppet\u00f6\u00f6s suunis ja TI rakenduste kasutamine (MV)<\/td><td>N. Ilves (info sisekoolituskalendris)<\/td><\/tr><tr><td><\/td><td><\/td><td><\/td><\/tr><tr><td><\/td><td><\/td><td><\/td><\/tr><\/tbody><\/table><\/figure>\n\n\n<div class=\"accordion-block mb-3\">\n\t\t<div class=\"accordion \" id=\"accordion-accordion-69e1bbe05c52e\">\n\t\t\t\t\t\t\t<div class=\"accordion-item accordion-item--white\">\n\t\t\t\t\t<h2 class=\"accordion-header\" id=\"accordion-69e1bbe05c52e-heading-1\">\n\t\t\t\t\t\t<button class=\"accordion-button collapsed\" type=\"button\" data-bs-toggle=\"collapse\" data-bs-target=\"#accordion-69e1bbe05c52e-collapse-1\" aria-expanded=\"true\" aria-controls=\"accordion-69e1bbe05c52e-collapse-1\">\n\t\t\t\t\t\t\t2025\n\t\t\t\t\t\t<\/button>\n\t\t\t\t\t<\/h2>\n\t\t\t\t\t<div id=\"accordion-69e1bbe05c52e-collapse-1\" class=\"accordion-collapse collapse \" aria-labelledby=\"accordion-69e1bbe05c52e-heading-1\">\n\t\t\t\t\t\t<div class=\"accordion-body\">\n\t\t\t\t\t\t\t<figure class=\"wp-block-table is-style-stripes\">\n<table class=\"table table-hover\">\n<thead>\n<tr>\n<th>Aeg<\/th>\n<th>Teema<\/th>\n<th>Kontakt \/ Info<\/th>\n<\/tr>\n<\/thead>\n<tbody>\n<tr>\n<td>11.12.2025<\/td>\n<td><span data-olk-copy-source=\"MessageBody\">Pedagogicumi tehisintellektile keskenduv teemaseminar<\/span><\/td>\n<td><span data-olk-copy-source=\"MessageBody\">K. Vestel<\/span><\/td>\n<\/tr>\n<tr>\n<td>28.11.2025<\/td>\n<td>Tehisaru tugi t\u00f6\u00f6s teaduskirjandusega<\/td>\n<td>L. Tammek\u00e4nd (info sisekoolituskalendris)<\/td>\n<\/tr>\n<tr>\n<td>18.11.2025<\/td>\n<td>Seminar \u201e\u201eMis muret teeb?\u201d Desinfo, tehisaru ja alternatiivsed m\u00f5tteviisid meditsiinis\u201c<\/td>\n<td>(<a href=\"https:\/\/uhiskond.ut.ee\/et\/sisu\/seminar-mis-muret-teeb-desinfo-tehisaru-ja-alternatiivsed-motteviisid-meditsiinis\" target=\"_blank\" rel=\"noreferrer noopener\">info<\/a>)<\/td>\n<\/tr>\n<tr>\n<td>13.11.2025<\/td>\n<td>Tekstirobotite kasutamine kontorit\u00f6\u00f6s \u2013 sissejuhatus algajatele (Grandikeskusele)<\/td>\n<td>T. Marandi (info sisekoolituskalendris)<\/td>\n<\/tr>\n<tr>\n<td>12.11.2025<\/td>\n<td>\u00d5ppevideo tegemine tehisaru t\u00f6\u00f6riistadega<\/td>\n<td>A. Reino (info sisekoolituskalendris)<\/td>\n<\/tr>\n<tr>\n<td>10.-24.11.2025<\/td>\n<td>Tehisaruteemaline koolitus haridusteaduste instituudis<\/td>\n<td>H. P\u00e4\u00e4bo (info sisekoolituskalendris)<\/td>\n<\/tr>\n<tr>\n<td>07.11.2025<\/td>\n<td>Tekstirobotite kasutamine akadeemilisel kirjutamisel (MV peremeditsiini residentidele)<\/td>\n<td>T. Marandi<\/td>\n<\/tr>\n<tr>\n<td>06.11.2025<\/td>\n<td>Konverents \u201eTehisaru loodusteadustes: kes \u00f5petab keda?\u201c<\/td>\n<td>J. Langemets (<a href=\"https:\/\/reaalteadused.ut.ee\/et\/uudis\/konverents-tehisaru-loodusteadustes-kes-opetab-keda\" target=\"_blank\" rel=\"noreferrer noopener\">info<\/a>)<\/td>\n<\/tr>\n<tr>\n<td>03.11.2025<\/td>\n<td>Tekstirobotite kasutamine kontorit\u00f6\u00f6s \u2013 sissejuhatus algajatele (MV tugit\u00f6\u00f6tajatele)<\/td>\n<td>T. Marandi (info sisekoolituskalendris)<\/td>\n<\/tr>\n<tr>\n<td>30.10.2025<\/td>\n<td>Viibatalgud: Testik\u00fcsimuste koostamine tekstiroboti abil (LT \u00f5ppej\u00f5ududele)<\/td>\n<td>T. Marandi (info sisekoolituskalendris)<\/td>\n<\/tr>\n<tr>\n<td>28.10.2025<\/td>\n<td>Viibatalgud: \u00dclesannete koostamine tekstiroboti abil (LT \u00f5ppej\u00f5ududele)<\/td>\n<td>T. Marandi (info sisekoolituskalendris)<\/td>\n<\/tr>\n<tr>\n<td>24.10.2025<\/td>\n<td>Scopus AI teaduskirjutamises<\/td>\n<td>L. Tammek\u00e4nd (info sisekoolituskalendris)<\/td>\n<\/tr>\n<tr>\n<td>14.10.2025<\/td>\n<td>Tehisintellekt teadlase t\u00f6\u00f6riistana: praktilised sammud ja t\u00f6\u00f6riistad (LT \u00f5ppej\u00f5ududele)<\/td>\n<td>I. Hiiesalu (info sisekoolituskalendris)<\/td>\n<\/tr>\n<tr>\n<td>22.09.2025<\/td>\n<td>P\u00e4devusp\u00e4ev \u201cTehisaru \u00fclikoolis: visioon, eetika, praktika\u201d<\/td>\n<td>H. P\u00e4\u00e4bo (info sisekoolituskalendris)<\/td>\n<\/tr>\n<tr>\n<td>12.09.2025<\/td>\n<td>Tekstirobotite kasutamine kontorit\u00f6\u00f6s \u2013 sissejuhatus algajatele (SV tugit\u00f6\u00f6tajatele)<\/td>\n<td>T. Marandi (info sisekoolituskalendris)<\/td>\n<\/tr>\n<tr>\n<td>25.\u201326.08.2025<\/td>\n<td>Tehisaru eetika teemaline t\u00f6\u00f6tuba \u201eEthics of AI. Navigating Challenges to Values, Society, and Human Welfare\u201c<\/td>\n<td>M. Sutrop (<a href=\"https:\/\/eetikakeskus.ut.ee\/et\/uudis\/tartus-toimub-tehisaru-eetika-teemaline-tootuba\" target=\"_blank\" rel=\"noreferrer noopener\">info<\/a>)<\/td>\n<\/tr>\n<tr>\n<td>25.08.2025<\/td>\n<td>Tekstirobotite kasutamine kontorit\u00f6\u00f6s \u2013 sissejuhatus algajatele (SV tugit\u00f6\u00f6tajatele)<\/td>\n<td>T. Marandi (info sisekoolituskalendris)<\/td>\n<\/tr>\n<tr>\n<td>11.\u201315.08.2025<\/td>\n<td>EIT Health: Tartu AIProHealth Summer School 2025<\/td>\n<td>M. Malk (<a href=\"https:\/\/cs.ut.ee\/et\/sisu\/eit-health-tartu-aiprohealth-summer-school-2025\" target=\"_blank\" rel=\"noreferrer noopener\">info<\/a>)<\/td>\n<\/tr>\n<tr>\n<td>12.06.2025<\/td>\n<td>Tekstirobotite kasutamine \u2013 sissejuhatus algajatele (MVCM)<\/td>\n<td>T. Marandi (info sisekoolituskalendris)<\/td>\n<\/tr>\n<tr>\n<td>10.06.2025<\/td>\n<td>Tekstirobotite kasutamine kontorit\u00f6\u00f6s \u2013 sissejuhatus algajatele (LV tugit\u00f6\u00f6tajatele)<\/td>\n<td>T. Marandi (info sisekoolituskalendris)<\/td>\n<\/tr>\n<tr>\n<td>02.06.2025<\/td>\n<td>Generative AI in Medicine is a Social Experiment<\/td>\n<td>R. Ranisch (<a href=\"https:\/\/eetikakeskus.ut.ee\/et\/uudis\/robert-ranischi-ettekanne-tehisarust-meditsiinis\" target=\"_blank\" rel=\"noreferrer noopener\">info<\/a>)<\/td>\n<\/tr>\n<tr>\n<td>27.05.2025<\/td>\n<td>Why AI and Surveillance Capitalism Is a Threat to Democracy?<\/td>\n<td>M. Thorseth (<a href=\"https:\/\/filsem.ut.ee\/et\/sisu\/kollokviumid-seminarid-lugemisgrupid\" target=\"_blank\" rel=\"noreferrer noopener\">info<\/a>)<\/td>\n<\/tr>\n<tr>\n<td>22.05.2025<\/td>\n<td>Tehisintellekti rakendused t\u00f6\u00f6ks teaduskirjandusega (MV)<\/td>\n<td>T. Marandi (info sisekoolituskalendris)<\/td>\n<\/tr>\n<tr>\n<td>20.05.2025<\/td>\n<td>Tekstirobotite kasutamine \u2013 sissejuhatus algajatele (HVAJ)<\/td>\n<td>T. Marandi (info sisekoolituskalendris)<\/td>\n<\/tr>\n<tr>\n<td>13.05.2025<\/td>\n<td>Praktiline sissejuhatus tehisintellekti kasutamisse teadust\u00f6\u00f6s: ChatGPT ja nutikad t\u00f6\u00f6riistad (LT)<\/td>\n<td>T. Jairus (info sisekoolituskalendris)<\/td>\n<\/tr>\n<tr>\n<td>12.05.2025<\/td>\n<td>TI kasutamise p\u00f5him\u00f5tted \u00f5ppimises ja \u00f5petamises Skytte instituudis<\/td>\n<td>H. P\u00e4\u00e4bo (info sisekoolituskalendris)<\/td>\n<\/tr>\n<tr>\n<td>09.05.2025<\/td>\n<td>Teaduskirjutamises kasutatavad tasuta ja freemium tehisintellekti rakendused (HV)<\/td>\n<td>K. Mets-Alunurm (info sisekoolituskalendris)<\/td>\n<\/tr>\n<tr>\n<td>06.05.2025<\/td>\n<td>Tekstirobotite kasutamine \u00f5ppet\u00f6\u00f6s \u2013 praktiline t\u00f6\u00f6tuba algajatele<\/td>\n<td>T. Marandi (info sisekoolituskalendris)<\/td>\n<\/tr>\n<tr>\n<td>06.05.2025<\/td>\n<td>Praktiline sissejuhatus tehisintellekti kasutamisse teadust\u00f6\u00f6s: ChatGPT ja nutikad t\u00f6\u00f6riistad (LT)<\/td>\n<td>T. Jairus (info sisekoolituskalendris)<\/td>\n<\/tr>\n<tr>\n<td>05.05.2025<\/td>\n<td>AI-Powered Literature Review (SV)<\/td>\n<td>Y. Kondratyk (info sisekoolituskalendris)<\/td>\n<\/tr>\n<tr>\n<td>29.04.2025<\/td>\n<td>Integrating AI in Assignments: Discussion of Practical Case Studies<\/td>\n<td>A. Beitane (info sisekoolituskalendris)<\/td>\n<\/tr>\n<tr>\n<td>25.04.2025<\/td>\n<td>AI-Powered Literature Review (HV)<\/td>\n<td>Y. Kondratyk (info sisekoolituskalendris)<\/td>\n<\/tr>\n<tr>\n<td>25.04.2025<\/td>\n<td>Tekstirobotitest algajatele (MV \u00fcli\u00f5pilastele)<\/td>\n<td>T. Marandi<\/td>\n<\/tr>\n<tr>\n<td>24.04.2025<\/td>\n<td>Viibatalgud: Patsiendijuhtumite koostamine tekstiroboti abil (MV \u00f5ppej\u00f5ududele)<\/td>\n<td>T. Marandi (info sisekoolituskalendris)<\/td>\n<\/tr>\n<tr>\n<td>21.04.2025<\/td>\n<td>Tekstirobotitest algajatele (MV \u00fcli\u00f5pilastele)<\/td>\n<td>T. Marandi<\/td>\n<\/tr>\n<tr>\n<td>15.04.2025<\/td>\n<td>Viiba koostamine suure keelemudeli jaoks (SV, majandusteaduskonna t\u00f6\u00f6tajatele)<\/td>\n<td>D. Pilvar (info sisekoolituskalendris)<\/td>\n<\/tr>\n<tr>\n<td>11.04.2025<\/td>\n<td>Viibatalgud: \u00dclesannete koostamine tekstiroboti abil (MV \u00f5ppej\u00f5ududele)<\/td>\n<td>T. Marandi (info sisekoolituskalendris)<\/td>\n<\/tr>\n<tr>\n<td>09.04.2025<\/td>\n<td>Tehisintellekti v\u00f5imalused meditsiinis (Ravila 19-1006)<\/td>\n<td>N. Ilves (<a href=\"https:\/\/meditsiiniteadused.ut.ee\/et\/sisu\/seminar-tehisintellekti-voimalused-meditsiinis\" target=\"_blank\" rel=\"noreferrer noopener\">info<\/a>)<\/td>\n<\/tr>\n<tr>\n<td>08.04.2025<\/td>\n<td>\u00d5ppet\u00f6\u00f6- ja administratiiv\u00fclesanded AI abil \u2013 MagicSchool.ai n\u00e4itel (SV, majandusteaduskonna t\u00f6\u00f6tajatele)<\/td>\n<td>T. Pihus (info sisekoolituskalendris)<\/td>\n<\/tr>\n<tr>\n<td>27.03.2025<\/td>\n<td>Redefining Learning Outcomes? Integration of AI Tools into Written Assignments (SV)<\/td>\n<td>H. P\u00e4\u00e4bo (info sisekoolituskalendris)<\/td>\n<\/tr>\n<tr>\n<td>21.03.2025<\/td>\n<td>TI kasutamine humanitaarteaduste \u00f5petamisel ja \u00f5ppimisel: T\u00dc suunised, meie kogemused ja ootused (HV)<\/td>\n<td>K. Mets-Alunurm<\/td>\n<\/tr>\n<tr>\n<td>13.03.2025<\/td>\n<td>Viibatalgud: Testik\u00fcsimuste koostamine tekstiroboti abil (MV \u00f5ppej\u00f5ududele)<\/td>\n<td>T. Marandi (info sisekoolituskalendris)<\/td>\n<\/tr>\n<tr>\n<td>06.03.2025<\/td>\n<td>Tekstirobotite kasutamine meditsiiniteaduste valdkonna \u00f5ppet\u00f6\u00f6s \u2013 praktiline t\u00f6\u00f6tuba algajatele (MV)<\/td>\n<td>T. Marandi (info sisekoolituskalendris)<\/td>\n<\/tr>\n<tr>\n<td>21.02.2025<\/td>\n<td>HV TI rakukese seminar: \u00a0TI\u00a0eetika ja\u00a0 \u00fcle-eestilise tehisintellekti eetika v\u00f5rgustik (HV)<\/td>\n<td>K. Mets-Alunurm<\/td>\n<\/tr>\n<tr>\n<td>05.02.2025<\/td>\n<td>Tekstirobotite kasutamine f\u00fcsioloogia instituudi \u00f5ppet\u00f6\u00f6s \u2013 praktiline t\u00f6\u00f6tuba algajatele (MV)<\/td>\n<td>T. Marandi (info sisekoolituskalendris)<\/td>\n<\/tr>\n<tr>\n<td>28.01.2025<\/td>\n<td>Tekstirobotite kasutamine \u00f5ppet\u00f6\u00f6s \u2013 praktiline t\u00f6\u00f6tuba algajatele<\/td>\n<td>T. Marandi (info sisekoolituskalendris)<\/td>\n<\/tr>\n<tr>\n<td>28.01.2025<\/td>\n<td>Akadeemiliste tekstide kirjutamine tehisintellekti ajastul (LT, geograafia osakonnale)<\/td>\n<td>H. Hint, D. A. J. Leijen (info sisekoolituskalendris)<\/td>\n<\/tr>\n<tr>\n<td>21.01.2025<\/td>\n<td>Tekstirobotite kasutamine \u00f5ppet\u00f6\u00f6s \u2013 praktiline t\u00f6\u00f6tuba algajatele<\/td>\n<td>T. Marandi<\/td>\n<\/tr>\n<tr>\n<td>13.01. 2025<\/td>\n<td>\u00dcle\u00fclikooliline seminar \u201cTehisintellekti kasutamine Tartu \u00dclikoolis\u201d (T\u00dc raamatukogu)<\/td>\n<td>H. Hint (<a href=\"https:\/\/siseveeb.ut.ee\/et\/uudised\/seminaril-arutleti-tehisintellekti-kasutamise-ule-ulikoolis\" target=\"_blank\" rel=\"noreferrer noopener\">info siseveebis<\/a>)<\/td>\n<\/tr>\n<tr>\n<td>09.01.2025<\/td>\n<td>\u00d5ppimine ja aktiivne \u00f5petamine tehisaru ajastul (MV, sporditeaduste ja f\u00fcsioteraapia instituudile)<\/td>\n<td>K.-J. Laak, T. Marandi<\/td>\n<\/tr>\n<\/tbody>\n<\/table>\n<\/figure>\n\n\t\t\t\t\t\t<\/div>\n\t\t\t\t\t<\/div>\n\t\t\t\t<\/div>\n\t\t\t\t\t<\/div>\n\t<\/div>\n\n\n<div class=\"accordion-block mb-3\">\n\t\t<div class=\"accordion \" id=\"accordion-accordion-69e1bbe05cd93\">\n\t\t\t\t\t\t\t<div class=\"accordion-item accordion-item--white\">\n\t\t\t\t\t<h2 class=\"accordion-header\" id=\"accordion-69e1bbe05cd93-heading-1\">\n\t\t\t\t\t\t<button class=\"accordion-button collapsed\" type=\"button\" data-bs-toggle=\"collapse\" data-bs-target=\"#accordion-69e1bbe05cd93-collapse-1\" aria-expanded=\"true\" aria-controls=\"accordion-69e1bbe05cd93-collapse-1\">\n\t\t\t\t\t\t\t2024\n\t\t\t\t\t\t<\/button>\n\t\t\t\t\t<\/h2>\n\t\t\t\t\t<div id=\"accordion-69e1bbe05cd93-collapse-1\" class=\"accordion-collapse collapse \" aria-labelledby=\"accordion-69e1bbe05cd93-heading-1\">\n\t\t\t\t\t\t<div class=\"accordion-body\">\n\t\t\t\t\t\t\t<figure class=\"wp-block-table is-style-stripes\">\n<table class=\"table table-hover\">\n<thead>\n<tr>\n<th>Aeg<\/th>\n<th>Teema<\/th>\n<th>Kontakt\/Info<\/th>\n<\/tr>\n<\/thead>\n<tbody>\n<tr>\n<td><span data-olk-copy-source=\"MessageBody\">9.12.2024<\/span><\/td>\n<td>HV tehisintellekti rakukese seminar: Eesti keele v\u00e4ljendus\u00f5petus keskus tutvustas k\u00e4imasolevat uuringut, mille eesm\u00e4rgiks on uurida, mis paneb \u00f5ppej\u00f5udusid kahtlustama TI-kasutamist \u00fcli\u00f5pilaste kirjalikes t\u00f6\u00f6des.<\/td>\n<td>K. Mets-Alunurm<\/td>\n<\/tr>\n<tr>\n<td>05.12.2024<\/td>\n<td>Tehisaru koolitused LT valdkonna \u00f5ppej\u00f5ududele. \u201cKuidas tehisaru teadlase v\u00f5i \u00f5ppej\u00f5u t\u00f6\u00f6d (lihtsamaks) muudab?\u201d<\/td>\n<td>I. Hiiesalu<\/td>\n<\/tr>\n<tr>\n<td>19.11.2024<\/td>\n<td>Tehisaru koolitused LT valdkonna \u00f5ppej\u00f5ududele. \u201cTudengid ja tehisaru \u2013 \u00f5ppimise l\u00f5pp v\u00f5i algus?\u201d<\/td>\n<td>K.-J. Laak<\/td>\n<\/tr>\n<tr>\n<td>18.10.2024<\/td>\n<td>\u00dcli\u00f5pilastele m\u00f5eldud ettekanne ja t\u00f6\u00f6tuba: generatiivse tehisintellekti v\u00f5imalused ja piirangudd \u00f5ppimisel ning praktilised tehisintellekti kasutamise soovitused.<\/td>\n<td><\/td>\n<\/tr>\n<tr>\n<td>16.10.2024<\/td>\n<td>Tekstirobotite seminarip\u00e4ev Viljandi kultuuriakadeemias.<\/td>\n<td><\/td>\n<\/tr>\n<tr>\n<td>16.10.2024<\/td>\n<td>Tehisaru koolitused LT valdkonna \u00f5ppej\u00f5ududele. \u201cKuidas toetada \u00f5ppimist tehisaru ajastul?\u201d<\/td>\n<td>T. Visnapuu, K.-J. Laak<\/td>\n<\/tr>\n<tr>\n<td>15.\u201318.10.2024<\/td>\n<td>Kohtumis- ja inspiratsioonin\u00e4dal \u201c\u00dcleilmne ja erialadevaheline vaade tehisintellekti kasutamisele \u00fclikooli\u00f5ppes\u201d. (<a style=\"font-family: inherit; font-size: inherit;\" href=\"https:\/\/uttv.ee\/otsing#sona=Annette%20Vee\" target=\"_blank\" rel=\"noopener\">videod<\/a><span style=\"font-family: inherit; font-size: inherit;\">)<\/span><\/td>\n<td>A. Vee<\/td>\n<\/tr>\n<tr>\n<td><span data-contrast=\"none\">07. 10.2024<\/span><\/td>\n<td><span data-contrast=\"none\">Pedagogicumi teemaseminar ja t\u00f6\u00f6tuba tekstirobotitest.<\/span><\/td>\n<td><span data-contrast=\"none\">K.-J. Laak, T. Marandi<\/span><\/td>\n<\/tr>\n<tr>\n<td><span data-contrast=\"none\">03.10.2024<\/span><\/td>\n<td><span data-contrast=\"none\">Tekstirobotite praktiline kasutamine \u00f5ppet\u00f6\u00f6s \u2013 esimene samm\u201d f\u00fc\u00fcsika ja keemia instituudi \u00f5ppej\u00f5ud.<\/span><\/td>\n<td><span data-contrast=\"none\">T. Marandi<\/span><\/td>\n<\/tr>\n<tr>\n<td><span data-teams=\"true\">23.09.2024<\/span><\/td>\n<td><span data-teams=\"true\">HV \u00f5ppej\u00f5udude kogemusp\u00e4ev: TI kasutamine \u00f5ppet\u00f6\u00f6s.<\/span><\/td>\n<td><span data-teams=\"true\">H. Hint<\/span><\/td>\n<\/tr>\n<tr>\n<td>07.05.2024<\/td>\n<td>Aruteluseminar \u201cTekstirobotid \u00f5ppet\u00f6\u00f6s\u201d.<\/td>\n<td>J. Padrik<\/td>\n<\/tr>\n<tr>\n<td>01.04.2024<\/td>\n<td>Kogemusseminar \u201eTekstirobotite kasutamine l\u00f5put\u00f6\u00f6 kirjutamisel\u201c \u00dcTI t\u00f6\u00f6tajatele.<\/td>\n<td>K. Lepik-Verliin<\/td>\n<\/tr>\n<\/tbody>\n<\/table>\n<\/figure>\n\n\t\t\t\t\t\t<\/div>\n\t\t\t\t\t<\/div>\n\t\t\t\t<\/div>\n\t\t\t\t\t<\/div>\n\t<\/div>\n\n\n<div class=\"accordion-block mb-3\">\n\t\t<div class=\"accordion \" id=\"accordion-accordion-69e1bbe05d130\">\n\t\t\t\t\t\t\t<div class=\"accordion-item accordion-item--white\">\n\t\t\t\t\t<h2 class=\"accordion-header\" id=\"accordion-69e1bbe05d130-heading-1\">\n\t\t\t\t\t\t<button class=\"accordion-button collapsed\" type=\"button\" data-bs-toggle=\"collapse\" data-bs-target=\"#accordion-69e1bbe05d130-collapse-1\" aria-expanded=\"true\" aria-controls=\"accordion-69e1bbe05d130-collapse-1\">\n\t\t\t\t\t\t\t2023\n\t\t\t\t\t\t<\/button>\n\t\t\t\t\t<\/h2>\n\t\t\t\t\t<div id=\"accordion-69e1bbe05d130-collapse-1\" class=\"accordion-collapse collapse \" aria-labelledby=\"accordion-69e1bbe05d130-heading-1\">\n\t\t\t\t\t\t<div class=\"accordion-body\">\n\t\t\t\t\t\t\t<figure class=\"wp-block-table is-style-stripes\">\n<table class=\"table table-hover\">\n<thead>\n<tr>\n<th>Aeg<\/th>\n<th>Teema<\/th>\n<th>Kontakt\/Info<\/th>\n<\/tr>\n<\/thead>\n<tbody>\n<tr>\n<td><span data-contrast=\"none\">25.10.2023<\/span><\/td>\n<td><span data-contrast=\"none\">ChatGPT alustavale kasutajale.<\/span><\/td>\n<td><span data-contrast=\"none\">T. Marandi<\/span><\/td>\n<\/tr>\n<tr>\n<td>25.09.2023<\/td>\n<td>HV \u00f5ppej\u00f5udude kogemusp\u00e4ev \u201cAkadeemias aktuaalne: l\u00f5put\u00f6\u00f6d ja tehisaru\u201d.<\/td>\n<td>A. Saro, K. K\u00fctt<\/td>\n<\/tr>\n<tr>\n<td>06.04.2023<\/td>\n<td>Akadeemiline arutelu Tartu \u00dclikoolis \u201cKuidas ChatGPT \u00f5ppimist ja \u00f5petamist muudab II\u201d (<a href=\"https:\/\/etu.ut.ee\/2023\/chat-gpt2\/\" target=\"_blank\" rel=\"noopener\">videod<\/a>)<\/td>\n<td><\/td>\n<\/tr>\n<tr>\n<td>15.03.2023<\/td>\n<td>Akadeemiline arutelu Tartu \u00dclikoolis \u201cKuidas ChatGPT \u00f5ppimist ja \u00f5petamist muudab I\u201d (<a href=\"https:\/\/etu.ut.ee\/2023\/chat-gpt\/\" target=\"_blank\" rel=\"noopener\">videod<\/a>)<\/td>\n<td><\/td>\n<\/tr>\n<tr>\n<td>08.02.2023<\/td>\n<td>\u201cTehisintellekt \u00f5ppet\u00f6\u00f6s\u201d \u00dcTI \u00f5ppej\u00f5ududele<\/td>\n<td>K. Lepik-Verliin<\/td>\n<\/tr>\n<\/tbody>\n<\/table>\n<\/figure>\n\n\t\t\t\t\t\t<\/div>\n\t\t\t\t\t<\/div>\n\t\t\t\t<\/div>\n\t\t\t\t\t<\/div>\n\t<\/div>\n\n\n\n<h2 class=\"wp-block-heading\">Projektid<\/h2>\n\n\n\n<figure class=\"wp-block-table is-style-stripes\"><table class=\"table table-hover\"><thead><tr><th>Aeg<\/th><th>Teema<\/th><th>Kontakt \/ Info<\/th><\/tr><\/thead><tbody><tr><td>10.2024-11.2026<\/td><td>Fostering Learners\u2019 AI Readiness (FLAIR), Erasmus+ projekt<\/td><td>H. Hint (<a href=\"https:\/\/www.wu.ac.at\/en\/flair\/flair-erasmus-project\" target=\"_blank\" rel=\"noreferrer noopener\">veebileht<\/a>)<\/td><\/tr><tr><td>05.2024-09.2025<\/td><td>Empowering Social Sciences Educators on the Use of Artificial Intelligence in the Classroom<\/td><td>A. Beitane (<a href=\"https:\/\/sisu.ut.ee\/empowerai\/\" target=\"_blank\" rel=\"noreferrer noopener\">veebileht<\/a>)<\/td><\/tr><tr><td><\/td><td><\/td><td><\/td><\/tr><\/tbody><\/table><\/figure>\n\n\n\n<h2 class=\"wp-block-heading\">Uuringud<\/h2>\n\n\n\n<figure class=\"wp-block-table is-style-stripes\"><table class=\"table table-hover\"><thead><tr><th>Aeg<\/th><th>Teema<\/th><th>Kontakt \/ Info<\/th><\/tr><\/thead><tbody><tr><td>2025<\/td><td>Tartu \u00dclikooli \u00f5ppej\u00f5udude tehisaru k\u00fcsitlus 2025<\/td><td>Laak, Ilves, Heimo, Pentus (<a href=\"https:\/\/sisu.ut.ee\/wp-content\/uploads\/sites\/834\/TU-oppejoudude-TI-kusitlus-2025_raport.pdf\" target=\"_blank\" rel=\"noreferrer noopener\">raport<\/a>)<\/td><\/tr><tr><td>2024<\/td><td>T\u00dc kirjalike t\u00f6\u00f6de lahendamine tehisaru abil. Tehisaru eksperiment<\/td><td>K.-J. Laak (<a href=\"https:\/\/sisu.ut.ee\/wp-content\/uploads\/sites\/834\/tehisaru-eksperiment-ettekanne.pdf\" target=\"_blank\" rel=\"noreferrer noopener\">eestikeelne raport<\/a>) (<a href=\"https:\/\/sisu.ut.ee\/wp-content\/uploads\/sites\/834\/UT-AI-experiment-LAAK.pdf\" target=\"_blank\" rel=\"noreferrer noopener\">ingliskeelne raport<\/a>)<\/td><\/tr><tr><td>2024<\/td><td>Tartu \u00dclikooli \u00f5ppej\u00f5udude praktikad ja probleemid seoses tekstirobotite kasutamisega \u00f5ppet\u00f6\u00f6s<\/td><td>K. Lepik (<a href=\"https:\/\/sisu.ut.ee\/wp-content\/uploads\/sites\/834\/UT-oppejoudude-uuringu-tutvustus-2024.pdf\" target=\"_blank\" rel=\"noreferrer noopener\">raport<\/a>)<\/td><\/tr><\/tbody><\/table><\/figure>\n\n\n\n<p><\/p>\n","protected":false},"excerpt":{"rendered":"<p>Koolitused ja seminarid 2026 Aeg Teema Kontakt\/Info 09.06.2026 Praktiline NotebookLM-i koolitus \u00f5ppej\u00f5ududele (MV) R. K\u00e4rner (info sisekoolituskalendris) 27.04.2026 HV kogemusp\u00e4ev \u201cSuuline l\u00f5pphindamine tehisaru ajastul\u201d A. Jalak (info sisekoolituskalendris) 30.03.2026 TI kasutamine \u00f5ppet\u00f6\u00f6s: praktiline suuniste arutelu J. Laidla (info sisekoolituskalendris) 17.03.2026, &#8230;<\/p>\n","protected":false},"author":9,"featured_media":0,"parent":0,"menu_order":0,"comment_status":"closed","ping_status":"closed","template":"","meta":{"_acf_changed":false,"inline_featured_image":false,"footnotes":""},"class_list":["post-683","page","type-page","status-publish","hentry"],"acf":[],"_links":{"self":[{"href":"https:\/\/sisu.ut.ee\/ti\/wp-json\/wp\/v2\/pages\/683","targetHints":{"allow":["GET"]}}],"collection":[{"href":"https:\/\/sisu.ut.ee\/ti\/wp-json\/wp\/v2\/pages"}],"about":[{"href":"https:\/\/sisu.ut.ee\/ti\/wp-json\/wp\/v2\/types\/page"}],"author":[{"embeddable":true,"href":"https:\/\/sisu.ut.ee\/ti\/wp-json\/wp\/v2\/users\/9"}],"replies":[{"embeddable":true,"href":"https:\/\/sisu.ut.ee\/ti\/wp-json\/wp\/v2\/comments?post=683"}],"version-history":[{"count":29,"href":"https:\/\/sisu.ut.ee\/ti\/wp-json\/wp\/v2\/pages\/683\/revisions"}],"predecessor-version":[{"id":1534,"href":"https:\/\/sisu.ut.ee\/ti\/wp-json\/wp\/v2\/pages\/683\/revisions\/1534"}],"wp:attachment":[{"href":"https:\/\/sisu.ut.ee\/ti\/wp-json\/wp\/v2\/media?parent=683"}],"curies":[{"name":"wp","href":"https:\/\/api.w.org\/{rel}","templated":true}]}}