{"id":669,"date":"2025-03-11T13:46:13","date_gmt":"2025-03-11T11:46:13","guid":{"rendered":"https:\/\/sisu.ut.ee\/ti\/?page_id=669"},"modified":"2025-09-10T09:16:32","modified_gmt":"2025-09-10T06:16:32","slug":"inimesed","status":"publish","type":"page","link":"https:\/\/sisu.ut.ee\/ti\/inimesed\/","title":{"rendered":"T\u00f6\u00f6r\u00fchm"},"content":{"rendered":"<div class=\"wp-block-columns is-layout-flex wp-container-core-columns-is-layout-9d6595d7 wp-block-columns-is-layout-flex\">\n<div class=\"wp-block-column is-layout-flow wp-block-column-is-layout-flow\">\n<p>Tartu \u00dclikoolis tegutseb alates 2024. aasta algusest <strong>\u00fcle\u00fclikooliline tekstirobotite t\u00f6\u00f6r\u00fchm<\/strong> (vt ka <a href=\"https:\/\/etu.ut.ee\/2024\/tu-tekstirobotite-tooruhm\/\" target=\"_blank\" rel=\"noreferrer noopener\">https:\/\/etu.ut.ee\/2024\/tu-tekstirobotite-tooruhm\/<\/a>), mille eesm\u00e4rk on toetada \u00fclikoolipere liikmete kohanemist tehisintellekti (TI) rakenduste \u00fcha laieneva m\u00f5juga nii \u00fchiskonnas \u00fcldiselt kui ka k\u00f5rghariduses ja \u00f5ppet\u00f6\u00f6s kitsamalt.\u00a0\u00a0<\/p>\n\n\n\n<p>T\u00f6\u00f6r\u00fchm j\u00e4tkab 2025. aastal T\u00dc taseme\u00f5ppe strateegilise arengutoetuse toel oma tegevust. Kuna TI-ga seotud teemadering ja v\u00e4ljakutsed j\u00e4rjest kasvavad, on laienenud ka t\u00f6\u00f6r\u00fchma fookus ja koosseis.\u00a0\u00a0<\/p>\n\n\n\n<p>Esiteks tuleks t\u00e4psustatada t\u00f6\u00f6r\u00fchma nimetust \u2013 varasema \u2018tekstirobotite t\u00f6\u00f6r\u00fchma\u2019 asemel v\u00f5iks\u00a0 eelistada nimetust \u2018tehisintellekti t\u00f6\u00f6r\u00fchm\u2019, mis peegeldab paremini laiendatud tegevusv\u00e4lja.\u00a0<\/p>\n\n\n\n<p>Teiseks, kuigi t\u00f6\u00f6r\u00fchma peamine fookus on endiselt \u00f5ppet\u00f6\u00f6l, osalevad t\u00f6\u00f6r\u00fchma liikmed \u00fcha enam ka laiemalt TI-ga seotud \u00fclikoolielu k\u00fcsimustes.\u00a0<\/p>\n\n\n\n<p>2025. aastal koosneb t\u00f6\u00f6r\u00fchm 4 alatiimist: <\/p>\n\n\n\n<ul class=\"wp-block-list\">\n<li>koolituste tiim (TI alaste koolituste koordineerimine ja korraldamine)<\/li>\n\n\n\n<li>\u00f5ppematerjalide ja juhendite tiim (TI alaste \u00f5ppematerjalide ja juhendite koostamine ja kaasajastamine)<\/li>\n\n\n\n<li>kirjutamistoe tiim (\u00fcli\u00f5pilaste ja \u00f5ppej\u00f5udude n\u00f5ustamine TI kasutamisel akadeemilises kirjutamises)<\/li>\n\n\n\n<li>strateegia ja uuringute tiim (\u00fclikooli TI tegevussuundade elluviimiseks vajalike uuringute tegemine)<\/li>\n<\/ul>\n\n\n\n<h2 class=\"wp-block-heading\">T\u00f6\u00f6r\u00fchma liikmed (veebruar 2025)<\/h2>\n\n\n\n<h3 class=\"wp-block-heading\">Humanitaarteaduste ja kunstide valdkond\u00a0<\/h3>\n\n\n\n<ul class=\"wp-block-list\">\n<li>Helen Hint, t\u00f6\u00f6r\u00fchma juht ja <strong>kirjutamistoe tiim<\/strong> (v\u00e4ljendusoskuse lektor,\u00a0 eesti keele ja kirjanduse \u00f5petaja magistri\u00f5ppe programmijuht)<\/li>\n\n\n\n<li>Liina Tammek\u00e4nd, <strong>koolituste tiim<\/strong> (inglise keele ja lingvistika lektor)<\/li>\n\n\n\n<li>Djuddah Leijen, <strong>kirjutamistoe tiim<\/strong> (inglise keele kaasprofessor, akadeemilise v\u00e4ljendusoskuse keskuse juhataja)<\/li>\n<\/ul>\n\n\n\n<h3 class=\"wp-block-heading\">Sotsiaalteaduste valdkond\u00a0<\/h3>\n\n\n\n<ul class=\"wp-block-list\">\n<li>Heiko P\u00e4\u00e4bo, <strong>koolituste tiim<\/strong> (L\u00e4\u00e4nemere maade poliitika lektor, \u00f5ppekavaarenduse peaspetsialist)<\/li>\n\n\n\n<li>Kristian Pentus, <strong>strateegia ja uuringute tiim<\/strong> (turunduse \u00f5ppetooli juhataja, turunduse nooremlektor)<\/li>\n\n\n\n<li>Age V\u00e4rv, <strong>juhendite ja \u00f5ppematerjalide tiim<\/strong> (v\u00f5la\u00f5iguse kaasprofessor)<\/li>\n\n\n\n<li>Yurii Kondratyk, <strong>koolituste tiim<\/strong> (digioskuste projektijuht)\u00a0<\/li>\n\n\n\n<li>Triinu Pihus, <strong>koolituste tiim<\/strong> (majandusteaduse (BA) \u00f5ppearendus- ja programmijuht ning majandusteaduskonna Erasmus+ koordinaator)<\/li>\n\n\n\n<li>Krista Lepik-Verliin (infoteaduse lektor)<\/li>\n<\/ul>\n\n\n\n<h3 class=\"wp-block-heading\">Loodus- ja t\u00e4ppisteaduste valdkond\u00a0<\/h3>\n\n\n\n<ul class=\"wp-block-list\">\n<li>Kristjan-Julius Laak, <strong>strateegia ja uuringute tiim<\/strong> (tehisintellekti nooremteadur)\u00a0<\/li>\n\n\n\n<li>Inga Hiiesalu, <strong>koolituste tiim<\/strong> (molekulaarse taime\u00f6koloogia kaasprofessor)<\/li>\n\n\n\n<li>Diana Pilvar, <strong>koolituste tiim<\/strong> (arvutiteaduse instituudi andmehaldur, ELIXIR Eesti koolituste koordinaator)<\/li>\n<\/ul>\n\n\n\n<h3 class=\"wp-block-heading\">Meditsiiniteaduste valdkond\u00a0\u00a0<\/h3>\n\n\n\n<ul class=\"wp-block-list\">\n<li>Neeme Ilves, <strong>koolituste tiim<\/strong> (MD, personaalmeditsiini spetsialist)\u00a0<\/li>\n<\/ul>\n\n\n\n<h3 class=\"wp-block-heading\">\u00d5ppimis- ja \u00f5petamiskeskus\u00a0<\/h3>\n\n\n\n<ul class=\"wp-block-list\">\n<li>Triin Marandi, <strong>juhendite ja \u00f5ppematerjalide tiim<\/strong> (MV \u00f5ppedisainer)<\/li>\n<\/ul>\n\n\n\n<hr class=\"wp-block-separator has-alpha-channel-opacity\">\n\n\n\n<p>Lisaks n-\u00f6 p\u00fcsiliikmetele panustavad t\u00f6\u00f6r\u00fchma tegevustesse ja aruteludesse veel paljud \u00fclikooli t\u00f6\u00f6tajad, sh\u00a0<\/p>\n\n\n\n<ul class=\"wp-block-list\">\n<li>Aune Valk,\u00a0\u00f5ppeprorektor<\/li>\n\n\n\n<li>Jane Padrik (OE, HV),\u00a0\u00f5ppimis- ja \u00f5petamiskeskuse juhataja ning inglise keele kaasprofessor<\/li>\n\n\n\n<li>Meelis Kull (LTT),\u00a0tehisintellekti professor ja Eesti tehisintellekti tippkeskuse juht <\/li>\n\n\n\n<li>Anti Kalda (MV),\u00a0farmakoloogia ja kliinilise farmakoloogia professor<\/li>\n\n\n\n<li>Imre Lall (ITO),\u00a0teenuste talituse juhataja<\/li>\n\n\n\n<li>Karl Rammo (ITO),\u00a0anal\u00fc\u00fctik<\/li>\n\n\n\n<li>Kaisa Varjo (ITO),\u00a0tootejuht<\/li>\n\n\n\n<li>Martina Heimo,\u00a0\u00fcli\u00f5pilaskonna b\u00fcroo \u00f5igusn\u00f5unik<\/li>\n\n\n\n<li>jt.\u00a0<\/li>\n<\/ul>\n<\/div>\n\n\n\n<div class=\"wp-block-column is-layout-flow wp-block-column-is-layout-flow\" style=\"flex-basis:30px\"><\/div>\n\n\n\n<div class=\"wp-block-column is-layout-flow wp-block-column-is-layout-flow\" style=\"flex-basis:35%\">\n<h2 class=\"wp-block-heading has-primary-color has-light-background-color has-text-color has-background has-link-color wp-elements-99a993a155e561920e04044ca4db5877\"><strong>Kontakt<\/strong>: <\/h2>\n\n\n\n<ul class=\"wp-block-list has-light-background-color has-background\">\n<li class=\"has-regular-font-size\"><strong>t\u00f6\u00f6r\u00fchma juht<\/strong>: Helen Hint, helen.hint@ut.ee<\/li>\n\n\n\n<li class=\"has-regular-font-size\"><strong>koolituste tiim<\/strong>: Heiko P\u00e4\u00e4bo, heiko.paabo@ut.ee<\/li>\n\n\n\n<li class=\"has-regular-font-size\"><strong>\u00f5ppematerjalide ja juhendite tiim<\/strong>: Age V\u00e4rv, age.varv@ut.ee<\/li>\n\n\n\n<li class=\"has-regular-font-size\"><strong>kirjutamistoe tiim<\/strong>: Helen Hint, helen.hint@ut.ee<\/li>\n\n\n\n<li class=\"has-regular-font-size\"><strong>strateegia ja uuringute tiim<\/strong>: Kristian Pentus, kristian.pentus@ut.ee<\/li>\n<\/ul>\n\n\n\n<div class=\"wp-block-columns is-layout-flex wp-container-core-columns-is-layout-9d6595d7 wp-block-columns-is-layout-flex\">\n<div class=\"wp-block-column is-layout-flow wp-block-column-is-layout-flow\">\n<figure class=\"wp-block-image aligncenter size-thumbnail is-style-rounded\"><img loading=\"lazy\" decoding=\"async\" width=\"150\" height=\"150\" src=\"https:\/\/sisu.ut.ee\/wp-content\/uploads\/sites\/834\/Screenshot-2025-03-17-at-13.14.21-150x150.png\" alt=\"\" class=\"wp-image-735\" srcset=\"https:\/\/sisu.ut.ee\/wp-content\/uploads\/sites\/834\/Screenshot-2025-03-17-at-13.14.21-150x150.png 150w, https:\/\/sisu.ut.ee\/wp-content\/uploads\/sites\/834\/Screenshot-2025-03-17-at-13.14.21-300x300.png 300w, https:\/\/sisu.ut.ee\/wp-content\/uploads\/sites\/834\/Screenshot-2025-03-17-at-13.14.21.png 500w\" sizes=\"auto, (max-width: 150px) 100vw, 150px\"><figcaption class=\"wp-element-caption\">Helen Hint<\/figcaption><\/figure>\n<\/div>\n\n\n\n<div class=\"wp-block-column is-layout-flow wp-block-column-is-layout-flow\">\n<figure class=\"wp-block-image aligncenter size-thumbnail is-style-rounded\"><img loading=\"lazy\" decoding=\"async\" width=\"150\" height=\"150\" src=\"https:\/\/sisu.ut.ee\/wp-content\/uploads\/sites\/834\/Liina1-150x150.png\" alt=\"\" class=\"wp-image-795\" srcset=\"https:\/\/sisu.ut.ee\/wp-content\/uploads\/sites\/834\/Liina1-150x150.png 150w, https:\/\/sisu.ut.ee\/wp-content\/uploads\/sites\/834\/Liina1-300x300.png 300w, https:\/\/sisu.ut.ee\/wp-content\/uploads\/sites\/834\/Liina1.png 400w\" sizes=\"auto, (max-width: 150px) 100vw, 150px\"><figcaption class=\"wp-element-caption\">Liina Tammek\u00e4nd<\/figcaption><\/figure>\n<\/div>\n\n\n\n<div class=\"wp-block-column is-layout-flow wp-block-column-is-layout-flow\">\n<figure class=\"wp-block-image aligncenter size-thumbnail is-style-rounded\"><img loading=\"lazy\" decoding=\"async\" width=\"150\" height=\"150\" src=\"https:\/\/sisu.ut.ee\/wp-content\/uploads\/sites\/834\/Djuddah1-150x150.png\" alt=\"\" class=\"wp-image-796\" srcset=\"https:\/\/sisu.ut.ee\/wp-content\/uploads\/sites\/834\/Djuddah1-150x150.png 150w, https:\/\/sisu.ut.ee\/wp-content\/uploads\/sites\/834\/Djuddah1-300x300.png 300w, https:\/\/sisu.ut.ee\/wp-content\/uploads\/sites\/834\/Djuddah1.png 350w\" sizes=\"auto, (max-width: 150px) 100vw, 150px\"><figcaption class=\"wp-element-caption\">Djuddah Leijen<\/figcaption><\/figure>\n<\/div>\n<\/div>\n\n\n\n<div class=\"wp-block-columns is-layout-flex wp-container-core-columns-is-layout-9d6595d7 wp-block-columns-is-layout-flex\">\n<div class=\"wp-block-column is-layout-flow wp-block-column-is-layout-flow\">\n<figure class=\"wp-block-image aligncenter size-thumbnail is-style-rounded\"><img loading=\"lazy\" decoding=\"async\" width=\"150\" height=\"150\" src=\"https:\/\/sisu.ut.ee\/wp-content\/uploads\/sites\/834\/heiko2-150x150.png\" alt=\"\" class=\"wp-image-789\" style=\"object-fit:cover\" srcset=\"https:\/\/sisu.ut.ee\/wp-content\/uploads\/sites\/834\/heiko2-150x150.png 150w, https:\/\/sisu.ut.ee\/wp-content\/uploads\/sites\/834\/heiko2-300x300.png 300w, https:\/\/sisu.ut.ee\/wp-content\/uploads\/sites\/834\/heiko2.png 350w\" sizes=\"auto, (max-width: 150px) 100vw, 150px\"><figcaption class=\"wp-element-caption\">Heiko P\u00e4\u00e4bo<\/figcaption><\/figure>\n<\/div>\n\n\n\n<div class=\"wp-block-column is-layout-flow wp-block-column-is-layout-flow\">\n<figure class=\"wp-block-image aligncenter size-thumbnail is-style-rounded\"><img loading=\"lazy\" decoding=\"async\" width=\"150\" height=\"150\" src=\"https:\/\/sisu.ut.ee\/wp-content\/uploads\/sites\/834\/kristian1-150x150.png\" alt=\"\" class=\"wp-image-783\" srcset=\"https:\/\/sisu.ut.ee\/wp-content\/uploads\/sites\/834\/kristian1-150x150.png 150w, https:\/\/sisu.ut.ee\/wp-content\/uploads\/sites\/834\/kristian1.png 301w\" sizes=\"auto, (max-width: 150px) 100vw, 150px\"><figcaption class=\"wp-element-caption\">Kristian Pentus<\/figcaption><\/figure>\n<\/div>\n\n\n\n<div class=\"wp-block-column is-layout-flow wp-block-column-is-layout-flow\">\n<figure class=\"wp-block-image aligncenter size-thumbnail is-style-rounded\"><img loading=\"lazy\" decoding=\"async\" width=\"150\" height=\"150\" src=\"https:\/\/sisu.ut.ee\/wp-content\/uploads\/sites\/834\/age1-150x150.png\" alt=\"\" class=\"wp-image-791\" srcset=\"https:\/\/sisu.ut.ee\/wp-content\/uploads\/sites\/834\/age1-150x150.png 150w, https:\/\/sisu.ut.ee\/wp-content\/uploads\/sites\/834\/age1-300x300.png 300w, https:\/\/sisu.ut.ee\/wp-content\/uploads\/sites\/834\/age1.png 602w\" sizes=\"auto, (max-width: 150px) 100vw, 150px\"><figcaption class=\"wp-element-caption\">Age V\u00e4rv<\/figcaption><\/figure>\n<\/div>\n<\/div>\n\n\n\n<div class=\"wp-block-columns is-layout-flex wp-container-core-columns-is-layout-9d6595d7 wp-block-columns-is-layout-flex\">\n<div class=\"wp-block-column is-layout-flow wp-block-column-is-layout-flow\">\n<figure class=\"wp-block-image aligncenter size-thumbnail is-style-rounded\"><img loading=\"lazy\" decoding=\"async\" width=\"150\" height=\"150\" src=\"https:\/\/sisu.ut.ee\/wp-content\/uploads\/sites\/834\/yurii1-150x150.png\" alt=\"\" class=\"wp-image-884\" srcset=\"https:\/\/sisu.ut.ee\/wp-content\/uploads\/sites\/834\/yurii1-150x150.png 150w, https:\/\/sisu.ut.ee\/wp-content\/uploads\/sites\/834\/yurii1-300x300.png 300w, https:\/\/sisu.ut.ee\/wp-content\/uploads\/sites\/834\/yurii1-768x768.png 768w, https:\/\/sisu.ut.ee\/wp-content\/uploads\/sites\/834\/yurii1.png 800w\" sizes=\"auto, (max-width: 150px) 100vw, 150px\"><figcaption class=\"wp-element-caption\">Yurii Kondratyk<\/figcaption><\/figure>\n<\/div>\n\n\n\n<div class=\"wp-block-column is-layout-flow wp-block-column-is-layout-flow\">\n<figure class=\"wp-block-image aligncenter size-thumbnail is-style-rounded\"><img loading=\"lazy\" decoding=\"async\" width=\"150\" height=\"150\" src=\"https:\/\/sisu.ut.ee\/wp-content\/uploads\/sites\/834\/Pihus2-150x150.png\" alt=\"\" class=\"wp-image-1374\" srcset=\"https:\/\/sisu.ut.ee\/wp-content\/uploads\/sites\/834\/Pihus2-150x150.png 150w, https:\/\/sisu.ut.ee\/wp-content\/uploads\/sites\/834\/Pihus2-300x300.png 300w, https:\/\/sisu.ut.ee\/wp-content\/uploads\/sites\/834\/Pihus2.png 569w\" sizes=\"auto, (max-width: 150px) 100vw, 150px\"><figcaption class=\"wp-element-caption\">Triinu Pihus<\/figcaption><\/figure>\n<\/div>\n\n\n\n<div class=\"wp-block-column is-layout-flow wp-block-column-is-layout-flow\">\n<figure class=\"wp-block-image aligncenter size-thumbnail is-style-rounded\"><img loading=\"lazy\" decoding=\"async\" width=\"150\" height=\"150\" src=\"https:\/\/sisu.ut.ee\/wp-content\/uploads\/sites\/834\/julius2-150x150.png\" alt=\"\" class=\"wp-image-844\" srcset=\"https:\/\/sisu.ut.ee\/wp-content\/uploads\/sites\/834\/julius2-150x150.png 150w, https:\/\/sisu.ut.ee\/wp-content\/uploads\/sites\/834\/julius2-300x300.png 300w, https:\/\/sisu.ut.ee\/wp-content\/uploads\/sites\/834\/julius2-768x768.png 768w, https:\/\/sisu.ut.ee\/wp-content\/uploads\/sites\/834\/julius2.png 1024w\" sizes=\"auto, (max-width: 150px) 100vw, 150px\"><figcaption class=\"wp-element-caption\">Kristjan-Julius Laak<\/figcaption><\/figure>\n<\/div>\n<\/div>\n\n\n\n<div class=\"wp-block-columns is-layout-flex wp-container-core-columns-is-layout-9d6595d7 wp-block-columns-is-layout-flex\">\n<div class=\"wp-block-column is-layout-flow wp-block-column-is-layout-flow\">\n<figure class=\"wp-block-image aligncenter size-thumbnail is-style-rounded\"><img loading=\"lazy\" decoding=\"async\" width=\"150\" height=\"150\" src=\"https:\/\/sisu.ut.ee\/wp-content\/uploads\/sites\/834\/krista1-150x150.png\" alt=\"\" class=\"wp-image-931\" srcset=\"https:\/\/sisu.ut.ee\/wp-content\/uploads\/sites\/834\/krista1-150x150.png 150w, https:\/\/sisu.ut.ee\/wp-content\/uploads\/sites\/834\/krista1-300x300.png 300w, https:\/\/sisu.ut.ee\/wp-content\/uploads\/sites\/834\/krista1-768x768.png 768w, https:\/\/sisu.ut.ee\/wp-content\/uploads\/sites\/834\/krista1.png 800w\" sizes=\"auto, (max-width: 150px) 100vw, 150px\"><figcaption class=\"wp-element-caption\">Krista Lepik-Verliin<\/figcaption><\/figure>\n<\/div>\n\n\n\n<div class=\"wp-block-column is-layout-flow wp-block-column-is-layout-flow\">\n<figure class=\"wp-block-image aligncenter size-thumbnail is-style-rounded\"><img loading=\"lazy\" decoding=\"async\" width=\"150\" height=\"150\" src=\"https:\/\/sisu.ut.ee\/wp-content\/uploads\/sites\/834\/inga3-150x150.png\" alt=\"\" class=\"wp-image-881\" srcset=\"https:\/\/sisu.ut.ee\/wp-content\/uploads\/sites\/834\/inga3-150x150.png 150w, https:\/\/sisu.ut.ee\/wp-content\/uploads\/sites\/834\/inga3-300x300.png 300w, https:\/\/sisu.ut.ee\/wp-content\/uploads\/sites\/834\/inga3-768x768.png 768w, https:\/\/sisu.ut.ee\/wp-content\/uploads\/sites\/834\/inga3.png 800w\" sizes=\"auto, (max-width: 150px) 100vw, 150px\"><figcaption class=\"wp-element-caption\">Inga Hiiesalu<\/figcaption><\/figure>\n<\/div>\n\n\n\n<div class=\"wp-block-column is-layout-flow wp-block-column-is-layout-flow\">\n<figure class=\"wp-block-image aligncenter size-thumbnail is-style-rounded\"><img loading=\"lazy\" decoding=\"async\" width=\"150\" height=\"150\" src=\"https:\/\/sisu.ut.ee\/wp-content\/uploads\/sites\/834\/thumbnail_Diana3-150x150.png\" alt=\"\" class=\"wp-image-1352\" srcset=\"https:\/\/sisu.ut.ee\/wp-content\/uploads\/sites\/834\/thumbnail_Diana3-150x150.png 150w, https:\/\/sisu.ut.ee\/wp-content\/uploads\/sites\/834\/thumbnail_Diana3-300x300.png 300w, https:\/\/sisu.ut.ee\/wp-content\/uploads\/sites\/834\/thumbnail_Diana3.png 332w\" sizes=\"auto, (max-width: 150px) 100vw, 150px\"><figcaption class=\"wp-element-caption\">Diana Pilvar<\/figcaption><\/figure>\n<\/div>\n<\/div>\n\n\n\n<div class=\"wp-block-columns is-layout-flex wp-container-core-columns-is-layout-9d6595d7 wp-block-columns-is-layout-flex\">\n<div class=\"wp-block-column is-layout-flow wp-block-column-is-layout-flow\">\n<figure class=\"wp-block-image aligncenter size-thumbnail is-style-rounded\"><img loading=\"lazy\" decoding=\"async\" width=\"150\" height=\"150\" src=\"https:\/\/sisu.ut.ee\/wp-content\/uploads\/sites\/834\/neeme2-150x150.png\" alt=\"\" class=\"wp-image-879\" srcset=\"https:\/\/sisu.ut.ee\/wp-content\/uploads\/sites\/834\/neeme2-150x150.png 150w, https:\/\/sisu.ut.ee\/wp-content\/uploads\/sites\/834\/neeme2-300x300.png 300w, https:\/\/sisu.ut.ee\/wp-content\/uploads\/sites\/834\/neeme2-768x768.png 768w, https:\/\/sisu.ut.ee\/wp-content\/uploads\/sites\/834\/neeme2.png 800w\" sizes=\"auto, (max-width: 150px) 100vw, 150px\"><figcaption class=\"wp-element-caption\">Neeme Ilves<\/figcaption><\/figure>\n<\/div>\n\n\n\n<div class=\"wp-block-column is-layout-flow wp-block-column-is-layout-flow\">\n<figure class=\"wp-block-image aligncenter size-thumbnail is-style-rounded\"><img loading=\"lazy\" decoding=\"async\" width=\"150\" height=\"150\" src=\"https:\/\/sisu.ut.ee\/wp-content\/uploads\/sites\/834\/triin_marandi-150x150.png\" alt=\"\" class=\"wp-image-740\" srcset=\"https:\/\/sisu.ut.ee\/wp-content\/uploads\/sites\/834\/triin_marandi-150x150.png 150w, https:\/\/sisu.ut.ee\/wp-content\/uploads\/sites\/834\/triin_marandi-300x300.png 300w, https:\/\/sisu.ut.ee\/wp-content\/uploads\/sites\/834\/triin_marandi.png 500w\" sizes=\"auto, (max-width: 150px) 100vw, 150px\"><figcaption class=\"wp-element-caption\">Triin Marandi<\/figcaption><\/figure>\n<\/div>\n\n\n\n<div class=\"wp-block-column is-layout-flow wp-block-column-is-layout-flow\">\n<figure class=\"wp-block-image aligncenter size-thumbnail is-style-rounded\"><img loading=\"lazy\" decoding=\"async\" width=\"150\" height=\"150\" src=\"https:\/\/sisu.ut.ee\/wp-content\/uploads\/sites\/834\/aune1-150x150.png\" alt=\"\" class=\"wp-image-832\" srcset=\"https:\/\/sisu.ut.ee\/wp-content\/uploads\/sites\/834\/aune1-150x150.png 150w, https:\/\/sisu.ut.ee\/wp-content\/uploads\/sites\/834\/aune1-300x300.png 300w, https:\/\/sisu.ut.ee\/wp-content\/uploads\/sites\/834\/aune1-768x770.png 768w, https:\/\/sisu.ut.ee\/wp-content\/uploads\/sites\/834\/aune1.png 800w\" sizes=\"auto, (max-width: 150px) 100vw, 150px\"><figcaption class=\"wp-element-caption\">Aune Valk<\/figcaption><\/figure>\n<\/div>\n<\/div>\n\n\n\n<div class=\"wp-block-columns is-layout-flex wp-container-core-columns-is-layout-9d6595d7 wp-block-columns-is-layout-flex\">\n<div class=\"wp-block-column is-layout-flow wp-block-column-is-layout-flow\">\n<figure class=\"wp-block-image aligncenter size-thumbnail is-style-rounded\"><img loading=\"lazy\" decoding=\"async\" width=\"150\" height=\"150\" src=\"https:\/\/sisu.ut.ee\/wp-content\/uploads\/sites\/834\/jane1-150x150.png\" alt=\"\" class=\"wp-image-875\" srcset=\"https:\/\/sisu.ut.ee\/wp-content\/uploads\/sites\/834\/jane1-150x150.png 150w, https:\/\/sisu.ut.ee\/wp-content\/uploads\/sites\/834\/jane1-300x300.png 300w, https:\/\/sisu.ut.ee\/wp-content\/uploads\/sites\/834\/jane1-768x770.png 768w, https:\/\/sisu.ut.ee\/wp-content\/uploads\/sites\/834\/jane1.png 800w\" sizes=\"auto, (max-width: 150px) 100vw, 150px\"><figcaption class=\"wp-element-caption\">Jane Padrik<\/figcaption><\/figure>\n<\/div>\n\n\n\n<div class=\"wp-block-column is-layout-flow wp-block-column-is-layout-flow\">\n<figure class=\"wp-block-image aligncenter size-thumbnail is-style-rounded\"><img loading=\"lazy\" decoding=\"async\" width=\"150\" height=\"150\" src=\"https:\/\/sisu.ut.ee\/wp-content\/uploads\/sites\/834\/meelis3-150x150.png\" alt=\"\" class=\"wp-image-787\"><figcaption class=\"wp-element-caption\">Meelis Kull<\/figcaption><\/figure>\n<\/div>\n\n\n\n<div class=\"wp-block-column is-layout-flow wp-block-column-is-layout-flow\">\n<figure class=\"wp-block-image aligncenter size-thumbnail is-style-rounded\"><img loading=\"lazy\" decoding=\"async\" width=\"150\" height=\"150\" src=\"https:\/\/sisu.ut.ee\/wp-content\/uploads\/sites\/834\/anti1-150x150.png\" alt=\"\" class=\"wp-image-835\" srcset=\"https:\/\/sisu.ut.ee\/wp-content\/uploads\/sites\/834\/anti1-150x150.png 150w, https:\/\/sisu.ut.ee\/wp-content\/uploads\/sites\/834\/anti1-300x300.png 300w, https:\/\/sisu.ut.ee\/wp-content\/uploads\/sites\/834\/anti1-768x770.png 768w, https:\/\/sisu.ut.ee\/wp-content\/uploads\/sites\/834\/anti1.png 800w\" sizes=\"auto, (max-width: 150px) 100vw, 150px\"><figcaption class=\"wp-element-caption\">Anti Kalda<\/figcaption><\/figure>\n<\/div>\n<\/div>\n\n\n\n<p class=\"has-text-align-center\">Pildid: Image Playground<\/p>\n<\/div>\n<\/div>\n","protected":false},"excerpt":{"rendered":"<p>Tartu \u00dclikoolis tegutseb alates 2024. aasta algusest \u00fcle\u00fclikooliline tekstirobotite t\u00f6\u00f6r\u00fchm (vt ka https:\/\/etu.ut.ee\/2024\/tu-tekstirobotite-tooruhm\/), mille eesm\u00e4rk on toetada \u00fclikoolipere liikmete kohanemist tehisintellekti (TI) rakenduste \u00fcha laieneva m\u00f5juga nii \u00fchiskonnas \u00fcldiselt kui ka k\u00f5rghariduses ja \u00f5ppet\u00f6\u00f6s kitsamalt.\u00a0\u00a0 T\u00f6\u00f6r\u00fchm j\u00e4tkab 2025. aastal T\u00dc &#8230;<\/p>\n","protected":false},"author":9,"featured_media":0,"parent":0,"menu_order":0,"comment_status":"closed","ping_status":"closed","template":"","meta":{"_acf_changed":false,"inline_featured_image":false,"footnotes":""},"class_list":["post-669","page","type-page","status-publish","hentry"],"acf":[],"_links":{"self":[{"href":"https:\/\/sisu.ut.ee\/ti\/wp-json\/wp\/v2\/pages\/669","targetHints":{"allow":["GET"]}}],"collection":[{"href":"https:\/\/sisu.ut.ee\/ti\/wp-json\/wp\/v2\/pages"}],"about":[{"href":"https:\/\/sisu.ut.ee\/ti\/wp-json\/wp\/v2\/types\/page"}],"author":[{"embeddable":true,"href":"https:\/\/sisu.ut.ee\/ti\/wp-json\/wp\/v2\/users\/9"}],"replies":[{"embeddable":true,"href":"https:\/\/sisu.ut.ee\/ti\/wp-json\/wp\/v2\/comments?post=669"}],"version-history":[{"count":30,"href":"https:\/\/sisu.ut.ee\/ti\/wp-json\/wp\/v2\/pages\/669\/revisions"}],"predecessor-version":[{"id":1379,"href":"https:\/\/sisu.ut.ee\/ti\/wp-json\/wp\/v2\/pages\/669\/revisions\/1379"}],"wp:attachment":[{"href":"https:\/\/sisu.ut.ee\/ti\/wp-json\/wp\/v2\/media?parent=669"}],"curies":[{"name":"wp","href":"https:\/\/api.w.org\/{rel}","templated":true}]}}