{"id":666,"date":"2025-03-11T13:44:35","date_gmt":"2025-03-11T11:44:35","guid":{"rendered":"https:\/\/sisu.ut.ee\/ti\/?page_id=666"},"modified":"2025-04-22T10:36:56","modified_gmt":"2025-04-22T07:36:56","slug":"oppematerjali-avaleht","status":"publish","type":"page","link":"https:\/\/sisu.ut.ee\/ti\/oppematerjali-avaleht\/","title":{"rendered":"\u00d5ppematerjal: \u00d5ppimine ja \u00f5petamine tehisintellekti ajastul: kuidas kasutada tekstiroboteid \u00f5ppet\u00f6\u00f6s"},"content":{"rendered":"<p>Hea \u00f5ppej\u00f5ud, hea \u00fcli\u00f5pilane, tere tulemast vaatama \u00f5ppematerjali \u201c<strong>\u00d5ppimine ja \u00f5petamine tehisintellekti ajastul: kuidas kasutada tekstiroboteid \u00f5ppet\u00f6\u00f6s<\/strong>\u201d.<\/p>\n\n\n\n<p>Siinne \u00f5ppematerjal on koostatud, et toetada Tartu \u00dclikooli \u00f5ppej\u00f5ude, teadlasi ning \u00fcli\u00f5pilasi tehisintellekti (TI) rakendustega tutvumisel ning nende eesm\u00e4rgip\u00e4rasel, eetilisel, l\u00e4bipaistval ja kriitilisel kasutamisel.<\/p>\n\n\n\n<p>Ilmselgelt on sellist materjali keeruline koostada, kuna TI rong liigub v\u00e4ga kiiresti edasi ja eest \u00e4ra. Tartu \u00dclikooli \u201cTekstirobotite kasutamine \u00f5ppet\u00f6\u00f6s\u201d t\u00f6\u00f6r\u00fchma nelja valdkonna \u00f5ppej\u00f5ududena oleme siiski p\u00fc\u00fcdnud koondada materjali oma praegusi teadmisi TI-st ja selle m\u00f5ttekast kasutamisest \u00f5ppes. Oleme t\u00e4iesti teadlikud, et selleks ajaks, kui siinse materjali avaldame, on TI maailmas toimunud kindlasti juba uusi arenguid. Siiski oleme veendunud, et erinevate TI rakenduste kasutamise \u00fcldised printsiibid on olemuselt ikka sarnased ning kui oled tuttav esialgsete arengutega, siis suudad ka muutuvas valdkonnas h\u00f5lpsamalt orienteeruda.<\/p>\n\n\n\n<figure class=\"wp-block-pullquote alignright\"><blockquote><p><span data-ccp-props='{\"335551550\":1,\"335551620\":1}'>Tehisintellekti arendamine ja kasutamine on v\u00e4ga energiamahukas ja seega suur koormus keskkonnale. Siinse \u00f5ppematerjali koostajad r\u00f5hutavad, et tehisintellekti rakenduste kasutamisse ei tohiks suhtuda kergek\u00e4eliselt \u2212 neid ei tohiks kunagi kasutada lihtsalt seet\u00f5ttu, et pole viitsimist \u00fclesannet ise teha. Kasuta tehisintellekti rakendusi ainult siis, kui see on sisuliselt ja praktiliselt p\u00f5hjendatud!\u00a0<\/span><\/p><\/blockquote><\/figure>\n\n\n\n<p>\u00d5ppematerjal on m\u00f5eldud iseseisvaks l\u00e4bimiseks umbes kahe akadeemilise tunni jooksul. Materjali vasakust men\u00fc\u00fcst leiad neli suuremat teemaplokki:\u00a0<\/p>\n\n\n\n<ul class=\"wp-block-list\">\n<li>Mis on tehisintellekt ja kuidas see t\u00f6\u00f6tab?\u00a0<\/li>\n\n\n\n<li>Milliseid TI rakendusi kasutada ja kuidas see tehniliselt k\u00e4ib?\u00a0<\/li>\n\n\n\n<li>Miks kasutada \u00f5ppimisel ja \u00f5petamisel TI t\u00f6\u00f6riistu?\u00a0<\/li>\n\n\n\n<li>Mille jaoks TI t\u00f6\u00f6riistu kasutada?\u00a0<\/li>\n<\/ul>\n\n\n\n<p>\u00d5ppematerjali eesm\u00e4rk on \u00fchelt poolt aidata m\u00f5testada TI olemust ja selle rolli hariduses, teiselt poolt pakkuda praktilisi n\u00e4iteid ja soovitusi, kuidas TI-d \u00f5ppimise ja \u00f5petamise toetamiseks m\u00f5istlikult kasutada. Fookus on tekstirobotitel, kuid n\u00e4pun\u00e4iteid saab ka mittetekstilist sisu loovate rakenduste kasutamiseks. Lisaks praktilistele n\u00e4idetele aitavad materjali omandada ka interaktiivsed \u00fclesanded.\u00a0P\u00e4rast \u00f5ppematerjali l\u00e4bimist olete kindlasti saanud natuke targemaks selles, kuidas oma \u00f5pet tulevikus muuta. Head avastamist!<\/p>\n\n\n\n<ul class=\"wp-block-list\">\n<li>\u00d5ppematerjali autorid: Inga Hiiesalu, Helen Hint, Yurii Kondratyk, Kristjan-Julius Laak, Krista Lepik, Triin Marandi, Kristian Pentus, Heiko P\u00e4\u00e4bo, Karl Rammo, Liina Tammek\u00e4nd<\/li>\n\n\n\n<li>\u00d5ppematerjali toimetajad: Helen Hint, Triin Marandi<\/li>\n\n\n\n<li>Keeletoimetaja: Helena Lemendik<\/li>\n<\/ul>\n\n\n\n<p><\/p>\n\n\n\n<ul class=\"wp-block-list\">\n<li>\u00d5ppematerjali loomisel on kasutatud OpenAI ChatGPT (versioonid 3.5 ja 4o), Microsoft Copiloti ja Google Gemini abi.<\/li>\n\n\n\n<li>\u00d5ppematerjali koostamise aeg: august\u2212november 2024\u00a0<\/li>\n\n\n\n<li>\u00d5ppematerjalile viitamine:\u00a0Tartu \u00dclikool (2024). \u00d5ppimine ja \u00f5petamine tehisintellekti ajastul: kuidas kasutada tekstiroboteid \u00f5ppet\u00f6\u00f6s. Vaadatud \/kuup\u00e4ev\/, https:\/\/sisu.ut.ee\/ti\/<\/li>\n<\/ul>\n","protected":false},"excerpt":{"rendered":"<p>Hea \u00f5ppej\u00f5ud, hea \u00fcli\u00f5pilane, tere tulemast vaatama \u00f5ppematerjali \u201c\u00d5ppimine ja \u00f5petamine tehisintellekti ajastul: kuidas kasutada tekstiroboteid \u00f5ppet\u00f6\u00f6s\u201d. Siinne \u00f5ppematerjal on koostatud, et toetada Tartu \u00dclikooli \u00f5ppej\u00f5ude, teadlasi ning \u00fcli\u00f5pilasi tehisintellekti (TI) rakendustega tutvumisel ning nende eesm\u00e4rgip\u00e4rasel, eetilisel, l\u00e4bipaistval ja kriitilisel &#8230;<\/p>\n","protected":false},"author":9,"featured_media":0,"parent":0,"menu_order":0,"comment_status":"closed","ping_status":"closed","template":"","meta":{"_acf_changed":false,"inline_featured_image":false,"footnotes":""},"class_list":["post-666","page","type-page","status-publish","hentry"],"acf":[],"_links":{"self":[{"href":"https:\/\/sisu.ut.ee\/ti\/wp-json\/wp\/v2\/pages\/666","targetHints":{"allow":["GET"]}}],"collection":[{"href":"https:\/\/sisu.ut.ee\/ti\/wp-json\/wp\/v2\/pages"}],"about":[{"href":"https:\/\/sisu.ut.ee\/ti\/wp-json\/wp\/v2\/types\/page"}],"author":[{"embeddable":true,"href":"https:\/\/sisu.ut.ee\/ti\/wp-json\/wp\/v2\/users\/9"}],"replies":[{"embeddable":true,"href":"https:\/\/sisu.ut.ee\/ti\/wp-json\/wp\/v2\/comments?post=666"}],"version-history":[{"count":6,"href":"https:\/\/sisu.ut.ee\/ti\/wp-json\/wp\/v2\/pages\/666\/revisions"}],"predecessor-version":[{"id":1222,"href":"https:\/\/sisu.ut.ee\/ti\/wp-json\/wp\/v2\/pages\/666\/revisions\/1222"}],"wp:attachment":[{"href":"https:\/\/sisu.ut.ee\/ti\/wp-json\/wp\/v2\/media?parent=666"}],"curies":[{"name":"wp","href":"https:\/\/api.w.org\/{rel}","templated":true}]}}