{"id":2,"date":"2024-10-10T04:31:45","date_gmt":"2024-10-10T04:31:45","guid":{"rendered":"https:\/\/sisu.ut.ee\/ti\/?page_id=2"},"modified":"2025-05-14T08:10:17","modified_gmt":"2025-05-14T05:10:17","slug":"demoleht","status":"publish","type":"page","link":"https:\/\/sisu.ut.ee\/ti\/","title":{"rendered":"Avaleht"},"content":{"rendered":"<p>Sellelt lehelt leiate \u00fclevaate tehisintellekti (TI) rakendamisega seotud tegevustest Tartu \u00dclikoolis. Siia on koondatud olulised ressursid, mis toetavad TI\u00a0eesm\u00e4rgip\u00e4rast, eetilist, l\u00e4bipaistvat ja kriitilist\u00a0kasutamist \u00f5ppet\u00f6\u00f6s ja teadust\u00f6\u00f6s.\u00a0<\/p>\n\n\n\n<p>Lehelt leiate:\u00a0<\/p>\n\n\n\n<ul class=\"wp-block-list\">\n<li>info TI-alastest koolitustest ja \u00fcritustest Tartu \u00dclikoolis (\u00fclamen\u00fc\u00fcs <em>Tegevused<\/em>);\u00a0<\/li>\n\n\n\n<li>suunised ja soovitused TI kasutamiseks \u00f5ppe- ja teadust\u00f6\u00f6s (\u00fclamen\u00fc\u00fcs <em>Materjalid<\/em>);\u00a0<\/li>\n\n\n\n<li>\u00f5ppematerjale, mis aitavad \u00f5ppej\u00f5ude, teadlasi ja \u00fcli\u00f5pilasi TI m\u00f5testatud rakendamisel (\u00fclamen\u00fc\u00fcs <em>Materjalid<\/em>).\u00a0<\/li>\n<\/ul>\n\n\n\n<p>Veebilehte haldab \u00fcle\u00fclikooliline\u00a0TI t\u00f6\u00f6r\u00fchm, kes koordineerib ja t\u00e4iendab siinset sisu vastavalt uusimatele arengutele.\u00a0<\/p>\n","protected":false},"excerpt":{"rendered":"<p>Sellelt lehelt leiate \u00fclevaate tehisintellekti (TI) rakendamisega seotud tegevustest Tartu \u00dclikoolis. Siia on koondatud olulised ressursid, mis toetavad TI\u00a0eesm\u00e4rgip\u00e4rast, eetilist, l\u00e4bipaistvat ja kriitilist\u00a0kasutamist \u00f5ppet\u00f6\u00f6s ja teadust\u00f6\u00f6s.\u00a0 Lehelt leiate:\u00a0 Veebilehte haldab \u00fcle\u00fclikooliline\u00a0TI t\u00f6\u00f6r\u00fchm, kes koordineerib ja t\u00e4iendab siinset sisu vastavalt uusimatele &#8230;<\/p>\n","protected":false},"author":9,"featured_media":0,"parent":0,"menu_order":0,"comment_status":"closed","ping_status":"open","template":"","meta":{"_acf_changed":false,"inline_featured_image":false,"footnotes":""},"class_list":["post-2","page","type-page","status-publish","hentry"],"acf":[],"_links":{"self":[{"href":"https:\/\/sisu.ut.ee\/ti\/wp-json\/wp\/v2\/pages\/2","targetHints":{"allow":["GET"]}}],"collection":[{"href":"https:\/\/sisu.ut.ee\/ti\/wp-json\/wp\/v2\/pages"}],"about":[{"href":"https:\/\/sisu.ut.ee\/ti\/wp-json\/wp\/v2\/types\/page"}],"author":[{"embeddable":true,"href":"https:\/\/sisu.ut.ee\/ti\/wp-json\/wp\/v2\/users\/9"}],"replies":[{"embeddable":true,"href":"https:\/\/sisu.ut.ee\/ti\/wp-json\/wp\/v2\/comments?post=2"}],"version-history":[{"count":30,"href":"https:\/\/sisu.ut.ee\/ti\/wp-json\/wp\/v2\/pages\/2\/revisions"}],"predecessor-version":[{"id":1336,"href":"https:\/\/sisu.ut.ee\/ti\/wp-json\/wp\/v2\/pages\/2\/revisions\/1336"}],"wp:attachment":[{"href":"https:\/\/sisu.ut.ee\/ti\/wp-json\/wp\/v2\/media?parent=2"}],"curies":[{"name":"wp","href":"https:\/\/api.w.org\/{rel}","templated":true}]}}