{"id":194,"date":"2024-11-07T09:50:58","date_gmt":"2024-11-07T07:50:58","guid":{"rendered":"https:\/\/sisu.ut.ee\/ti\/?page_id=194"},"modified":"2025-12-29T16:49:46","modified_gmt":"2025-12-29T14:49:46","slug":"millised-on-praegu-ti-kasutamisega-seotud-piirangud-ja-puudused","status":"publish","type":"page","link":"https:\/\/sisu.ut.ee\/ti\/millised-on-praegu-ti-kasutamisega-seotud-piirangud-ja-puudused\/","title":{"rendered":"1.2. Millised on praegu TI kasutamisega seotud piirangud ja puudused?\u00a0"},"content":{"rendered":"<figure class=\"wp-block-pullquote alignright\"><blockquote><p>TI kasutamisega kaasnevad olulised tehnilised, eetilised ja keskkondlikud v\u00e4ljakutsed, nagu suur energiakulu, autori\u00f5iguste ja privaatsuse k\u00fcsimused ning andmete kallutatus. Need k\u00f5ik n\u00f5uavad l\u00e4bipaistvat ja vastutus-tundlikku l\u00e4henemist, et v\u00e4ltida negatiivseid \u00fchiskondlikke m\u00f5jusid.<\/p><\/blockquote><\/figure>\n\n\n\n<p>Kuigi t\u00e4nap\u00e4eva TI rakendused on v\u00e4ga v\u00f5imsad ja suudavad lahendada paljusid \u00fclesandeid inimesega samav\u00e4\u00e4rsel tasemel v\u00f5i isegi paremini, on neil siiski mitmesuguseid tehnilisi, \u00fchiskondlikke ja eetilisi piiranguid ning puudusi.\u00a0\u00a0<\/p>\n\n\n\n<ul class=\"wp-block-list\">\n<li>Tekstirobotid ei m\u00f5tle ideede ja lahenduste peale nii nagu inimene, vaid lihtsalt ennustavad iga j\u00e4rgmist s\u00f5na, mist\u00f5ttu <strong>v\u00f5ivad need teha vigu ja anda v\u00e4\u00e4rinfot<\/strong>.<\/li>\n<\/ul>\n\n\n\n<ul class=\"wp-block-list\">\n<li>Tekstirobotite kasutamine v\u00f5ib parandada tudengi ja t\u00f6\u00f6taja sooritust ning v\u00e4hendada \u00fclesandele kuluvat aega, kuid nende <strong>kasutamine t\u00f6\u00f6 \u00e4rategemiseks ei toeta \u00f5ppimist<\/strong>.<\/li>\n<\/ul>\n\n\n\n<ul class=\"wp-block-list\">\n<li>TI mudelid on tugevalt m\u00f5jutatud treeningandmete kvaliteedist. Kuna praegu on treeningandmed kogutud suures mahus internetist, leidub seal ka <strong>kallutatust ja eelarvamusi<\/strong>,<strong> <\/strong>olgu need seotud siis rassi, soo, sotsiaal-majandusliku staatuse, kultuuriliste erip\u00e4rade, poliitiliste vaadete v\u00f5i m\u00f5ne muu aspektiga.\u00a0N\u00e4iteks eelistab ChatGPT t\u00f6\u00f6le kandideerijaid hinnates pigem inimesi, kelle elulookirjelduses ei ole mainitud puuet.\u00a0<\/li>\n<\/ul>\n\n\n\n<ul class=\"wp-block-list\">\n<li>Selleks et TI toimiks, on vaja tohutut arvutusv\u00f5imekust, ent superarvutuskeskuste energiakulu on suur, mist\u00f5ttu on TI-l ka <strong>suur \u00f6koloogiline jalaj\u00e4lg<\/strong>.\u00a0\u00a0<\/li>\n<\/ul>\n\n\n\n<ul class=\"wp-block-list\">\n<li>TI treenimiseks kulub palju <strong>elektrit<\/strong>. N\u00e4iteks ChatGPT-3 mudeli treenimine tekitas ligikaudu 502 tonni CO<sub>2<\/sub> heidet ja iga ChatGPT-le esitatud k\u00fcsimus tekitab keskmiselt 4,3 g CO<sub>2<\/sub> heidet. TI andmekeskused p\u00f5hjustavad ligikaudu 2,5\u20133,7% globaalsest kasvuhoonegaaside heitkogusest, mis \u00fcletab isegi kogu maailma lennunduse m\u00f5ju.\u00a0<\/li>\n<\/ul>\n\n\n\n<ul class=\"wp-block-list\">\n<li>TI mudelite loomiseks ja t\u00f6\u00f6s hoidmiseks tarvilike arvutuskeskuste jahutamine kulutab palju <strong>puhast vett<\/strong>. N\u00e4iteks 10\u201350 viiba jooksutamine ChatGPT-3-s v\u00f5tab ligikaudu pool liitrit vett. Kui jahutusvee kulule lisada kaudne veekulu protsessorite, arvutuskeskuste mikroprotsessorite ja teiste komponentide valmistamiseks (\u00fche mikroprotsessori valmistamiseks kulub ligikaudu 8 l vett), on TI keskkonnam\u00f5ju m\u00e4rkimisv\u00e4\u00e4rne.\u00a0<\/li>\n<\/ul>\n\n\n\n<ul class=\"wp-block-list\">\n<li>Kuigi TI mudelite t\u00f6\u00f6p\u00f5him\u00f5tted s\u00fcvan\u00e4rviv\u00f5rkude ja transformerite n\u00e4ol on selged, siis see, kuidas t\u00e4pselt j\u00f5uab mudel konkreetse tulemuseni, on justkui <strong>\u201emust kast\u201c<\/strong> ja isegi arendajad ei oska asjasse alati selgust tuua. See on problemaatiline eelk\u00f5ige \u00e4\u00e4rmist t\u00e4psust eeldavates valdkondades, nagu tervishoid, \u00f5igus ja rahandus, kus on t\u00e4htis teada otsusteni j\u00f5udmise aluseid.\u00a0\u00a0<\/li>\n<\/ul>\n\n\n\n<ul class=\"wp-block-list\">\n<li>\u00dcks keerulisemaid k\u00fcsimusi on TI rakenduste, sh tekstirobotite <strong>l\u00e4bipaistvus <\/strong>v\u00f5i ka <strong>seletatavus<\/strong>. Me ei tea p\u00e4ris t\u00e4pselt, millisest allikast v\u00f5i milliste kriteeriumide alusel on kogutud TI rakenduste treenimisel kasutatavad andmed ja kuidas t\u00f6\u00f6tavad TI rakenduste algoritmid. Mainitakse k\u00fcll, et n\u00e4iteks OpenAI ChatGPT saab alusandmed erinevatest internetiallikatest, sh e-raamatutest, sotsiaalmeediast, Wikipediast, uudistest, teaduspublikatsioonidest, foorumitest ja paljudest muudest kohtadest. Esmapilgul tundub see valik hea, kuid samas ei saa eitada, et m\u00f5ni autor, kirjastaja, meediamaja vms v\u00f5ib osutuda usaldusv\u00e4\u00e4rsemaks v\u00f5i asjakohasemaks kui m\u00f5ni teine.\u00a0\u00a0<\/li>\n<\/ul>\n\n\n\n<ul class=\"wp-block-list\">\n<li>TI rakenduste treenimisel kasutatavate allikate hulgas on tihti infot, mis on tegelikult kaitstud <strong>autori\u00f5igustega<\/strong>: kindlasti on selline varem avaldatud info kasutamine vastuolus akadeemiliste p\u00f5him\u00f5tetega, mille kohaselt tuleb teiste autorite t\u00f6\u00f6dele korrektselt viidata. T\u00f5en\u00e4oliselt oled kuulnud ka m\u00f5nest kohtusse j\u00f5udnud juhtumist, kus autorid on vaidlustanud oma loomingu kasutamise TI rakenduste treenimisel \u2013 see on loomeinimeste hulgas t\u00f5sine mure.\u00a0\u00a0\u00a0<\/li>\n<\/ul>\n\n\n\n<ul class=\"wp-block-list\">\n<li>TI rakenduste puhul tuleb kindlasti arvestada ka <strong>turvalisuse ja privaatsuse <\/strong>k\u00fcsimustega: andmete haldamisele rakenduvad mitmesugused andmekaitse p\u00f5him\u00f5tted ning selleks et neid andmeid julgelt viipa sisestada, on vaja v\u00f5tta eraldi meetmeid. Turvaline valik on n\u00e4iteks Tartu \u00dclikooli kasutajatunnustega kasutatav Microsoft Copilot. Kommertsp\u00f5him\u00f5tetel arendatavate enamlevinud TI rakenduste puhul tasub aga l\u00e4htuda p\u00f5him\u00f5ttest, mida mainis \u00fcks \u00fcli\u00f5pilasest intervjueeritav Elika Kotsari magistrit\u00f6\u00f6s: \u201e\u00c4ra jaga mitte \u00fchtegi asja, mida sa ei tahaks enda T-s\u00e4rgi peale tr\u00fckkida ja sellega avalikult ringi k\u00e4ia\u201c.\u00a0<\/li>\n<\/ul>\n\n\n\n<p><\/p>\n\n\n\n<p>TI rakenduste toel otsuseid langetades v\u00f5i TI rakendusi ise uue sisu loomiseks kasutades v\u00f5ivad niisiis kaasneda olulised \u00fchiskondlikud m\u00f5jud, mis h\u00f5lmavad tekstirobotite l\u00e4bipaistvuse ja kallutatuse k\u00fcsimusi ning autori\u00f5iguste rikkumise probleeme ning mis m\u00f5jutavad poliitilist, kultuurilist, majanduslikku ja sotsiaalset valdkonda. Selle v\u00e4ltimiseks teevad TI arendajad pidevalt t\u00f6\u00f6d, rakendades andmete peal paremat eelt\u00f6\u00f6tlust ja andmeid rohkem puhastades.\u00a0<\/p>\n\n\n\n<h2 class=\"wp-block-heading\">Loe lisaks:\u00a0<\/h2>\n\n\n\n<ul class=\"wp-block-list\">\n<li>Akgun, S. &amp; Greenhow, C. (2022). Artificial intelligence in education: Addressing ethical challenges in K-12 settings. <em>AI Ethics 2<\/em>, 431\u2013440. <a href=\"https:\/\/doi.org\/10.1007\/s43681-021-00096-7\" target=\"_blank\" rel=\"noreferrer noopener\">https:\/\/doi.org\/10.1007\/s43681-021-00096-7<\/a>\u00a0<\/li>\n\n\n\n<li>Farina, M. &amp; Lavazza, A. (2023). ChatGPT in society: emerging issues. <em>Front. Artif. Intell.<\/em> 6:1130913. <a href=\"https:\/\/doi.org\/10.3389\/frai.2023.1130913\" target=\"_blank\" rel=\"noreferrer noopener\">https:\/\/doi.org\/10.3389\/frai.2023.1130913<\/a>\u00a0<\/li>\n\n\n\n<li>Kotsar, E. (2024). <em>Tehisintellektil p\u00f5hineva vestlusrobot ChatGPT kasutamise kogemused<\/em> <em>Tartu \u00dclikooli sotsiaalteaduste valdkonna \u00fcli\u00f5pilaste n\u00e4itel. <\/em>Magistrit\u00f6\u00f6. Tartu \u00dclikool. <a href=\"https:\/\/dspace.ut.ee\/items\/9abc8662-7bff-497d-842f-c5097f0ec383\" target=\"_blank\" rel=\"noreferrer noopener\">https:\/\/dspace.ut.ee\/items\/9abc8662-7bff-497d-842f-c5097f0ec383<\/a><\/li>\n\n\n\n<li>Sherman, N. (2024, September 20). <em>Microsoft chooses infamous nuclear site for AI power<\/em>. BBC News. <a href=\"https:\/\/www.bbc.com\/news\/articles\/cx25v2d7zexo\" target=\"_blank\" rel=\"noreferrer noopener\">https:\/\/www.bbc.com\/news\/articles\/cx25v2d7zexo<\/a><\/li>\n<\/ul>\n\n\n\n<h2 class=\"wp-block-heading\">Enesekontroll<\/h2>\n\n\n\n<div class=\"h5p-iframe-wrapper\"><div class=\"video-placeholder-wrapper video-placeholder-wrapper--fixed\" style=\"height: 366px;\">\n\t\t\t    <div class=\"video-placeholder d-flex justify-content-center align-items-center\">\n\t\t\t        <div class=\"overlay text-white p-2 w-100 text-center d-block justify-content-center align-items-center\">\n\t\t\t            <div>Kolmandate osapoolte sisu n\u00e4gemiseks palun n\u00f5ustu k\u00fcpsistega.<\/div>\n\t\t\t            <button class=\"btn btn-secondary btn-sm mt-1 consent-change\">Muuda n\u00f5usolekut<\/button>\n\t\t\t        <\/div>\n\t\t\t    <\/div>\n\t\t\t<\/div>\n<\/div>\n","protected":false},"excerpt":{"rendered":"<p>TI kasutamisega kaasnevad olulised tehnilised, eetilised ja keskkondlikud v\u00e4ljakutsed, nagu suur energiakulu, autori\u00f5iguste ja privaatsuse k\u00fcsimused ning andmete kallutatus. Need k\u00f5ik n\u00f5uavad l\u00e4bipaistvat ja vastutus-tundlikku l\u00e4henemist, et v\u00e4ltida negatiivseid \u00fchiskondlikke m\u00f5jusid. Kuigi t\u00e4nap\u00e4eva TI rakendused on v\u00e4ga v\u00f5imsad ja suudavad &#8230;<\/p>\n","protected":false},"author":9,"featured_media":0,"parent":0,"menu_order":0,"comment_status":"closed","ping_status":"closed","template":"","meta":{"_acf_changed":false,"inline_featured_image":false,"footnotes":""},"class_list":["post-194","page","type-page","status-publish","hentry"],"acf":[],"_links":{"self":[{"href":"https:\/\/sisu.ut.ee\/ti\/wp-json\/wp\/v2\/pages\/194","targetHints":{"allow":["GET"]}}],"collection":[{"href":"https:\/\/sisu.ut.ee\/ti\/wp-json\/wp\/v2\/pages"}],"about":[{"href":"https:\/\/sisu.ut.ee\/ti\/wp-json\/wp\/v2\/types\/page"}],"author":[{"embeddable":true,"href":"https:\/\/sisu.ut.ee\/ti\/wp-json\/wp\/v2\/users\/9"}],"replies":[{"embeddable":true,"href":"https:\/\/sisu.ut.ee\/ti\/wp-json\/wp\/v2\/comments?post=194"}],"version-history":[{"count":22,"href":"https:\/\/sisu.ut.ee\/ti\/wp-json\/wp\/v2\/pages\/194\/revisions"}],"predecessor-version":[{"id":1508,"href":"https:\/\/sisu.ut.ee\/ti\/wp-json\/wp\/v2\/pages\/194\/revisions\/1508"}],"wp:attachment":[{"href":"https:\/\/sisu.ut.ee\/ti\/wp-json\/wp\/v2\/media?parent=194"}],"curies":[{"name":"wp","href":"https:\/\/api.w.org\/{rel}","templated":true}]}}