{"id":174,"date":"2024-11-07T08:50:03","date_gmt":"2024-11-07T06:50:03","guid":{"rendered":"https:\/\/sisu.ut.ee\/ti\/?page_id=174"},"modified":"2025-04-22T10:41:58","modified_gmt":"2025-04-22T07:41:58","slug":"ti-kasutamine-oppijana","status":"publish","type":"page","link":"https:\/\/sisu.ut.ee\/ti\/ti-kasutamine-oppijana\/","title":{"rendered":"3.1. TI kasutamine \u00f5ppijana"},"content":{"rendered":"<figure class=\"wp-block-pullquote alignright\"><blockquote><p>TI t\u00f6\u00f6riistade kasutamine annab sulle konkurentsieelise nii \u00f5pingutes kui ka tulevases karj\u00e4\u00e4ris \u2013 need aitavad sul t\u00f5husamalt \u00f5ppida, arendada loovat meeskonnat\u00f6\u00f6d ja kriitilist m\u00f5tlemist, valmistades sind ette tehnoloogiaga seotud t\u00f6\u00f6eluks.<\/p><\/blockquote><\/figure>\n\n\n\n<p>Etten\u00e4geliku \u00f5ppija jaoks on oluline teadvustada, millist kasu v\u00f5iks TI rakenduste m\u00f5istmine ja kasutamine tuua \u00fclikoolis \u00f5ppijale, seda nii \u00f5pingute edukuse kui ka tulevase karj\u00e4\u00e4ri seisukohalt. Allpool on loetletud m\u00f5ned aspektid, mis n\u00e4itavad, et TI tulek puudutab l\u00e4hedalt ka tudengeid.\u00a0<\/p>\n\n\n\n<p>TI t\u00f6\u00f6riistade kasutamine v\u00f5ib anda konkurentsieelise t\u00f6\u00f6kohtadele kandideerimisel, aidata t\u00f5hustada \u00f5ppimist, meeskonnat\u00f6\u00f6d ja probleemilahendamise oskust ning arendada kriitilist m\u00f5tlemist.\u00a0<\/p>\n\n\n\n<ul class=\"wp-block-list\">\n<li><strong>Tulevane karj\u00e4\u00e4r. <\/strong>Paljud majandusharud juba kasutavad TI-d v\u00f5i plaanivad seda peagi teha. Nende hulgas on valdkondi, mida me ei pruugi esmapilgul seesuguse tehnoloogiaga seostada: tervishoid, keskkonnakaitse, rahandus ja haridus. TI t\u00f6\u00f6riistade m\u00f5istmine ja kasutama \u00f5ppimine v\u00f5ib anda \u00fcli\u00f5pilasele konkurentsieelise t\u00f6\u00f6kohtadele kandideerimisel, sest ootused t\u00f6\u00f6j\u00f5u oskustele k\u00e4ivad TI arenguga sama sammu.\u00a0<\/li>\n<\/ul>\n\n\n\n<ul class=\"wp-block-list\">\n<li><strong>\u00d5pipartner<\/strong>. TI saab aidata \u00fcli\u00f5pilastel infot koguda ja \u00f5ppida, juhul kui kasutada TI-d teadlikult enese arendamiseks, mitte lihtsalt \u00fclesannete lahendamiseks. N\u00e4iteks v\u00f5ib TI v\u00f5tta kokku keerulist teavet, soovitada t\u00e4iendavaid \u00f5ppematerjale v\u00f5i luua uusi. See v\u00f5ib toimida isikliku assistendina, mis seletab lahti keerulisi m\u00f5isteid ja aitab reflekteerida teadmiste hetkeseisu \u00fcle. Kasutades TI-d enda arenguks on \u00f5ppijal v\u00f5imalik saada igal ajal tagasisidet ja p\u00f5rgatada m\u00f5tteid keerulistel teemadel. See muudab \u00f5ppimise mitmekesisemaks ja v\u00f5imaldab \u00f5ppijal keskenduda m\u00f5istmisele, mitte mehaanilisele p\u00e4he\u00f5ppimisele. TI v\u00f5ib olla \u00f5pipartner, pakkudes harjutusi ja enesekontrolliteste.<\/li>\n<\/ul>\n\n\n\n<ul class=\"wp-block-list\">\n<li><strong>Meeskonnat\u00f6\u00f6 ja probleemilahendamine. <\/strong>TI-d kasutavad \u00fcli\u00f5pilased v\u00f5ivad olla edukamad koost\u00f6\u00f6d eeldavates tegevustes, jagades omavahel TI pakutud ideid ja teadmisi. See soodustab ka loovust, aidates tudengitel pidada ajur\u00fcnnakuid, kavandada ja arendada projekte v\u00f5i isegi koos uurimist\u00f6id kirjutada.<\/li>\n<\/ul>\n\n\n\n<ul class=\"wp-block-list\">\n<li><strong>Eetiline teadlikkus ja kriitiline m\u00f5tlemine<\/strong>. Kuna TI kasutamine muutub j\u00e4rjest tavap\u00e4rasemaks, on oluline, et \u00fcli\u00f5pilased m\u00f5istaksid selle eetilisi aspekte, nagu kallutatus v\u00f5i valeinfo levik. TI rakendustega tegelemine v\u00f5imaldab \u00fcli\u00f5pilastel arendada kriitilist m\u00f5tlemist TI rolli \u00fcle \u00fchiskonnas ning tagab, et nad j\u00e4\u00e4vad informeeritud nutip\u00e4devateks kodanikeks.\u00a0<\/li>\n<\/ul>\n\n\n\n<figure class=\"wp-block-pullquote alignright\"><blockquote><p>Tunne huvi TI kasutusv\u00f5imaluste vastu, kuid \u00e4ra unusta akadeemilist ausust ja eetilisi kaalutlusi ning pea meeles, et TI kasutamise eest vastutab alati inimene.\u00a0<\/p><\/blockquote><\/figure>\n\n\n\n<p>TI rakendused pakuvad \u00fcli\u00f5pilastele mitmesuguseid v\u00f5imalusi oma \u00f5pistrateegiaid t\u00e4iustada. J\u00e4rgnevalt on toodud m\u00f5ned n\u00e4ited, kuidas saaksid oma \u00f5ppimist TI abil mitmekesisemaks ja t\u00e4henduslikumaks muuta.\u00a0<\/p>\n\n\n\n<ul class=\"wp-block-list\">\n<li>Kasuta TI rakendusi\u00a0<strong>\u00f5ppimiseks<\/strong>, mitte kodut\u00f6\u00f6de \u00e4rategemiseks. TI v\u00f5ib aidata n\u00e4iteks andmeid t\u00f6\u00f6delda, jooniseid teha, t\u00f5lkida ja sinu ideid paremini s\u00f5nastada. Kuna tekstirobotite tekst on sorav ja enesekindel, on sealt raske leida loogika- ja faktivigu. Seep\u00e4rast on oluline, et m\u00f5tleksid k\u00f5igepealt ise oma peaga (n\u00e4iteks koostaksid esimese mustandi) ja seej\u00e4rel k\u00fcsiksid TI-lt tagasisidet. \u00a0<\/li>\n<\/ul>\n\n\n\n<ul class=\"wp-block-list\">\n<li><strong>Tunne huvi<\/strong>, kuidas TI rakendused t\u00f6\u00f6tavad, mida need teevad ja kuidas saaks neid \u00f5ppet\u00f6\u00f6s m\u00f5ttekalt kasutada. Oskus TI rakendusi aktiivselt kasutada muutub \u00fcha olulisemaks ja selle oskuse olemasolu v\u00f5ivad eeldada ka sinu tulevased t\u00f6\u00f6andjad.\u00a0<\/li>\n<\/ul>\n\n\n\n<ul class=\"wp-block-list\">\n<li>J\u00e4rgi alati <strong>eetikap\u00f5him\u00f5tteid<\/strong> ning ole TI rakenduste loodu suhtes <strong>kriitiline <\/strong>ja ettevaatlik. Kontrolli TI antud tulemust alati hoolikalt. Pea meeles, et TI rakenduste v\u00e4ljundid v\u00f5ivad olla eksitavad, valed, sisaldada v\u00e4ljam\u00f5eldud viiteid, p\u00f5hineda stereot\u00fc\u00fcpidel ja eelarvamustel v\u00f5i olla diskrimineerivad.\u00a0<\/li>\n<\/ul>\n\n\n\n<ul class=\"wp-block-list\">\n<li>TI rakenduste kasutamine peab olema l\u00e4bipaistev ning<strong> koosk\u00f5las akadeemilise ja isikliku aususe p\u00f5him\u00f5tetega<\/strong>. Kui kasutad mingi \u00fclesande tegemiseks TI rakendust, siis \u00e4ra unusta sellele ka n\u00f5uetekohaselt viidata. Kui juhendaja v\u00f5i \u00f5ppej\u00f5ud ei soovita teatud juhtudel TI rakendusi kasutada, siis arvesta seda n\u00f5uannet.\u00a0\u00a0<\/li>\n<\/ul>\n\n\n\n<ul class=\"wp-block-list\">\n<li>TI rakenduse v\u00e4ljundi kasutamise eest <strong>vastutab alati inimene<\/strong>. TI rakendusi kasutades n\u00f5ustud nende pakkujate kasutustingimustega. Kui edastad TI rakendusele teavet ja\/v\u00f5i isikuandmeid, pea meeles, et volitamata isikud v\u00f5ivad teabele\/isikuandmetele juurde p\u00e4\u00e4seda.\u00a0<\/li>\n<\/ul>\n","protected":false},"excerpt":{"rendered":"<p>TI t\u00f6\u00f6riistade kasutamine annab sulle konkurentsieelise nii \u00f5pingutes kui ka tulevases karj\u00e4\u00e4ris \u2013 need aitavad sul t\u00f5husamalt \u00f5ppida, arendada loovat meeskonnat\u00f6\u00f6d ja kriitilist m\u00f5tlemist, valmistades sind ette tehnoloogiaga seotud t\u00f6\u00f6eluks. Etten\u00e4geliku \u00f5ppija jaoks on oluline teadvustada, millist kasu v\u00f5iks TI &#8230;<\/p>\n","protected":false},"author":9,"featured_media":0,"parent":0,"menu_order":0,"comment_status":"closed","ping_status":"closed","template":"","meta":{"_acf_changed":false,"inline_featured_image":false,"footnotes":""},"class_list":["post-174","page","type-page","status-publish","hentry"],"acf":[],"_links":{"self":[{"href":"https:\/\/sisu.ut.ee\/ti\/wp-json\/wp\/v2\/pages\/174","targetHints":{"allow":["GET"]}}],"collection":[{"href":"https:\/\/sisu.ut.ee\/ti\/wp-json\/wp\/v2\/pages"}],"about":[{"href":"https:\/\/sisu.ut.ee\/ti\/wp-json\/wp\/v2\/types\/page"}],"author":[{"embeddable":true,"href":"https:\/\/sisu.ut.ee\/ti\/wp-json\/wp\/v2\/users\/9"}],"replies":[{"embeddable":true,"href":"https:\/\/sisu.ut.ee\/ti\/wp-json\/wp\/v2\/comments?post=174"}],"version-history":[{"count":17,"href":"https:\/\/sisu.ut.ee\/ti\/wp-json\/wp\/v2\/pages\/174\/revisions"}],"predecessor-version":[{"id":1231,"href":"https:\/\/sisu.ut.ee\/ti\/wp-json\/wp\/v2\/pages\/174\/revisions\/1231"}],"wp:attachment":[{"href":"https:\/\/sisu.ut.ee\/ti\/wp-json\/wp\/v2\/media?parent=174"}],"curies":[{"name":"wp","href":"https:\/\/api.w.org\/{rel}","templated":true}]}}